{"id":9383,"date":"2024-06-26T20:01:29","date_gmt":"2024-06-26T20:01:29","guid":{"rendered":"https:\/\/budapesttouristinformation.com\/tours-and-tickets"},"modified":"2025-07-03T07:50:19","modified_gmt":"2025-07-03T07:50:19","slug":"touren-und-tickets","status":"publish","type":"page","link":"https:\/\/budapesttouristinformation.com\/de\/touren-und-tickets","title":{"rendered":"Touren und Tickets"},"content":{"rendered":"<h2 style=\"text-align: center;\"><strong>Bestseller Touren &amp; Tickets f\u00fcr Budapest<\/strong><\/h2>\n<p style=\"text-align: center;\">Sie m\u00f6chten Ihre Tickets f\u00fcr Budapest einzeln buchen? Hier finden Sie die beliebtesten Erlebnisse und Einzeltickets, die Sie f\u00fcr Ihre Reise nach Budapest auf keinen Fall verpassen sollten:<\/p>\n<p><a href=\"javascript:void(0)\"><span style=\"\"><span style=\"\">Load More<\/span><\/span><\/a> <a href=\"https:\/\/budapesttouristinformation.com\/de\/matthiaskirche-budapest-tickets\" dynamic-postlink=\"tcb_post_the_permalink\" data-shortcode-id=\"9319\" tabindex=\"0\">   <\/a>   <\/p>\n<h3 style=\"text-align: center; padding-top: 0px !important; margin-top: 0px !important;\"><span data-attr-link=\"1\" data-attr-rel=\"0\" data-attr-target=\"0\" data-extra_key=\"\" data-option-inline=\"1\" data-shortcode=\"tcb_post_title\" data-shortcode-name=\"Post title\" data-attr-css=\"\" data-attr-static-link=\"{&quot;className&quot;:&quot;&quot;,&quot;href&quot;:&quot;https:\/\/budapesttouristinformation.com\/de\/matthiaskirche-budapest-tickets&quot;,&quot;title&quot;:&quot;Matthiaskirche Budapest Tickets&quot;,&quot;class&quot;:&quot;&quot;}\" style=\"\"><a href=\"https:\/\/budapesttouristinformation.com\/de\/matthiaskirche-budapest-tickets\" title=\"Matthiaskirche Budapest Tickets\" data-css=\"\">Matthiaskirche Budapest Tickets<\/a><\/span><\/h3>\n<p> <a href=\"https:\/\/budapesttouristinformation.com\/de\/matthiaskirche-budapest-tickets\" style=\"\" tabindex=\"0\"> <span style=\"\"><span style=\"\">Zum Ticket<\/span><\/span> <\/a>    <a href=\"https:\/\/budapesttouristinformation.com\/de\/tickets-fur-st-stephans-basilika\" dynamic-postlink=\"tcb_post_the_permalink\" data-shortcode-id=\"9319\" tabindex=\"0\">   <\/a>   <\/p>\n<h3 style=\"text-align: center; padding-top: 0px !important; margin-top: 0px !important;\"><span data-attr-link=\"1\" data-attr-rel=\"0\" data-attr-target=\"0\" data-extra_key=\"\" data-option-inline=\"1\" data-shortcode=\"tcb_post_title\" data-shortcode-name=\"Post title\" data-attr-css=\"\" data-attr-static-link=\"{&quot;className&quot;:&quot;&quot;,&quot;href&quot;:&quot;https:\/\/budapesttouristinformation.com\/de\/matthiaskirche-budapest-tickets&quot;,&quot;title&quot;:&quot;Matthiaskirche Budapest Tickets&quot;,&quot;class&quot;:&quot;&quot;}\" style=\"\"><a href=\"https:\/\/budapesttouristinformation.com\/de\/tickets-fur-st-stephans-basilika\" title=\"Tickets f\u00fcr St. Stephans Basilika mit reserviertem Eintritt und Terrassenoption\" data-css=\"\">Tickets f\u00fcr St. Stephans Basilika mit reserviertem Eintritt und Terrassenoption<\/a><\/span><\/h3>\n<p> <a href=\"https:\/\/budapesttouristinformation.com\/de\/tickets-fur-st-stephans-basilika\" style=\"\" tabindex=\"0\"> <span style=\"\"><span style=\"\">Zum Ticket<\/span><\/span> <\/a>    <a href=\"https:\/\/budapesttouristinformation.com\/de\/judisches-museum-budapest-tickets\" dynamic-postlink=\"tcb_post_the_permalink\" data-shortcode-id=\"9319\" tabindex=\"0\">   <\/a>   <\/p>\n<h3 style=\"text-align: center; padding-top: 0px !important; margin-top: 0px !important;\"><span data-attr-link=\"1\" data-attr-rel=\"0\" data-attr-target=\"0\" data-extra_key=\"\" data-option-inline=\"1\" data-shortcode=\"tcb_post_title\" data-shortcode-name=\"Post title\" data-attr-css=\"\" data-attr-static-link=\"{&quot;className&quot;:&quot;&quot;,&quot;href&quot;:&quot;https:\/\/budapesttouristinformation.com\/de\/matthiaskirche-budapest-tickets&quot;,&quot;title&quot;:&quot;Matthiaskirche Budapest Tickets&quot;,&quot;class&quot;:&quot;&quot;}\" style=\"\"><a href=\"https:\/\/budapesttouristinformation.com\/de\/judisches-museum-budapest-tickets\" title=\"J\u00fcdisches Museum Budapest Tickets: Schnelleinlass\" data-css=\"\">J\u00fcdisches Museum Budapest Tickets: Schnelleinlass<\/a><\/span><\/h3>\n<p> <a href=\"https:\/\/budapesttouristinformation.com\/de\/judisches-museum-budapest-tickets\" style=\"\" tabindex=\"0\"> <span style=\"\"><span style=\"\">Zum Ticket<\/span><\/span> <\/a>    <a href=\"https:\/\/budapesttouristinformation.com\/de\/light-art-museum-budapest-tickets\" dynamic-postlink=\"tcb_post_the_permalink\" data-shortcode-id=\"9319\" tabindex=\"0\">   <\/a>   <\/p>\n<h3 style=\"text-align: center; padding-top: 0px !important; margin-top: 0px !important;\"><span data-attr-link=\"1\" data-attr-rel=\"0\" data-attr-target=\"0\" data-extra_key=\"\" data-option-inline=\"1\" data-shortcode=\"tcb_post_title\" data-shortcode-name=\"Post title\" data-attr-css=\"\" data-attr-static-link=\"{&quot;className&quot;:&quot;&quot;,&quot;href&quot;:&quot;https:\/\/budapesttouristinformation.com\/de\/matthiaskirche-budapest-tickets&quot;,&quot;title&quot;:&quot;Matthiaskirche Budapest Tickets&quot;,&quot;class&quot;:&quot;&quot;}\" style=\"\"><a href=\"https:\/\/budapesttouristinformation.com\/de\/light-art-museum-budapest-tickets\" title=\"Light Art Museum Budapest Tickets: Immersive New Media Experience\" data-css=\"\">Light Art Museum Budapest Tickets: Immersive New Media Experience<\/a><\/span><\/h3>\n<p> <a href=\"https:\/\/budapesttouristinformation.com\/de\/light-art-museum-budapest-tickets\" style=\"\" tabindex=\"0\"> <span style=\"\"><span style=\"\">Zum Ticket<\/span><\/span> <\/a>    <a href=\"https:\/\/budapesttouristinformation.com\/de\/dohany-synagoge-tickets\" dynamic-postlink=\"tcb_post_the_permalink\" data-shortcode-id=\"9319\" tabindex=\"0\">   <\/a>   <\/p>\n<h3 style=\"text-align: center; padding-top: 0px !important; margin-top: 0px !important;\"><span data-attr-link=\"1\" data-attr-rel=\"0\" data-attr-target=\"0\" data-extra_key=\"\" data-option-inline=\"1\" data-shortcode=\"tcb_post_title\" data-shortcode-name=\"Post title\" data-attr-css=\"\" data-attr-static-link=\"{&quot;className&quot;:&quot;&quot;,&quot;href&quot;:&quot;https:\/\/budapesttouristinformation.com\/de\/matthiaskirche-budapest-tickets&quot;,&quot;title&quot;:&quot;Matthiaskirche Budapest Tickets&quot;,&quot;class&quot;:&quot;&quot;}\" style=\"\"><a href=\"https:\/\/budapesttouristinformation.com\/de\/dohany-synagoge-tickets\" title=\"Tickets f\u00fcr Synagoge an der Doh\u00e1ny Stra\u00dfe: Fast-Track-Eintritt\" data-css=\"\">Tickets f\u00fcr Synagoge an der Doh\u00e1ny Stra\u00dfe: Fast-Track-Eintritt<\/a><\/span><\/h3>\n<p> <a href=\"https:\/\/budapesttouristinformation.com\/de\/dohany-synagoge-tickets\" style=\"\" tabindex=\"0\"> <span style=\"\"><span style=\"\">Zum Ticket<\/span><\/span> <\/a>    <a href=\"https:\/\/budapesttouristinformation.com\/de\/parlament-budapest-tickets\" dynamic-postlink=\"tcb_post_the_permalink\" data-shortcode-id=\"9319\" tabindex=\"0\">   <\/a>   <\/p>\n<h3 style=\"text-align: center; padding-top: 0px !important; margin-top: 0px !important;\"><span data-attr-link=\"1\" data-attr-rel=\"0\" data-attr-target=\"0\" data-extra_key=\"\" data-option-inline=\"1\" data-shortcode=\"tcb_post_title\" data-shortcode-name=\"Post title\" data-attr-css=\"\" data-attr-static-link=\"{&quot;className&quot;:&quot;&quot;,&quot;href&quot;:&quot;https:\/\/budapesttouristinformation.com\/de\/matthiaskirche-budapest-tickets&quot;,&quot;title&quot;:&quot;Matthiaskirche Budapest Tickets&quot;,&quot;class&quot;:&quot;&quot;}\" style=\"\"><a href=\"https:\/\/budapesttouristinformation.com\/de\/parlament-budapest-tickets\" title=\"Ungarisches Parlament Budapest Tickets: gef\u00fchrte Audiotour\" data-css=\"\">Ungarisches Parlament Budapest Tickets: gef\u00fchrte Audiotour<\/a><\/span><\/h3>\n<p> <a href=\"https:\/\/budapesttouristinformation.com\/de\/parlament-budapest-tickets\" style=\"\" tabindex=\"0\"> <span style=\"\"><span style=\"\">Zum Ticket<\/span><\/span> <\/a>    <a href=\"https:\/\/budapesttouristinformation.com\/de\/szechenyi-bad-eintritt\" dynamic-postlink=\"tcb_post_the_permalink\" data-shortcode-id=\"9319\" tabindex=\"0\">   <\/a>   <\/p>\n<h3 style=\"text-align: center; padding-top: 0px !important; margin-top: 0px !important;\"><span data-attr-link=\"1\" data-attr-rel=\"0\" data-attr-target=\"0\" data-extra_key=\"\" data-option-inline=\"1\" data-shortcode=\"tcb_post_title\" data-shortcode-name=\"Post title\" data-attr-css=\"\" data-attr-static-link=\"{&quot;className&quot;:&quot;&quot;,&quot;href&quot;:&quot;https:\/\/budapesttouristinformation.com\/de\/matthiaskirche-budapest-tickets&quot;,&quot;title&quot;:&quot;Matthiaskirche Budapest Tickets&quot;,&quot;class&quot;:&quot;&quot;}\" style=\"\"><a href=\"https:\/\/budapesttouristinformation.com\/de\/szechenyi-bad-eintritt\" title=\"Szechenyi Bad Eintritt: Tickets mit Schlie\u00dffach oder Privatkabine und optionalem Fast Track-Eintritt\" data-css=\"\">Szechenyi Bad Eintritt: Tickets mit Schlie\u00dffach oder Privatkabine und optionalem Fast Track-Eintritt<\/a><\/span><\/h3>\n<p> <a href=\"https:\/\/budapesttouristinformation.com\/de\/szechenyi-bad-eintritt\" style=\"\" tabindex=\"0\"> <span style=\"\"><span style=\"\">Zum Ticket<\/span><\/span> <\/a>    <a href=\"https:\/\/budapesttouristinformation.com\/de\/gellertbad-tickets\" dynamic-postlink=\"tcb_post_the_permalink\" data-shortcode-id=\"9319\" tabindex=\"0\">   <\/a>   <\/p>\n<h3 style=\"text-align: center; padding-top: 0px !important; margin-top: 0px !important;\"><span data-attr-link=\"1\" data-attr-rel=\"0\" data-attr-target=\"0\" data-extra_key=\"\" data-option-inline=\"1\" data-shortcode=\"tcb_post_title\" data-shortcode-name=\"Post title\" data-attr-css=\"\" data-attr-static-link=\"{&quot;className&quot;:&quot;&quot;,&quot;href&quot;:&quot;https:\/\/budapesttouristinformation.com\/de\/matthiaskirche-budapest-tickets&quot;,&quot;title&quot;:&quot;Matthiaskirche Budapest Tickets&quot;,&quot;class&quot;:&quot;&quot;}\" style=\"\"><a href=\"https:\/\/budapesttouristinformation.com\/de\/gellertbad-tickets\" title=\"Gell\u00e9rtbad Tickets mit Schlie\u00dffach oder Privatkabine\" data-css=\"\">Gell\u00e9rtbad Tickets mit Schlie\u00dffach oder Privatkabine<\/a><\/span><\/h3>\n<p> <a href=\"https:\/\/budapesttouristinformation.com\/de\/gellertbad-tickets\" style=\"\" tabindex=\"0\"> <span style=\"\"><span style=\"\">Zum Ticket<\/span><\/span> <\/a>    <a href=\"https:\/\/budapesttouristinformation.com\/de\/tickets-fur-rudas-bad\" dynamic-postlink=\"tcb_post_the_permalink\" data-shortcode-id=\"9319\" tabindex=\"0\">   <\/a>   <\/p>\n<h3 style=\"text-align: center; padding-top: 0px !important; margin-top: 0px !important;\"><span data-attr-link=\"1\" data-attr-rel=\"0\" data-attr-target=\"0\" data-extra_key=\"\" data-option-inline=\"1\" data-shortcode=\"tcb_post_title\" data-shortcode-name=\"Post title\" data-attr-css=\"\" data-attr-static-link=\"{&quot;className&quot;:&quot;&quot;,&quot;href&quot;:&quot;https:\/\/budapesttouristinformation.com\/de\/matthiaskirche-budapest-tickets&quot;,&quot;title&quot;:&quot;Matthiaskirche Budapest Tickets&quot;,&quot;class&quot;:&quot;&quot;}\" style=\"\"><a href=\"https:\/\/budapesttouristinformation.com\/de\/tickets-fur-rudas-bad\" title=\"Tickets f\u00fcr Rudas Bad: Ganzt\u00e4giger Eintritt\" data-css=\"\">Tickets f\u00fcr Rudas Bad: Ganzt\u00e4giger Eintritt<\/a><\/span><\/h3>\n<p> <a href=\"https:\/\/budapesttouristinformation.com\/de\/tickets-fur-rudas-bad\" style=\"\" tabindex=\"0\"> <span style=\"\"><span style=\"\">Zum Ticket<\/span><\/span> <\/a>   <\/p>\n","protected":false},"excerpt":{"rendered":"<p>Bestseller Touren &amp; Tickets f\u00fcr Budapest Sie m\u00f6chten Ihre Tickets f\u00fcr Budapest einzeln buchen? Hier finden Sie die beliebtesten Erlebnisse und Einzeltickets, die Sie f\u00fcr Ihre Reise nach Budapest auf keinen Fall verpassen sollten: Load More Matthiaskirche Budapest Tickets Zum Ticket Tickets f\u00fcr St. Stephans Basilika mit reserviertem Eintritt und Terrassenoption Zum Ticket J\u00fcdisches Museum [&hellip;]<\/p>\n","protected":false},"author":6,"featured_media":0,"parent":0,"menu_order":0,"comment_status":"closed","ping_status":"closed","template":"","meta":{"footnotes":""},"categories":[],"tags":[],"class_list":["post-9383","page","type-page","status-publish","hentry","post-wrapper","thrv_wrapper"],"_links":{"self":[{"href":"https:\/\/budapesttouristinformation.com\/de\/wp-json\/wp\/v2\/pages\/9383","targetHints":{"allow":["GET"]}}],"collection":[{"href":"https:\/\/budapesttouristinformation.com\/de\/wp-json\/wp\/v2\/pages"}],"about":[{"href":"https:\/\/budapesttouristinformation.com\/de\/wp-json\/wp\/v2\/types\/page"}],"author":[{"embeddable":true,"href":"https:\/\/budapesttouristinformation.com\/de\/wp-json\/wp\/v2\/users\/6"}],"replies":[{"embeddable":true,"href":"https:\/\/budapesttouristinformation.com\/de\/wp-json\/wp\/v2\/comments?post=9383"}],"version-history":[{"count":10,"href":"https:\/\/budapesttouristinformation.com\/de\/wp-json\/wp\/v2\/pages\/9383\/revisions"}],"predecessor-version":[{"id":9693,"href":"https:\/\/budapesttouristinformation.com\/de\/wp-json\/wp\/v2\/pages\/9383\/revisions\/9693"}],"wp:attachment":[{"href":"https:\/\/budapesttouristinformation.com\/de\/wp-json\/wp\/v2\/media?parent=9383"}],"wp:term":[{"taxonomy":"category","embeddable":true,"href":"https:\/\/budapesttouristinformation.com\/de\/wp-json\/wp\/v2\/categories?post=9383"},{"taxonomy":"post_tag","embeddable":true,"href":"https:\/\/budapesttouristinformation.com\/de\/wp-json\/wp\/v2\/tags?post=9383"}],"curies":[{"name":"wp","href":"https:\/\/api.w.org\/{rel}","templated":true}]}}