{"id":9378,"date":"2024-11-28T15:33:05","date_gmt":"2024-11-28T15:33:05","guid":{"rendered":"https:\/\/budapesttouristinformation.com\/szechenyi-spa-tickets-budapest"},"modified":"2026-04-24T14:46:49","modified_gmt":"2026-04-24T14:46:49","slug":"szechenyi-bad-eintritt","status":"publish","type":"page","link":"https:\/\/budapesttouristinformation.com\/de\/szechenyi-bad-eintritt","title":{"rendered":"Szechenyi Bad Eintritt: Tickets mit Schlie\u00dffach oder Privatkabine und optionalem Fast Track-Eintritt"},"content":{"rendered":"<p><span><img decoding=\"async\" alt=\"Sz\u00e9chenyi Spa Tickets with Locker or Private Cabin &amp; Optional Fast Track Entry\" data-id=\"8193\" width=\"723\" height=\"487\" title=\"Sz\u00e9chenyi Spa Tickets with Locker or Private Cabin &amp; Optional Fast Track Entry\" src=\"https:\/\/budapesttouristinformation.com\/wp-content\/uploads\/Ekran-Resmi-2024-11-28-15.32.32.png\" data-src=\"https:\/\/budapesttouristinformation.com\/wp-content\/uploads\/Ekran-Resmi-2024-11-28-15.32.32-300x202.png\" loading=\"lazy\" data-sizes=\"{&quot;thumbnail&quot;:{&quot;url&quot;:&quot;https:\/\/budapesttouristinformation.com\/wp-content\/uploads\/Ekran-Resmi-2024-11-28-15.32.32-150x150.png&quot;,&quot;height&quot;:150,&quot;width&quot;:150,&quot;orientation&quot;:&quot;landscape&quot;},&quot;medium&quot;:{&quot;url&quot;:&quot;https:\/\/budapesttouristinformation.com\/wp-content\/uploads\/Ekran-Resmi-2024-11-28-15.32.32-300x202.png&quot;,&quot;height&quot;:202,&quot;width&quot;:300,&quot;orientation&quot;:&quot;landscape&quot;},&quot;full&quot;:{&quot;url&quot;:&quot;https:\/\/budapesttouristinformation.com\/wp-content\/uploads\/Ekran-Resmi-2024-11-28-15.32.32.png&quot;,&quot;height&quot;:487,&quot;width&quot;:723,&quot;orientation&quot;:&quot;landscape&quot;}}\"><\/span><span><img decoding=\"async\" alt=\"Sz\u00e9chenyi Spa Tickets with Locker or Private Cabin &amp; Optional Fast Track Entry\" data-id=\"8194\" width=\"717\" height=\"489\" title=\"Sz\u00e9chenyi Spa Tickets with Locker or Private Cabin &amp; Optional Fast Track Entry\" src=\"https:\/\/budapesttouristinformation.com\/wp-content\/uploads\/Ekran-Resmi-2024-11-28-15.32.42.png\" data-src=\"https:\/\/budapesttouristinformation.com\/wp-content\/uploads\/Ekran-Resmi-2024-11-28-15.32.42-300x205.png\" loading=\"lazy\" data-sizes=\"{&quot;thumbnail&quot;:{&quot;url&quot;:&quot;https:\/\/budapesttouristinformation.com\/wp-content\/uploads\/Ekran-Resmi-2024-11-28-15.32.42-150x150.png&quot;,&quot;height&quot;:150,&quot;width&quot;:150,&quot;orientation&quot;:&quot;landscape&quot;},&quot;medium&quot;:{&quot;url&quot;:&quot;https:\/\/budapesttouristinformation.com\/wp-content\/uploads\/Ekran-Resmi-2024-11-28-15.32.42-300x205.png&quot;,&quot;height&quot;:205,&quot;width&quot;:300,&quot;orientation&quot;:&quot;landscape&quot;},&quot;full&quot;:{&quot;url&quot;:&quot;https:\/\/budapesttouristinformation.com\/wp-content\/uploads\/Ekran-Resmi-2024-11-28-15.32.42.png&quot;,&quot;height&quot;:489,&quot;width&quot;:717,&quot;orientation&quot;:&quot;landscape&quot;}}\"><\/span><span><img decoding=\"async\" alt=\"Sz\u00e9chenyi Spa Tickets with Locker or Private Cabin &amp; Optional Fast Track Entry\" data-id=\"8195\" width=\"721\" height=\"490\" title=\"Sz\u00e9chenyi Spa Tickets with Locker or Private Cabin &amp; Optional Fast Track Entry\" src=\"https:\/\/budapesttouristinformation.com\/wp-content\/uploads\/Ekran-Resmi-2024-11-28-15.32.50.png\" data-src=\"https:\/\/budapesttouristinformation.com\/wp-content\/uploads\/Ekran-Resmi-2024-11-28-15.32.50-300x204.png\" loading=\"lazy\" data-sizes=\"{&quot;thumbnail&quot;:{&quot;url&quot;:&quot;https:\/\/budapesttouristinformation.com\/wp-content\/uploads\/Ekran-Resmi-2024-11-28-15.32.50-150x150.png&quot;,&quot;height&quot;:150,&quot;width&quot;:150,&quot;orientation&quot;:&quot;landscape&quot;},&quot;medium&quot;:{&quot;url&quot;:&quot;https:\/\/budapesttouristinformation.com\/wp-content\/uploads\/Ekran-Resmi-2024-11-28-15.32.50-300x204.png&quot;,&quot;height&quot;:204,&quot;width&quot;:300,&quot;orientation&quot;:&quot;landscape&quot;},&quot;full&quot;:{&quot;url&quot;:&quot;https:\/\/budapesttouristinformation.com\/wp-content\/uploads\/Ekran-Resmi-2024-11-28-15.32.50.png&quot;,&quot;height&quot;:490,&quot;width&quot;:721,&quot;orientation&quot;:&quot;landscape&quot;}}\"><\/span><span><img decoding=\"async\" alt=\"Sz\u00e9chenyi Spa Tickets with Locker or Private Cabin &amp; Optional Fast Track Entry\" data-id=\"8196\" width=\"722\" height=\"493\" title=\"Sz\u00e9chenyi Spa Tickets with Locker or Private Cabin &amp; Optional Fast Track Entry\" src=\"https:\/\/budapesttouristinformation.com\/wp-content\/uploads\/Ekran-Resmi-2024-11-28-15.32.57.png\" data-src=\"https:\/\/budapesttouristinformation.com\/wp-content\/uploads\/Ekran-Resmi-2024-11-28-15.32.57-300x205.png\" loading=\"lazy\" data-sizes=\"{&quot;thumbnail&quot;:{&quot;url&quot;:&quot;https:\/\/budapesttouristinformation.com\/wp-content\/uploads\/Ekran-Resmi-2024-11-28-15.32.57-150x150.png&quot;,&quot;height&quot;:150,&quot;width&quot;:150,&quot;orientation&quot;:&quot;landscape&quot;},&quot;medium&quot;:{&quot;url&quot;:&quot;https:\/\/budapesttouristinformation.com\/wp-content\/uploads\/Ekran-Resmi-2024-11-28-15.32.57-300x205.png&quot;,&quot;height&quot;:205,&quot;width&quot;:300,&quot;orientation&quot;:&quot;landscape&quot;},&quot;full&quot;:{&quot;url&quot;:&quot;https:\/\/budapesttouristinformation.com\/wp-content\/uploads\/Ekran-Resmi-2024-11-28-15.32.57.png&quot;,&quot;height&quot;:493,&quot;width&quot;:722,&quot;orientation&quot;:&quot;landscape&quot;}}\"><\/span><span><img decoding=\"async\" alt=\"Sz\u00e9chenyi Spa Tickets with Locker or Private Cabin &amp; Optional Fast Track Entry\" data-id=\"8187\" width=\"733\" height=\"482\" title=\"Sz\u00e9chenyi Spa Tickets with Locker or Private Cabin &amp; Optional Fast Track Entry\" src=\"https:\/\/budapesttouristinformation.com\/wp-content\/uploads\/Ekran-Resmi-2024-11-28-15.15.14.png\" data-src=\"https:\/\/budapesttouristinformation.com\/wp-content\/uploads\/Ekran-Resmi-2024-11-28-15.15.14-300x197.png\" loading=\"lazy\" data-sizes=\"{&quot;thumbnail&quot;:{&quot;url&quot;:&quot;https:\/\/budapesttouristinformation.com\/wp-content\/uploads\/Ekran-Resmi-2024-11-28-15.15.14-150x150.png&quot;,&quot;height&quot;:150,&quot;width&quot;:150,&quot;orientation&quot;:&quot;landscape&quot;},&quot;medium&quot;:{&quot;url&quot;:&quot;https:\/\/budapesttouristinformation.com\/wp-content\/uploads\/Ekran-Resmi-2024-11-28-15.15.14-300x197.png&quot;,&quot;height&quot;:197,&quot;width&quot;:300,&quot;orientation&quot;:&quot;landscape&quot;},&quot;full&quot;:{&quot;url&quot;:&quot;https:\/\/budapesttouristinformation.com\/wp-content\/uploads\/Ekran-Resmi-2024-11-28-15.15.14.png&quot;,&quot;height&quot;:482,&quot;width&quot;:733,&quot;orientation&quot;:&quot;landscape&quot;}}\"><\/span><\/p>\n<h1 dir=\"ltr\" style=\"\">Sz\u00e9chenyi-Heilbad Tickets mit Schlie\u00dffach oder Privatkabine und optionalem Fast Track-Eintritt<\/h1>\n<h2><a href=\"https:\/\/www.headout.com\/r\/most-amazing-placesrecommends-beJgS\/\" target=\"_blank\" rel=\"nofollow noopener\" style=\"outline: none;\">Reservieren<\/a><\/h2>\n<h1><a href=\"https:\/\/www.headout.com\/r\/most-amazing-placesrecommends-beJgS\/\" target=\"_blank\" rel=\"nofollow noopener\" style=\"outline: none;\" data-lt-tmp-id=\"lt-853126\" spellcheck=\"false\"><span style=\"font-weight: normal;\">Ab&nbsp;<\/span>3\u200b4<span style=\"font-weight: normal;\">\u20ac<\/span><\/a><\/h1>\n<p data-pm-slice=\"1 1 []\">Genie\u00dfen Sie pure Entspannung im <strong>Sz\u00e9chenyi-Heilbad<\/strong> \u2013 dem gr\u00f6\u00dften Thermalbad Europas. Mit <strong>15 Innenbecken<\/strong>, <strong>3 Au\u00dfenpools<\/strong> und individuell w\u00e4hlbaren Ticketoptionen erwartet Sie eine historische Wohlf\u00fchloase voller Erholung und Regeneration.<\/p>\n<ul>\n<li style=\"\"><span>Selbstst\u00e4ndige Erkundung<\/span><\/li>\n<li style=\"\"><span>Digitale Tickets<\/span><\/li>\n<li style=\"\"><span>Flexible Eintritts und Besuchszeiten<\/span><\/li>\n<li style=\"\"><span>Sofortbest\u00e4tigung<\/span><\/li>\n<\/ul>\n<h2>Inklusive<\/h2>\n<ul>\n<li style=\"\">                    <span>Tageszugang zum Thermalbad, inklusive Sauna und Dampfkabinen<\/span><\/li>\n<li style=\"\">                    <span>Nutzung eines Schlie\u00dffachs oder einer privaten Umkleidekabine (je nach gew\u00e4hlter Option)<\/span><\/li>\n<li style=\"\">                    <span>Schnelleinlass am Vormittag oder Nachmittag (optional)<\/span><\/li>\n<li style=\"\">                    <span>1 Shot P\u00e1linka oder ein alkoholfreies Getr\u00e4nk (optional)<\/span><\/li>\n<li style=\"\">                    <span>Schnelleinlass am Vormittag oder Nachmittag (optional)<\/span><\/li>\n<li style=\"\">                    <span>Ein Shot P\u00e1linka oder ein alkoholfreies Getr\u00e4nk (optional)<\/span><\/li>\n<\/ul>\n<h2>Nicht Inklusive<\/h2>\n<ul>\n<li style=\"\"><span>Badekappe<\/span><\/li>\n<li style=\"\"><span>Handtuch und Badeschlappen (k\u00f6nnen vor Ort gekauft werden)<\/span><\/li>\n<li style=\"\"><span>Badebekleidung (vor Ort miet- oder kaufbar)<\/span><\/li>\n<\/ul>\n<h2>Wichtige Hinweise:<\/h2>\n<ul>\n<li style=\"\"><span>Bitte bringen Sie Badebekleidung, Badeschlappen, ein Handtuch und eine Badekappe mit.<\/span><\/li>\n<li><span><strong>Hinweis<\/strong>: Sauna 2 und das Au\u00dfenthermalbecken sind vom 18. bis 23. M\u00e4rz 2024 wegen Wartungsarbeiten geschlossen.<\/span><\/li>\n<li><span>Die Becken und Bereiche m\u00fcssen 20 Minuten vor Schlie\u00dfung verlassen werden.<\/span><\/li>\n<li><span>Der letzte Einlass ist eine Stunde vor Schlie\u00dfung m\u00f6glich.<\/span><\/li>\n<li><span>Kinder unter 14 Jahren d\u00fcrfen nur den Au\u00dfenpool nutzen \u2013 die Innenbecken sind Thermalb\u00e4der.<\/span><\/li>\n<\/ul>\n<h2 data-pm-slice=\"1 1 []\">Beschreibung:<\/h2>\n<p data-end=\"1290\" data-start=\"955\">Entfliehen Sie dem Trubel der Stadt und tauchen Sie ein in die wohltuenden Thermalquellen des Sz\u00e9chenyi-Heilbads. Besonders beliebt ist das <strong>40\u202f\u00b0C warme Au\u00dfenbecken<\/strong>, das selbst im Winter f\u00fcr pure Entspannung sorgt. Auf Wunsch k\u00f6nnen Sie auch das P\u00e1linka-Museum besuchen und Ungarns ber\u00fchmten Fruchtschnaps probieren.<\/p>\n<h2>Highlights:<\/h2>\n<ul>\n<li data-pm-slice=\"1 1 []\">Zugang zum ber\u00fchmten Sz\u00e9chenyi-Bad mit \u00fcber 15 Innen- und Au\u00dfenbecken, Dampfb\u00e4dern und Saunen.<\/li>\n<li>Optionaler Fast-Track-Einlass am Vormittag oder Nachmittag \u2013 sparen Sie Zeit an der Warteschlange.<\/li>\n<li>Wahlweise Nutzung eines Schlie\u00dffachs oder einer privaten Kabine mit Umkleidem\u00f6glichkeit f\u00fcr mehr Komfort.<\/li>\n<li>Entspannung pur in Ungarns gr\u00f6\u00dftem Thermalbad \u2013 inklusive eindrucksvoller neobarocker Architektur und heilendem Thermalwasser.<\/li>\n<\/ul>\n<h2>Sz\u00e9chenyi Bad<\/h2>\n<p dir=\"ltr\">Budapest, \u00c1llatkerti krt. 9\u201311, 1146 Ungarn.<\/p>\n<h2 data-pm-slice=\"1 1 []\">Stornierungsbedingungen:<\/h2>\n<p data-pm-slice=\"1 1 []\">Diese Tickets sind vom Umtausch und von der R\u00fcckerstattung ausgeschlossen.<\/p>\n<h2 data-pm-slice=\"0 0 []\">Treffpunkt &amp; Hinweise:<\/h2>\n<p data-pm-slice=\"1 1 []\">Zeigen Sie Ihr Ticket zusammen mit einem g\u00fcltigen Lichtbildausweis vor. Bitte erscheinen Sie 15 Minuten vor Ihrer gebuchten Uhrzeit.<\/p>\n<p><strong>Adresse<\/strong>: Sz\u00e9chenyi-Heilbad, \u00c1llatkerti krt. 9, Budapest<\/p>\n<p><a data-lt-tmp-id=\"lt-618857\" href=\"https:\/\/www.google.com\/maps\/place\/47%C2%B031&#039;07.2%22N+19%C2%B004&#039;56.6%22E\/@47.5186577,19.0823784,12z\/data=!4m4!3m3!8m2!3d47.5186577!4d19.0823784?entry=ttu&amp;g_ep=EgoyMDI0MTEyNC4xIKXMDSoJLDEwMjExMjM0SAFQAw%3D%3D\" rel=\"nofollow noopener\" spellcheck=\"false\" target=\"_blank\" style=\"outline: none;\">Mit Maps \u00f6ffnen<\/a><\/p>\n<h2>Bewertungen &amp; Bewertung<\/h2>\n<p><strong>4.1 \/ 5&nbsp;<\/strong><strong>(5,644 Bewertungen)<\/strong><\/p>\n<p dir=\"ltr\"><em><em>\u201c<\/em><\/em>Wir waren begeistert von dem eleganten, sauberen Geb\u00e4ude, der Vielzahl an Becken, dem sprudelnden Strudel rund um den zentralen Whirlpool, dem beheizten Boden im Innenbereich, der tropisch anmutenden Lounge und den leckeren Cocktails. Das Wasser war sauber und angenehm hei\u00df. Die Atmosph\u00e4re an diesem verschneiten Freitagnachmittag war gro\u00dfartig \u2013 alle haben das warme Wasser sichtlich genossen. Dampfbad und Sauna waren ebenfalls perfekt.\u201c\u2013 Kerry, UK, Nov. 2024 <a href=\"https:\/\/www.headout.com\/r\/most-amazing-placesrecommends-beJgS\/\" target=\"_blank\" rel=\"nofollow noopener\" data-lt-tmp-id=\"lt-269899\" spellcheck=\"false\" style=\"outline: none;\">&gt;&gt; Weitere Bewertungen anzeigen<\/a><\/p>\n<h2>Einige Aktivit\u00e4ten, die Ihnen gefallen k\u00f6nnten<\/h2>\n<p><span><img decoding=\"async\" alt=\"Gellert Spa Tickets with Locker or Private Cabin\" data-id=\"8179\" width=\"159\" data-init-width=\"737\" height=\"105\" data-init-height=\"485\" title=\"Gellert Spa Tickets with Locker or Private Cabin\" loading=\"lazy\" src=\"https:\/\/budapesttouristinformation.com\/wp-content\/uploads\/Ekran-Resmi-2024-11-28-14.52.52-1.png\" data-width=\"159\" data-height=\"105\" style=\"aspect-ratio: auto 737 \/ 485;\"><\/span><a href=\"https:\/\/www.headout.com\/r\/most-amazing-placesrecommends-PNwu5\/\" target=\"_blank\" rel=\"nofollow noopener\" style=\"outline: none;\"><\/a><\/p>\n<table>\n<tbody>\n<tr>\n<td><a data-lt-tmp-id=\"lt-867382\" href=\"https:\/\/www.headout.com\/r\/most-amazing-placesrecommends-be74U\/\" rel=\"nofollow noopener\" spellcheck=\"false\" target=\"_blank\" style=\"outline: none;\">Gell\u00e9rtbad Tickets mit Schlie\u00dffach oder Privatkabine<\/a><\/td>\n<\/tr>\n<\/tbody>\n<\/table>\n<p data-pm-slice=\"1 1 []\">Entfliehen Sie dem Alltag und genie\u00dfen Sie pure Entspannung im legend\u00e4ren <strong>Gell\u00e9rt-Bad in Budapest<\/strong><\/p>\n<h3>Gesamtpreis<\/h3>\n<h3>Es erfolgt noch keine Abbuchung<\/h3>\n<p><span>#<\/span><strong><span>2<\/span><\/strong><span><img decoding=\"async\" alt=\"Budapest: Big Bus Hop-On Hop-Off Sightseeing Tour\" data-id=\"8172\" width=\"159\" data-init-width=\"960\" height=\"106\" data-init-height=\"640\" title=\"Budapest: Big Bus Hop-On Hop-Off Sightseeing Tour\" loading=\"lazy\" src=\"https:\/\/budapesttouristinformation.com\/wp-content\/uploads\/Budapest-Hop-on-Hop-off.jpg\" data-width=\"159\" data-height=\"106\" style=\"aspect-ratio: auto 960 \/ 640;\"><\/span><\/p>\n<table>\n<tbody>\n<tr>\n<td><a data-lt-tmp-id=\"lt-163467\" href=\"https:\/\/www.getyourguide.com\/budapest-l29\/hop-on-hop-off-sightseeing-tour-in-budapest-t42526\/?partner_id=NO9XIDE&amp;utm_medium=online_publisher&amp;cmp=BudapestHoponHopoffTicketGttd\" rel=\"nofollow noopener\" spellcheck=\"false\" target=\"_blank\" style=\"outline: none;\">Budapest: Big Bus Hop-On Hop-Off Tour &amp; Donauschifffahrt<\/a><\/td>\n<\/tr>\n<\/tbody>\n<\/table>\n<p data-pm-slice=\"1 1 []\">Entdecken Sie Budapest in Ihrem eigenen Tempo mit einem <strong>1-, 2- oder 3-Tagespass<\/strong> f\u00fcr den offenen Hop-on-Hop-off-Sightseeingbus.<\/p>\n<h3>Gesamtpreis<\/h3>\n<h3>Es erfolgt noch keine Abbuchung<\/h3>\n<p><\/p>\n<h2><a href=\"https:\/\/www.headout.com\/r\/most-amazing-placesrecommends-beJgS\/\" target=\"_blank\" rel=\"nofollow noopener\" style=\"outline: none;\" data-lt-tmp-id=\"lt-708889\" spellcheck=\"false\">Reservieren<\/a><span style=\"font-weight: normal;\"><\/span><\/h2>\n<p><strong style=\"outline: currentcolor;\"><a href=\"https:\/\/www.headout.com\/r\/most-amazing-placesrecommends-beJgS\/\" target=\"_blank\" rel=\"nofollow noopener\" data-lt-tmp-id=\"lt-697306\" spellcheck=\"false\" style=\"outline: none;\"><span style=\"font-weight: normal;\">Ab<\/span> 34\u20ac<\/a><\/strong><\/p>\n<p style=\"\">Ihnen werden noch keine Kosten berechnet<\/p>\n","protected":false},"excerpt":{"rendered":"<p>Sz\u00e9chenyi-Heilbad Tickets mit Schlie\u00dffach oder Privatkabine und optionalem Fast Track-Eintritt Reservieren Ab&nbsp;3\u200b4\u20ac Genie\u00dfen Sie pure Entspannung im Sz\u00e9chenyi-Heilbad \u2013 dem gr\u00f6\u00dften Thermalbad Europas. Mit 15 Innenbecken, 3 Au\u00dfenpools und individuell w\u00e4hlbaren Ticketoptionen erwartet Sie eine historische Wohlf\u00fchloase voller Erholung und Regeneration. Selbstst\u00e4ndige Erkundung Digitale Tickets Flexible Eintritts und Besuchszeiten Sofortbest\u00e4tigung Inklusive Tageszugang zum Thermalbad, inklusive [&hellip;]<\/p>\n","protected":false},"author":17,"featured_media":9110,"parent":0,"menu_order":0,"comment_status":"closed","ping_status":"closed","template":"","meta":{"footnotes":""},"categories":[],"tags":[78],"class_list":["post-9378","page","type-page","status-publish","has-post-thumbnail","hentry","tag-sales-page-de","post-wrapper","thrv_wrapper"],"_links":{"self":[{"href":"https:\/\/budapesttouristinformation.com\/de\/wp-json\/wp\/v2\/pages\/9378","targetHints":{"allow":["GET"]}}],"collection":[{"href":"https:\/\/budapesttouristinformation.com\/de\/wp-json\/wp\/v2\/pages"}],"about":[{"href":"https:\/\/budapesttouristinformation.com\/de\/wp-json\/wp\/v2\/types\/page"}],"author":[{"embeddable":true,"href":"https:\/\/budapesttouristinformation.com\/de\/wp-json\/wp\/v2\/users\/17"}],"replies":[{"embeddable":true,"href":"https:\/\/budapesttouristinformation.com\/de\/wp-json\/wp\/v2\/comments?post=9378"}],"version-history":[{"count":19,"href":"https:\/\/budapesttouristinformation.com\/de\/wp-json\/wp\/v2\/pages\/9378\/revisions"}],"predecessor-version":[{"id":10808,"href":"https:\/\/budapesttouristinformation.com\/de\/wp-json\/wp\/v2\/pages\/9378\/revisions\/10808"}],"wp:featuredmedia":[{"embeddable":true,"href":"https:\/\/budapesttouristinformation.com\/de\/wp-json\/wp\/v2\/media\/9110"}],"wp:attachment":[{"href":"https:\/\/budapesttouristinformation.com\/de\/wp-json\/wp\/v2\/media?parent=9378"}],"wp:term":[{"taxonomy":"category","embeddable":true,"href":"https:\/\/budapesttouristinformation.com\/de\/wp-json\/wp\/v2\/categories?post=9378"},{"taxonomy":"post_tag","embeddable":true,"href":"https:\/\/budapesttouristinformation.com\/de\/wp-json\/wp\/v2\/tags?post=9378"}],"curies":[{"name":"wp","href":"https:\/\/api.w.org\/{rel}","templated":true}]}}