{"id":9362,"date":"2025-05-12T14:41:36","date_gmt":"2025-05-12T14:41:36","guid":{"rendered":"https:\/\/budapesttouristinformation.com\/ikono-budapest-ticket"},"modified":"2026-04-27T06:22:49","modified_gmt":"2026-04-27T06:22:49","slug":"ikono-budapest-tickets","status":"publish","type":"page","link":"https:\/\/budapesttouristinformation.com\/de\/ikono-budapest-tickets","title":{"rendered":"IKONO Budapest Tickets"},"content":{"rendered":"<p><span><img decoding=\"async\" alt=\"\" data-id=\"8788\" width=\"794\" height=\"524\" title=\"IKONO Budapest Entry Ticket\" src=\"https:\/\/budapesttouristinformation.com\/wp-content\/uploads\/IKONO-Budapest-Entry-Ticket-1.png\" data-src=\"https:\/\/budapesttouristinformation.com\/wp-content\/uploads\/IKONO-Budapest-Entry-Ticket-1-300x198.png\" loading=\"lazy\" data-sizes=\"{&quot;thumbnail&quot;:{&quot;url&quot;:&quot;https:\/\/budapesttouristinformation.com\/wp-content\/uploads\/IKONO-Budapest-Entry-Ticket-1-150x150.png&quot;,&quot;height&quot;:150,&quot;width&quot;:150,&quot;orientation&quot;:&quot;landscape&quot;},&quot;medium&quot;:{&quot;url&quot;:&quot;https:\/\/budapesttouristinformation.com\/wp-content\/uploads\/IKONO-Budapest-Entry-Ticket-1-300x198.png&quot;,&quot;height&quot;:198,&quot;width&quot;:300,&quot;orientation&quot;:&quot;landscape&quot;},&quot;full&quot;:{&quot;url&quot;:&quot;https:\/\/budapesttouristinformation.com\/wp-content\/uploads\/IKONO-Budapest-Entry-Ticket-1.png&quot;,&quot;height&quot;:524,&quot;width&quot;:794,&quot;orientation&quot;:&quot;landscape&quot;}}\"><\/span><span><img decoding=\"async\" alt=\"\" data-id=\"8789\" width=\"797\" height=\"523\" title=\"IKONO Budapest Entry Ticket 2\" src=\"https:\/\/budapesttouristinformation.com\/wp-content\/uploads\/IKONO-Budapest-Entry-Ticket-2-1.png\" data-src=\"https:\/\/budapesttouristinformation.com\/wp-content\/uploads\/IKONO-Budapest-Entry-Ticket-2-1-300x197.png\" loading=\"lazy\" data-sizes=\"{&quot;thumbnail&quot;:{&quot;url&quot;:&quot;https:\/\/budapesttouristinformation.com\/wp-content\/uploads\/IKONO-Budapest-Entry-Ticket-2-1-150x150.png&quot;,&quot;height&quot;:150,&quot;width&quot;:150,&quot;orientation&quot;:&quot;landscape&quot;},&quot;medium&quot;:{&quot;url&quot;:&quot;https:\/\/budapesttouristinformation.com\/wp-content\/uploads\/IKONO-Budapest-Entry-Ticket-2-1-300x197.png&quot;,&quot;height&quot;:197,&quot;width&quot;:300,&quot;orientation&quot;:&quot;landscape&quot;},&quot;full&quot;:{&quot;url&quot;:&quot;https:\/\/budapesttouristinformation.com\/wp-content\/uploads\/IKONO-Budapest-Entry-Ticket-2-1.png&quot;,&quot;height&quot;:523,&quot;width&quot;:797,&quot;orientation&quot;:&quot;landscape&quot;}}\"><\/span><span><img decoding=\"async\" alt=\"\" data-id=\"8790\" width=\"787\" height=\"516\" title=\"IKONO Budapest Entry Ticket 3\" src=\"https:\/\/budapesttouristinformation.com\/wp-content\/uploads\/IKONO-Budapest-Entry-Ticket-3-1.png\" data-src=\"https:\/\/budapesttouristinformation.com\/wp-content\/uploads\/IKONO-Budapest-Entry-Ticket-3-1-300x197.png\" loading=\"lazy\" data-sizes=\"{&quot;thumbnail&quot;:{&quot;url&quot;:&quot;https:\/\/budapesttouristinformation.com\/wp-content\/uploads\/IKONO-Budapest-Entry-Ticket-3-1-150x150.png&quot;,&quot;height&quot;:150,&quot;width&quot;:150,&quot;orientation&quot;:&quot;landscape&quot;},&quot;medium&quot;:{&quot;url&quot;:&quot;https:\/\/budapesttouristinformation.com\/wp-content\/uploads\/IKONO-Budapest-Entry-Ticket-3-1-300x197.png&quot;,&quot;height&quot;:197,&quot;width&quot;:300,&quot;orientation&quot;:&quot;landscape&quot;},&quot;full&quot;:{&quot;url&quot;:&quot;https:\/\/budapesttouristinformation.com\/wp-content\/uploads\/IKONO-Budapest-Entry-Ticket-3-1.png&quot;,&quot;height&quot;:516,&quot;width&quot;:787,&quot;orientation&quot;:&quot;landscape&quot;}}\"><\/span><span><img decoding=\"async\" alt=\"\" data-id=\"8791\" width=\"790\" height=\"520\" title=\"IKONO Budapest Entry Ticket 4\" src=\"https:\/\/budapesttouristinformation.com\/wp-content\/uploads\/IKONO-Budapest-Entry-Ticket-4-1.png\" data-src=\"https:\/\/budapesttouristinformation.com\/wp-content\/uploads\/IKONO-Budapest-Entry-Ticket-4-1-300x197.png\" loading=\"lazy\" data-sizes=\"{&quot;thumbnail&quot;:{&quot;url&quot;:&quot;https:\/\/budapesttouristinformation.com\/wp-content\/uploads\/IKONO-Budapest-Entry-Ticket-4-1-150x150.png&quot;,&quot;height&quot;:150,&quot;width&quot;:150,&quot;orientation&quot;:&quot;landscape&quot;},&quot;medium&quot;:{&quot;url&quot;:&quot;https:\/\/budapesttouristinformation.com\/wp-content\/uploads\/IKONO-Budapest-Entry-Ticket-4-1-300x197.png&quot;,&quot;height&quot;:197,&quot;width&quot;:300,&quot;orientation&quot;:&quot;landscape&quot;},&quot;full&quot;:{&quot;url&quot;:&quot;https:\/\/budapesttouristinformation.com\/wp-content\/uploads\/IKONO-Budapest-Entry-Ticket-4-1.png&quot;,&quot;height&quot;:520,&quot;width&quot;:790,&quot;orientation&quot;:&quot;landscape&quot;}}\"><\/span><\/p>\n<h1 dir=\"ltr\">IKONO Budapest: Eintrittskarte<\/h1>\n<h2><a href=\"https:\/\/www.tiqets.com\/de\/things-to-do-in-budapest-c68199\/tickets-for-budapest-ikono-p1086044\/?partner=budapesttouristinformation&amp;tq_campaign=BudapestTIDESP\" target=\"_blank\" rel=\"nofollow noopener\" style=\"outline: none;\">Reservieren<\/a><\/h2>\n<h1><a href=\"https:\/\/www.tiqets.com\/de\/things-to-do-in-budapest-c68199\/tickets-for-budapest-ikono-p1086044\/?partner=budapesttouristinformation&amp;tq_campaign=BudapestTIDESP\" target=\"_blank\" rel=\"nofollow noopener\" style=\"outline: none;\">Ab 16.46\u20ac<\/a><\/h1>\n<p data-pm-slice=\"1 1 []\">Tauchen Sie ein in eine farbenfrohe Welt voller Fantasie bei IKONO Budapest \u2013 ein interaktives Erlebnis mit \u00fcber 10 beeindruckenden Kunstinstallationen. Diese rund einst\u00fcndige Reise kombiniert digitale und sinnliche Kunst auf faszinierende Weise. Ideal f\u00fcr Familien, Fotoliebhaber und alle, die gerne Neues entdecken.<\/p>\n<ul>\n<li style=\"\"><span>Dauer: 1 Std.<\/span><\/li>\n<li style=\"\"><span>Kostenlose Stornierung<\/span><\/li>\n<\/ul>\n<h2>Inklusive<\/h2>\n<ul>\n<li>                    <span>Eintritt zu IKONO Budapest<\/span><\/li>\n<li>                    <span>Zugang zu mehr als 10 interaktiven, multisensorischen R\u00e4umen<\/span><\/li>\n<li>                    <span>Selbstgef\u00fchrtes Erlebnis (Dauer: ca. 1 Stunde)<\/span><\/li>\n<\/ul>\n<h2>Nicht Inklusive<\/h2>\n<ul>\n<li style=\"\"><span>Speisen und Getr\u00e4nke<\/span><\/li>\n<li style=\"\"><span>Gef\u00fchrte Touren<\/span><\/li>\n<\/ul>\n<h2 data-pm-slice=\"1 1 []\">Wichtige Informationen:<\/h2>\n<ul>\n<li><span>Bitte mindestens 10 Minuten vor dem gebuchten Zeitfenster erscheinen<\/span><\/li>\n<li><span>Vorzeigen des mobilen Tickets beim Eintritt<\/span><\/li>\n<li><span>Kinderwagen sind im Ausstellungsbereich nicht erlaubt<\/span><\/li>\n<li><span>Umbuchung nach der Buchung nicht m\u00f6glich<\/span><\/li>\n<li><span>Nur bei Auswahl eines stornierbaren Tickets: vollst\u00e4ndige R\u00fcckerstattung bei Stornierung bis 23:59 Uhr am Vortag<\/span><\/li>\n<\/ul>\n<h2 data-pm-slice=\"1 1 []\">Beschreibung:<\/h2>\n<p data-pm-slice=\"1 1 []\">Entdecken Sie das Unerwartete bei IKONO Budapest, wo Kunst, Licht und Vorstellungskraft aufeinandertreffen. \u00dcber 10 surreale R\u00e4ume regen Ihre Sinne an und laden zum Mitmachen ein. Dieses fantasievolle Erlebnis verwandelt Besucher in einen Teil der Kunst \u2013 ein Muss f\u00fcr kreative K\u00f6pfe und Instagram-Fans.<\/p>\n<h2>Highlights:<\/h2>\n<ul>\n<li data-pm-slice=\"1 1 []\">Spazieren Sie durch den funkelnden Raum der unendlichen Laternen<\/li>\n<li>Verlaufen Sie sich im faszinierenden Labyrinth aus analogen und digitalen Illusionen<\/li>\n<li>Interagieren Sie mit multisensorischen Installationen f\u00fcr jedes Alter<\/li>\n<li>Machen Sie au\u00dfergew\u00f6hnliche Fotos in jedem einzelnen Raum<\/li>\n<li>Erleben Sie einen der fotogensten Kunstorte Budapests<\/li>\n<\/ul>\n<h2>Ikono Budapest<\/h2>\n<p data-pm-slice=\"1 1 []\">Budapest, V\u00e1ci utca 27, 1052 Ungarn<\/p>\n<h2>Stornierung<\/h2>\n<p data-pm-slice=\"1 1 []\">Eine Stornierung ist bis 24 Stunden vor dem Besuchsdatum m\u00f6glich.<\/p>\n<h2 data-pm-slice=\"1 1 []\">Hinweise<\/h2>\n<p data-pm-slice=\"1 1 []\">Eine Umbuchung ist bei diesem Ticket nicht m\u00f6glich.<\/p>\n<p><a data-lt-tmp-id=\"lt-618857\" href=\"https:\/\/www.google.com\/maps\/place\/IKONO+Budapest\/@47.4929588,19.0503312,17z\/data=!4m15!1m8!3m7!1s0x4741dda0b40b5725:0xfc1c02de52ced77f!2sIKONO+Budapest!8m2!3d47.4929552!4d19.0529061!10e8!16s%2Fg%2F11sj9z8566!3m5!1s0x4741dda0b40b5725:0xfc1c02de52ced77f!8m2!3d47.4929552!4d19.0529061!16s%2Fg%2F11sj9z8566?hl=de&amp;entry=ttu&amp;g_ep=EgoyMDI1MDUwNy4wIKXMDSoJLDEwMjExNDUzSAFQAw%3D%3D\" rel=\"nofollow noopener\" spellcheck=\"false\" target=\"_blank\" style=\"outline: none;\">Mit Maps \u00f6ffnen<\/a><\/p>\n<h2 data-pm-slice=\"1 1 []\">Bewertungen &amp; Erfahrungen<\/h2>\n<p><strong>3.6 \/ 5&nbsp;<\/strong><strong>(14 <\/strong><strong>Bewertungen<\/strong><strong>)<\/strong><\/p>\n<p dir=\"ltr\"><em><\/em>&#8222;Fantastisch f\u00fcr Kinder und Erwachsene! Wir hatten eine tolle Zeit und gen\u00fcgend Platz, damit die Kinder spielen konnten.\u201c M\u00e4rz 2025 [Quelle: Tiqets]<em><\/em>&nbsp; <a href=\"https:\/\/www.tiqets.com\/de\/things-to-do-in-budapest-c68199\/tickets-for-budapest-ikono-p1086044\/?partner=budapesttouristinformation&amp;tq_campaign=BudapestTIDESP\" target=\"_blank\" rel=\"nofollow noopener\" data-lt-tmp-id=\"lt-269899\" spellcheck=\"false\" style=\"outline: none;\">&gt;&gt; See More Reviews<\/a><\/p>\n<h2 data-pm-slice=\"1 1 []\">Weitere Aktivit\u00e4ten, die Sie interessieren k\u00f6nnten:<\/h2>\n<p><span><img decoding=\"async\" alt=\"Hungarian Parliament Audio Guided Tour\" data-id=\"8200\" width=\"159\" data-init-width=\"735\" height=\"105\" data-init-height=\"484\" title=\"Hungarian Parliament Audio Guided Tour\" loading=\"lazy\" src=\"https:\/\/budapesttouristinformation.com\/wp-content\/uploads\/Ekran-Resmi-2024-11-28-16.54.10.png\" data-width=\"159\" data-height=\"105\" style=\"aspect-ratio: auto 735 \/ 484;\"><\/span><a href=\"https:\/\/www.headout.com\/r\/most-amazing-placesrecommends-PNwu5\/\" target=\"_blank\" rel=\"nofollow noopener\" style=\"outline: none;\"><\/a><\/p>\n<table>\n<tbody>\n<tr>\n<td><a data-lt-tmp-id=\"lt-867382\" href=\"https:\/\/www.headout.com\/r\/most-amazing-placesrecommends-POJMH\/\" rel=\"nofollow noopener\" spellcheck=\"false\" target=\"_blank\" style=\"outline: none;\">Ungarisches Parlament: gef\u00fchrte Audiotour<\/a><\/td>\n<\/tr>\n<\/tbody>\n<\/table>\n<p>Entdecken Sie das gr\u00f6\u00dfte Parlamentsgeb\u00e4ude Europas, bestaunen Sie die ungarischen Kronjuwelen und tauchen Sie bei dieser spannenden F\u00fchrung in die bewegte Geschichte Budapests ein.<\/p>\n<h3 style=\"\">Gesamtpreis<\/h3>\n<h3 style=\"\">Es erfolgt noch keine Abbuchung<\/h3>\n<p><span>#<\/span><strong><span>2<\/span><\/strong><span><img decoding=\"async\" alt=\"Budapest: Big Bus Hop-On Hop-Off Sightseeing Tour\" data-id=\"8172\" width=\"159\" data-init-width=\"960\" height=\"106\" data-init-height=\"640\" title=\"Budapest: Big Bus Hop-On Hop-Off Sightseeing Tour\" loading=\"lazy\" src=\"https:\/\/budapesttouristinformation.com\/wp-content\/uploads\/Budapest-Hop-on-Hop-off.jpg\" data-width=\"159\" data-height=\"106\" style=\"aspect-ratio: auto 960 \/ 640;\"><\/span><\/p>\n<table>\n<tbody>\n<tr>\n<td><a data-lt-tmp-id=\"lt-163467\" href=\"https:\/\/www.getyourguide.com\/budapest-l29\/hop-on-hop-off-sightseeing-tour-in-budapest-t42526\/?partner_id=NO9XIDE&amp;utm_medium=online_publisher&amp;cmp=BudapestHoponHopoffTicketGttd\" rel=\"nofollow noopener\" spellcheck=\"false\" target=\"_blank\" style=\"outline: none;\">Budapest: Big Bus Hop-On Hop-Off Tour &amp; Donauschifffahrt<\/a><\/td>\n<\/tr>\n<\/tbody>\n<\/table>\n<p>Entdecke Budapest ganz entspannt mit einem 1-, 2- oder 3-Tagespass f\u00fcr den offenen Hop-On-Hop-Off-Sightseeing-Bus.<\/p>\n<h3 style=\"\">Gesamtpreis<\/h3>\n<h3 style=\"\">Es erfolgt noch keine Abbuchung<\/h3>\n<p><\/p>\n<h2><a href=\"https:\/\/www.tiqets.com\/de\/things-to-do-in-budapest-c68199\/tickets-for-budapest-ikono-p1086044\/?partner=budapesttouristinformation&amp;tq_campaign=BudapestTIDESP\" target=\"_blank\" rel=\"nofollow noopener\" style=\"outline: none;\" data-lt-tmp-id=\"lt-708889\" spellcheck=\"false\">Reservieren<\/a><span style=\"font-weight: normal;\"><\/span><\/h2>\n<p><strong style=\"outline: currentcolor;\"><a href=\"https:\/\/www.tiqets.com\/de\/things-to-do-in-budapest-c68199\/tickets-for-budapest-ikono-p1086044\/?partner=budapesttouristinformation&amp;tq_campaign=BudapestTIDESP\" target=\"_blank\" rel=\"nofollow noopener\" data-lt-tmp-id=\"lt-697306\" spellcheck=\"false\" style=\"outline: none;\">Ab 16.46\u20ac<\/a><\/strong><\/p>\n<p style=\"\">Ihnen werden noch keine Kosten berechnet<\/p>\n","protected":false},"excerpt":{"rendered":"<p>IKONO Budapest: Eintrittskarte Reservieren Ab 16.46\u20ac Tauchen Sie ein in eine farbenfrohe Welt voller Fantasie bei IKONO Budapest \u2013 ein interaktives Erlebnis mit \u00fcber 10 beeindruckenden Kunstinstallationen. Diese rund einst\u00fcndige Reise kombiniert digitale und sinnliche Kunst auf faszinierende Weise. Ideal f\u00fcr Familien, Fotoliebhaber und alle, die gerne Neues entdecken. Dauer: 1 Std. Kostenlose Stornierung Inklusive [&hellip;]<\/p>\n","protected":false},"author":17,"featured_media":9191,"parent":0,"menu_order":0,"comment_status":"closed","ping_status":"closed","template":"","meta":{"footnotes":""},"categories":[],"tags":[78],"class_list":["post-9362","page","type-page","status-publish","has-post-thumbnail","hentry","tag-sales-page-de","post-wrapper","thrv_wrapper"],"_links":{"self":[{"href":"https:\/\/budapesttouristinformation.com\/de\/wp-json\/wp\/v2\/pages\/9362","targetHints":{"allow":["GET"]}}],"collection":[{"href":"https:\/\/budapesttouristinformation.com\/de\/wp-json\/wp\/v2\/pages"}],"about":[{"href":"https:\/\/budapesttouristinformation.com\/de\/wp-json\/wp\/v2\/types\/page"}],"author":[{"embeddable":true,"href":"https:\/\/budapesttouristinformation.com\/de\/wp-json\/wp\/v2\/users\/17"}],"replies":[{"embeddable":true,"href":"https:\/\/budapesttouristinformation.com\/de\/wp-json\/wp\/v2\/comments?post=9362"}],"version-history":[{"count":10,"href":"https:\/\/budapesttouristinformation.com\/de\/wp-json\/wp\/v2\/pages\/9362\/revisions"}],"predecessor-version":[{"id":10814,"href":"https:\/\/budapesttouristinformation.com\/de\/wp-json\/wp\/v2\/pages\/9362\/revisions\/10814"}],"wp:featuredmedia":[{"embeddable":true,"href":"https:\/\/budapesttouristinformation.com\/de\/wp-json\/wp\/v2\/media\/9191"}],"wp:attachment":[{"href":"https:\/\/budapesttouristinformation.com\/de\/wp-json\/wp\/v2\/media?parent=9362"}],"wp:term":[{"taxonomy":"category","embeddable":true,"href":"https:\/\/budapesttouristinformation.com\/de\/wp-json\/wp\/v2\/categories?post=9362"},{"taxonomy":"post_tag","embeddable":true,"href":"https:\/\/budapesttouristinformation.com\/de\/wp-json\/wp\/v2\/tags?post=9362"}],"curies":[{"name":"wp","href":"https:\/\/api.w.org\/{rel}","templated":true}]}}