{"id":9359,"date":"2024-11-28T16:28:19","date_gmt":"2024-11-28T16:28:19","guid":{"rendered":"https:\/\/budapesttouristinformation.com\/hungarian-parliament-audio-guide-tour-ticket"},"modified":"2026-04-24T14:32:09","modified_gmt":"2026-04-24T14:32:09","slug":"parlament-budapest-tickets","status":"publish","type":"page","link":"https:\/\/budapesttouristinformation.com\/de\/parlament-budapest-tickets","title":{"rendered":"Ungarisches Parlament Budapest Tickets: gef\u00fchrte Audiotour"},"content":{"rendered":"<p><span><img decoding=\"async\" alt=\"Hungarian Parliament Audio Guided Tour\" data-id=\"8202\" width=\"735\" height=\"484\" title=\"Hungarian Parliament Audio Guided Tour\" src=\"https:\/\/budapesttouristinformation.com\/wp-content\/uploads\/Ekran-Resmi-2024-11-28-16.54.10-1.png\" data-src=\"https:\/\/budapesttouristinformation.com\/wp-content\/uploads\/Ekran-Resmi-2024-11-28-16.54.10-1-300x198.png\" loading=\"lazy\" data-sizes=\"{&quot;thumbnail&quot;:{&quot;url&quot;:&quot;https:\/\/budapesttouristinformation.com\/wp-content\/uploads\/Ekran-Resmi-2024-11-28-16.54.10-1-150x150.png&quot;,&quot;height&quot;:150,&quot;width&quot;:150,&quot;orientation&quot;:&quot;landscape&quot;},&quot;medium&quot;:{&quot;url&quot;:&quot;https:\/\/budapesttouristinformation.com\/wp-content\/uploads\/Ekran-Resmi-2024-11-28-16.54.10-1-300x198.png&quot;,&quot;height&quot;:198,&quot;width&quot;:300,&quot;orientation&quot;:&quot;landscape&quot;},&quot;full&quot;:{&quot;url&quot;:&quot;https:\/\/budapesttouristinformation.com\/wp-content\/uploads\/Ekran-Resmi-2024-11-28-16.54.10-1.png&quot;,&quot;height&quot;:484,&quot;width&quot;:735,&quot;orientation&quot;:&quot;landscape&quot;}}\"><\/span><span><img decoding=\"async\" alt=\"Hungarian Parliament Audio Guided Tour\" data-id=\"8203\" width=\"722\" height=\"486\" title=\"Hungarian Parliament Audio Guided Tour\" src=\"https:\/\/budapesttouristinformation.com\/wp-content\/uploads\/Ekran-Resmi-2024-11-28-16.54.18.png\" data-src=\"https:\/\/budapesttouristinformation.com\/wp-content\/uploads\/Ekran-Resmi-2024-11-28-16.54.18-300x202.png\" loading=\"lazy\" data-sizes=\"{&quot;thumbnail&quot;:{&quot;url&quot;:&quot;https:\/\/budapesttouristinformation.com\/wp-content\/uploads\/Ekran-Resmi-2024-11-28-16.54.18-150x150.png&quot;,&quot;height&quot;:150,&quot;width&quot;:150,&quot;orientation&quot;:&quot;landscape&quot;},&quot;medium&quot;:{&quot;url&quot;:&quot;https:\/\/budapesttouristinformation.com\/wp-content\/uploads\/Ekran-Resmi-2024-11-28-16.54.18-300x202.png&quot;,&quot;height&quot;:202,&quot;width&quot;:300,&quot;orientation&quot;:&quot;landscape&quot;},&quot;full&quot;:{&quot;url&quot;:&quot;https:\/\/budapesttouristinformation.com\/wp-content\/uploads\/Ekran-Resmi-2024-11-28-16.54.18.png&quot;,&quot;height&quot;:486,&quot;width&quot;:722,&quot;orientation&quot;:&quot;landscape&quot;}}\"><\/span><span><img decoding=\"async\" alt=\"Hungarian Parliament Audio Guided Tour\" data-id=\"8204\" width=\"713\" height=\"487\" title=\"Hungarian Parliament Audio Guided Tour\" src=\"https:\/\/budapesttouristinformation.com\/wp-content\/uploads\/Ekran-Resmi-2024-11-28-16.54.25.png\" data-src=\"https:\/\/budapesttouristinformation.com\/wp-content\/uploads\/Ekran-Resmi-2024-11-28-16.54.25-300x205.png\" loading=\"lazy\" data-sizes=\"{&quot;thumbnail&quot;:{&quot;url&quot;:&quot;https:\/\/budapesttouristinformation.com\/wp-content\/uploads\/Ekran-Resmi-2024-11-28-16.54.25-150x150.png&quot;,&quot;height&quot;:150,&quot;width&quot;:150,&quot;orientation&quot;:&quot;landscape&quot;},&quot;medium&quot;:{&quot;url&quot;:&quot;https:\/\/budapesttouristinformation.com\/wp-content\/uploads\/Ekran-Resmi-2024-11-28-16.54.25-300x205.png&quot;,&quot;height&quot;:205,&quot;width&quot;:300,&quot;orientation&quot;:&quot;landscape&quot;},&quot;full&quot;:{&quot;url&quot;:&quot;https:\/\/budapesttouristinformation.com\/wp-content\/uploads\/Ekran-Resmi-2024-11-28-16.54.25.png&quot;,&quot;height&quot;:487,&quot;width&quot;:713,&quot;orientation&quot;:&quot;landscape&quot;}}\"><\/span><span><img decoding=\"async\" alt=\"Hungarian Parliament Audio Guided Tour\" data-id=\"8205\" width=\"716\" height=\"489\" title=\"Hungarian Parliament Audio Guided Tour\" src=\"https:\/\/budapesttouristinformation.com\/wp-content\/uploads\/Ekran-Resmi-2024-11-28-16.54.33.png\" data-src=\"https:\/\/budapesttouristinformation.com\/wp-content\/uploads\/Ekran-Resmi-2024-11-28-16.54.33-300x205.png\" loading=\"lazy\" data-sizes=\"{&quot;thumbnail&quot;:{&quot;url&quot;:&quot;https:\/\/budapesttouristinformation.com\/wp-content\/uploads\/Ekran-Resmi-2024-11-28-16.54.33-150x150.png&quot;,&quot;height&quot;:150,&quot;width&quot;:150,&quot;orientation&quot;:&quot;landscape&quot;},&quot;medium&quot;:{&quot;url&quot;:&quot;https:\/\/budapesttouristinformation.com\/wp-content\/uploads\/Ekran-Resmi-2024-11-28-16.54.33-300x205.png&quot;,&quot;height&quot;:205,&quot;width&quot;:300,&quot;orientation&quot;:&quot;landscape&quot;},&quot;full&quot;:{&quot;url&quot;:&quot;https:\/\/budapesttouristinformation.com\/wp-content\/uploads\/Ekran-Resmi-2024-11-28-16.54.33.png&quot;,&quot;height&quot;:489,&quot;width&quot;:716,&quot;orientation&quot;:&quot;landscape&quot;}}\"><\/span><\/p>\n<h1 data-qa-marker=\"product-name\">Ungarisches Parlament: gef\u00fchrte Audiotour<\/h1>\n<h2><a href=\"https:\/\/www.headout.com\/r\/most-amazing-placesrecommends-cIdbp\/\" target=\"_blank\" rel=\"nofollow noopener\" style=\"outline: none;\"><\/a><a href=\"https:\/\/www.headout.com\/r\/most-amazing-placesrecommends-sEG3r\/\" rel=\"nofollow noopener\" spellcheck=\"false\" target=\"_blank\" style=\"outline: none;\">Reservieren<\/a><\/h2>\n<h1><a href=\"https:\/\/www.headout.com\/r\/most-amazing-placesrecommends-sEG3r\/\" target=\"_blank\" rel=\"nofollow noopener\" style=\"outline: none;\" spellcheck=\"false\">Ab&nbsp;34,90\u20ac<\/a><\/h1>\n<p data-end=\"274\" data-start=\"0\">Tauchen Sie ein in die reiche Geschichte Ungarns mit einem Ticket f\u00fcr eine <strong>45-min\u00fctige Audiotour<\/strong><strong>durch das imposante Ungarische Parlament<\/strong> \u2013 das gr\u00f6\u00dfte in Europa. Bestaunen Sie die neogotische Pracht, erkunden Sie eindrucksvolle S\u00e4le und erfahren Sie mehr \u00fcber die Heilige Ungarische Krone.<\/p>\n<ul>\n<li style=\"\"><span>Digitale Ticket<\/span><\/li>\n<li style=\"\"><span>Audioguide<\/span><\/li>\n<li style=\"\"><span>Transfer inklusive<\/span><\/li>\n<li style=\"\"><span>Dauer: 45 Min.<\/span><\/li>\n<\/ul>\n<h2 data-pm-slice=\"1 1 []\">Inklusive<\/h2>\n<ul>\n<li style=\"\">                    <span>Eintritt in das Ungarische Parlamentsgeb\u00e4ude<\/span><\/li>\n<li style=\"\">                    <span>Zugang zur Haupttreppe, Kuppelhalle, ehem. Oberhaus und Prachtstiege<\/span><\/li>\n<li style=\"\">                    <span>45-min\u00fctige Audiotour<\/span><\/li>\n<li style=\"\">                    <span>Audioguide in 23 Sprachen verf\u00fcgbar<\/span><\/li>\n<li style=\"\">                    <span>Kopfh\u00f6rer werden bereitgestellt<\/span><\/li>\n<\/ul>\n<h2 data-pm-slice=\"1 1 []\">Nicht Inklusive<\/h2>\n<ul>\n<li style=\"\"><span>Anreise zum Veranstaltungsort<\/span><\/li>\n<li style=\"\"><span>Speisen und Getr\u00e4nke<\/span><\/li>\n<li style=\"\"><span>Trinkgelder<\/span><\/li>\n<\/ul>\n<h2 data-pm-slice=\"1 1 []\">Wichtige Hinweise:<\/h2>\n<ul>\n<li style=\"\"><span>Der Audioguide ist in 23 Sprachen verf\u00fcgbar, u.\u202fa. Deutsch, Englisch, Spanisch, Franz\u00f6sisch und Chinesisch.<\/span><\/li>\n<li><span>Angemessene Kleidung ist erforderlich \u2013 das Geb\u00e4ude ist ein Ort von nationaler Bedeutung.<\/span><\/li>\n<li><span>Bestimmte Bereiche sind ggf. aufgrund offizieller Anl\u00e4sse nicht zug\u00e4nglich.<\/span><\/li>\n<li><span>Gro\u00dfe Taschen und scharfe Gegenst\u00e4nde sind nicht erlaubt.<\/span><\/li>\n<li><span>Fotografieren ist erlaubt \u2013 mit Ausnahme der Kuppelhalle.<\/span><\/li>\n<li><span>Barrierefrei zug\u00e4nglich, Blindenhunde erlaubt.<\/span><\/li>\n<\/ul>\n<h2>Beschreibung:<\/h2>\n<p data-end=\"1587\" data-start=\"1191\">Betreten Sie mit Ihren Tickets f\u00fcr das Ungarische Parlament das h\u00f6chste und <strong>bedeutendste Geb\u00e4ude Budapests. <\/strong>Die neogotische Pracht erstreckt sich \u00fcber kunstvolle Innenr\u00e4ume, <strong>verziert mit 40 kg 23-kar\u00e4tigem Gold.<\/strong> Der <strong>Audioguide<\/strong> f\u00fchrt Sie durch die Kuppelhalle mit der Heiligen Krone, das ehemalige Oberhaus und die prachtvollen Treppenaufg\u00e4nge \u2013 ein Muss f\u00fcr jeden Geschichts- und Architekturliebhaber.<\/p>\n<h2>Highlights:<\/h2>\n<ul>\n<li data-pm-slice=\"1 1 []\"><strong>Haupttreppe<\/strong>: Gehen Sie auf den Spuren offizieller Staatsbesuche.<\/li>\n<li><strong>Kuppelhalle<\/strong>: Zentrum des Geb\u00e4udes mit der Heiligen Ungarischen Krone.<\/li>\n<li><strong>Ehem. Oberhaus<\/strong>: Einblicke in die parlamentarische Geschichte.<\/li>\n<li><strong>Prachtstiege<\/strong>: Architektonische Meisterleistung mit einzigartigen Details.<\/li>\n<li><strong>Audioguide<\/strong>: In 23 Sprachen f\u00fcr ein intensives Erlebnis verf\u00fcgbar.<\/li>\n<\/ul>\n<h2 data-pm-slice=\"1 1 []\">Ungarisches Parlament Budapest<\/h2>\n<p data-pm-slice=\"1 1 []\">Kossuth Lajos t\u00e9r 1\u20133, 1055 Budapest, Ungarn.<\/p>\n<h2 data-pm-slice=\"1 1 []\" style=\"\">Stornierungsrichtlinie<\/h2>\n<p data-pm-slice=\"1 1 []\">Diese Tickets k\u00f6nnen nicht storniert oder umgebucht werden.<\/p>\n<h2 data-pm-slice=\"1 1 []\" style=\"\">Treffpunkt &amp; Hinweise:<\/h2>\n<p data-pm-slice=\"1 1 []\">Zeigen Sie Ihr Ticket f\u00fcr das Ungarische Parlament mit g\u00fcltigem Lichtbildausweis vor. Bitte erscheinen Sie 15 Minuten vor der gew\u00e4hlten Uhrzeit.<\/p>\n<p><a data-lt-tmp-id=\"lt-618857\" href=\"https:\/\/www.google.com\/maps\/place\/47.50712203979492+19.045669555664062\/@47.50712203979492,19.045669555664062,12z\" rel=\"nofollow noopener\" spellcheck=\"false\" target=\"_blank\" style=\"outline: none;\">In Google Maps \u00f6ffnen<\/a><\/p>\n<h2>Bewertungen<\/h2>\n<p><strong>4.3\/ 5&nbsp;<\/strong><strong>(2,225 <\/strong><strong>Bewertungen<\/strong><strong>)<\/strong><\/p>\n<p dir=\"ltr\"><em><em>\u201c<\/em><\/em>Ein wundersch\u00f6nes Erlebnis. Der Kronensaal, das ehemalige Parlament, die gesamte Ausstattung \u2013 einfach spektakul\u00e4r. Schade, dass man im Kronensaal nicht fotografieren darf, aber verst\u00e4ndlich. Eine kurze, aber sehr informative Tour. Sehr zu empfehlen.\u201c\u2014 Miguel, Spanien, Nov. 2024<em><\/em><a href=\"https:\/\/www.headout.com\/r\/most-amazing-placesrecommends-sEG3r\/\" target=\"_blank\" rel=\"nofollow noopener\" data-lt-tmp-id=\"lt-585483\" spellcheck=\"false\" style=\"outline: none;\">&gt;&gt; Weitere Bewertungen anzeigen<\/a><\/p>\n<h2>Einige Aktivit\u00e4ten, die Ihnen gefallen k\u00f6nnten<\/h2>\n<p><span><img decoding=\"async\" alt=\"Hungarian Jewish Museum &amp; Doh\u00e1ny Synagogue Complex: Fast Track\" data-id=\"8210\" width=\"159\" data-init-width=\"644\" height=\"159\" data-init-height=\"643\" title=\"Hungarian Jewish Museum &amp; Doh\u00e1ny Synagogue Complex: Fast Track\" loading=\"lazy\" src=\"https:\/\/budapesttouristinformation.com\/wp-content\/uploads\/Ekran-Resmi-2024-11-28-17.25.39.png\" data-width=\"159\" data-height=\"159\" style=\"aspect-ratio: auto 644 \/ 643;\"><\/span><a href=\"https:\/\/www.headout.com\/r\/most-amazing-placesrecommends-PNwu5\/\" target=\"_blank\" rel=\"nofollow noopener\" style=\"outline: none;\"><\/a><\/p>\n<table>\n<tbody>\n<tr>\n<td><a data-lt-tmp-id=\"lt-867382\" href=\"https:\/\/www.tiqets.com\/en\/things-to-do-in-budapest-c68199\/tickets-for-hungarian-jewish-museum-dohany-synagogue-complex-fast-track-p976715\/?partner=budapesttouristinformation&amp;tq_campaign=HungarianJewishMuseumGttd\" rel=\"nofollow noopener\" spellcheck=\"false\" target=\"_blank\" style=\"outline: none;\">Ungarisches J\u00fcdisches Museum &amp; Gro\u00dfe Synagoge: Schnelleinlass<\/a><\/td>\n<\/tr>\n<\/tbody>\n<\/table>\n<p data-pm-slice=\"1 1 []\">Entdecken Sie die j\u00fcdische Geschichte und verborgene Sch\u00e4tze im j\u00fcdischen Viertel von Budapest.<\/p>\n<h3>Gesamtpreis<\/h3>\n<h3 style=\"\">Es erfolgt noch keine Abbuchung<\/h3>\n<p><span>#<\/span><strong><span>2<\/span><\/strong><span><img decoding=\"async\" alt=\"Budapest: Big Bus Hop-On Hop-Off Sightseeing Tour\" data-id=\"8172\" width=\"159\" data-init-width=\"960\" height=\"106\" data-init-height=\"640\" title=\"Budapest: Big Bus Hop-On Hop-Off Sightseeing Tour\" loading=\"lazy\" src=\"https:\/\/budapesttouristinformation.com\/wp-content\/uploads\/Budapest-Hop-on-Hop-off.jpg\" data-width=\"159\" data-height=\"106\" style=\"aspect-ratio: auto 960 \/ 640;\"><\/span><\/p>\n<table>\n<tbody>\n<tr>\n<td><a data-lt-tmp-id=\"lt-163467\" href=\"https:\/\/www.getyourguide.com\/budapest-l29\/hop-on-hop-off-sightseeing-tour-in-budapest-t42526\/?partner_id=NO9XIDE&amp;utm_medium=online_publisher&amp;cmp=BudapestHoponHopoffTicketGttd\" rel=\"nofollow noopener\" spellcheck=\"false\" target=\"_blank\" style=\"outline: none;\">Budapest: Big Bus Hop-On Hop-Off Tour &amp; Donauschifffahrt<\/a><\/td>\n<\/tr>\n<\/tbody>\n<\/table>\n<p data-pm-slice=\"1 1 []\">Entdecken Sie Budapest in Ihrem eigenen Tempo mit einem&nbsp;<strong>1-, 2- oder 3-Tagespass<\/strong> f\u00fcr den offenen Hop-on-Hop-off-Sightseeingbus.<\/p>\n<h3>Gesamtpreis<\/h3>\n<h3>Es erfolgt noch keine Abbuchung<\/h3>\n<p><\/p>\n<h2><a href=\"https:\/\/www.headout.com\/r\/most-amazing-placesrecommends-sEG3r\/\" target=\"_blank\" rel=\"nofollow noopener\" style=\"outline: none;\" spellcheck=\"false\">Reservieren<\/a><span style=\"font-weight: normal;\"><\/span><\/h2>\n<p><strong style=\"outline: currentcolor;\"><a href=\"https:\/\/www.headout.com\/r\/most-amazing-placesrecommends-sEG3r\/\" target=\"_blank\" rel=\"nofollow noopener\" spellcheck=\"false\" style=\"outline: none;\"><span style=\"font-weight: normal;\">Ab<\/span>&nbsp;34,90\u20ac<\/a><\/strong><\/p>\n<p style=\"\">Ihnen werden noch keine Kosten berechnet<\/p>\n","protected":false},"excerpt":{"rendered":"<p>Ungarisches Parlament: gef\u00fchrte Audiotour Reservieren Ab&nbsp;34,90\u20ac Tauchen Sie ein in die reiche Geschichte Ungarns mit einem Ticket f\u00fcr eine 45-min\u00fctige Audiotourdurch das imposante Ungarische Parlament \u2013 das gr\u00f6\u00dfte in Europa. Bestaunen Sie die neogotische Pracht, erkunden Sie eindrucksvolle S\u00e4le und erfahren Sie mehr \u00fcber die Heilige Ungarische Krone. Digitale Ticket Audioguide Transfer inklusive Dauer: 45 [&hellip;]<\/p>\n","protected":false},"author":17,"featured_media":9116,"parent":0,"menu_order":0,"comment_status":"closed","ping_status":"closed","template":"","meta":{"footnotes":""},"categories":[],"tags":[78],"class_list":["post-9359","page","type-page","status-publish","has-post-thumbnail","hentry","tag-sales-page-de","post-wrapper","thrv_wrapper"],"_links":{"self":[{"href":"https:\/\/budapesttouristinformation.com\/de\/wp-json\/wp\/v2\/pages\/9359","targetHints":{"allow":["GET"]}}],"collection":[{"href":"https:\/\/budapesttouristinformation.com\/de\/wp-json\/wp\/v2\/pages"}],"about":[{"href":"https:\/\/budapesttouristinformation.com\/de\/wp-json\/wp\/v2\/types\/page"}],"author":[{"embeddable":true,"href":"https:\/\/budapesttouristinformation.com\/de\/wp-json\/wp\/v2\/users\/17"}],"replies":[{"embeddable":true,"href":"https:\/\/budapesttouristinformation.com\/de\/wp-json\/wp\/v2\/comments?post=9359"}],"version-history":[{"count":16,"href":"https:\/\/budapesttouristinformation.com\/de\/wp-json\/wp\/v2\/pages\/9359\/revisions"}],"predecessor-version":[{"id":10638,"href":"https:\/\/budapesttouristinformation.com\/de\/wp-json\/wp\/v2\/pages\/9359\/revisions\/10638"}],"wp:featuredmedia":[{"embeddable":true,"href":"https:\/\/budapesttouristinformation.com\/de\/wp-json\/wp\/v2\/media\/9116"}],"wp:attachment":[{"href":"https:\/\/budapesttouristinformation.com\/de\/wp-json\/wp\/v2\/media?parent=9359"}],"wp:term":[{"taxonomy":"category","embeddable":true,"href":"https:\/\/budapesttouristinformation.com\/de\/wp-json\/wp\/v2\/categories?post=9359"},{"taxonomy":"post_tag","embeddable":true,"href":"https:\/\/budapesttouristinformation.com\/de\/wp-json\/wp\/v2\/tags?post=9359"}],"curies":[{"name":"wp","href":"https:\/\/api.w.org\/{rel}","templated":true}]}}