{"id":9356,"date":"2024-11-29T10:03:55","date_gmt":"2024-11-29T10:03:55","guid":{"rendered":"https:\/\/budapesttouristinformation.com\/hungarian-jewish-museum-fast-track-ticket"},"modified":"2026-04-24T14:55:54","modified_gmt":"2026-04-24T14:55:54","slug":"judisches-museum-budapest-tickets","status":"publish","type":"page","link":"https:\/\/budapesttouristinformation.com\/de\/judisches-museum-budapest-tickets","title":{"rendered":"J\u00fcdisches Museum Budapest Tickets: Schnelleinlass"},"content":{"rendered":"<p><span><img decoding=\"async\" alt=\"Hungarian Jewish Museum &amp; Doh\u00e1ny Synagogue Complex: Fast Track\" data-id=\"8238\" width=\"636\" height=\"633\" title=\"Hungarian Jewish Museum &amp; Doh\u00e1ny Synagogue Complex: Fast Track\" src=\"https:\/\/budapesttouristinformation.com\/wp-content\/uploads\/Ekran-Resmi-2024-11-29-10.42.12-1.png\" data-src=\"https:\/\/budapesttouristinformation.com\/wp-content\/uploads\/Ekran-Resmi-2024-11-29-10.42.12-1-300x300.png\" loading=\"lazy\" data-sizes=\"{&quot;thumbnail&quot;:{&quot;url&quot;:&quot;https:\/\/budapesttouristinformation.com\/wp-content\/uploads\/Ekran-Resmi-2024-11-29-10.42.12-1-150x150.png&quot;,&quot;height&quot;:150,&quot;width&quot;:150,&quot;orientation&quot;:&quot;landscape&quot;},&quot;medium&quot;:{&quot;url&quot;:&quot;https:\/\/budapesttouristinformation.com\/wp-content\/uploads\/Ekran-Resmi-2024-11-29-10.42.12-1-300x300.png&quot;,&quot;height&quot;:300,&quot;width&quot;:300,&quot;orientation&quot;:&quot;landscape&quot;},&quot;full&quot;:{&quot;url&quot;:&quot;https:\/\/budapesttouristinformation.com\/wp-content\/uploads\/Ekran-Resmi-2024-11-29-10.42.12-1.png&quot;,&quot;height&quot;:633,&quot;width&quot;:636,&quot;orientation&quot;:&quot;landscape&quot;}}\"><\/span><span><img decoding=\"async\" alt=\"Hungarian Jewish Museum &amp; Doh\u00e1ny Synagogue Complex: Fast Track\" data-id=\"8239\" width=\"622\" height=\"635\" title=\"Hungarian Jewish Museum &amp; Doh\u00e1ny Synagogue Complex: Fast Track\" src=\"https:\/\/budapesttouristinformation.com\/wp-content\/uploads\/Ekran-Resmi-2024-11-29-10.42.17.png\" data-src=\"https:\/\/budapesttouristinformation.com\/wp-content\/uploads\/Ekran-Resmi-2024-11-29-10.42.17-294x300.png\" loading=\"lazy\" data-sizes=\"{&quot;thumbnail&quot;:{&quot;url&quot;:&quot;https:\/\/budapesttouristinformation.com\/wp-content\/uploads\/Ekran-Resmi-2024-11-29-10.42.17-150x150.png&quot;,&quot;height&quot;:150,&quot;width&quot;:150,&quot;orientation&quot;:&quot;landscape&quot;},&quot;medium&quot;:{&quot;url&quot;:&quot;https:\/\/budapesttouristinformation.com\/wp-content\/uploads\/Ekran-Resmi-2024-11-29-10.42.17-294x300.png&quot;,&quot;height&quot;:300,&quot;width&quot;:294,&quot;orientation&quot;:&quot;portrait&quot;},&quot;full&quot;:{&quot;url&quot;:&quot;https:\/\/budapesttouristinformation.com\/wp-content\/uploads\/Ekran-Resmi-2024-11-29-10.42.17.png&quot;,&quot;height&quot;:635,&quot;width&quot;:622,&quot;orientation&quot;:&quot;portrait&quot;}}\"><\/span><span><img decoding=\"async\" alt=\"Hungarian Jewish Museum &amp; Doh\u00e1ny Synagogue Complex: Fast Track\" data-id=\"8240\" width=\"632\" height=\"630\" title=\"Hungarian Jewish Museum &amp; Doh\u00e1ny Synagogue Complex: Fast Track\" src=\"https:\/\/budapesttouristinformation.com\/wp-content\/uploads\/Ekran-Resmi-2024-11-29-10.42.25.png\" data-src=\"https:\/\/budapesttouristinformation.com\/wp-content\/uploads\/Ekran-Resmi-2024-11-29-10.42.25-300x300.png\" loading=\"lazy\" data-sizes=\"{&quot;thumbnail&quot;:{&quot;url&quot;:&quot;https:\/\/budapesttouristinformation.com\/wp-content\/uploads\/Ekran-Resmi-2024-11-29-10.42.25-150x150.png&quot;,&quot;height&quot;:150,&quot;width&quot;:150,&quot;orientation&quot;:&quot;landscape&quot;},&quot;medium&quot;:{&quot;url&quot;:&quot;https:\/\/budapesttouristinformation.com\/wp-content\/uploads\/Ekran-Resmi-2024-11-29-10.42.25-300x300.png&quot;,&quot;height&quot;:300,&quot;width&quot;:300,&quot;orientation&quot;:&quot;landscape&quot;},&quot;full&quot;:{&quot;url&quot;:&quot;https:\/\/budapesttouristinformation.com\/wp-content\/uploads\/Ekran-Resmi-2024-11-29-10.42.25.png&quot;,&quot;height&quot;:630,&quot;width&quot;:632,&quot;orientation&quot;:&quot;landscape&quot;}}\"><\/span><\/p>\n<h1 data-test-id=\"activity-title\" data-track=\"activity-title\" data-v-5f8881df=\"\" style=\"\">Ungarisches J\u00fcdisches Museum &amp; Gro\u00dfe Synagoge: Schnelleinlass<\/h1>\n<h2><a href=\"https:\/\/www.tiqets.com\/en\/things-to-do-in-budapest-c68199\/tickets-for-hungarian-jewish-museum-dohany-synagogue-complex-fast-track-p976715\/?partner=budapesttouristinformation&amp;tq_campaign=HungarianJewishMuseumGttd\" target=\"_blank\" rel=\"nofollow noopener\" style=\"outline: none;\"><\/a><a data-lt-tmp-id=\"lt-708889\" href=\"https:\/\/www.tiqets.com\/de\/budapest-sehenswuerdigkeiten-c68199\/tickets-fur-ungarisches-judisches-museum-grosse-synagoge-schnelleinlass-p976715\/?partner=budapesttouristinformation&amp;tq_campaign=BudapestTIDESP\" rel=\"nofollow noopener\" spellcheck=\"false\" target=\"_blank\" style=\"outline: none;\">Reservieren<\/a><\/h2>\n<h1><a href=\"https:\/\/www.tiqets.com\/de\/budapest-sehenswuerdigkeiten-c68199\/tickets-fur-ungarisches-judisches-museum-grosse-synagoge-schnelleinlass-p976715\/?partner=budapesttouristinformation&amp;tq_campaign=BudapestTIDESP\" target=\"_blank\" rel=\"nofollow noopener\" style=\"outline: none;\" data-lt-tmp-id=\"lt-97711\" spellcheck=\"false\"><span style=\"font-weight: normal;\">Ab <\/span>39,52<span style=\"font-weight: normal;\">\u20ac<\/span><\/a><\/h1>\n<p data-end=\"270\" data-start=\"0\">Tauchen Sie ein in die bewegende Geschichte der <strong>j\u00fcdischen Gemeinde Ungarns<\/strong> mit <strong>Schnelleinlass<\/strong> zum Doh\u00e1ny-Synagogen-Komplex. Entdecken Sie bedeutende Orte, eindrucksvolle Architektur und inspirierende Denkm\u00e4ler, die Jahrhunderte j\u00fcdischen Lebens und Widerstands w\u00fcrdigen.<\/p>\n<ul>\n<li style=\"\"><span>Guide<\/span><\/li>\n<li style=\"\"><span>Fast-Track<\/span><\/li>\n<li style=\"\"><span>Dauer: 2 stunden 30 min.<\/span><\/li>\n<li style=\"\"><span>Stornierungsrichtlinien<\/span><\/li>\n<\/ul>\n<h2 data-pm-slice=\"1 1 []\">Inklusive<\/h2>\n<ul>\n<li>                    <span>Zugang ohne Anstehen zur Doh\u00e1ny-Synagoge und zu allen zugeh\u00f6rigen Gedenkst\u00e4tten:<\/span><\/li>\n<li>                    <span>Ungarisches J\u00fcdisches Museum (inkl. Wechselausstellungen)<\/span><\/li>\n<li>                    <span>Raoul-Wallenberg-Gedenkpark<\/span><\/li>\n<li>                    <span>Baum des Lebens \u2013 Holocaust-Gedenkst\u00e4tte<\/span><\/li>\n<li>                    <span>Heldentempel<\/span><\/li>\n<li>                    <span>Denkmal f\u00fcr Gerechte unter den V\u00f6lkern<\/span><\/li>\n<li>                    <span>Holocaust-Friedhof<\/span><\/li>\n<li>                    <span>Denkmal f\u00fcr Zwangsarbeit<\/span><\/li>\n<li>                    <span>Lapidarium und Synagogen-Friedhof<\/span><\/li>\n<\/ul>\n<h2>Nicht Inklusive<\/h2>\n<ul>\n<li style=\"\"><span>Essen, Getr\u00e4nke oder Souvenirs<\/span><\/li>\n<li style=\"\"><span>Pers\u00f6nliche Ausgaben<\/span><\/li>\n<li style=\"\"><span>Anreise zum Veranstaltungsort<\/span><\/li>\n<\/ul>\n<h2 data-pm-slice=\"1 1 []\">Wichtige Informationen<\/h2>\n<ul>\n<li><span>M\u00e4nner m\u00fcssen beim Betreten der Anlage eine Kopfbedeckung tragen \u2013 Kippas werden bereitgestellt.<\/span><\/li>\n<li><span>Essen, Trinken und Rauchen sind auf dem Gel\u00e4nde nicht gestattet.<\/span><\/li>\n<li><span>Kinder unter 6 Jahren erhalten freien Eintritt (kein Ticket erforderlich).<\/span><\/li>\n<li><span>Eine Umbuchung ist nicht m\u00f6glich \u2013 bitte planen Sie Ihren Besuch fest ein.<\/span><\/li>\n<li><span>Erstattungen sind nur bei Auswahl eines stornierbaren Tickets m\u00f6glich und m\u00fcssen bis sp\u00e4testens 23:59 Uhr am Vortag erfolgen.<\/span><\/li>\n<\/ul>\n<h2>Beschreibung:<\/h2>\n<p data-end=\"1512\" data-start=\"1188\">Besuchen Sie das Herz des j\u00fcdischen Viertels in Budapest und erleben Sie die Geschichte, Kultur und das Erbe der ungarischen Juden im Doh\u00e1ny-Synagogen-Komplex. Erleben Sie bewegende Denkm\u00e4ler, seltene Artefakte und eindrucksvolle Baukunst, die vom Glauben und \u00dcberlebenswillen einer Gemeinschaft erz\u00e4hlen.<\/p>\n<h2>Highlights:<\/h2>\n<ul>\n<li data-pm-slice=\"1 1 []\">Erkunden Sie Europas gr\u00f6\u00dfte Synagoge, erbaut im Jahr 1859.<\/li>\n<li>Bewundern Sie den Baum des Lebens \u2013 ein eindrucksvolles Denkmal f\u00fcr Holocaust-Opfer.<\/li>\n<li>Entdecken Sie seltene Gegenst\u00e4nde im Ungarischen J\u00fcdischen Museum.<\/li>\n<li>Gedenken Sie der Opfer am Holocaust-Friedhof und an weiteren Erinnerungsorten.<\/li>\n<\/ul>\n<h2>Ungarisches J\u00fcdisches Museum<\/h2>\n<p data-pm-slice=\"1 1 []\">Ungarisches J\u00fcdisches Museum &amp; Doh\u00e1ny-Synagogen-Komplex<\/p>\n<p>Doh\u00e1ny u. 2, 1077 Budapest, Ungarn<\/p>\n<h2 data-pm-slice=\"1 1 []\" style=\"\">Stornierungsbedingungen<\/h2>\n<p data-pm-slice=\"1 1 []\">Volle R\u00fcckerstattung m\u00f6glich, wenn Sie ein stornierbares Ticket w\u00e4hlen und sp\u00e4testens bis 23:59 Uhr am Vortag absagen.<\/p>\n<h2 data-pm-slice=\"1 1 []\">Treffpunkt &amp; Hinweise<\/h2>\n<p data-pm-slice=\"1 1 []\">Zeigen Sie Ihr Ticket mit g\u00fcltigem Ausweis vor. Bitte erscheinen Sie 15 Minuten vor der gebuchten Zeit.<\/p>\n<p><a data-lt-tmp-id=\"lt-618857\" href=\"https:\/\/www.google.com\/maps\/search\/?api=1&amp;query=Doh%C3%A1ny%20u.%202%201077%20Budapest\" rel=\"nofollow noopener\" spellcheck=\"false\" target=\"_blank\" style=\"outline: none;\">In Google Maps \u00f6ffnen<\/a><\/p>\n<h2 data-pm-slice=\"1 1 []\">Bewertungen &amp; Meinungen<\/h2>\n<p><strong>4.4\/ 5&nbsp;<\/strong><strong>(171 Bewertungen)<\/strong><\/p>\n<p dir=\"ltr\"><em><em>\u201c<\/em><\/em>Wundersch\u00f6ne Synagoge im j\u00fcdischen Viertel. Sehr interessante Einf\u00fchrung durch die italienische Reiseleitung zur Geschichte der Juden und zum Bau der Synagoge. Absolut sehenswert!\u201c Anronietta, Italien, Nov. 2024<em><\/em><a href=\"https:\/\/www.tiqets.com\/de\/budapest-sehenswuerdigkeiten-c68199\/tickets-fur-ungarisches-judisches-museum-grosse-synagoge-schnelleinlass-p976715\/?partner=budapesttouristinformation&amp;tq_campaign=BudapestTIDESP\" target=\"_blank\" rel=\"nofollow noopener\" data-lt-tmp-id=\"lt-269899\" spellcheck=\"false\" style=\"outline: none;\">&gt;&gt; Weitere Bewertungen ansehen<\/a><\/p>\n<h2 data-pm-slice=\"1 1 []\">Weitere Erlebnisse, die Sie interessieren k\u00f6nnten<\/h2>\n<p><span><img decoding=\"async\" alt=\"Hungarian Parliament Audio Guided Tour\" data-id=\"8200\" width=\"159\" data-init-width=\"735\" height=\"105\" data-init-height=\"484\" title=\"Hungarian Parliament Audio Guided Tour\" loading=\"lazy\" src=\"https:\/\/budapesttouristinformation.com\/wp-content\/uploads\/Ekran-Resmi-2024-11-28-16.54.10.png\" data-width=\"159\" data-height=\"105\" style=\"aspect-ratio: auto 735 \/ 484;\"><\/span><a href=\"https:\/\/www.headout.com\/r\/most-amazing-placesrecommends-PNwu5\/\" target=\"_blank\" rel=\"nofollow noopener\" style=\"outline: none;\"><\/a><\/p>\n<table>\n<tbody>\n<tr>\n<td><a data-lt-tmp-id=\"lt-867382\" href=\"https:\/\/www.headout.com\/r\/most-amazing-placesrecommends-POJMH\/\" rel=\"nofollow noopener\" spellcheck=\"false\" target=\"_blank\" style=\"outline: none;\">Ungarisches Parlament: gef\u00fchrte Audiotour<\/a><\/td>\n<\/tr>\n<\/tbody>\n<\/table>\n<p>Tauchen Sie ein in die reiche Geschichte Ungarns bei einer 45-min\u00fctigen Audiotour durch das imposante ungarische Parlament \u2013 das gr\u00f6\u00dfte in Europa.<\/p>\n<h3 style=\"\">Gesamtpreis<\/h3>\n<h3 style=\"\">Es erfolgt noch keine Abbuchung<\/h3>\n<p><span>#<\/span><strong><span>2<\/span><\/strong><span><img decoding=\"async\" alt=\"Budapest: Big Bus Hop-On Hop-Off Sightseeing Tour\" data-id=\"8172\" width=\"159\" data-init-width=\"960\" height=\"106\" data-init-height=\"640\" title=\"Budapest: Big Bus Hop-On Hop-Off Sightseeing Tour\" loading=\"lazy\" src=\"https:\/\/budapesttouristinformation.com\/wp-content\/uploads\/Budapest-Hop-on-Hop-off.jpg\" data-width=\"159\" data-height=\"106\" style=\"aspect-ratio: auto 960 \/ 640;\"><\/span><\/p>\n<table>\n<tbody>\n<tr>\n<td><a data-lt-tmp-id=\"lt-163467\" href=\"https:\/\/www.getyourguide.com\/budapest-l29\/hop-on-hop-off-sightseeing-tour-in-budapest-t42526\/?partner_id=NO9XIDE&amp;utm_medium=online_publisher&amp;cmp=BudapestHoponHopoffTicketGttd\" rel=\"nofollow noopener\" spellcheck=\"false\" target=\"_blank\" style=\"outline: none;\">Budapest: Big Bus Hop-On Hop-Off Tour &amp; Donauschifffahrt<\/a><\/td>\n<\/tr>\n<\/tbody>\n<\/table>\n<p data-pm-slice=\"1 1 []\">Entdecken Sie Budapest in Ihrem eigenen Tempo mit einem&nbsp;<strong>1-, 2- oder 3-Tagespass<\/strong> f\u00fcr den offenen Hop-on-Hop-off-Sightseeingbus.<\/p>\n<h3>Gesamtpreis<\/h3>\n<h3 style=\"\">Es erfolgt noch keine Abbuchung<\/h3>\n<p><\/p>\n<h2><a href=\"https:\/\/www.tiqets.com\/de\/budapest-sehenswuerdigkeiten-c68199\/tickets-fur-ungarisches-judisches-museum-grosse-synagoge-schnelleinlass-p976715\/?partner=budapesttouristinformation&amp;tq_campaign=BudapestTIDESP\" target=\"_blank\" rel=\"nofollow noopener\" style=\"outline: none;\" data-lt-tmp-id=\"lt-708889\" spellcheck=\"false\">Reservieren<\/a><span style=\"font-weight: normal;\"><\/span><\/h2>\n<p><strong style=\"outline: currentcolor;\"><a href=\"https:\/\/www.tiqets.com\/de\/budapest-sehenswuerdigkeiten-c68199\/tickets-fur-ungarisches-judisches-museum-grosse-synagoge-schnelleinlass-p976715\/?partner=budapesttouristinformation&amp;tq_campaign=BudapestTIDESP\" target=\"_blank\" rel=\"nofollow noopener\" data-lt-tmp-id=\"lt-697306\" spellcheck=\"false\" style=\"outline: none;\"><span style=\"font-weight: normal;\">Ab<\/span> 39,52\u20ac<\/a><\/strong><\/p>\n<p style=\"\">Ihnen werden noch keine Kosten berechnet<\/p>\n","protected":false},"excerpt":{"rendered":"<p>Ungarisches J\u00fcdisches Museum &amp; Gro\u00dfe Synagoge: Schnelleinlass Reservieren Ab 39,52\u20ac Tauchen Sie ein in die bewegende Geschichte der j\u00fcdischen Gemeinde Ungarns mit Schnelleinlass zum Doh\u00e1ny-Synagogen-Komplex. Entdecken Sie bedeutende Orte, eindrucksvolle Architektur und inspirierende Denkm\u00e4ler, die Jahrhunderte j\u00fcdischen Lebens und Widerstands w\u00fcrdigen. Guide Fast-Track Dauer: 2 stunden 30 min. Stornierungsrichtlinien Inklusive Zugang ohne Anstehen zur Doh\u00e1ny-Synagoge [&hellip;]<\/p>\n","protected":false},"author":17,"featured_media":9133,"parent":0,"menu_order":0,"comment_status":"closed","ping_status":"closed","template":"","meta":{"footnotes":""},"categories":[],"tags":[78],"class_list":["post-9356","page","type-page","status-publish","has-post-thumbnail","hentry","tag-sales-page-de","post-wrapper","thrv_wrapper"],"_links":{"self":[{"href":"https:\/\/budapesttouristinformation.com\/de\/wp-json\/wp\/v2\/pages\/9356","targetHints":{"allow":["GET"]}}],"collection":[{"href":"https:\/\/budapesttouristinformation.com\/de\/wp-json\/wp\/v2\/pages"}],"about":[{"href":"https:\/\/budapesttouristinformation.com\/de\/wp-json\/wp\/v2\/types\/page"}],"author":[{"embeddable":true,"href":"https:\/\/budapesttouristinformation.com\/de\/wp-json\/wp\/v2\/users\/17"}],"replies":[{"embeddable":true,"href":"https:\/\/budapesttouristinformation.com\/de\/wp-json\/wp\/v2\/comments?post=9356"}],"version-history":[{"count":17,"href":"https:\/\/budapesttouristinformation.com\/de\/wp-json\/wp\/v2\/pages\/9356\/revisions"}],"predecessor-version":[{"id":10811,"href":"https:\/\/budapesttouristinformation.com\/de\/wp-json\/wp\/v2\/pages\/9356\/revisions\/10811"}],"wp:featuredmedia":[{"embeddable":true,"href":"https:\/\/budapesttouristinformation.com\/de\/wp-json\/wp\/v2\/media\/9133"}],"wp:attachment":[{"href":"https:\/\/budapesttouristinformation.com\/de\/wp-json\/wp\/v2\/media?parent=9356"}],"wp:term":[{"taxonomy":"category","embeddable":true,"href":"https:\/\/budapesttouristinformation.com\/de\/wp-json\/wp\/v2\/categories?post=9356"},{"taxonomy":"post_tag","embeddable":true,"href":"https:\/\/budapesttouristinformation.com\/de\/wp-json\/wp\/v2\/tags?post=9356"}],"curies":[{"name":"wp","href":"https:\/\/api.w.org\/{rel}","templated":true}]}}