{"id":9353,"date":"2025-05-12T15:06:35","date_gmt":"2025-05-12T15:06:35","guid":{"rendered":"https:\/\/budapesttouristinformation.com\/the-royal-palace-of-godollo-ticket"},"modified":"2026-04-24T14:57:14","modified_gmt":"2026-04-24T14:57:14","slug":"schloss-godollo-tickets","status":"publish","type":"page","link":"https:\/\/budapesttouristinformation.com\/de\/schloss-godollo-tickets","title":{"rendered":"Schloss G\u00f6d\u00f6llo Tickets"},"content":{"rendered":"<p><span><img decoding=\"async\" alt=\"\" data-id=\"8797\" width=\"853\" height=\"640\" title=\"Godollo- The Royal Palace of Go\u0308do\u0308llo\u030b Ticket\" src=\"https:\/\/budapesttouristinformation.com\/wp-content\/uploads\/Godollo-The-Royal-Palace-of-Godollo-Ticket-1-1.jpg\" data-src=\"https:\/\/budapesttouristinformation.com\/wp-content\/uploads\/Godollo-The-Royal-Palace-of-Godollo-Ticket-1-1-300x225.jpg\" loading=\"lazy\" data-sizes=\"{&quot;thumbnail&quot;:{&quot;url&quot;:&quot;https:\/\/budapesttouristinformation.com\/wp-content\/uploads\/Godollo-The-Royal-Palace-of-Godollo-Ticket-1-1-150x150.jpg&quot;,&quot;height&quot;:150,&quot;width&quot;:150,&quot;orientation&quot;:&quot;landscape&quot;},&quot;medium&quot;:{&quot;url&quot;:&quot;https:\/\/budapesttouristinformation.com\/wp-content\/uploads\/Godollo-The-Royal-Palace-of-Godollo-Ticket-1-1-300x225.jpg&quot;,&quot;height&quot;:225,&quot;width&quot;:300,&quot;orientation&quot;:&quot;landscape&quot;},&quot;full&quot;:{&quot;url&quot;:&quot;https:\/\/budapesttouristinformation.com\/wp-content\/uploads\/Godollo-The-Royal-Palace-of-Godollo-Ticket-1-1.jpg&quot;,&quot;height&quot;:640,&quot;width&quot;:853,&quot;orientation&quot;:&quot;landscape&quot;}}\"><\/span><span><img decoding=\"async\" alt=\"\" data-id=\"8798\" width=\"960\" height=\"455\" title=\"Godollo- The Royal Palace of Go\u0308do\u0308llo\u030b Ticket 2\" src=\"https:\/\/budapesttouristinformation.com\/wp-content\/uploads\/Godollo-The-Royal-Palace-of-Godollo-Ticket-2.jpg\" data-src=\"https:\/\/budapesttouristinformation.com\/wp-content\/uploads\/Godollo-The-Royal-Palace-of-Godollo-Ticket-2-300x142.jpg\" loading=\"lazy\" data-sizes=\"{&quot;thumbnail&quot;:{&quot;url&quot;:&quot;https:\/\/budapesttouristinformation.com\/wp-content\/uploads\/Godollo-The-Royal-Palace-of-Godollo-Ticket-2-150x150.jpg&quot;,&quot;height&quot;:150,&quot;width&quot;:150,&quot;orientation&quot;:&quot;landscape&quot;},&quot;medium&quot;:{&quot;url&quot;:&quot;https:\/\/budapesttouristinformation.com\/wp-content\/uploads\/Godollo-The-Royal-Palace-of-Godollo-Ticket-2-300x142.jpg&quot;,&quot;height&quot;:142,&quot;width&quot;:300,&quot;orientation&quot;:&quot;landscape&quot;},&quot;full&quot;:{&quot;url&quot;:&quot;https:\/\/budapesttouristinformation.com\/wp-content\/uploads\/Godollo-The-Royal-Palace-of-Godollo-Ticket-2.jpg&quot;,&quot;height&quot;:455,&quot;width&quot;:960,&quot;orientation&quot;:&quot;landscape&quot;}}\"><\/span><span><img decoding=\"async\" alt=\"\" data-id=\"8799\" width=\"853\" height=\"640\" title=\"Godollo- The Royal Palace of Go\u0308do\u0308llo\u030b Ticket 3\" src=\"https:\/\/budapesttouristinformation.com\/wp-content\/uploads\/Godollo-The-Royal-Palace-of-Godollo-Ticket-3.jpg\" data-src=\"https:\/\/budapesttouristinformation.com\/wp-content\/uploads\/Godollo-The-Royal-Palace-of-Godollo-Ticket-3-300x225.jpg\" loading=\"lazy\" data-sizes=\"{&quot;thumbnail&quot;:{&quot;url&quot;:&quot;https:\/\/budapesttouristinformation.com\/wp-content\/uploads\/Godollo-The-Royal-Palace-of-Godollo-Ticket-3-150x150.jpg&quot;,&quot;height&quot;:150,&quot;width&quot;:150,&quot;orientation&quot;:&quot;landscape&quot;},&quot;medium&quot;:{&quot;url&quot;:&quot;https:\/\/budapesttouristinformation.com\/wp-content\/uploads\/Godollo-The-Royal-Palace-of-Godollo-Ticket-3-300x225.jpg&quot;,&quot;height&quot;:225,&quot;width&quot;:300,&quot;orientation&quot;:&quot;landscape&quot;},&quot;full&quot;:{&quot;url&quot;:&quot;https:\/\/budapesttouristinformation.com\/wp-content\/uploads\/Godollo-The-Royal-Palace-of-Godollo-Ticket-3.jpg&quot;,&quot;height&quot;:640,&quot;width&quot;:853,&quot;orientation&quot;:&quot;landscape&quot;}}\"><\/span><span><img decoding=\"async\" alt=\"\" data-id=\"8800\" width=\"960\" height=\"635\" title=\"Godollo- The Royal Palace of Go\u0308do\u0308llo\u030b Ticket 4\" src=\"https:\/\/budapesttouristinformation.com\/wp-content\/uploads\/Godollo-The-Royal-Palace-of-Godollo-Ticket-4.jpg\" data-src=\"https:\/\/budapesttouristinformation.com\/wp-content\/uploads\/Godollo-The-Royal-Palace-of-Godollo-Ticket-4-300x198.jpg\" loading=\"lazy\" data-sizes=\"{&quot;thumbnail&quot;:{&quot;url&quot;:&quot;https:\/\/budapesttouristinformation.com\/wp-content\/uploads\/Godollo-The-Royal-Palace-of-Godollo-Ticket-4-150x150.jpg&quot;,&quot;height&quot;:150,&quot;width&quot;:150,&quot;orientation&quot;:&quot;landscape&quot;},&quot;medium&quot;:{&quot;url&quot;:&quot;https:\/\/budapesttouristinformation.com\/wp-content\/uploads\/Godollo-The-Royal-Palace-of-Godollo-Ticket-4-300x198.jpg&quot;,&quot;height&quot;:198,&quot;width&quot;:300,&quot;orientation&quot;:&quot;landscape&quot;},&quot;full&quot;:{&quot;url&quot;:&quot;https:\/\/budapesttouristinformation.com\/wp-content\/uploads\/Godollo-The-Royal-Palace-of-Godollo-Ticket-4.jpg&quot;,&quot;height&quot;:635,&quot;width&quot;:960,&quot;orientation&quot;:&quot;landscape&quot;}}\"><\/span><\/p>\n<h1 style=\"\">Budapest: G\u00f6d\u00f6ll\u0151 K\u00f6nigliches Schloss &#8218;Sisi&#8216; Residenz Halbtagestour<\/h1>\n<h2><a href=\"https:\/\/www.tiqets.com\/budapest-sehenswuerdigkeiten-c68199\/tickets-fur-budapest-godollo-konigliches-schloss-sisi-residenz-halbtagestour-p1044042\/?partner=budapesttouristinformation&amp;tq_campaign=BudapestTIDESalesPageGod\" target=\"_blank\" rel=\"nofollow noopener\" style=\"outline: none;\">Reservieren<\/a><\/h2>\n<h1><a href=\"https:\/\/www.tiqets.com\/budapest-sehenswuerdigkeiten-c68199\/tickets-fur-budapest-godollo-konigliches-schloss-sisi-residenz-halbtagestour-p1044042\/?partner=budapesttouristinformation&amp;tq_campaign=BudapestTIDESalesPageGod\" target=\"_blank\" rel=\"nofollow noopener\" style=\"outline: none;\">Ab 60\u20ac<\/a><\/h1>\n<p data-pm-slice=\"1 1 []\">Tauchen Sie bei einer <strong>halbt\u00e4gigen<\/strong> <strong>Tour<\/strong> von Budapest in die <strong>k\u00f6nigliche<\/strong> <strong>Geschichte<\/strong> ein und besuchen Sie das Schloss G\u00f6d\u00f6ll\u0151, die einstige <strong>Lieblingsresidenz<\/strong> von Kaiserin <strong>Sisi<\/strong>. Profitieren Sie von bevorzugtem Einlass ohne Anstehen, fachkundigen Erl\u00e4uterungen und komfortablem Transfer \u2013 f\u00fcr ein rundum entspanntes Kulturerlebnis.<\/p>\n<ul>\n<li style=\"\"><span>Dauer: 4 Std.<\/span><\/li>\n<li style=\"\"><span>Live Guide<\/span><\/li>\n<li style=\"\"><span>Fast-Track<\/span><\/li>\n<li style=\"\"><span>Kostenlose Stornierung<\/span><\/li>\n<\/ul>\n<h2 data-pm-slice=\"1 1 []\">Inklusive<\/h2>\n<ul>\n<li>                    <span>Gef\u00fchrte Tour mit einem Live-Guide (Englisch, Italienisch, Franz\u00f6sisch, Spanisch oder Deutsch)<\/span><\/li>\n<li>                    <span>Schnelleinlass-Ticket f\u00fcr das Schloss G\u00f6d\u00f6ll\u0151<\/span><\/li>\n<li>                    <span>Klimatisierter Bustransfer ab Budapest<\/span><\/li>\n<li>                    <span>R\u00fccktransfer ins Stadtzentrum von Budapest<\/span><\/li>\n<\/ul>\n<h2>Nicht Inklusive<\/h2>\n<ul>\n<li style=\"\"><span>Mahlzeiten und Getr\u00e4nke<\/span><\/li>\n<li style=\"\"><span>Abholung vom Hotel und R\u00fccktransfer zum Hotel<\/span><\/li>\n<\/ul>\n<h2 data-pm-slice=\"1 1 []\">Wichtige Informationen:<\/h2>\n<ul>\n<li><span><strong>Tourbeginn<\/strong>: 10:00 Uhr<\/span><\/li>\n<li><span><strong>Gesamtdauer<\/strong>: ca. 4 Stunden<\/span><\/li>\n<li><span>Mobiler Gutschein akzeptiert; g\u00fcltiger Lichtbildausweis erforderlich<\/span><\/li>\n<li><span>Treffpunkt gut mit \u00f6ffentlichen Verkehrsmitteln erreichbar (Bus 105, 178 \/ Stra\u00dfenbahn 2, 2B, 2M \u2013 E\u00f6tv\u00f6s t\u00e9r)<\/span><\/li>\n<li><span>Kostenlose Stornierung und Umbuchung bis zu 24 Stunden vor dem Besuch m\u00f6glich<\/span><\/li>\n<\/ul>\n<h2 data-pm-slice=\"1 1 []\">Beschreibung:<\/h2>\n<p data-pm-slice=\"1 1 []\">Entdecken Sie die Eleganz von Ungarns gr\u00f6\u00dftem Barockschloss bei einer gef\u00fchrten Besichtigung in G\u00f6d\u00f6ll\u0151, einst der bevorzugte R\u00fcckzugsort von Kaiserin Elisabeth \u201eSisi\u201c. Reisen Sie bequem von Budapest an, umgehen Sie die Warteschlangen am Eingang und erkunden Sie prunkvolle Innenr\u00e4ume sowie die weitl\u00e4ufigen G\u00e4rten, w\u00e4hrend Sie von einem fachkundigen Guide spannende Einblicke in das kaiserliche Leben erhalten.<\/p>\n<h2>Highlights:<\/h2>\n<ul>\n<li \"=\"\" 1=\"\" []\"=\"\" style=\"text-align: left;\">Besuchen Sie die ehemalige Sommerresidenz von Kaiserin Sisi und Kaiser Franz Joseph<\/li>\n<li justify;\"\"=\"\" text-align:=\"\" style=\"text-align: left;\">Schnelleinlass zum Schloss G\u00f6d\u00f6ll\u0151<\/li>\n<li justify;\"\"=\"\" text-align:=\"\" style=\"text-align: left;\">Entdecken Sie reich verzierte R\u00e4ume und die malerischen Schlossg\u00e4rten<\/li>\n<li justify;\"\"=\"\" text-align:=\"\" style=\"text-align: left;\">Profitieren Sie von spannenden Einblicken eines mehrsprachigen, professionellen Guides<\/li>\n<li justify;\"\"=\"\" text-align:=\"\" style=\"text-align: left;\">Entspannen Sie bei einer komfortablen Hin- und R\u00fcckfahrt ab Budapest<\/li>\n<\/ul>\n<h2>Schloss G\u00f6d\u00f6ll\u0151<\/h2>\n<p data-pm-slice=\"1 1 []\">G\u00f6d\u00f6ll\u0151, Grassalkovich-kast\u00e9ly 5852, 2100 Ungarn.<\/p>\n<h2>Stornierung<\/h2>\n<p data-pm-slice=\"1 1 []\">Eine Stornierung ist bis 24 Stunden vor dem Besuchsdatum m\u00f6glich.<\/p>\n<h2 data-pm-slice=\"1 1 []\">Treffpunkt &amp; Hinweise:<\/h2>\n<p data-pm-slice=\"1 1 []\">G\u00f6d\u00f6ll\u0151, Grassalkovich-kast\u00e9ly, Szabads\u00e1g t\u00e9r 1, 2100 Ungarn<\/p>\n<p><a data-lt-tmp-id=\"lt-618857\" href=\"https:\/\/www.google.com\/maps\/place\/47%C2%B035&#039;46.2%22N+19%C2%B020&#039;50.9%22E\/@47.5961723,19.3448982,17z\/data=!3m1!4b1!4m4!3m3!8m2!3d47.5961723!4d19.3474731?entry=ttu&amp;g_ep=EgoyMDI1MDUwNy4wIKXMDSoJLDEwMjExNDUzSAFQAw%3D%3D\" rel=\"nofollow noopener\" spellcheck=\"false\" target=\"_blank\" style=\"outline: none;\">Mit Maps \u00f6ffnen<\/a><\/p>\n<h2 data-pm-slice=\"1 1 []\">Bewertungen &amp; Erfahrungen:<\/h2>\n<p><strong>3.8 \/ 5&nbsp;<\/strong><strong>(12&nbsp;<\/strong><strong>Bewertungen<\/strong><strong>)<\/strong><\/p>\n<p dir=\"ltr\"><em><em>\u201c<\/em><\/em>Perfekt organisiert, komfortabler Transport in einem gro\u00dfen, klimatisierten Bus. Reiseleitung auf Italienisch und Franz\u00f6sisch. Das Schloss ist hervorragend restauriert und m\u00f6bliert.\u201c Sebastien, Aug. 2025 [Quelle: Tiqets]<a href=\"https:\/\/www.tiqets.com\/budapest-sehenswuerdigkeiten-c68199\/tickets-fur-budapest-godollo-konigliches-schloss-sisi-residenz-halbtagestour-p1044042\/?partner=budapesttouristinformation&amp;tq_campaign=BudapestTIDESalesPageGod\" target=\"_blank\" rel=\"nofollow noopener\" data-lt-tmp-id=\"lt-269899\" spellcheck=\"false\" style=\"outline: none;\">&gt;&gt; Weitere Bewertungen anzeigen<\/a><\/p>\n<h2 data-pm-slice=\"1 1 []\">Weitere Aktivit\u00e4ten, die Sie interessieren k\u00f6nnten:<\/h2>\n<p><span><img decoding=\"async\" alt=\"Hungarian Parliament Audio Guided Tour\" data-id=\"8200\" width=\"159\" data-init-width=\"735\" height=\"105\" data-init-height=\"484\" title=\"Hungarian Parliament Audio Guided Tour\" loading=\"lazy\" src=\"https:\/\/budapesttouristinformation.com\/wp-content\/uploads\/Ekran-Resmi-2024-11-28-16.54.10.png\" data-width=\"159\" data-height=\"105\" style=\"aspect-ratio: auto 735 \/ 484;\"><\/span><a href=\"https:\/\/www.headout.com\/r\/most-amazing-placesrecommends-PNwu5\/\" target=\"_blank\" rel=\"nofollow noopener\" style=\"outline: none;\"><\/a><\/p>\n<table>\n<tbody>\n<tr>\n<td><a data-lt-tmp-id=\"lt-867382\" href=\"https:\/\/www.headout.com\/r\/most-amazing-placesrecommends-POJMH\/\" rel=\"nofollow noopener\" spellcheck=\"false\" target=\"_blank\" style=\"outline: none;\">Ungarisches Parlament: gef\u00fchrte Audiotour<\/a><\/td>\n<\/tr>\n<\/tbody>\n<\/table>\n<p>Entdecken Sie das gr\u00f6\u00dfte Parlamentsgeb\u00e4ude Europas, bestaunen Sie die ungarischen Kronjuwelen und tauchen Sie bei dieser spannenden F\u00fchrung in die bewegte Geschichte Budapests ein.<\/p>\n<h3 style=\"\">Gesamtpreis<\/h3>\n<h3 style=\"\">Es erfolgt noch keine Abbuchung<\/h3>\n<p><span>#<\/span><strong><span>2<\/span><\/strong><span><img decoding=\"async\" alt=\"Budapest: Big Bus Hop-On Hop-Off Sightseeing Tour\" data-id=\"8172\" width=\"159\" data-init-width=\"960\" height=\"106\" data-init-height=\"640\" title=\"Budapest: Big Bus Hop-On Hop-Off Sightseeing Tour\" loading=\"lazy\" src=\"https:\/\/budapesttouristinformation.com\/wp-content\/uploads\/Budapest-Hop-on-Hop-off.jpg\" data-width=\"159\" data-height=\"106\" style=\"aspect-ratio: auto 960 \/ 640;\"><\/span><\/p>\n<table>\n<tbody>\n<tr>\n<td><a data-lt-tmp-id=\"lt-163467\" href=\"https:\/\/www.getyourguide.com\/budapest-l29\/hop-on-hop-off-sightseeing-tour-in-budapest-t42526\/?partner_id=NO9XIDE&amp;utm_medium=online_publisher&amp;cmp=BudapestHoponHopoffTicketGttd\" rel=\"nofollow noopener\" spellcheck=\"false\" target=\"_blank\" style=\"outline: none;\">Budapest: Big Bus Hop-On Hop-Off Tour &amp; Donauschifffahrt<\/a><\/td>\n<\/tr>\n<\/tbody>\n<\/table>\n<p>Entdecke Budapest ganz entspannt mit einem 1-, 2- oder 3-Tagespass f\u00fcr den offenen Hop-On-Hop-Off-Sightseeing-Bus.<\/p>\n<h3 style=\"\">Gesamtpreis<\/h3>\n<h3 style=\"\">Es erfolgt noch keine Abbuchung<\/h3>\n<p><\/p>\n<h2><a href=\"https:\/\/www.tiqets.com\/budapest-sehenswuerdigkeiten-c68199\/tickets-fur-budapest-godollo-konigliches-schloss-sisi-residenz-halbtagestour-p1044042\/?partner=budapesttouristinformation&amp;tq_campaign=BudapestTIDESalesPageGod\" target=\"_blank\" rel=\"nofollow noopener\" style=\"outline: none;\" data-lt-tmp-id=\"lt-708889\" spellcheck=\"false\">Reservieren<\/a><span style=\"font-weight: normal;\"><\/span><\/h2>\n<p><strong style=\"outline: currentcolor;\"><a href=\"https:\/\/www.tiqets.com\/budapest-sehenswuerdigkeiten-c68199\/tickets-fur-budapest-godollo-konigliches-schloss-sisi-residenz-halbtagestour-p1044042\/?partner=budapesttouristinformation&amp;tq_campaign=BudapestTIDESalesPageGod\" target=\"_blank\" rel=\"nofollow noopener\" data-lt-tmp-id=\"lt-697306\" spellcheck=\"false\" style=\"outline: none;\">Ab 60\u20ac<\/a><\/strong><\/p>\n<p style=\"\">Ihnen werden noch keine Kosten berechnet<\/p>\n","protected":false},"excerpt":{"rendered":"<p>Budapest: G\u00f6d\u00f6ll\u0151 K\u00f6nigliches Schloss &#8218;Sisi&#8216; Residenz Halbtagestour Reservieren Ab 60\u20ac Tauchen Sie bei einer halbt\u00e4gigen Tour von Budapest in die k\u00f6nigliche Geschichte ein und besuchen Sie das Schloss G\u00f6d\u00f6ll\u0151, die einstige Lieblingsresidenz von Kaiserin Sisi. Profitieren Sie von bevorzugtem Einlass ohne Anstehen, fachkundigen Erl\u00e4uterungen und komfortablem Transfer \u2013 f\u00fcr ein rundum entspanntes Kulturerlebnis. Dauer: 4 [&hellip;]<\/p>\n","protected":false},"author":17,"featured_media":9199,"parent":0,"menu_order":0,"comment_status":"closed","ping_status":"closed","template":"","meta":{"footnotes":""},"categories":[],"tags":[78],"class_list":["post-9353","page","type-page","status-publish","has-post-thumbnail","hentry","tag-sales-page-de","post-wrapper","thrv_wrapper"],"_links":{"self":[{"href":"https:\/\/budapesttouristinformation.com\/de\/wp-json\/wp\/v2\/pages\/9353","targetHints":{"allow":["GET"]}}],"collection":[{"href":"https:\/\/budapesttouristinformation.com\/de\/wp-json\/wp\/v2\/pages"}],"about":[{"href":"https:\/\/budapesttouristinformation.com\/de\/wp-json\/wp\/v2\/types\/page"}],"author":[{"embeddable":true,"href":"https:\/\/budapesttouristinformation.com\/de\/wp-json\/wp\/v2\/users\/17"}],"replies":[{"embeddable":true,"href":"https:\/\/budapesttouristinformation.com\/de\/wp-json\/wp\/v2\/comments?post=9353"}],"version-history":[{"count":16,"href":"https:\/\/budapesttouristinformation.com\/de\/wp-json\/wp\/v2\/pages\/9353\/revisions"}],"predecessor-version":[{"id":10633,"href":"https:\/\/budapesttouristinformation.com\/de\/wp-json\/wp\/v2\/pages\/9353\/revisions\/10633"}],"wp:featuredmedia":[{"embeddable":true,"href":"https:\/\/budapesttouristinformation.com\/de\/wp-json\/wp\/v2\/media\/9199"}],"wp:attachment":[{"href":"https:\/\/budapesttouristinformation.com\/de\/wp-json\/wp\/v2\/media?parent=9353"}],"wp:term":[{"taxonomy":"category","embeddable":true,"href":"https:\/\/budapesttouristinformation.com\/de\/wp-json\/wp\/v2\/categories?post=9353"},{"taxonomy":"post_tag","embeddable":true,"href":"https:\/\/budapesttouristinformation.com\/de\/wp-json\/wp\/v2\/tags?post=9353"}],"curies":[{"name":"wp","href":"https:\/\/api.w.org\/{rel}","templated":true}]}}