{"id":9350,"date":"2024-11-28T14:21:04","date_gmt":"2024-11-28T14:21:04","guid":{"rendered":"https:\/\/budapesttouristinformation.com\/gellert-spa-tickets-budapest"},"modified":"2026-04-06T12:10:21","modified_gmt":"2026-04-06T12:10:21","slug":"gellertbad-tickets","status":"publish","type":"page","link":"https:\/\/budapesttouristinformation.com\/de\/gellertbad-tickets","title":{"rendered":"Gell\u00e9rtbad Tickets mit Schlie\u00dffach oder Privatkabine"},"content":{"rendered":"<p><span><img decoding=\"async\" alt=\"Gellert Spa Tickets with Locker or Private Cabin\" data-id=\"8179\" width=\"737\" height=\"485\" title=\"Gellert Spa Tickets with Locker or Private Cabin\" src=\"https:\/\/budapesttouristinformation.com\/wp-content\/uploads\/Ekran-Resmi-2024-11-28-14.52.52-1.png\" data-src=\"https:\/\/budapesttouristinformation.com\/wp-content\/uploads\/Ekran-Resmi-2024-11-28-14.52.52-1-300x197.png\" loading=\"lazy\" data-sizes=\"{&quot;thumbnail&quot;:{&quot;url&quot;:&quot;https:\/\/budapesttouristinformation.com\/wp-content\/uploads\/Ekran-Resmi-2024-11-28-14.52.52-1-150x150.png&quot;,&quot;height&quot;:150,&quot;width&quot;:150,&quot;orientation&quot;:&quot;landscape&quot;},&quot;medium&quot;:{&quot;url&quot;:&quot;https:\/\/budapesttouristinformation.com\/wp-content\/uploads\/Ekran-Resmi-2024-11-28-14.52.52-1-300x197.png&quot;,&quot;height&quot;:197,&quot;width&quot;:300,&quot;orientation&quot;:&quot;landscape&quot;},&quot;full&quot;:{&quot;url&quot;:&quot;https:\/\/budapesttouristinformation.com\/wp-content\/uploads\/Ekran-Resmi-2024-11-28-14.52.52-1.png&quot;,&quot;height&quot;:485,&quot;width&quot;:737,&quot;orientation&quot;:&quot;landscape&quot;}}\"><\/span><span><img decoding=\"async\" alt=\"Gellert Spa Tickets with Locker or Private Cabin\" data-id=\"8180\" width=\"722\" height=\"487\" title=\"Gellert Spa Tickets with Locker or Private Cabin\" src=\"https:\/\/budapesttouristinformation.com\/wp-content\/uploads\/Ekran-Resmi-2024-11-28-14.53.00.png\" data-src=\"https:\/\/budapesttouristinformation.com\/wp-content\/uploads\/Ekran-Resmi-2024-11-28-14.53.00-300x202.png\" loading=\"lazy\" data-sizes=\"{&quot;thumbnail&quot;:{&quot;url&quot;:&quot;https:\/\/budapesttouristinformation.com\/wp-content\/uploads\/Ekran-Resmi-2024-11-28-14.53.00-150x150.png&quot;,&quot;height&quot;:150,&quot;width&quot;:150,&quot;orientation&quot;:&quot;landscape&quot;},&quot;medium&quot;:{&quot;url&quot;:&quot;https:\/\/budapesttouristinformation.com\/wp-content\/uploads\/Ekran-Resmi-2024-11-28-14.53.00-300x202.png&quot;,&quot;height&quot;:202,&quot;width&quot;:300,&quot;orientation&quot;:&quot;landscape&quot;},&quot;full&quot;:{&quot;url&quot;:&quot;https:\/\/budapesttouristinformation.com\/wp-content\/uploads\/Ekran-Resmi-2024-11-28-14.53.00.png&quot;,&quot;height&quot;:487,&quot;width&quot;:722,&quot;orientation&quot;:&quot;landscape&quot;}}\"><\/span><span><img decoding=\"async\" alt=\"Gellert Spa Tickets with Locker or Private Cabin\" data-id=\"8181\" width=\"717\" height=\"490\" title=\"Gellert Spa Tickets with Locker or Private Cabin\" src=\"https:\/\/budapesttouristinformation.com\/wp-content\/uploads\/Ekran-Resmi-2024-11-28-14.53.11.png\" data-src=\"https:\/\/budapesttouristinformation.com\/wp-content\/uploads\/Ekran-Resmi-2024-11-28-14.53.11-300x205.png\" loading=\"lazy\" data-sizes=\"{&quot;thumbnail&quot;:{&quot;url&quot;:&quot;https:\/\/budapesttouristinformation.com\/wp-content\/uploads\/Ekran-Resmi-2024-11-28-14.53.11-150x150.png&quot;,&quot;height&quot;:150,&quot;width&quot;:150,&quot;orientation&quot;:&quot;landscape&quot;},&quot;medium&quot;:{&quot;url&quot;:&quot;https:\/\/budapesttouristinformation.com\/wp-content\/uploads\/Ekran-Resmi-2024-11-28-14.53.11-300x205.png&quot;,&quot;height&quot;:205,&quot;width&quot;:300,&quot;orientation&quot;:&quot;landscape&quot;},&quot;full&quot;:{&quot;url&quot;:&quot;https:\/\/budapesttouristinformation.com\/wp-content\/uploads\/Ekran-Resmi-2024-11-28-14.53.11.png&quot;,&quot;height&quot;:490,&quot;width&quot;:717,&quot;orientation&quot;:&quot;landscape&quot;}}\"><\/span><span><img decoding=\"async\" alt=\"Gellert Spa Tickets with Locker or Private Cabin\" data-id=\"8182\" width=\"718\" height=\"487\" title=\"Gellert Spa Tickets with Locker or Private Cabin\" src=\"https:\/\/budapesttouristinformation.com\/wp-content\/uploads\/Ekran-Resmi-2024-11-28-14.53.18.png\" data-src=\"https:\/\/budapesttouristinformation.com\/wp-content\/uploads\/Ekran-Resmi-2024-11-28-14.53.18-300x203.png\" loading=\"lazy\" data-sizes=\"{&quot;thumbnail&quot;:{&quot;url&quot;:&quot;https:\/\/budapesttouristinformation.com\/wp-content\/uploads\/Ekran-Resmi-2024-11-28-14.53.18-150x150.png&quot;,&quot;height&quot;:150,&quot;width&quot;:150,&quot;orientation&quot;:&quot;landscape&quot;},&quot;medium&quot;:{&quot;url&quot;:&quot;https:\/\/budapesttouristinformation.com\/wp-content\/uploads\/Ekran-Resmi-2024-11-28-14.53.18-300x203.png&quot;,&quot;height&quot;:203,&quot;width&quot;:300,&quot;orientation&quot;:&quot;landscape&quot;},&quot;full&quot;:{&quot;url&quot;:&quot;https:\/\/budapesttouristinformation.com\/wp-content\/uploads\/Ekran-Resmi-2024-11-28-14.53.18.png&quot;,&quot;height&quot;:487,&quot;width&quot;:718,&quot;orientation&quot;:&quot;landscape&quot;}}\"><\/span><\/p>\n<h1 dir=\"ltr\">Gell\u00e9rtbad Tickets mit Schlie\u00dffach oder Privatkabine<\/h1>\n<h2><a href=\"https:\/\/www.headout.com\/de\/gellert-therme\/gellert-bad-budapest-tagesticket-e-18288\/?affiliate_code=KXkQ69&amp;utm_campaign=budapestt%C4%B1sz%C3%A9chenyispaspde&amp;utm_content=link&amp;utm_medium=affiliate&amp;utm_source=most_amazing_places\" target=\"_blank\" rel=\"nofollow noopener\" style=\"outline: none;\">Reservieren<\/a><\/h2>\n<h1><a href=\"https:\/\/www.headout.com\/de\/gellert-therme\/gellert-bad-budapest-tagesticket-e-18288\/?affiliate_code=KXkQ69&amp;utm_campaign=budapestt%C4%B1sz%C3%A9chenyispaspde&amp;utm_content=link&amp;utm_medium=affiliate&amp;utm_source=most_amazing_places\" target=\"_blank\" rel=\"nofollow noopener\" style=\"outline: none;\" data-lt-tmp-id=\"lt-319030\" spellcheck=\"false\">Ab 28\u20ac<\/a><\/h1>\n<p data-end=\"378\" data-start=\"73\">Entfliehen Sie dem Alltag und tauchen Sie ein in die entspannende Welt der Gell\u00e9rt-Therme \u2013 ein Jugendstil-Juwel im Herzen von Budapest. Genie\u00dfen Sie ganzt\u00e4gigen Zugang zu Thermalbecken, Saunen und eleganten Ruhebereichen. Lassen Sie sich von den heilenden Quellen und der stilvollen Atmosph\u00e4re verw\u00f6hnen.<\/p>\n<p data-pm-slice=\"1 1 []\"><em>Das Gell\u00e9rt-Bad ist <strong>vor\u00fcbergehend geschlossen<\/strong>. Wenn Sie nach einer Alternative in der Stadt suchen, werfen Sie einen Blick in unseren Guide <\/em><a href=\"https:\/\/budapesttouristinformation.com\/de\/sehenswurdigkeiten\/thermalbader-in-budapest\" style=\"outline: none;\"><em>Thermalb\u00e4der in Budapest: Die besten Spas &amp; lokale Favoriten<\/em><\/a><em>, um andere B\u00e4der zu vergleichen und die passende Option f\u00fcr Ihren Besuch zu finden.<\/em><\/p>\n<ul>\n<li style=\"\"><span>Selbstst\u00e4ndige Erkundung<\/span><\/li>\n<li style=\"\"><span>Digitale Tickets<\/span><\/li>\n<li style=\"\"><span>Flexible Eintritts und Besuchszeiten<\/span><\/li>\n<li style=\"\">                    <span>Sofortbest\u00e4tigung<\/span><\/li>\n<\/ul>\n<h2>Inklusive<\/h2>\n<ul>\n<li style=\"\">                    <span>Ganzt\u00e4giger Zugang zur Gell\u00e9rt-Therme<\/span><\/li>\n<li style=\"\">                    <span>Wahlweise Schlie\u00dffach oder private Umkleidekabine<\/span><\/li>\n<li><span>Zugang zur Sauna und zu den Ruhebereichen<\/span><\/li>\n<\/ul>\n<h2>Nicht Inklusive<\/h2>\n<ul>\n<li style=\"\"><span>Badekappe<\/span><\/li>\n<li style=\"\"><span>Handt\u00fccher und Badeschlappen (vor Ort erh\u00e4ltlich)<\/span><\/li>\n<li style=\"\"><span>Badebekleidung (kann vor Ort gemietet oder gekauft werden)<\/span><\/li>\n<\/ul>\n<h2>Wichtige Informationen<\/h2>\n<ul>\n<li style=\"\"><span><strong>Badekleidungspflicht: <\/strong>Gemischte Bereiche \u2013 \u00fcbliche Badebekleidung ist erforderlich; Burkinis sind nicht erlaubt.<\/span><\/li>\n<li><span><strong>Abweichende Preise: <\/strong>Am 1. Mai kosten Tickets mehr (32\u202f\u20ac mit Kabine, 29\u202f\u20ac mit Schlie\u00dffach).<\/span><\/li>\n<li><span><strong>Mitbringen: <\/strong>Sonnencreme und Sonnenhut an warmen Tagen empfohlen.<\/span><\/li>\n<li><span><strong>Gesundheitshinweis: <\/strong>Schwangere oder Personen mit gesundheitlichen Problemen sollten vorab \u00e4rztlichen Rat einholen.<\/span><\/li>\n<li><span><strong>Stornierungsbedingungen: <\/strong>Die Tickets sind nicht erstattbar und k\u00f6nnen nicht umgebucht werden.<\/span><\/li>\n<\/ul>\n<h2>Beschreibung:<\/h2>\n<p data-end=\"1584\" data-start=\"1241\">Entdecken Sie die Gell\u00e9rt-Therme \u2013 Budapests \u201eBadepalast\u201c seit 1918. Bekannt f\u00fcr ihre nat\u00fcrlichen Thermalquellen, Massaged\u00fcsen und stilvolle Jugendstilarchitektur mit Zsolnay-Keramik, Statuen und floralen Mosaiken. Die Gell\u00e9rt-Therme gilt als eines der sch\u00f6nsten Spas Europas und bietet pure Entspannung auf h\u00f6chstem Niveau.<\/p>\n<h2>Highlights:<\/h2>\n<ul>\n<li data-pm-slice=\"1 1 []\">Entspannen Sie im ber\u00fchmtesten Thermalbad Budapests \u2013 ohne Warteschlange<\/li>\n<li>Zahlreiche Becken: Thermalbad, Wellenbad sowie Innen- und Au\u00dfenbereiche<\/li>\n<li>Erholen Sie sich in der Sauna oder g\u00f6nnen Sie sich eine wohltuende Massage<\/li>\n<li>Bewundern Sie die prachtvolle Architektur mit kunstvollen Jugendstilelementen<\/li>\n<\/ul>\n<h2>Gell\u00e9rtbad<\/h2>\n<p data-pm-slice=\"1 1 []\">Gell\u00e9rt-Therme, Kelenhegyi \u00fat 4, 1118 Budapest, Ungarn<\/p>\n<h2 data-pm-slice=\"1 1 []\">Stornierungsbedingungen<\/h2>\n<p data-pm-slice=\"1 1 []\">Diese Tickets sind vom Umtausch und von der R\u00fcckerstattung ausgeschlossen.<\/p>\n<h2 data-pm-slice=\"1 1 []\">Treffpunkt &amp; Hinweise<\/h2>\n<p data-pm-slice=\"1 1 []\">Zeigen Sie Ihr Ticket zusammen mit einem g\u00fcltigen Lichtbildausweis vor. Bitte seien Sie 15 Minuten vor der gew\u00e4hlten Zeit vor Ort.<\/p>\n<p><a data-lt-tmp-id=\"lt-618857\" href=\"https:\/\/www.google.com\/maps\/place\/47.48374557495117+19.051620483398438\/@47.48374557495117,19.051620483398438,12z\" rel=\"nofollow noopener\" spellcheck=\"false\" target=\"_blank\" style=\"outline: none;\">Mit Maps \u00f6ffnen<\/a><\/p>\n<h2 data-pm-slice=\"1 1 []\">Bewertungen &amp; Erfahrungen<\/h2>\n<p><strong>4.2 \/ 5&nbsp;<\/strong><strong>(1,511 <\/strong><strong>Bewertungen<\/strong><strong>)<\/strong><\/p>\n<p dir=\"ltr\"><em><em>\u201c<\/em><\/em>Gut organisiert, freundliches Personal. Leider war eines der Becken au\u00dfer Betrieb, daher blieb ich nur in einem \u2013 aber insgesamt eine besondere Erfahrung.\u201c \u2013 Pedro, Portugal, Nov. 2024<em><\/em> <a href=\"https:\/\/www.headout.com\/de\/gellert-therme\/gellert-bad-budapest-tagesticket-e-18288\/?affiliate_code=KXkQ69&amp;utm_campaign=budapestt%C4%B1sz%C3%A9chenyispaspde&amp;utm_content=link&amp;utm_medium=affiliate&amp;utm_source=most_amazing_places\" target=\"_blank\" rel=\"nofollow noopener\" data-lt-tmp-id=\"lt-269899\" spellcheck=\"false\" style=\"outline: none;\">&gt;&gt; Weitere Bewertungen anzeigen<\/a><\/p>\n<h2 data-pm-slice=\"1 1 []\">Weitere Aktivit\u00e4ten, die Sie interessieren k\u00f6nnten<\/h2>\n<p><span><img decoding=\"async\" alt=\"Sz\u00e9chenyi Spa Tickets with Locker or Private Cabin &amp; Optional Fast Track Entry\" data-id=\"8187\" width=\"159\" data-init-width=\"733\" height=\"105\" data-init-height=\"482\" title=\"Sz\u00e9chenyi Spa Tickets with Locker or Private Cabin &amp; Optional Fast Track Entry\" loading=\"lazy\" src=\"https:\/\/budapesttouristinformation.com\/wp-content\/uploads\/Ekran-Resmi-2024-11-28-15.15.14.png\" data-width=\"159\" data-height=\"105\" style=\"aspect-ratio: auto 733 \/ 482;\"><\/span><a href=\"https:\/\/www.headout.com\/r\/most-amazing-placesrecommends-PNwu5\/\" target=\"_blank\" rel=\"nofollow noopener\" style=\"outline: none;\"><\/a><\/p>\n<table>\n<tbody>\n<tr>\n<td><a data-lt-tmp-id=\"lt-867382\" href=\"https:\/\/www.headout.com\/de\/szechenyi-bad\/tagesticket-mit-schnelleinlass-ins-szechenyi-heilbad-mit-schliessfach-oder-privatkabine-e-12446\/?affiliate_code=KXkQ69&amp;utm_campaign=budapestt%C4%B1sz%C3%A9chenyispaspde&amp;utm_content=link&amp;utm_medium=affiliate&amp;utm_source=most_amazing_places\" rel=\"nofollow noopener\" spellcheck=\"false\" target=\"_blank\" style=\"outline: none;\">Sz\u00e9chenyi Spa Tickets with Locker or Private Cabin &amp; Optional Fast Track Entry<\/a><\/td>\n<\/tr>\n<\/tbody>\n<\/table>\n<p dir=\"ltr\">Genie\u00dfen Sie pure Entspannung im&nbsp;<strong>Sz\u00e9chenyi-Heilbad<\/strong> \u2013 dem gr\u00f6\u00dften Thermalbad Europas.<\/p>\n<h3>Gesamtpreis<\/h3>\n<h3 style=\"\">Es erfolgt noch keine Abbuchung<\/h3>\n<p><span>#<\/span><strong><span>2<\/span><\/strong><span><img decoding=\"async\" alt=\"Budapest: Big Bus Hop-On Hop-Off Sightseeing Tour\" data-id=\"8172\" width=\"159\" data-init-width=\"960\" height=\"106\" data-init-height=\"640\" title=\"Budapest: Big Bus Hop-On Hop-Off Sightseeing Tour\" loading=\"lazy\" src=\"https:\/\/budapesttouristinformation.com\/wp-content\/uploads\/Budapest-Hop-on-Hop-off.jpg\" data-width=\"159\" data-height=\"106\" style=\"aspect-ratio: auto 960 \/ 640;\"><\/span><\/p>\n<table>\n<tbody>\n<tr>\n<td><a data-lt-tmp-id=\"lt-163467\" href=\"https:\/\/www.getyourguide.com\/budapest-l29\/hop-on-hop-off-sightseeing-tour-in-budapest-t42526\/?partner_id=NO9XIDE&amp;utm_medium=online_publisher&amp;cmp=BudapestHoponHopoffTicketGttd\" rel=\"nofollow noopener\" spellcheck=\"false\" target=\"_blank\" style=\"outline: none;\">Budapest: Big Bus Hop-On Hop-Off Tour &amp; Donauschifffahrt<\/a><\/td>\n<\/tr>\n<\/tbody>\n<\/table>\n<p data-pm-slice=\"1 1 []\">Entdecken Sie Budapest in Ihrem eigenen Tempo mit einem 1-, 2- oder 3-Tagespass f\u00fcr den offenen Hop-on-Hop-off-Sightseeingbus.<\/p>\n<h3>Gesamtpreis<\/h3>\n<h3 style=\"\">Es erfolgt noch keine Abbuchung<\/h3>\n<p><\/p>\n<h2><a href=\"https:\/\/www.headout.com\/de\/gellert-therme\/gellert-bad-budapest-tagesticket-e-18288\/?affiliate_code=KXkQ69&amp;utm_campaign=budapestt%C4%B1sz%C3%A9chenyispaspde&amp;utm_content=link&amp;utm_medium=affiliate&amp;utm_source=most_amazing_places\" target=\"_blank\" rel=\"nofollow noopener\" style=\"outline: none;\" data-lt-tmp-id=\"lt-708889\" spellcheck=\"false\">Reservieren<\/a><span style=\"font-weight: normal;\"><\/span><\/h2>\n<p><strong style=\"outline: currentcolor;\"><a href=\"https:\/\/www.headout.com\/de\/gellert-therme\/gellert-bad-budapest-tagesticket-e-18288\/?affiliate_code=KXkQ69&amp;utm_campaign=budapestt%C4%B1sz%C3%A9chenyispaspde&amp;utm_content=link&amp;utm_medium=affiliate&amp;utm_source=most_amazing_places\" target=\"_blank\" rel=\"nofollow noopener\" data-lt-tmp-id=\"lt-697306\" spellcheck=\"false\" style=\"outline: none;\">From 28\u20ac<\/a><\/strong><\/p>\n<p data-pm-slice=\"1 1 []\" style=\"\">Ihnen werden noch keine Kosten berechnet<\/p>\n","protected":false},"excerpt":{"rendered":"<p>Gell\u00e9rtbad Tickets mit Schlie\u00dffach oder Privatkabine Reservieren Ab 28\u20ac Entfliehen Sie dem Alltag und tauchen Sie ein in die entspannende Welt der Gell\u00e9rt-Therme \u2013 ein Jugendstil-Juwel im Herzen von Budapest. Genie\u00dfen Sie ganzt\u00e4gigen Zugang zu Thermalbecken, Saunen und eleganten Ruhebereichen. Lassen Sie sich von den heilenden Quellen und der stilvollen Atmosph\u00e4re verw\u00f6hnen. Das Gell\u00e9rt-Bad ist [&hellip;]<\/p>\n","protected":false},"author":17,"featured_media":9105,"parent":0,"menu_order":0,"comment_status":"closed","ping_status":"closed","template":"","meta":{"footnotes":""},"categories":[],"tags":[78],"class_list":["post-9350","page","type-page","status-publish","has-post-thumbnail","hentry","tag-sales-page-de","post-wrapper","thrv_wrapper"],"_links":{"self":[{"href":"https:\/\/budapesttouristinformation.com\/de\/wp-json\/wp\/v2\/pages\/9350","targetHints":{"allow":["GET"]}}],"collection":[{"href":"https:\/\/budapesttouristinformation.com\/de\/wp-json\/wp\/v2\/pages"}],"about":[{"href":"https:\/\/budapesttouristinformation.com\/de\/wp-json\/wp\/v2\/types\/page"}],"author":[{"embeddable":true,"href":"https:\/\/budapesttouristinformation.com\/de\/wp-json\/wp\/v2\/users\/17"}],"replies":[{"embeddable":true,"href":"https:\/\/budapesttouristinformation.com\/de\/wp-json\/wp\/v2\/comments?post=9350"}],"version-history":[{"count":12,"href":"https:\/\/budapesttouristinformation.com\/de\/wp-json\/wp\/v2\/pages\/9350\/revisions"}],"predecessor-version":[{"id":10643,"href":"https:\/\/budapesttouristinformation.com\/de\/wp-json\/wp\/v2\/pages\/9350\/revisions\/10643"}],"wp:featuredmedia":[{"embeddable":true,"href":"https:\/\/budapesttouristinformation.com\/de\/wp-json\/wp\/v2\/media\/9105"}],"wp:attachment":[{"href":"https:\/\/budapesttouristinformation.com\/de\/wp-json\/wp\/v2\/media?parent=9350"}],"wp:term":[{"taxonomy":"category","embeddable":true,"href":"https:\/\/budapesttouristinformation.com\/de\/wp-json\/wp\/v2\/categories?post=9350"},{"taxonomy":"post_tag","embeddable":true,"href":"https:\/\/budapesttouristinformation.com\/de\/wp-json\/wp\/v2\/tags?post=9350"}],"curies":[{"name":"wp","href":"https:\/\/api.w.org\/{rel}","templated":true}]}}