{"id":9344,"date":"2024-11-29T08:17:28","date_gmt":"2024-11-29T08:17:28","guid":{"rendered":"https:\/\/budapesttouristinformation.com\/dohany-street-synagogue-fast-track-ticket"},"modified":"2026-04-24T14:51:10","modified_gmt":"2026-04-24T14:51:10","slug":"dohany-synagoge-tickets","status":"publish","type":"page","link":"https:\/\/budapesttouristinformation.com\/de\/dohany-synagoge-tickets","title":{"rendered":"Tickets f\u00fcr Synagoge an der Doh\u00e1ny Stra\u00dfe: Fast-Track-Eintritt"},"content":{"rendered":"<p><span><img decoding=\"async\" alt=\"Doh\u00e1ny Street Synagogue: Fast Track Ticket\" data-id=\"8216\" width=\"641\" height=\"637\" title=\"Doh\u00e1ny Street Synagogue: Fast Track Ticket\" src=\"https:\/\/budapesttouristinformation.com\/wp-content\/uploads\/Ekran-Resmi-2024-11-29-09.02.06.png\" data-src=\"https:\/\/budapesttouristinformation.com\/wp-content\/uploads\/Ekran-Resmi-2024-11-29-09.02.06-300x298.png\" loading=\"lazy\" data-sizes=\"{&quot;thumbnail&quot;:{&quot;url&quot;:&quot;https:\/\/budapesttouristinformation.com\/wp-content\/uploads\/Ekran-Resmi-2024-11-29-09.02.06-150x150.png&quot;,&quot;height&quot;:150,&quot;width&quot;:150,&quot;orientation&quot;:&quot;landscape&quot;},&quot;medium&quot;:{&quot;url&quot;:&quot;https:\/\/budapesttouristinformation.com\/wp-content\/uploads\/Ekran-Resmi-2024-11-29-09.02.06-300x298.png&quot;,&quot;height&quot;:298,&quot;width&quot;:300,&quot;orientation&quot;:&quot;landscape&quot;},&quot;full&quot;:{&quot;url&quot;:&quot;https:\/\/budapesttouristinformation.com\/wp-content\/uploads\/Ekran-Resmi-2024-11-29-09.02.06.png&quot;,&quot;height&quot;:637,&quot;width&quot;:641,&quot;orientation&quot;:&quot;landscape&quot;}}\"><\/span><span><img decoding=\"async\" alt=\"Doh\u00e1ny Street Synagogue: Fast Track Ticket\" data-id=\"8217\" width=\"642\" height=\"636\" title=\"Doh\u00e1ny Street Synagogue: Fast Track Ticket\" src=\"https:\/\/budapesttouristinformation.com\/wp-content\/uploads\/Ekran-Resmi-2024-11-29-09.02.14.png\" data-src=\"https:\/\/budapesttouristinformation.com\/wp-content\/uploads\/Ekran-Resmi-2024-11-29-09.02.14-300x297.png\" loading=\"lazy\" data-sizes=\"{&quot;thumbnail&quot;:{&quot;url&quot;:&quot;https:\/\/budapesttouristinformation.com\/wp-content\/uploads\/Ekran-Resmi-2024-11-29-09.02.14-150x150.png&quot;,&quot;height&quot;:150,&quot;width&quot;:150,&quot;orientation&quot;:&quot;landscape&quot;},&quot;medium&quot;:{&quot;url&quot;:&quot;https:\/\/budapesttouristinformation.com\/wp-content\/uploads\/Ekran-Resmi-2024-11-29-09.02.14-300x297.png&quot;,&quot;height&quot;:297,&quot;width&quot;:300,&quot;orientation&quot;:&quot;landscape&quot;},&quot;full&quot;:{&quot;url&quot;:&quot;https:\/\/budapesttouristinformation.com\/wp-content\/uploads\/Ekran-Resmi-2024-11-29-09.02.14.png&quot;,&quot;height&quot;:636,&quot;width&quot;:642,&quot;orientation&quot;:&quot;landscape&quot;}}\"><\/span><span><img decoding=\"async\" alt=\"Doh\u00e1ny Street Synagogue: Fast Track Ticket\" data-id=\"8218\" width=\"634\" height=\"630\" title=\"Doh\u00e1ny Street Synagogue: Fast Track Ticket\" src=\"https:\/\/budapesttouristinformation.com\/wp-content\/uploads\/Ekran-Resmi-2024-11-29-09.02.20.png\" data-src=\"https:\/\/budapesttouristinformation.com\/wp-content\/uploads\/Ekran-Resmi-2024-11-29-09.02.20-300x298.png\" loading=\"lazy\" data-sizes=\"{&quot;thumbnail&quot;:{&quot;url&quot;:&quot;https:\/\/budapesttouristinformation.com\/wp-content\/uploads\/Ekran-Resmi-2024-11-29-09.02.20-150x150.png&quot;,&quot;height&quot;:150,&quot;width&quot;:150,&quot;orientation&quot;:&quot;landscape&quot;},&quot;medium&quot;:{&quot;url&quot;:&quot;https:\/\/budapesttouristinformation.com\/wp-content\/uploads\/Ekran-Resmi-2024-11-29-09.02.20-300x298.png&quot;,&quot;height&quot;:298,&quot;width&quot;:300,&quot;orientation&quot;:&quot;landscape&quot;},&quot;full&quot;:{&quot;url&quot;:&quot;https:\/\/budapesttouristinformation.com\/wp-content\/uploads\/Ekran-Resmi-2024-11-29-09.02.20.png&quot;,&quot;height&quot;:630,&quot;width&quot;:634,&quot;orientation&quot;:&quot;landscape&quot;}}\"><\/span><span><img decoding=\"async\" alt=\"Doh\u00e1ny Street Synagogue: Fast Track Ticket\" data-id=\"8219\" width=\"635\" height=\"635\" title=\"Doh\u00e1ny Street Synagogue: Fast Track Ticket\" src=\"https:\/\/budapesttouristinformation.com\/wp-content\/uploads\/Ekran-Resmi-2024-11-29-09.02.26.png\" data-src=\"https:\/\/budapesttouristinformation.com\/wp-content\/uploads\/Ekran-Resmi-2024-11-29-09.02.26-300x300.png\" loading=\"lazy\" data-sizes=\"{&quot;thumbnail&quot;:{&quot;url&quot;:&quot;https:\/\/budapesttouristinformation.com\/wp-content\/uploads\/Ekran-Resmi-2024-11-29-09.02.26-150x150.png&quot;,&quot;height&quot;:150,&quot;width&quot;:150,&quot;orientation&quot;:&quot;landscape&quot;},&quot;medium&quot;:{&quot;url&quot;:&quot;https:\/\/budapesttouristinformation.com\/wp-content\/uploads\/Ekran-Resmi-2024-11-29-09.02.26-300x300.png&quot;,&quot;height&quot;:300,&quot;width&quot;:300,&quot;orientation&quot;:&quot;landscape&quot;},&quot;full&quot;:{&quot;url&quot;:&quot;https:\/\/budapesttouristinformation.com\/wp-content\/uploads\/Ekran-Resmi-2024-11-29-09.02.26.png&quot;,&quot;height&quot;:635,&quot;width&quot;:635,&quot;orientation&quot;:&quot;landscape&quot;}}\"><\/span><\/p>\n<h1>Synagoge an der Doh\u00e1ny-Stra\u00dfe: Fast-Track-Eintritt<\/h1>\n<h2><a href=\"https:\/\/www.tiqets.com\/de\/budapest-sehenswuerdigkeiten-c68199\/tickets-fur-synagoge-an-der-dohany-strasse-fast-track-eintritt-p976714\/?partner=budapesttouristinformation&amp;tq_campaign=BudapestTIDESP\" target=\"_blank\" rel=\"nofollow noopener\" style=\"outline: none;\">Reservieren<\/a><\/h2>\n<h1><a href=\"https:\/\/www.tiqets.com\/de\/budapest-sehenswuerdigkeiten-c68199\/tickets-fur-synagoge-an-der-dohany-strasse-fast-track-eintritt-p976714\/?partner=budapesttouristinformation&amp;tq_campaign=BudapestTIDESP\" target=\"_blank\" rel=\"nofollow noopener\" style=\"outline: none;\" data-lt-tmp-id=\"lt-509020\" spellcheck=\"false\"><span style=\"font-weight: normal;\">Ab <strong><\/strong><\/span><\/a><strong><a data-lt-tmp-id=\"lt-697306\" href=\"https:\/\/www.tiqets.com\/de\/budapest-sehenswuerdigkeiten-c68199\/tickets-fur-synagoge-an-der-dohany-strasse-fast-track-eintritt-p976714\/?partner=budapesttouristinformation&amp;tq_campaign=BudapestTIDESP\" rel=\"nofollow noopener\" spellcheck=\"false\" target=\"_blank\" style=\"outline: currentcolor;\">39.52<\/a><\/strong>\u20ac<\/h1>\n<p data-end=\"333\" data-start=\"0\">Tauchen Sie ein in die bewegende Geschichte und reiche Kultur des j\u00fcdischen Lebens mit <strong>Schnelleinlass<\/strong> zur Gro\u00dfen Synagoge in der Doh\u00e1ny-Stra\u00dfe. Bewundern Sie die beeindruckende Architektur, besuchen Sie bewegende <strong>Holocaust<\/strong>&#8211;<strong>Gedenkst\u00e4tten<\/strong> und entdecken Sie bedeutende Ausstellungen im Museum \u2013 ein unvergessliches Erlebnis in Budapest.<\/p>\n<ul>\n<li style=\"\"><span>Digitale Ticket<\/span><\/li>\n<li style=\"\"><span>Fast-Track&nbsp;<\/span><\/li>\n<li style=\"\"><span>Guide<\/span><\/li>\n<li style=\"\"><span>Stornierungsrichtlinien<\/span><\/li>\n<\/ul>\n<h2>Inklusive<\/h2>\n<ul>\n<li>                    <span>Schnelleinlass zur Gro\u00dfen Synagoge Doh\u00e1ny-Stra\u00dfe:<\/span><\/li>\n<li>                    <span>Ungarisches J\u00fcdisches Museum (inkl. Sonderausstellungen)<\/span><\/li>\n<li>                    <span>Synagoge<\/span><\/li>\n<li>                    <span>Raoul Wallenberg Gedenkpark<\/span><\/li>\n<li>                    <span>Baum des Lebens Holocaust-Mahnmal<\/span><\/li>\n<li>                    <span>Heldentempel<\/span><\/li>\n<li>                    <span>Denkmal f\u00fcr Gerechte unter den V\u00f6lkern<\/span><\/li>\n<li>                    <span>Holocaust-Friedhof<\/span><\/li>\n<li>                    <span>Zwangsarbeits-Gedenkst\u00e4tte<\/span><\/li>\n<li>                    <span>Lapidarium<\/span><\/li>\n<\/ul>\n<h2>Nicht Inklusive<\/h2>\n<ul>\n<li style=\"\"><span>Private F\u00fchrungen<\/span><\/li>\n<\/ul>\n<h2 data-pm-slice=\"1 1 []\">Wichtige Informationen<\/h2>\n<ul>\n<li><span><strong>Sicherheitskontrolle: <\/strong>Vor dem Eintritt ist eine Sicherheitskontrolle verpflichtend.<\/span><\/li>\n<li><span><strong>Smartphone-Tickets: <\/strong>Zeigen Sie Ihr digitales Ticket am Eingang vor.<\/span><\/li>\n<li><span><strong>Barrierefreiheit: <\/strong>Die Synagoge liegt zentral in Budapest und ist gut zu Fu\u00df oder mit \u00f6ffentlichen Verkehrsmitteln erreichbar.<\/span><\/li>\n<li><span><strong>Stornierungsrichtlinie: <\/strong>Volle R\u00fcckerstattung bei Stornierung bis sp\u00e4testens 23:59 Uhr am Vortag. Eine Termin\u00e4nderung ist nicht m\u00f6glich.<\/span><\/li>\n<li><span>Eine Terminverschiebung ist nicht m\u00f6glich.<\/span><\/li>\n<\/ul>\n<h2 data-pm-slice=\"1 1 []\">Beschreibung:<\/h2>\n<p data-end=\"1549\" data-start=\"1182\">Erleben Sie das j\u00fcdische Erbe in der zweitgr\u00f6\u00dften Synagoge der Welt. Lassen Sie sich von der prachtvollen Architektur beeindrucken, entdecken Sie Exponate, die Geschichte lebendig machen, und gedenken Sie der Opfer an bedeutungsvollen Gedenkorten wie dem Baum des Lebens. Diese Erfahrung bietet eine tiefgehende Verbindung zur Geschichte Budapests.<\/p>\n<h2>Highlights:<\/h2>\n<ul>\n<li data-pm-slice=\"1 1 []\"><strong>Die Synagoge<\/strong>: Erleben Sie ein beeindruckendes Bauwerk mit Platz f\u00fcr 3.000 Gl\u00e4ubige \u2013 seit 1859 ein Symbol j\u00fcdischen Lebens.<\/li>\n<li><strong>Ungarisches J\u00fcdisches Museum<\/strong>: Originale Exponate erz\u00e4hlen vom Alltag und Leid ungarischer Juden.<\/li>\n<li><strong>Raoul Wallenberg Park &amp; Baum des Lebens<\/strong>: Ein stilles Gedenken an Opfer und Retter.<\/li>\n<li><strong>Holocaust-Friedhof<\/strong>: Letzte Ruhest\u00e4tte f\u00fcr rund 2.600 Opfer.<\/li>\n<li><strong>Heldentempel &amp; Gedenkst\u00e4tten<\/strong>: Ehren Sie die mutigen Gerechten unter den V\u00f6lkern und die Verstorbenen des Zweiten Weltkriegs.<\/li>\n<\/ul>\n<h2>Synagoge an der Doh\u00e1ny-Stra\u00dfe<\/h2>\n<p dir=\"ltr\">Budapest, Doh\u00e1ny u. 2, 1074 Ungarn<\/p>\n<h2 data-pm-slice=\"1 1 []\">Stornierung<\/h2>\n<p data-pm-slice=\"1 1 []\">Volle R\u00fcckerstattung m\u00f6glich, wenn Sie das entsprechende Ticket w\u00e4hlen und rechtzeitig stornieren.<\/p>\n<h2 data-pm-slice=\"1 1 []\">Treffpunkt &amp; Hinweise<\/h2>\n<p data-pm-slice=\"1 1 []\">Zeigen Sie Ihr Ticket mit g\u00fcltigem Ausweis. Bitte 15 Minuten vor der gebuchten Zeit erscheinen.<\/p>\n<p><a data-lt-tmp-id=\"lt-618857\" href=\"https:\/\/www.google.com\/maps\/search\/?api=1&amp;query=Doh%C3%A1ny%20utca%206%201074%20Budapest\" rel=\"nofollow noopener\" spellcheck=\"false\" target=\"_blank\" style=\"outline: none;\">Mit Maps \u00f6ffnen<\/a><\/p>\n<h2 data-pm-slice=\"1 1 []\">Bewertungen &amp; Erfahrungsberichte<\/h2>\n<p><strong>4.4\/ 5&nbsp;<\/strong><strong>(807 <\/strong><strong>Bewertungen<\/strong><strong>)<\/strong><\/p>\n<p dir=\"ltr\"><em><em>\u201c<\/em><\/em>Angemessener Ticketpreis. Der italienische Guide war sehr pr\u00e4zise und leidenschaftlich in seiner Schilderung der Geschichte der j\u00fcdischen Bev\u00f6lkerung Budapests und der Synagoge.\u201c Antonio, Italien, November 2024<\/p>\n<p dir=\"ltr\"><a href=\"https:\/\/www.tiqets.com\/de\/budapest-sehenswuerdigkeiten-c68199\/tickets-fur-synagoge-an-der-dohany-strasse-fast-track-eintritt-p976714\/?partner=budapesttouristinformation&amp;tq_campaign=BudapestTIDESP\" target=\"_blank\" rel=\"nofollow noopener\" data-lt-tmp-id=\"lt-269899\" spellcheck=\"false\" style=\"outline: none;\">&gt;&gt; Weitere Bewertungen anzeigen<\/a><\/p>\n<h2 data-pm-slice=\"1 1 []\" style=\"\">Weitere Empfehlungen f\u00fcr deinen Aufenthalt in Budapest:<\/h2>\n<p><span><img decoding=\"async\" alt=\"Hungarian Jewish Museum &amp; Doh\u00e1ny Synagogue Complex: Fast Track\" data-id=\"8210\" width=\"159\" data-init-width=\"644\" height=\"159\" data-init-height=\"643\" title=\"Hungarian Jewish Museum &amp; Doh\u00e1ny Synagogue Complex: Fast Track\" loading=\"lazy\" src=\"https:\/\/budapesttouristinformation.com\/wp-content\/uploads\/Ekran-Resmi-2024-11-28-17.25.39.png\" data-width=\"159\" data-height=\"159\" style=\"aspect-ratio: auto 644 \/ 643;\"><\/span><a href=\"https:\/\/www.headout.com\/r\/most-amazing-placesrecommends-PNwu5\/\" target=\"_blank\" rel=\"nofollow noopener\" style=\"outline: none;\"><\/a><\/p>\n<table>\n<tbody>\n<tr>\n<td><a data-lt-tmp-id=\"lt-867382\" href=\"https:\/\/www.tiqets.com\/en\/things-to-do-in-budapest-c68199\/tickets-for-hungarian-jewish-museum-dohany-synagogue-complex-fast-track-p976715\/?partner=budapesttouristinformation&amp;tq_campaign=HungarianJewishMuseumGttd\" rel=\"nofollow noopener\" spellcheck=\"false\" target=\"_blank\" style=\"outline: none;\">Hungarian Jewish Museum &amp; Doh\u00e1ny Synagogue Complex: Fast Track<\/a><\/td>\n<\/tr>\n<\/tbody>\n<\/table>\n<p data-pm-slice=\"1 1 []\">Entdecke die j\u00fcdische Geschichte und verborgene Sch\u00e4tze im j\u00fcdischen Viertel Ungarns.<\/p>\n<h3 style=\"\">Gesamtpreis<\/h3>\n<h3 style=\"\">Es erfolgt noch keine Abbuchung<\/h3>\n<p><span>#<\/span><strong><span>2<\/span><\/strong><span><img decoding=\"async\" alt=\"Budapest: Big Bus Hop-On Hop-Off Sightseeing Tour\" data-id=\"8172\" width=\"159\" data-init-width=\"960\" height=\"106\" data-init-height=\"640\" title=\"Budapest: Big Bus Hop-On Hop-Off Sightseeing Tour\" loading=\"lazy\" src=\"https:\/\/budapesttouristinformation.com\/wp-content\/uploads\/Budapest-Hop-on-Hop-off.jpg\" data-width=\"159\" data-height=\"106\" style=\"aspect-ratio: auto 960 \/ 640;\"><\/span><\/p>\n<table>\n<tbody>\n<tr>\n<td><a data-lt-tmp-id=\"lt-163467\" href=\"https:\/\/www.getyourguide.com\/s?partner_id=NO9XIDE&amp;utm_medium=online_publisher&amp;cmp=BudapestHoponHopoffTicketGttd&amp;et=42526&amp;lc=29\" rel=\"nofollow noopener\" spellcheck=\"false\" target=\"_blank\" style=\"outline: none;\">Budapest: Big Bus Hop-On Hop-Off Tour &amp; Donauschifffahrt<\/a><\/td>\n<\/tr>\n<\/tbody>\n<\/table>\n<p data-pm-slice=\"1 1 []\">Entdecke Budapest ganz entspannt mit einem 1-, 2- oder 3-Tagespass f\u00fcr den offenen Hop-On-Hop-Off-Sightseeing-Bus.<\/p>\n<h3 style=\"\">Gesamtpreis<\/h3>\n<h3 style=\"\">Es erfolgt noch keine Abbuchung<\/h3>\n<p><\/p>\n<h2><a href=\"https:\/\/www.tiqets.com\/de\/budapest-sehenswuerdigkeiten-c68199\/tickets-fur-synagoge-an-der-dohany-strasse-fast-track-eintritt-p976714\/?partner=budapesttouristinformation&amp;tq_campaign=BudapestTIDESP\" target=\"_blank\" rel=\"nofollow noopener\" style=\"outline: none;\" data-lt-tmp-id=\"lt-708889\" spellcheck=\"false\">Reservieren<\/a><span style=\"font-weight: normal;\"><\/span><\/h2>\n<p><strong style=\"outline: currentcolor;\"><a href=\"https:\/\/www.tiqets.com\/de\/budapest-sehenswuerdigkeiten-c68199\/tickets-fur-synagoge-an-der-dohany-strasse-fast-track-eintritt-p976714\/?partner=budapesttouristinformation&amp;tq_campaign=BudapestTIDESP\" target=\"_blank\" rel=\"nofollow noopener\" data-lt-tmp-id=\"lt-697306\" spellcheck=\"false\" style=\"outline: none;\"><span style=\"font-weight: normal;\">Ab<\/span> 39.52\u20ac<\/a><\/strong><\/p>\n<p style=\"\">Ihnen werden noch keine Kosten berechnet<\/p>\n","protected":false},"excerpt":{"rendered":"<p>Synagoge an der Doh\u00e1ny-Stra\u00dfe: Fast-Track-Eintritt Reservieren Ab 39.52\u20ac Tauchen Sie ein in die bewegende Geschichte und reiche Kultur des j\u00fcdischen Lebens mit Schnelleinlass zur Gro\u00dfen Synagoge in der Doh\u00e1ny-Stra\u00dfe. Bewundern Sie die beeindruckende Architektur, besuchen Sie bewegende Holocaust&#8211;Gedenkst\u00e4tten und entdecken Sie bedeutende Ausstellungen im Museum \u2013 ein unvergessliches Erlebnis in Budapest. Digitale Ticket Fast-Track&nbsp; Guide [&hellip;]<\/p>\n","protected":false},"author":17,"featured_media":9122,"parent":0,"menu_order":0,"comment_status":"closed","ping_status":"closed","template":"","meta":{"footnotes":""},"categories":[],"tags":[78],"class_list":["post-9344","page","type-page","status-publish","has-post-thumbnail","hentry","tag-sales-page-de","post-wrapper","thrv_wrapper"],"_links":{"self":[{"href":"https:\/\/budapesttouristinformation.com\/de\/wp-json\/wp\/v2\/pages\/9344","targetHints":{"allow":["GET"]}}],"collection":[{"href":"https:\/\/budapesttouristinformation.com\/de\/wp-json\/wp\/v2\/pages"}],"about":[{"href":"https:\/\/budapesttouristinformation.com\/de\/wp-json\/wp\/v2\/types\/page"}],"author":[{"embeddable":true,"href":"https:\/\/budapesttouristinformation.com\/de\/wp-json\/wp\/v2\/users\/17"}],"replies":[{"embeddable":true,"href":"https:\/\/budapesttouristinformation.com\/de\/wp-json\/wp\/v2\/comments?post=9344"}],"version-history":[{"count":13,"href":"https:\/\/budapesttouristinformation.com\/de\/wp-json\/wp\/v2\/pages\/9344\/revisions"}],"predecessor-version":[{"id":10810,"href":"https:\/\/budapesttouristinformation.com\/de\/wp-json\/wp\/v2\/pages\/9344\/revisions\/10810"}],"wp:featuredmedia":[{"embeddable":true,"href":"https:\/\/budapesttouristinformation.com\/de\/wp-json\/wp\/v2\/media\/9122"}],"wp:attachment":[{"href":"https:\/\/budapesttouristinformation.com\/de\/wp-json\/wp\/v2\/media?parent=9344"}],"wp:term":[{"taxonomy":"category","embeddable":true,"href":"https:\/\/budapesttouristinformation.com\/de\/wp-json\/wp\/v2\/categories?post=9344"},{"taxonomy":"post_tag","embeddable":true,"href":"https:\/\/budapesttouristinformation.com\/de\/wp-json\/wp\/v2\/tags?post=9344"}],"curies":[{"name":"wp","href":"https:\/\/api.w.org\/{rel}","templated":true}]}}