{"id":9340,"date":"2024-06-26T20:00:51","date_gmt":"2024-06-26T20:00:51","guid":{"rendered":"https:\/\/budapesttouristinformation.com\/contact"},"modified":"2025-12-23T12:18:55","modified_gmt":"2025-12-23T12:18:55","slug":"kontakt","status":"publish","type":"page","link":"https:\/\/budapesttouristinformation.com\/de\/kontakt","title":{"rendered":"Kontakt"},"content":{"rendered":"<h1 style=\"text-align: left; font-size: 18px !important;\"><span style=\"font-weight: normal;\"><\/span>Planen Sie eine Reise nach Budapest<span style=\"font-weight: normal;\">?<\/span><\/h1>\n<h1 data-pm-slice=\"0 0 []\">Kontaktieren Sie Budapest Tourist Information<\/h1>\n<p data-pm-slice=\"1 1 []\">Wir unterst\u00fctzen Reisende in Budapest so gut wir k\u00f6nnen. Auch f\u00fcr B2B-Anfragen sind wir Ihr Ansprechpartner.<\/p>\n<p><span style=\"\"><img decoding=\"async\" alt=\"Contact Budapest Tourist Information\" data-id=\"8123\" title=\"Contact Budapest Tourist Information\" src=\"https:\/\/budapesttouristinformation.com\/wp-content\/uploads\/Contact-Budapest-Tourist-Information.jpg\" style=\"aspect-ratio: auto 1000 \/ 667;\" ml-d=\"0\" data-width=\"450\" data-height=\"300\" data-init-width=\"1000\" data-init-height=\"667\" mt-d=\"0\" width=\"450\" height=\"300\" data-link-wrap=\"true\" loading=\"lazy\"><\/span><\/p>\n<p data-pm-slice=\"1 1 []\" style=\"text-align: center;\">Kontaktieren Sie uns per E-Mail oder nutzen Sie das untenstehende Kontaktformular.<\/p>\n<p>__CONFIG_colors_palette__{&#8222;active_palette&#8220;:0,&#8220;config&#8220;:{&#8222;colors&#8220;:{&#8222;49fd8&#8220;:{&#8222;name&#8220;:&#8220;Main Accent&#8220;,&#8220;parent&#8220;:-1}},&#8220;gradients&#8220;:[]},&#8220;palettes&#8220;:[{&#8222;name&#8220;:&#8220;Default&#8220;,&#8220;value&#8220;:{&#8222;colors&#8220;:{&#8222;49fd8&#8220;:{&#8222;val&#8220;:&#8220;var(&#8211;tcb-skin-color-0)&#8220;}},&#8220;gradients&#8220;:[]},&#8220;original&#8220;:{&#8222;colors&#8220;:{&#8222;49fd8&#8220;:{&#8222;val&#8220;:&#8220;rgb(47, 138, 229)&#8220;,&#8220;hsl&#8220;:{&#8222;h&#8220;:210,&#8220;s&#8220;:0.77,&#8220;l&#8220;:0.54,&#8220;a&#8220;:1}}},&#8220;gradients&#8220;:[]}}]}__CONFIG_colors_palette__    <strong>Name<\/strong>   <strong>E-Mail-Addresse<\/strong>   Was ist Ihre Frage?   <span>0 of 1000<\/span>  Mehr Platz zum Schreiben:   <span>0 of 1000<\/span>     __CONFIG_colors_palette__{&#8222;active_palette&#8220;:0,&#8220;config&#8220;:{&#8222;colors&#8220;:{&#8222;30800&#8220;:{&#8222;name&#8220;:&#8220;Main Accent&#8220;,&#8220;parent&#8220;:-1},&#8220;f2bba&#8220;:{&#8222;name&#8220;:&#8220;Main Light 10&#8243;,&#8220;parent&#8220;:&#8220;30800&#8243;},&#8220;trewq&#8220;:{&#8222;name&#8220;:&#8220;Main Light 30&#8243;,&#8220;parent&#8220;:&#8220;30800&#8243;},&#8220;frty6&#8243;:{&#8222;name&#8220;:&#8220;Main Light 45&#8243;,&#8220;parent&#8220;:&#8220;30800&#8243;},&#8220;flktr&#8220;:{&#8222;name&#8220;:&#8220;Main Light 80&#8243;,&#8220;parent&#8220;:&#8220;30800&#8243;}},&#8220;gradients&#8220;:[]},&#8220;palettes&#8220;:[{&#8222;name&#8220;:&#8220;Default&#8220;,&#8220;value&#8220;:{&#8222;colors&#8220;:{&#8222;30800&#8220;:{&#8222;val&#8220;:&#8220;hsla(351.46, 93%, 47%, 1)&#8220;,&#8220;hsl&#8220;:{&#8222;h&#8220;:351.46,&#8220;s&#8220;:0.9300000000000002,&#8220;l&#8220;:0.47,&#8220;a&#8220;:1}},&#8220;f2bba&#8220;:{&#8222;val&#8220;:&#8220;rgba(253, 59, 88, 0.1)&#8220;,&#8220;hsl_parent_dependency&#8220;:{&#8222;h&#8220;:351.03092783505156,&#8220;s&#8220;:0.9797979797979799,&#8220;l&#8220;:0.611764705882353,&#8220;a&#8220;:0.1}},&#8220;trewq&#8220;:{&#8222;val&#8220;:&#8220;rgba(253, 59, 88, 0.3)&#8220;,&#8220;hsl_parent_dependency&#8220;:{&#8222;h&#8220;:351.03092783505156,&#8220;s&#8220;:0.9797979797979799,&#8220;l&#8220;:0.611764705882353,&#8220;a&#8220;:0.3}},&#8220;frty6&#8243;:{&#8222;val&#8220;:&#8220;rgba(253, 59, 88, 0.45)&#8220;,&#8220;hsl_parent_dependency&#8220;:{&#8222;h&#8220;:351.03092783505156,&#8220;s&#8220;:0.9797979797979799,&#8220;l&#8220;:0.611764705882353,&#8220;a&#8220;:0.45}},&#8220;flktr&#8220;:{&#8222;val&#8220;:&#8220;rgba(253, 59, 88, 0.8)&#8220;,&#8220;hsl_parent_dependency&#8220;:{&#8222;h&#8220;:351.03092783505156,&#8220;s&#8220;:0.9797979797979799,&#8220;l&#8220;:0.611764705882353,&#8220;a&#8220;:0.8}}},&#8220;gradients&#8220;:[]},&#8220;original&#8220;:{&#8222;colors&#8220;:{&#8222;30800&#8220;:{&#8222;val&#8220;:&#8220;rgb(59, 136, 253)&#8220;,&#8220;hsl&#8220;:{&#8222;h&#8220;:216,&#8220;s&#8220;:0.98,&#8220;l&#8220;:0.61}},&#8220;f2bba&#8220;:{&#8222;val&#8220;:&#8220;rgba(59, 136, 253, 0.1)&#8220;,&#8220;hsl_parent_dependency&#8220;:{&#8222;h&#8220;:216,&#8220;s&#8220;:0.98,&#8220;l&#8220;:0.61,&#8220;a&#8220;:0.1}},&#8220;trewq&#8220;:{&#8222;val&#8220;:&#8220;rgba(59, 136, 253, 0.3)&#8220;,&#8220;hsl_parent_dependency&#8220;:{&#8222;h&#8220;:216,&#8220;s&#8220;:0.98,&#8220;l&#8220;:0.61,&#8220;a&#8220;:0.3}},&#8220;frty6&#8243;:{&#8222;val&#8220;:&#8220;rgba(59, 136, 253,ntttt0.45)&#8220;,&#8220;hsl_parent_dependency&#8220;:{&#8222;h&#8220;:216,&#8220;s&#8220;:0.98,&#8220;l&#8220;:0.61,&#8220;a&#8220;:0.45}},&#8220;flktr&#8220;:{&#8222;val&#8220;:&#8220;rgba(59, 136, 253, 0.8)&#8220;,&#8220;hsl_parent_dependency&#8220;:{&#8222;h&#8220;:216,&#8220;s&#8220;:0.98,&#8220;l&#8220;:0.61,&#8220;a&#8220;:0.8}}},&#8220;gradients&#8220;:[]}}]}__CONFIG_colors_palette__   <span>  <\/span> <span> <span> I consent to having my information processed in order to receive personalized marketing material via email or phone in accordance with the <\/span> <span data-attr-id=\"6\" data-extra_key=\"2\" data-option-inline=\"1\" data-shortcode=\"thrive_global_fields\" data-shortcode-name=\"[Legal] Privacy policy\"><a href=\"https:\/\/budapesttouristinformation.com\/de\/datenschutzerklarung\" target=\"\">Privacy policy<\/a><\/span> <\/span>     __CONFIG_colors_palette__{&#8222;active_palette&#8220;:0,&#8220;config&#8220;:{&#8222;colors&#8220;:{&#8222;17ee7&#8220;:{&#8222;name&#8220;:&#8220;Main Accent&#8220;,&#8220;parent&#8220;:-1}},&#8220;gradients&#8220;:[]},&#8220;palettes&#8220;:[{&#8222;name&#8220;:&#8220;Default Palette&#8220;,&#8220;value&#8220;:{&#8222;colors&#8220;:{&#8222;17ee7&#8220;:{&#8222;val&#8220;:&#8220;var(&#8211;tcb-local-color-a779b)&#8220;,&#8220;hsl&#8220;:{&#8222;h&#8220;:210,&#8220;s&#8220;:0.78,&#8220;l&#8220;:0.01}}},&#8220;gradients&#8220;:[]},&#8220;original&#8220;:{&#8222;colors&#8220;:{&#8222;17ee7&#8220;:{&#8222;val&#8220;:&#8220;rgb(19, 114, 211)&#8220;,&#8220;hsl&#8220;:{&#8222;h&#8220;:210,&#8220;s&#8220;:0.83,&#8220;l&#8220;:0.45}}},&#8220;gradients&#8220;:[]}}]}__CONFIG_colors_palette__ <a href=\"#\"><span style=\"\">  <\/span> <span style=\"\"><span style=\"\">Nachricht senden<\/span><\/span> <\/a>        <\/p>\n<h2 data-pm-slice=\"1 1 []\">Wie k\u00f6nnen wir helfen?<\/h2>\n<h3>1. Informationsservice<\/h3>\n<p data-pm-slice=\"1 1 []\" style=\"\">Antworten auf Fragen rund um Ihre geplante Budapest-Reise oder w\u00e4hrend Ihres Aufenthalts vor Ort.<\/p>\n<h3 style=\"\">2. Buchungsservice<\/h3>\n<p data-pm-slice=\"1 1 []\" style=\"\">Buchung von Hotels, Tickets, Touren, Tagungshotels und Gruppenreisen. Reservierungen in Restaurants.<\/p>\n<h3 style=\"\">3. B2B &amp; M.I.C.E.<\/h3>\n<p data-pm-slice=\"1 1 []\" style=\"\">Zusammenarbeit mit Budapest Tourist Information im Tourismussektor \u2013 von lokalen Anbietern bis hin zu Reiseveranstaltern.<\/p>\n","protected":false},"excerpt":{"rendered":"<p>Planen Sie eine Reise nach Budapest? Kontaktieren Sie Budapest Tourist Information Wir unterst\u00fctzen Reisende in Budapest so gut wir k\u00f6nnen. Auch f\u00fcr B2B-Anfragen sind wir Ihr Ansprechpartner. Kontaktieren Sie uns per E-Mail oder nutzen Sie das untenstehende Kontaktformular. __CONFIG_colors_palette__{&#8222;active_palette&#8220;:0,&#8220;config&#8220;:{&#8222;colors&#8220;:{&#8222;49fd8&#8220;:{&#8222;name&#8220;:&#8220;Main Accent&#8220;,&#8220;parent&#8220;:-1}},&#8220;gradients&#8220;:[]},&#8220;palettes&#8220;:[{&#8222;name&#8220;:&#8220;Default&#8220;,&#8220;value&#8220;:{&#8222;colors&#8220;:{&#8222;49fd8&#8220;:{&#8222;val&#8220;:&#8220;var(&#8211;tcb-skin-color-0)&#8220;}},&#8220;gradients&#8220;:[]},&#8220;original&#8220;:{&#8222;colors&#8220;:{&#8222;49fd8&#8220;:{&#8222;val&#8220;:&#8220;rgb(47, 138, 229)&#8220;,&#8220;hsl&#8220;:{&#8222;h&#8220;:210,&#8220;s&#8220;:0.77,&#8220;l&#8220;:0.54,&#8220;a&#8220;:1}}},&#8220;gradients&#8220;:[]}}]}__CONFIG_colors_palette__ Name E-Mail-Addresse Was ist Ihre Frage? 0 of 1000 Mehr Platz zum Schreiben: [&hellip;]<\/p>\n","protected":false},"author":6,"featured_media":9069,"parent":0,"menu_order":0,"comment_status":"closed","ping_status":"closed","template":"","meta":{"footnotes":""},"categories":[],"tags":[],"class_list":["post-9340","page","type-page","status-publish","has-post-thumbnail","hentry","post-wrapper","thrv_wrapper"],"_links":{"self":[{"href":"https:\/\/budapesttouristinformation.com\/de\/wp-json\/wp\/v2\/pages\/9340","targetHints":{"allow":["GET"]}}],"collection":[{"href":"https:\/\/budapesttouristinformation.com\/de\/wp-json\/wp\/v2\/pages"}],"about":[{"href":"https:\/\/budapesttouristinformation.com\/de\/wp-json\/wp\/v2\/types\/page"}],"author":[{"embeddable":true,"href":"https:\/\/budapesttouristinformation.com\/de\/wp-json\/wp\/v2\/users\/6"}],"replies":[{"embeddable":true,"href":"https:\/\/budapesttouristinformation.com\/de\/wp-json\/wp\/v2\/comments?post=9340"}],"version-history":[{"count":8,"href":"https:\/\/budapesttouristinformation.com\/de\/wp-json\/wp\/v2\/pages\/9340\/revisions"}],"predecessor-version":[{"id":10445,"href":"https:\/\/budapesttouristinformation.com\/de\/wp-json\/wp\/v2\/pages\/9340\/revisions\/10445"}],"wp:featuredmedia":[{"embeddable":true,"href":"https:\/\/budapesttouristinformation.com\/de\/wp-json\/wp\/v2\/media\/9069"}],"wp:attachment":[{"href":"https:\/\/budapesttouristinformation.com\/de\/wp-json\/wp\/v2\/media?parent=9340"}],"wp:term":[{"taxonomy":"category","embeddable":true,"href":"https:\/\/budapesttouristinformation.com\/de\/wp-json\/wp\/v2\/categories?post=9340"},{"taxonomy":"post_tag","embeddable":true,"href":"https:\/\/budapesttouristinformation.com\/de\/wp-json\/wp\/v2\/tags?post=9340"}],"curies":[{"name":"wp","href":"https:\/\/api.w.org\/{rel}","templated":true}]}}