{"id":9337,"date":"2025-05-21T16:03:59","date_gmt":"2025-05-21T16:03:59","guid":{"rendered":"https:\/\/budapesttouristinformation.com\/combo-hop-on-hop-off-bus-tour-szechenyi-spa-ticket"},"modified":"2026-04-27T06:35:18","modified_gmt":"2026-04-27T06:35:18","slug":"kombiticket-stadtrundfahrt-szechenyi-bad","status":"publish","type":"page","link":"https:\/\/budapesttouristinformation.com\/de\/kombiticket-stadtrundfahrt-szechenyi-bad","title":{"rendered":"Kombiticket: Hop-on Hop-off Stadtrundfahrt\u00a0+ Sz\u00e9chenyi-Bad Ticket"},"content":{"rendered":"<p><span><img decoding=\"async\" alt=\"\" data-id=\"8953\" width=\"734\" height=\"488\" title=\"Combo (Save 15%) Budapest Hop-On Hop-Off Bus Tour + Szechenyi Spa Full-Day Tickets with Locker\" src=\"https:\/\/budapesttouristinformation.com\/wp-content\/uploads\/Combo-Save-15-Budapest-Hop-On-Hop-Off-Bus-Tour-Szechenyi-Spa-Full-Day-Tickets-with-Locker-1.png\" data-src=\"https:\/\/budapesttouristinformation.com\/wp-content\/uploads\/Combo-Save-15-Budapest-Hop-On-Hop-Off-Bus-Tour-Szechenyi-Spa-Full-Day-Tickets-with-Locker-1-300x199.png\" loading=\"lazy\" data-sizes=\"{&quot;thumbnail&quot;:{&quot;url&quot;:&quot;https:\/\/budapesttouristinformation.com\/wp-content\/uploads\/Combo-Save-15-Budapest-Hop-On-Hop-Off-Bus-Tour-Szechenyi-Spa-Full-Day-Tickets-with-Locker-1-150x150.png&quot;,&quot;height&quot;:150,&quot;width&quot;:150,&quot;orientation&quot;:&quot;landscape&quot;},&quot;medium&quot;:{&quot;url&quot;:&quot;https:\/\/budapesttouristinformation.com\/wp-content\/uploads\/Combo-Save-15-Budapest-Hop-On-Hop-Off-Bus-Tour-Szechenyi-Spa-Full-Day-Tickets-with-Locker-1-300x199.png&quot;,&quot;height&quot;:199,&quot;width&quot;:300,&quot;orientation&quot;:&quot;landscape&quot;},&quot;full&quot;:{&quot;url&quot;:&quot;https:\/\/budapesttouristinformation.com\/wp-content\/uploads\/Combo-Save-15-Budapest-Hop-On-Hop-Off-Bus-Tour-Szechenyi-Spa-Full-Day-Tickets-with-Locker-1.png&quot;,&quot;height&quot;:488,&quot;width&quot;:734,&quot;orientation&quot;:&quot;landscape&quot;}}\"><\/span><span><img decoding=\"async\" alt=\"\" data-id=\"8954\" width=\"676\" height=\"483\" title=\"Combo (Save 15%) Budapest Hop-On Hop-Off Bus Tour + Szechenyi Spa Full-Day Tickets with Locker 2\" src=\"https:\/\/budapesttouristinformation.com\/wp-content\/uploads\/Combo-Save-15-Budapest-Hop-On-Hop-Off-Bus-Tour-Szechenyi-Spa-Full-Day-Tickets-with-Locker-2.png\" data-src=\"https:\/\/budapesttouristinformation.com\/wp-content\/uploads\/Combo-Save-15-Budapest-Hop-On-Hop-Off-Bus-Tour-Szechenyi-Spa-Full-Day-Tickets-with-Locker-2-300x214.png\" loading=\"lazy\" data-sizes=\"{&quot;thumbnail&quot;:{&quot;url&quot;:&quot;https:\/\/budapesttouristinformation.com\/wp-content\/uploads\/Combo-Save-15-Budapest-Hop-On-Hop-Off-Bus-Tour-Szechenyi-Spa-Full-Day-Tickets-with-Locker-2-150x150.png&quot;,&quot;height&quot;:150,&quot;width&quot;:150,&quot;orientation&quot;:&quot;landscape&quot;},&quot;medium&quot;:{&quot;url&quot;:&quot;https:\/\/budapesttouristinformation.com\/wp-content\/uploads\/Combo-Save-15-Budapest-Hop-On-Hop-Off-Bus-Tour-Szechenyi-Spa-Full-Day-Tickets-with-Locker-2-300x214.png&quot;,&quot;height&quot;:214,&quot;width&quot;:300,&quot;orientation&quot;:&quot;landscape&quot;},&quot;full&quot;:{&quot;url&quot;:&quot;https:\/\/budapesttouristinformation.com\/wp-content\/uploads\/Combo-Save-15-Budapest-Hop-On-Hop-Off-Bus-Tour-Szechenyi-Spa-Full-Day-Tickets-with-Locker-2.png&quot;,&quot;height&quot;:483,&quot;width&quot;:676,&quot;orientation&quot;:&quot;landscape&quot;}}\"><\/span><span><img decoding=\"async\" alt=\"\" data-id=\"8955\" width=\"671\" height=\"490\" title=\"Combo (Save 15%) Budapest Hop-On Hop-Off Bus Tour + Szechenyi Spa Full-Day Tickets with Locker 3\" src=\"https:\/\/budapesttouristinformation.com\/wp-content\/uploads\/Combo-Save-15-Budapest-Hop-On-Hop-Off-Bus-Tour-Szechenyi-Spa-Full-Day-Tickets-with-Locker-3.png\" data-src=\"https:\/\/budapesttouristinformation.com\/wp-content\/uploads\/Combo-Save-15-Budapest-Hop-On-Hop-Off-Bus-Tour-Szechenyi-Spa-Full-Day-Tickets-with-Locker-3-300x219.png\" loading=\"lazy\" data-sizes=\"{&quot;thumbnail&quot;:{&quot;url&quot;:&quot;https:\/\/budapesttouristinformation.com\/wp-content\/uploads\/Combo-Save-15-Budapest-Hop-On-Hop-Off-Bus-Tour-Szechenyi-Spa-Full-Day-Tickets-with-Locker-3-150x150.png&quot;,&quot;height&quot;:150,&quot;width&quot;:150,&quot;orientation&quot;:&quot;landscape&quot;},&quot;medium&quot;:{&quot;url&quot;:&quot;https:\/\/budapesttouristinformation.com\/wp-content\/uploads\/Combo-Save-15-Budapest-Hop-On-Hop-Off-Bus-Tour-Szechenyi-Spa-Full-Day-Tickets-with-Locker-3-300x219.png&quot;,&quot;height&quot;:219,&quot;width&quot;:300,&quot;orientation&quot;:&quot;landscape&quot;},&quot;full&quot;:{&quot;url&quot;:&quot;https:\/\/budapesttouristinformation.com\/wp-content\/uploads\/Combo-Save-15-Budapest-Hop-On-Hop-Off-Bus-Tour-Szechenyi-Spa-Full-Day-Tickets-with-Locker-3.png&quot;,&quot;height&quot;:490,&quot;width&quot;:671,&quot;orientation&quot;:&quot;landscape&quot;}}\"><\/span><span><img decoding=\"async\" alt=\"\" data-id=\"8956\" width=\"675\" height=\"481\" title=\"Combo (Save 15%) Budapest Hop-On Hop-Off Bus Tour + Szechenyi Spa Full-Day Tickets with Locker 4\" src=\"https:\/\/budapesttouristinformation.com\/wp-content\/uploads\/Combo-Save-15-Budapest-Hop-On-Hop-Off-Bus-Tour-Szechenyi-Spa-Full-Day-Tickets-with-Locker-4.png\" data-src=\"https:\/\/budapesttouristinformation.com\/wp-content\/uploads\/Combo-Save-15-Budapest-Hop-On-Hop-Off-Bus-Tour-Szechenyi-Spa-Full-Day-Tickets-with-Locker-4-300x214.png\" loading=\"lazy\" data-sizes=\"{&quot;thumbnail&quot;:{&quot;url&quot;:&quot;https:\/\/budapesttouristinformation.com\/wp-content\/uploads\/Combo-Save-15-Budapest-Hop-On-Hop-Off-Bus-Tour-Szechenyi-Spa-Full-Day-Tickets-with-Locker-4-150x150.png&quot;,&quot;height&quot;:150,&quot;width&quot;:150,&quot;orientation&quot;:&quot;landscape&quot;},&quot;medium&quot;:{&quot;url&quot;:&quot;https:\/\/budapesttouristinformation.com\/wp-content\/uploads\/Combo-Save-15-Budapest-Hop-On-Hop-Off-Bus-Tour-Szechenyi-Spa-Full-Day-Tickets-with-Locker-4-300x214.png&quot;,&quot;height&quot;:214,&quot;width&quot;:300,&quot;orientation&quot;:&quot;landscape&quot;},&quot;full&quot;:{&quot;url&quot;:&quot;https:\/\/budapesttouristinformation.com\/wp-content\/uploads\/Combo-Save-15-Budapest-Hop-On-Hop-Off-Bus-Tour-Szechenyi-Spa-Full-Day-Tickets-with-Locker-4.png&quot;,&quot;height&quot;:481,&quot;width&quot;:675,&quot;orientation&quot;:&quot;landscape&quot;}}\"><\/span><\/p>\n<h1 dir=\"ltr\" style=\"\">Kombiticket: Hop-on Hop-off Stadtrundfahrt durch Budapest + Ganztagesticket f\u00fcr das Sz\u00e9chenyi-Heilbad mit Schlie\u00dffach<\/h1>\n<h2><a href=\"https:\/\/www.headout.com\/r\/most-amazing-placesrecommends-t1Fxb\/\" target=\"_blank\" rel=\"nofollow noopener\" style=\"outline: none;\">Reservieren<\/a><\/h2>\n<h1><a href=\"https:\/\/www.headout.com\/r\/most-amazing-placesrecommends-t1Fxb\/\" target=\"_blank\" rel=\"nofollow noopener\" style=\"outline: none;\">Ab 67.16\u20ac<\/a><\/h1>\n<p data-end=\"446\" data-start=\"0\">Erleben Sie Budapest flexibel und komfortabel mit diesem vielseitigen <strong>Sightseeing<\/strong>-Ticket. Entdecken Sie die spannende Geschichte der Stadt bei einer Fahrt im <strong>Doppeldeckerbus<\/strong>, genie\u00dfen Sie atemberaubende Ausblicke vom Wasser aus bei einer <strong>Donau-Schifffahrt<\/strong> und erkunden Sie die charmanten Stra\u00dfen bei einer gef\u00fchrten Stadttour. Mit diesem Ticket entdecken Sie die Highlights Budapests in Ihrem eigenen Tempo \u2013 <strong>ganz ohne Stress.<\/strong><\/p>\n<ul>\n<li style=\"\"><span>Selbstst\u00e4ndige Erkundung<\/span><\/li>\n<li style=\"\"><span>Audioguide<\/span><\/li>\n<li style=\"\"><span>Digitale Tickets<\/span><\/li>\n<li style=\"\"><span>Sofortbest\u00e4tigung<\/span><\/li>\n<\/ul>\n<h2 data-pm-slice=\"1 1 []\">Inklusive<\/h2>\n<ul>\n<li>                    <span><strong>Budapest Hop-on-Hop-off Bustour:<\/strong><\/span><\/li>\n<li>                    <span>1 Tag unbegrenzter Zugang zur Red Route (\u00fcber 20 Stopps)<\/span><\/li>\n<li>                    <span>60-min\u00fctige Donau-Rundfahrt<\/span><\/li>\n<li>                    <span>60-min\u00fctiger gef\u00fchrter Stadtrundgang auf Englisch<\/span><\/li>\n<li>                    <span>Mehrsprachiger Audioguide (Bus: 16 Sprachen, Boot: 8 Sprachen)<\/span><\/li>\n<li>                    <span>Kostenloses WLAN und Kopfh\u00f6rer an Bord<\/span><\/li>\n<li>                    <span>Mobile App mit Live-Standort der Busse und Routenkarten<\/span><\/li>\n<li>                    <span><strong>Sz\u00e9chenyi Spa:<\/strong><\/span><\/li>\n<li>                    <span>Ganzt\u00e4giger Eintritt ins Sz\u00e9chenyi Thermalbad (nahe Haltestelle 9 der Red Route)<\/span><\/li>\n<li>                    <span>Nutzung von Saunen und Dampfkabinen<\/span><\/li>\n<li>                    <span>Pers\u00f6nliches Schlie\u00dffach f\u00fcr Ihre Wertsachen<\/span><\/li>\n<li>                    <span>Pers\u00f6nliches Schlie\u00dffach f\u00fcr Ihre Wertsachen<\/span><\/li>\n<\/ul>\n<h2>Nicht Inklusive<\/h2>\n<ul>\n<li style=\"\"><span><strong>Budapest Hop-on-Hop-off Bustour: <\/strong>Eintritt zu Sehensw\u00fcrdigkeiten entlang der Route<\/span><\/li>\n<li style=\"\"><span><strong>Sz\u00e9chenyi Spa<\/strong>: Badekappe (Pflicht f\u00fcr Sportbecken) \/\/ Handt\u00fccher, Badeschlappen und Badebekleidung (vor Ort k\u00e4uflich erh\u00e4ltlich)<\/span><\/li>\n<\/ul>\n<h2 data-pm-slice=\"1 1 []\">Wichtige Informationen:<\/h2>\n<ul>\n<li><span>Nach der Buchung sind Stornierungen oder Umbuchungen nicht m\u00f6glich.<\/span><\/li>\n<li><span>Kinder unter 14 Jahren d\u00fcrfen die Innen-Thermalbecken nicht nutzen.<\/span><\/li>\n<li><span>Badebekleidung, Badeschlappen und Badekappe sind im Thermalbad Pflicht.<\/span><\/li>\n<li><span>Die Pools schlie\u00dfen 20 Minuten vor der offiziellen Schlie\u00dfzeit des Spas.<\/span><\/li>\n<li><span>Letzter Einlass ins Spa: 1 Stunde vor Schlie\u00dfung.<\/span><\/li>\n<li><span>Haustiere sind in den Bussen (in Transportboxen) erlaubt, jedoch nicht auf der Bootstour.<\/span><\/li>\n<li><span>Die Donau-Schifffahrt f\u00e4hrt st\u00fcndlich und erfordert mindestens 10 Teilnehmer.<\/span><\/li>\n<\/ul>\n<h2 data-pm-slice=\"1 1 []\">Beschreibung<\/h2>\n<p data-end=\"936\" data-start=\"556\">Erleben Sie Budapest aus allen Perspektiven mit diesem beliebten Kombiticket. Erkunden Sie die Stadt im Hop-on-Hop-off-Bus, genie\u00dfen Sie die Aussicht auf die Donau bei einer Bootsfahrt und entspannen Sie anschlie\u00dfend in den heilenden Thermalquellen des <strong data-end=\"854\" data-start=\"829\">Sz\u00e9chenyi Thermalbads<\/strong> \u2013 dem gr\u00f6\u00dften Thermalbad Europas. Eine perfekte Mischung aus Kultur und Erholung.<\/p>\n<h2>Highlights:<\/h2>\n<p data-pm-slice=\"1 1 []\">Hop-On Hop-Off Bustour:<\/p>\n<ul>\n<li>Kettenbr\u00fccke<\/li>\n<li>Heldenplatz<\/li>\n<li>Parlamentsgeb\u00e4ude<\/li>\n<li>Matthiaskirche<\/li>\n<li>Basilika (erste und letzte Haltestelle)<\/li>\n<\/ul>\n<p>Donau-Bootsfahrt:<\/p>\n<ul>\n<li>60-min\u00fctige Panorama-Tour<\/li>\n<li>Tolle Ausblicke auf Burgviertel, Parlament und die Br\u00fccken Budapests<\/li>\n<li>Audiokommentar in 8 Sprachen<\/li>\n<\/ul>\n<p>Sz\u00e9chenyi Spa:<\/p>\n<ul>\n<li>Legend\u00e4rer Au\u00dfenpool mit 40 \u00b0C warmem Thermalwasser<\/li>\n<li>Zugang zu Saunen und Dampfkabinen<\/li>\n<li>Ber\u00fchmter Drehort aus dem Film I Spy (2002)<\/li>\n<\/ul>\n<h2>Stornierung<\/h2>\n<p dir=\"ltr\">Eine Stornierung ist bis 24 Stunden vor dem Besuchsdatum m\u00f6glich.<\/p>\n<h2 data-pm-slice=\"1 1 []\">Treffpunkt &amp; Hinweise:<\/h2>\n<p data-pm-slice=\"1 1 []\">Der Treffpunkt variiert je nach gebuchter Option.<\/p>\n<p><a data-lt-tmp-id=\"lt-618857\" href=\"https:\/\/www.headout.com\/r\/most-amazing-placesrecommends-qbOhn\/\" rel=\"nofollow noopener\" spellcheck=\"false\" target=\"_blank\" style=\"outline: none;\">Mit Maps \u00f6ffnen<\/a><\/p>\n<h2>Bewertungen &amp; Erfahrungen<\/h2>\n<p><strong>4.3 \/ 5&nbsp;<\/strong><strong>(4.998 Bewertungen)<\/strong><\/p>\n<p dir=\"ltr\"><em><em>\u201c<\/em><\/em>Die Gro\u00dfz\u00fcgigkeit des Thermalbereichs war beeindruckend. Au\u00dferdem waren wir an einem Wochentag dort, sodass deutlich weniger Besucher da waren als am Wochenende \u2013 das haben wir sehr gesch\u00e4tzt.\u201c Helena, Spanien, Apr. 2025 [Quelle: Headout]<em><\/em> <a href=\"https:\/\/www.headout.com\/r\/most-amazing-placesrecommends-t1Fxb\/\" target=\"_blank\" rel=\"nofollow noopener\" data-lt-tmp-id=\"lt-269899\" spellcheck=\"false\" style=\"outline: none;\">&gt;&gt; Weitere Bewertungen anzeigen<\/a><\/p>\n<h2>Weitere Aktivit\u00e4ten, die Sie interessieren k\u00f6nnten:<\/h2>\n<p><span><img decoding=\"async\" alt=\"Hungarian Parliament Audio Guided Tour\" data-id=\"8200\" width=\"159\" data-init-width=\"735\" height=\"105\" data-init-height=\"484\" title=\"Hungarian Parliament Audio Guided Tour\" loading=\"lazy\" src=\"https:\/\/budapesttouristinformation.com\/wp-content\/uploads\/Ekran-Resmi-2024-11-28-16.54.10.png\" data-width=\"159\" data-height=\"105\" style=\"aspect-ratio: auto 735 \/ 484;\"><\/span><a href=\"https:\/\/www.headout.com\/r\/most-amazing-placesrecommends-PNwu5\/\" target=\"_blank\" rel=\"nofollow noopener\" style=\"outline: none;\"><\/a><\/p>\n<table>\n<tbody>\n<tr>\n<td><a data-lt-tmp-id=\"lt-867382\" href=\"https:\/\/www.headout.com\/r\/most-amazing-placesrecommends-POJMH\/\" rel=\"nofollow noopener\" spellcheck=\"false\" target=\"_blank\" style=\"outline: none;\">Ungarisches Parlament: gef\u00fchrte Audiotour<\/a><\/td>\n<\/tr>\n<\/tbody>\n<\/table>\n<p>Entdecken Sie das gr\u00f6\u00dfte Parlamentsgeb\u00e4ude Europas, bestaunen Sie die ungarischen Kronjuwelen und tauchen Sie bei dieser spannenden F\u00fchrung in die bewegte Geschichte Budapests ein.<\/p>\n<h3 style=\"\">Gesamtpreis<\/h3>\n<h3 style=\"\">Es erfolgt noch keine Abbuchung<\/h3>\n<p><span>#<\/span><strong><span>2<\/span><\/strong><span><img decoding=\"async\" alt=\"Budapest: Big Bus Hop-On Hop-Off Sightseeing Tour\" data-id=\"8172\" width=\"159\" data-init-width=\"960\" height=\"106\" data-init-height=\"640\" title=\"Budapest: Big Bus Hop-On Hop-Off Sightseeing Tour\" loading=\"lazy\" src=\"https:\/\/budapesttouristinformation.com\/wp-content\/uploads\/Budapest-Hop-on-Hop-off.jpg\" data-width=\"159\" data-height=\"106\" style=\"aspect-ratio: auto 960 \/ 640;\"><\/span><\/p>\n<table>\n<tbody>\n<tr>\n<td><a data-lt-tmp-id=\"lt-163467\" href=\"https:\/\/www.getyourguide.com\/budapest-l29\/hop-on-hop-off-sightseeing-tour-in-budapest-t42526\/?partner_id=NO9XIDE&amp;utm_medium=online_publisher&amp;cmp=BudapestHoponHopoffTicketGttd\" rel=\"nofollow noopener\" spellcheck=\"false\" target=\"_blank\" style=\"outline: none;\">Budapest: Big Bus Hop-On Hop-Off Tour &amp; Donauschifffahrt<\/a><\/td>\n<\/tr>\n<\/tbody>\n<\/table>\n<p>Entdecke Budapest ganz entspannt mit einem 1-, 2- oder 3-Tagespass f\u00fcr den offenen Hop-On-Hop-Off-Sightseeing-Bus.<\/p>\n<h3 style=\"\">Gesamtpreis<\/h3>\n<h3 style=\"\">Es erfolgt noch keine Abbuchung<\/h3>\n<p><\/p>\n<h2><a href=\"https:\/\/www.headout.com\/r\/most-amazing-placesrecommends-t1Fxb\/\" target=\"_blank\" rel=\"nofollow noopener\" style=\"outline: none;\" data-lt-tmp-id=\"lt-708889\" spellcheck=\"false\">Reservieren<\/a><span style=\"font-weight: normal;\"><\/span><\/h2>\n<p><strong style=\"outline: currentcolor;\"><a href=\"https:\/\/www.headout.com\/r\/most-amazing-placesrecommends-t1Fxb\/\" target=\"_blank\" rel=\"nofollow noopener\" data-lt-tmp-id=\"lt-697306\" spellcheck=\"false\" style=\"outline: none;\">Ab 67.16\u20ac<\/a><\/strong><\/p>\n<p style=\"\">Ihnen werden noch keine Kosten berechnet<\/p>\n","protected":false},"excerpt":{"rendered":"<p>Kombiticket: Hop-on Hop-off Stadtrundfahrt durch Budapest + Ganztagesticket f\u00fcr das Sz\u00e9chenyi-Heilbad mit Schlie\u00dffach Reservieren Ab 67.16\u20ac Erleben Sie Budapest flexibel und komfortabel mit diesem vielseitigen Sightseeing-Ticket. Entdecken Sie die spannende Geschichte der Stadt bei einer Fahrt im Doppeldeckerbus, genie\u00dfen Sie atemberaubende Ausblicke vom Wasser aus bei einer Donau-Schifffahrt und erkunden Sie die charmanten Stra\u00dfen bei [&hellip;]<\/p>\n","protected":false},"author":17,"featured_media":9243,"parent":0,"menu_order":0,"comment_status":"closed","ping_status":"closed","template":"","meta":{"footnotes":""},"categories":[],"tags":[78],"class_list":["post-9337","page","type-page","status-publish","has-post-thumbnail","hentry","tag-sales-page-de","post-wrapper","thrv_wrapper"],"_links":{"self":[{"href":"https:\/\/budapesttouristinformation.com\/de\/wp-json\/wp\/v2\/pages\/9337","targetHints":{"allow":["GET"]}}],"collection":[{"href":"https:\/\/budapesttouristinformation.com\/de\/wp-json\/wp\/v2\/pages"}],"about":[{"href":"https:\/\/budapesttouristinformation.com\/de\/wp-json\/wp\/v2\/types\/page"}],"author":[{"embeddable":true,"href":"https:\/\/budapesttouristinformation.com\/de\/wp-json\/wp\/v2\/users\/17"}],"replies":[{"embeddable":true,"href":"https:\/\/budapesttouristinformation.com\/de\/wp-json\/wp\/v2\/comments?post=9337"}],"version-history":[{"count":10,"href":"https:\/\/budapesttouristinformation.com\/de\/wp-json\/wp\/v2\/pages\/9337\/revisions"}],"predecessor-version":[{"id":10637,"href":"https:\/\/budapesttouristinformation.com\/de\/wp-json\/wp\/v2\/pages\/9337\/revisions\/10637"}],"wp:featuredmedia":[{"embeddable":true,"href":"https:\/\/budapesttouristinformation.com\/de\/wp-json\/wp\/v2\/media\/9243"}],"wp:attachment":[{"href":"https:\/\/budapesttouristinformation.com\/de\/wp-json\/wp\/v2\/media?parent=9337"}],"wp:term":[{"taxonomy":"category","embeddable":true,"href":"https:\/\/budapesttouristinformation.com\/de\/wp-json\/wp\/v2\/categories?post=9337"},{"taxonomy":"post_tag","embeddable":true,"href":"https:\/\/budapesttouristinformation.com\/de\/wp-json\/wp\/v2\/tags?post=9337"}],"curies":[{"name":"wp","href":"https:\/\/api.w.org\/{rel}","templated":true}]}}