{"id":9334,"date":"2025-05-22T11:48:02","date_gmt":"2025-05-22T11:48:02","guid":{"rendered":"https:\/\/budapesttouristinformation.com\/combo-budapest-card-and-bus-tour-ticket"},"modified":"2025-07-04T14:02:26","modified_gmt":"2025-07-04T14:02:26","slug":"kombitickets-budapest-card-und-stadtrundfahrt","status":"publish","type":"page","link":"https:\/\/budapesttouristinformation.com\/de\/kombitickets-budapest-card-und-stadtrundfahrt","title":{"rendered":"Kombitickets: Budapest Card und Stadtrundfahrt mit Hop-on Hopf-off Bus"},"content":{"rendered":"<p><span><img decoding=\"async\" alt=\"\" data-id=\"8989\" width=\"683\" height=\"488\" title=\"Combo (Save 14%) 24:48:72:96:120-Hour Budapest Card + Budapest Hop-On Hop-Off Bus Tour 2\" src=\"https:\/\/budapesttouristinformation.com\/wp-content\/uploads\/Combo-Save-14-24487296120-Hour-Budapest-Card-Budapest-Hop-On-Hop-Off-Bus-Tour-2.png\" data-src=\"https:\/\/budapesttouristinformation.com\/wp-content\/uploads\/Combo-Save-14-24487296120-Hour-Budapest-Card-Budapest-Hop-On-Hop-Off-Bus-Tour-2-300x214.png\" loading=\"lazy\" data-sizes=\"{&quot;thumbnail&quot;:{&quot;url&quot;:&quot;https:\/\/budapesttouristinformation.com\/wp-content\/uploads\/Combo-Save-14-24487296120-Hour-Budapest-Card-Budapest-Hop-On-Hop-Off-Bus-Tour-2-150x150.png&quot;,&quot;height&quot;:150,&quot;width&quot;:150,&quot;orientation&quot;:&quot;landscape&quot;},&quot;medium&quot;:{&quot;url&quot;:&quot;https:\/\/budapesttouristinformation.com\/wp-content\/uploads\/Combo-Save-14-24487296120-Hour-Budapest-Card-Budapest-Hop-On-Hop-Off-Bus-Tour-2-300x214.png&quot;,&quot;height&quot;:214,&quot;width&quot;:300,&quot;orientation&quot;:&quot;landscape&quot;},&quot;full&quot;:{&quot;url&quot;:&quot;https:\/\/budapesttouristinformation.com\/wp-content\/uploads\/Combo-Save-14-24487296120-Hour-Budapest-Card-Budapest-Hop-On-Hop-Off-Bus-Tour-2.png&quot;,&quot;height&quot;:488,&quot;width&quot;:683,&quot;orientation&quot;:&quot;landscape&quot;}}\"><\/span><span><img decoding=\"async\" alt=\"\" data-id=\"8990\" width=\"674\" height=\"480\" title=\"Combo (Save 14%) 24:48:72:96:120-Hour Budapest Card + Budapest Hop-On Hop-Off Bus Tour 3\" src=\"https:\/\/budapesttouristinformation.com\/wp-content\/uploads\/Combo-Save-14-24487296120-Hour-Budapest-Card-Budapest-Hop-On-Hop-Off-Bus-Tour-3.png\" data-src=\"https:\/\/budapesttouristinformation.com\/wp-content\/uploads\/Combo-Save-14-24487296120-Hour-Budapest-Card-Budapest-Hop-On-Hop-Off-Bus-Tour-3-300x214.png\" loading=\"lazy\" data-sizes=\"{&quot;thumbnail&quot;:{&quot;url&quot;:&quot;https:\/\/budapesttouristinformation.com\/wp-content\/uploads\/Combo-Save-14-24487296120-Hour-Budapest-Card-Budapest-Hop-On-Hop-Off-Bus-Tour-3-150x150.png&quot;,&quot;height&quot;:150,&quot;width&quot;:150,&quot;orientation&quot;:&quot;landscape&quot;},&quot;medium&quot;:{&quot;url&quot;:&quot;https:\/\/budapesttouristinformation.com\/wp-content\/uploads\/Combo-Save-14-24487296120-Hour-Budapest-Card-Budapest-Hop-On-Hop-Off-Bus-Tour-3-300x214.png&quot;,&quot;height&quot;:214,&quot;width&quot;:300,&quot;orientation&quot;:&quot;landscape&quot;},&quot;full&quot;:{&quot;url&quot;:&quot;https:\/\/budapesttouristinformation.com\/wp-content\/uploads\/Combo-Save-14-24487296120-Hour-Budapest-Card-Budapest-Hop-On-Hop-Off-Bus-Tour-3.png&quot;,&quot;height&quot;:480,&quot;width&quot;:674,&quot;orientation&quot;:&quot;landscape&quot;}}\"><\/span><span><img decoding=\"async\" alt=\"\" data-id=\"8991\" width=\"679\" height=\"480\" title=\"Combo (Save 14%) 24:48:72:96:120-Hour Budapest Card + Budapest Hop-On Hop-Off Bus Tour 4\" src=\"https:\/\/budapesttouristinformation.com\/wp-content\/uploads\/Combo-Save-14-24487296120-Hour-Budapest-Card-Budapest-Hop-On-Hop-Off-Bus-Tour-4.png\" data-src=\"https:\/\/budapesttouristinformation.com\/wp-content\/uploads\/Combo-Save-14-24487296120-Hour-Budapest-Card-Budapest-Hop-On-Hop-Off-Bus-Tour-4-300x212.png\" loading=\"lazy\" data-sizes=\"{&quot;thumbnail&quot;:{&quot;url&quot;:&quot;https:\/\/budapesttouristinformation.com\/wp-content\/uploads\/Combo-Save-14-24487296120-Hour-Budapest-Card-Budapest-Hop-On-Hop-Off-Bus-Tour-4-150x150.png&quot;,&quot;height&quot;:150,&quot;width&quot;:150,&quot;orientation&quot;:&quot;landscape&quot;},&quot;medium&quot;:{&quot;url&quot;:&quot;https:\/\/budapesttouristinformation.com\/wp-content\/uploads\/Combo-Save-14-24487296120-Hour-Budapest-Card-Budapest-Hop-On-Hop-Off-Bus-Tour-4-300x212.png&quot;,&quot;height&quot;:212,&quot;width&quot;:300,&quot;orientation&quot;:&quot;landscape&quot;},&quot;full&quot;:{&quot;url&quot;:&quot;https:\/\/budapesttouristinformation.com\/wp-content\/uploads\/Combo-Save-14-24487296120-Hour-Budapest-Card-Budapest-Hop-On-Hop-Off-Bus-Tour-4.png&quot;,&quot;height&quot;:480,&quot;width&quot;:679,&quot;orientation&quot;:&quot;landscape&quot;}}\"><\/span><span><img decoding=\"async\" alt=\"\" data-id=\"8985\" width=\"734\" height=\"488\" title=\"Combo (Save 14%) 24:48:72:96:120-Hour Budapest Card + Budapest Hop-On Hop-Off Bus Tour\" src=\"https:\/\/budapesttouristinformation.com\/wp-content\/uploads\/Combo-Save-14-24487296120-Hour-Budapest-Card-Budapest-Hop-On-Hop-Off-Bus-Tour.png\" data-src=\"https:\/\/budapesttouristinformation.com\/wp-content\/uploads\/Combo-Save-14-24487296120-Hour-Budapest-Card-Budapest-Hop-On-Hop-Off-Bus-Tour-300x199.png\" loading=\"lazy\" data-sizes=\"{&quot;thumbnail&quot;:{&quot;url&quot;:&quot;https:\/\/budapesttouristinformation.com\/wp-content\/uploads\/Combo-Save-14-24487296120-Hour-Budapest-Card-Budapest-Hop-On-Hop-Off-Bus-Tour-150x150.png&quot;,&quot;height&quot;:150,&quot;width&quot;:150,&quot;orientation&quot;:&quot;landscape&quot;},&quot;medium&quot;:{&quot;url&quot;:&quot;https:\/\/budapesttouristinformation.com\/wp-content\/uploads\/Combo-Save-14-24487296120-Hour-Budapest-Card-Budapest-Hop-On-Hop-Off-Bus-Tour-300x199.png&quot;,&quot;height&quot;:199,&quot;width&quot;:300,&quot;orientation&quot;:&quot;landscape&quot;},&quot;full&quot;:{&quot;url&quot;:&quot;https:\/\/budapesttouristinformation.com\/wp-content\/uploads\/Combo-Save-14-24487296120-Hour-Budapest-Card-Budapest-Hop-On-Hop-Off-Bus-Tour.png&quot;,&quot;height&quot;:488,&quot;width&quot;:734,&quot;orientation&quot;:&quot;landscape&quot;}}\"><\/span><\/p>\n<h1 dir=\"ltr\" style=\"\">Kombitickets: 24\/48\/72\/96\/120 Stunden Budapest Card + Budapest Hop-on Hopf-off Stadtrundfahrt<\/h1>\n<h2><a href=\"https:\/\/www.headout.com\/r\/most-amazing-placesrecommends-ySxUy\/\" target=\"_blank\" rel=\"nofollow noopener\" style=\"outline: none;\">Reservieren<\/a><\/h2>\n<h1><a href=\"https:\/\/www.headout.com\/r\/most-amazing-placesrecommends-ySxUy\/\" target=\"_blank\" rel=\"nofollow noopener\" style=\"outline: none;\">Ab 71.19\u20ac<\/a><\/h1>\n<p data-end=\"340\" data-start=\"0\"><strong data-end=\"123\" data-start=\"0\">Entdecken Sie Budapest flexibel und komfortabel mit diesem Kombi-Angebot aus Budapest Card und Hop-on Hop-off Bus-Tour!<\/strong> Erkunden Sie die ber\u00fchmtesten Sehensw\u00fcrdigkeiten der Stadt in Ihrem eigenen Tempo \u2013 zu Land, zu Wasser und mit den \u00f6ffentlichen Verkehrsmitteln. Perfekt f\u00fcr alle, die Kultur, Geschichte und Komfort verbinden m\u00f6chten.<\/p>\n<ul>\n<li style=\"\"><span>Selbstst\u00e4ndige Erkundung<\/span><\/li>\n<li style=\"\"><span>Audioguide<\/span><\/li>\n<li style=\"\"><!--! Font Awesome Free 6.7.1 by @fontawesome - https:\/\/fontawesome.com License - https:\/\/fontawesome.com\/license\/free (Icons: CC BY 4.0, Fonts: SIL OFL 1.1, Code: MIT License) Copyright 2024 Fonticons, Inc. --><span>Transfer inklusive<\/span><\/li>\n<li style=\"\"><span>Kostenlose Stornierung<\/span><\/li>\n<\/ul>\n<h2 data-pm-slice=\"1 1 []\">Inklusive<\/h2>\n<ul>\n<li>                    <span><strong>Budapest Card (g\u00fcltig f\u00fcr 24, 48, 72, 96 oder 120 Stunden):<\/strong><\/span><\/li>\n<li>                    <span>Unbegrenzte Nutzung des \u00f6ffentlichen Nahverkehrs in Budapest<\/span><\/li>\n<li>                    <span>Einmaliger kostenloser Eintritt in \u00fcber 30 Museen und Sehensw\u00fcrdigkeiten<\/span><\/li>\n<li>                    <span>Zwei gef\u00fchrte Stadtrundg\u00e4nge auf Englisch<\/span><\/li>\n<li>                    <span>Optionaler Online-Audioguide in 5 Sprachen<\/span><\/li>\n<li>                    <span>Rabatte in 86 Restaurants, Thermen und kulturellen Einrichtungen<\/span><\/li>\n<li>                    <span><strong>Hop-On Hop-Off Bus-Tour (Discover-, Essential- oder Explore-Pass):<\/strong><\/span><\/li>\n<li>                    <span>1-, 2- oder 3-t\u00e4giger Hop-on Hop-off-Buspass mit unbegrenzter Nutzung<\/span><\/li>\n<li>                    <span>Audiokommentar in 16 Sprachen<\/span><\/li>\n<li>                    <span>Kostenloses WLAN an Bord<\/span><\/li>\n<li>                    <span>1-st\u00fcndige gef\u00fchrte Stadttour durch Budapest<\/span><\/li>\n<li>                    <span>Panorama-Bootsfahrt auf der Donau<\/span><\/li>\n<\/ul>\n<h2>Nicht Inklusive<\/h2>\n<ul>\n<li style=\"\"><span>Hotelabholung und R\u00fccktransfer<\/span><\/li>\n<li style=\"\"><span>Speisen und Getr\u00e4nke<\/span><\/li>\n<\/ul>\n<h2 data-pm-slice=\"0 0 []\">Wichtige Informationen:<\/h2>\n<ul>\n<li><span>Viele Museen, die in der Budapest Card enthalten sind, sind montags geschlossen.<\/span><\/li>\n<li><span>Die gef\u00fchrten Stadtrundg\u00e4nge mit der Budapest Card werden nur auf Englisch angeboten.<\/span><\/li>\n<li><span>Die Budapest Card gilt an aufeinanderfolgenden Kalendertagen, nicht f\u00fcr 24-Stunden-Zeitr\u00e4ume.<\/span><\/li>\n<li><span>Jede Attraktion kann mit der Budapest Card nur einmal besucht werden.<\/span><\/li>\n<li><span>Audioguides in den Bussen sind in 16 Sprachen verf\u00fcgbar.<\/span><\/li>\n<li><span>Ihr Ticketvoucher muss zusammen mit einem g\u00fcltigen Lichtbildausweis an den Einl\u00f6sestellen vorgezeigt werden.<\/span><\/li>\n<\/ul>\n<h2 data-pm-slice=\"1 1 []\">Beschreibung:<\/h2>\n<p data-pm-slice=\"1 1 []\">Erleben Sie Budapest in Ihrem eigenen Tempo mit diesem vielseitigen Kombiticket. Fahren Sie entspannt mit dem Hop-on Hop-off-Bus durch die historischen Viertel, genie\u00dfen Sie eine Donau-Bootsfahrt und erhalten Sie freien Eintritt zu beliebten Museen sowie Rabatte in der ganzen Stadt. Egal, ob Sie nur einen Tag oder ein verl\u00e4ngertes Wochenende bleiben \u2013 mit diesem Pass entdecken Sie mehr und sparen dabei.<\/p>\n<h2>Highlights:<\/h2>\n<ul>\n<li data-pm-slice=\"1 1 []\">Kostenloser Eintritt in Sehensw\u00fcrdigkeiten wie die Ungarische Nationalgalerie und das Budapester Geschichtsmuseum<\/li>\n<li>Unbegrenzte Nutzung des \u00f6ffentlichen Nahverkehrs mit der Budapest Card<\/li>\n<li>Hop-on Hop-off-Bustour mit \u00fcber 20 Haltestellen an wichtigen Sehensw\u00fcrdigkeiten<\/li>\n<li>Donau-Bootsfahrt mit Ausblick auf die Sz\u00e9chenyi-Kettenbr\u00fccke<\/li>\n<li>Gef\u00fchrter Stadtrundgang mit spannenden Geschichten und Geheimtipps<\/li>\n<li>Erm\u00e4\u00dfigungen in \u00fcber 80 Restaurants, Thermalb\u00e4dern und kulturellen Einrichtungen<\/li>\n<li>Mehrsprachige Audioguides und kostenloses WLAN im Bus<\/li>\n<\/ul>\n<h2>Stornierung<\/h2>\n<p data-pm-slice=\"1 1 []\">Sie k\u00f6nnen diese Tickets bis zu 24 Stunden vor Beginn der Tour stornieren und erhalten eine vollst\u00e4ndige R\u00fcckerstattung.<\/p>\n<h2 data-pm-slice=\"1 1 []\">Treffpunkt<\/h2>\n<p dir=\"ltr\"><a href=\"https:\/\/www.google.com\/maps\/place\/47.4979133605957+19.04023551940918\/@47.4979133605957,19.04023551940918,12z\" target=\"_blank\" rel=\"nofollow noopener\" style=\"outline: none;\">In Google Maps \u00f6ffnen<\/a><\/p>\n<h2 data-pm-slice=\"1 1 []\">Bewertungen &amp; Erfahrungen:<\/h2>\n<p><strong>4.5 \/ 5&nbsp;<\/strong><strong>(3.231 <\/strong><strong>Bewertungen<\/strong><strong>)<\/strong><\/p>\n<p dir=\"ltr\"><em><em>\u201c<\/em><\/em>Die Bustour durch die Stadt war super \u2013 wir sind morgens und nachmittags jeweils eine Runde gefahren.\u201c Elsa, Portugal, Mai 2025 [Quelle: Headout]<em><\/em> <a href=\"https:\/\/www.headout.com\/r\/most-amazing-placesrecommends-ySxUy\/\" target=\"_blank\" rel=\"nofollow noopener\" data-lt-tmp-id=\"lt-269899\" spellcheck=\"false\" style=\"outline: none;\">&gt;&gt; Weitere Bewertungen anzeigen<\/a><\/p>\n<h2>Weitere Aktivit\u00e4ten, die Sie interessieren k\u00f6nnten:<\/h2>\n<p><span><img decoding=\"async\" alt=\"Hungarian Parliament Audio Guided Tour\" data-id=\"8200\" width=\"159\" data-init-width=\"735\" height=\"105\" data-init-height=\"484\" title=\"Hungarian Parliament Audio Guided Tour\" loading=\"lazy\" src=\"https:\/\/budapesttouristinformation.com\/wp-content\/uploads\/Ekran-Resmi-2024-11-28-16.54.10.png\" data-width=\"159\" data-height=\"105\" style=\"aspect-ratio: auto 735 \/ 484;\"><\/span><a href=\"https:\/\/www.headout.com\/r\/most-amazing-placesrecommends-PNwu5\/\" target=\"_blank\" rel=\"nofollow noopener\" style=\"outline: none;\"><\/a><\/p>\n<table>\n<tbody>\n<tr>\n<td><a data-lt-tmp-id=\"lt-867382\" href=\"https:\/\/www.headout.com\/r\/most-amazing-placesrecommends-POJMH\/\" rel=\"nofollow noopener\" spellcheck=\"false\" target=\"_blank\" style=\"outline: none;\">Ungarisches Parlament: gef\u00fchrte Audiotour<\/a><\/td>\n<\/tr>\n<\/tbody>\n<\/table>\n<p>Entdecken Sie das gr\u00f6\u00dfte Parlamentsgeb\u00e4ude Europas, bestaunen Sie die ungarischen Kronjuwelen und tauchen Sie bei dieser spannenden F\u00fchrung in die bewegte Geschichte Budapests ein.<\/p>\n<h3 style=\"\">Gesamtpreis<\/h3>\n<h3 style=\"\">Es erfolgt noch keine Abbuchung<\/h3>\n<p><span>#<\/span><strong><span>2<\/span><\/strong><span><img decoding=\"async\" alt=\"Budapest: Big Bus Hop-On Hop-Off Sightseeing Tour\" data-id=\"8172\" width=\"159\" data-init-width=\"960\" height=\"106\" data-init-height=\"640\" title=\"Budapest: Big Bus Hop-On Hop-Off Sightseeing Tour\" loading=\"lazy\" src=\"https:\/\/budapesttouristinformation.com\/wp-content\/uploads\/Budapest-Hop-on-Hop-off.jpg\" data-width=\"159\" data-height=\"106\" style=\"aspect-ratio: auto 960 \/ 640;\"><\/span><\/p>\n<table>\n<tbody>\n<tr>\n<td><a data-lt-tmp-id=\"lt-163467\" href=\"https:\/\/www.getyourguide.com\/budapest-l29\/hop-on-hop-off-sightseeing-tour-in-budapest-t42526\/?partner_id=NO9XIDE&amp;utm_medium=online_publisher&amp;cmp=BudapestHoponHopoffTicketGttd\" rel=\"nofollow noopener\" spellcheck=\"false\" target=\"_blank\" style=\"outline: none;\">Budapest: Big Bus Hop-On Hop-Off Tour &amp; Donauschifffahrt<\/a><\/td>\n<\/tr>\n<\/tbody>\n<\/table>\n<p>Entdecke Budapest ganz entspannt mit einem 1-, 2- oder 3-Tagespass f\u00fcr den offenen Hop-On-Hop-Off-Sightseeing-Bus.<\/p>\n<h3>Gesamtpreis<\/h3>\n<h3 style=\"\">Es erfolgt noch keine Abbuchung<\/h3>\n<\/p>\n<h2><a href=\"https:\/\/www.headout.com\/r\/most-amazing-placesrecommends-ySxUy\/\" target=\"_blank\" rel=\"nofollow noopener\" style=\"outline: none;\" data-lt-tmp-id=\"lt-708889\" spellcheck=\"false\">Reservieren<\/a><span style=\"font-weight: normal;\"><\/span><\/h2>\n<p><strong style=\"outline: currentcolor;\"><a href=\"https:\/\/www.headout.com\/r\/most-amazing-placesrecommends-ySxUy\/\" target=\"_blank\" rel=\"nofollow noopener\" data-lt-tmp-id=\"lt-697306\" spellcheck=\"false\" style=\"outline: none;\">Ab 71.19\u20ac<\/a><\/strong><\/p>\n<p style=\"\">Ihnen werden noch keine Kosten berechnet<\/p>\n","protected":false},"excerpt":{"rendered":"<p>Kombitickets: 24\/48\/72\/96\/120 Stunden Budapest Card + Budapest Hop-on Hopf-off Stadtrundfahrt Reservieren Ab 71.19\u20ac Entdecken Sie Budapest flexibel und komfortabel mit diesem Kombi-Angebot aus Budapest Card und Hop-on Hop-off Bus-Tour! Erkunden Sie die ber\u00fchmtesten Sehensw\u00fcrdigkeiten der Stadt in Ihrem eigenen Tempo \u2013 zu Land, zu Wasser und mit den \u00f6ffentlichen Verkehrsmitteln. Perfekt f\u00fcr alle, die Kultur, [&hellip;]<\/p>\n","protected":false},"author":17,"featured_media":9256,"parent":0,"menu_order":0,"comment_status":"closed","ping_status":"closed","template":"","meta":{"footnotes":""},"categories":[],"tags":[78],"class_list":["post-9334","page","type-page","status-publish","has-post-thumbnail","hentry","tag-sales-page-de","post-wrapper","thrv_wrapper"],"_links":{"self":[{"href":"https:\/\/budapesttouristinformation.com\/de\/wp-json\/wp\/v2\/pages\/9334","targetHints":{"allow":["GET"]}}],"collection":[{"href":"https:\/\/budapesttouristinformation.com\/de\/wp-json\/wp\/v2\/pages"}],"about":[{"href":"https:\/\/budapesttouristinformation.com\/de\/wp-json\/wp\/v2\/types\/page"}],"author":[{"embeddable":true,"href":"https:\/\/budapesttouristinformation.com\/de\/wp-json\/wp\/v2\/users\/17"}],"replies":[{"embeddable":true,"href":"https:\/\/budapesttouristinformation.com\/de\/wp-json\/wp\/v2\/comments?post=9334"}],"version-history":[{"count":10,"href":"https:\/\/budapesttouristinformation.com\/de\/wp-json\/wp\/v2\/pages\/9334\/revisions"}],"predecessor-version":[{"id":9852,"href":"https:\/\/budapesttouristinformation.com\/de\/wp-json\/wp\/v2\/pages\/9334\/revisions\/9852"}],"wp:featuredmedia":[{"embeddable":true,"href":"https:\/\/budapesttouristinformation.com\/de\/wp-json\/wp\/v2\/media\/9256"}],"wp:attachment":[{"href":"https:\/\/budapesttouristinformation.com\/de\/wp-json\/wp\/v2\/media?parent=9334"}],"wp:term":[{"taxonomy":"category","embeddable":true,"href":"https:\/\/budapesttouristinformation.com\/de\/wp-json\/wp\/v2\/categories?post=9334"},{"taxonomy":"post_tag","embeddable":true,"href":"https:\/\/budapesttouristinformation.com\/de\/wp-json\/wp\/v2\/tags?post=9334"}],"curies":[{"name":"wp","href":"https:\/\/api.w.org\/{rel}","templated":true}]}}