{"id":9331,"date":"2025-05-12T15:50:40","date_gmt":"2025-05-12T15:50:40","guid":{"rendered":"https:\/\/budapesttouristinformation.com\/szechenyi-spa-full-day-ticket"},"modified":"2026-04-27T06:26:53","modified_gmt":"2026-04-27T06:26:53","slug":"szechenyi-spa-tickets","status":"publish","type":"page","link":"https:\/\/budapesttouristinformation.com\/de\/szechenyi-spa-tickets","title":{"rendered":"Sz\u00e9chenyi Spa Tickets: Ganzt\u00e4giger Eintritt mit optionaler Verkostung"},"content":{"rendered":"<p><span><img decoding=\"async\" alt=\"\" data-id=\"8806\" width=\"960\" height=\"637\" title=\"Budapest- Sze\u0301chenyi Spa Full Day with Optional Tasting\" src=\"https:\/\/budapesttouristinformation.com\/wp-content\/uploads\/Budapest-Szechenyi-Spa-Full-Day-with-Optional-Tasting-1-2.jpg\" data-src=\"https:\/\/budapesttouristinformation.com\/wp-content\/uploads\/Budapest-Szechenyi-Spa-Full-Day-with-Optional-Tasting-1-2-300x199.jpg\" loading=\"lazy\" data-sizes=\"{&quot;thumbnail&quot;:{&quot;url&quot;:&quot;https:\/\/budapesttouristinformation.com\/wp-content\/uploads\/Budapest-Szechenyi-Spa-Full-Day-with-Optional-Tasting-1-2-150x150.jpg&quot;,&quot;height&quot;:150,&quot;width&quot;:150,&quot;orientation&quot;:&quot;landscape&quot;},&quot;medium&quot;:{&quot;url&quot;:&quot;https:\/\/budapesttouristinformation.com\/wp-content\/uploads\/Budapest-Szechenyi-Spa-Full-Day-with-Optional-Tasting-1-2-300x199.jpg&quot;,&quot;height&quot;:199,&quot;width&quot;:300,&quot;orientation&quot;:&quot;landscape&quot;},&quot;full&quot;:{&quot;url&quot;:&quot;https:\/\/budapesttouristinformation.com\/wp-content\/uploads\/Budapest-Szechenyi-Spa-Full-Day-with-Optional-Tasting-1-2.jpg&quot;,&quot;height&quot;:637,&quot;width&quot;:960,&quot;orientation&quot;:&quot;landscape&quot;}}\"><\/span><span><img decoding=\"async\" alt=\"\" data-id=\"8807\" width=\"960\" height=\"637\" title=\"Budapest- Sze\u0301chenyi Spa Full Day with Optional Tasting 2\" src=\"https:\/\/budapesttouristinformation.com\/wp-content\/uploads\/Budapest-Szechenyi-Spa-Full-Day-with-Optional-Tasting-2.jpg\" data-src=\"https:\/\/budapesttouristinformation.com\/wp-content\/uploads\/Budapest-Szechenyi-Spa-Full-Day-with-Optional-Tasting-2-300x199.jpg\" loading=\"lazy\" data-sizes=\"{&quot;thumbnail&quot;:{&quot;url&quot;:&quot;https:\/\/budapesttouristinformation.com\/wp-content\/uploads\/Budapest-Szechenyi-Spa-Full-Day-with-Optional-Tasting-2-150x150.jpg&quot;,&quot;height&quot;:150,&quot;width&quot;:150,&quot;orientation&quot;:&quot;landscape&quot;},&quot;medium&quot;:{&quot;url&quot;:&quot;https:\/\/budapesttouristinformation.com\/wp-content\/uploads\/Budapest-Szechenyi-Spa-Full-Day-with-Optional-Tasting-2-300x199.jpg&quot;,&quot;height&quot;:199,&quot;width&quot;:300,&quot;orientation&quot;:&quot;landscape&quot;},&quot;full&quot;:{&quot;url&quot;:&quot;https:\/\/budapesttouristinformation.com\/wp-content\/uploads\/Budapest-Szechenyi-Spa-Full-Day-with-Optional-Tasting-2.jpg&quot;,&quot;height&quot;:637,&quot;width&quot;:960,&quot;orientation&quot;:&quot;landscape&quot;}}\"><\/span><span><img decoding=\"async\" alt=\"\" data-id=\"8808\" width=\"960\" height=\"637\" title=\"Budapest- Sze\u0301chenyi Spa Full Day with Optional Tasting 3\" src=\"https:\/\/budapesttouristinformation.com\/wp-content\/uploads\/Budapest-Szechenyi-Spa-Full-Day-with-Optional-Tasting-3.jpg\" data-src=\"https:\/\/budapesttouristinformation.com\/wp-content\/uploads\/Budapest-Szechenyi-Spa-Full-Day-with-Optional-Tasting-3-300x199.jpg\" loading=\"lazy\" data-sizes=\"{&quot;thumbnail&quot;:{&quot;url&quot;:&quot;https:\/\/budapesttouristinformation.com\/wp-content\/uploads\/Budapest-Szechenyi-Spa-Full-Day-with-Optional-Tasting-3-150x150.jpg&quot;,&quot;height&quot;:150,&quot;width&quot;:150,&quot;orientation&quot;:&quot;landscape&quot;},&quot;medium&quot;:{&quot;url&quot;:&quot;https:\/\/budapesttouristinformation.com\/wp-content\/uploads\/Budapest-Szechenyi-Spa-Full-Day-with-Optional-Tasting-3-300x199.jpg&quot;,&quot;height&quot;:199,&quot;width&quot;:300,&quot;orientation&quot;:&quot;landscape&quot;},&quot;full&quot;:{&quot;url&quot;:&quot;https:\/\/budapesttouristinformation.com\/wp-content\/uploads\/Budapest-Szechenyi-Spa-Full-Day-with-Optional-Tasting-3.jpg&quot;,&quot;height&quot;:637,&quot;width&quot;:960,&quot;orientation&quot;:&quot;landscape&quot;}}\"><\/span><span><img decoding=\"async\" alt=\"\" data-id=\"8809\" width=\"960\" height=\"637\" title=\"Budapest- Sze\u0301chenyi Spa Full Day with Optional Tasting 4\" src=\"https:\/\/budapesttouristinformation.com\/wp-content\/uploads\/Budapest-Szechenyi-Spa-Full-Day-with-Optional-Tasting-4.jpg\" data-src=\"https:\/\/budapesttouristinformation.com\/wp-content\/uploads\/Budapest-Szechenyi-Spa-Full-Day-with-Optional-Tasting-4-300x199.jpg\" loading=\"lazy\" data-sizes=\"{&quot;thumbnail&quot;:{&quot;url&quot;:&quot;https:\/\/budapesttouristinformation.com\/wp-content\/uploads\/Budapest-Szechenyi-Spa-Full-Day-with-Optional-Tasting-4-150x150.jpg&quot;,&quot;height&quot;:150,&quot;width&quot;:150,&quot;orientation&quot;:&quot;landscape&quot;},&quot;medium&quot;:{&quot;url&quot;:&quot;https:\/\/budapesttouristinformation.com\/wp-content\/uploads\/Budapest-Szechenyi-Spa-Full-Day-with-Optional-Tasting-4-300x199.jpg&quot;,&quot;height&quot;:199,&quot;width&quot;:300,&quot;orientation&quot;:&quot;landscape&quot;},&quot;full&quot;:{&quot;url&quot;:&quot;https:\/\/budapesttouristinformation.com\/wp-content\/uploads\/Budapest-Szechenyi-Spa-Full-Day-with-Optional-Tasting-4.jpg&quot;,&quot;height&quot;:637,&quot;width&quot;:960,&quot;orientation&quot;:&quot;landscape&quot;}}\"><\/span><\/p>\n<h1 dir=\"ltr\" style=\"\">Budapest: Sz\u00e9chenyi Spa Ganztag mit optionaler Verkostung<\/h1>\n<h2><a href=\"https:\/\/www.getyourguide.com\/budapest-l29\/szechenyi-spa-full-day-entrance-pass-t4139\/?partner_id=NO9XIDE&amp;utm_medium=online_publisher&amp;cmp=BudapestSzechenyiSpaSP\" target=\"_blank\" rel=\"nofollow noopener\" style=\"outline: none;\">Reservieren<\/a><\/h2>\n<h1><a href=\"https:\/\/www.getyourguide.com\/budapest-l29\/szechenyi-spa-full-day-entrance-pass-t4139\/?partner_id=NO9XIDE&amp;utm_medium=online_publisher&amp;cmp=BudapestSzechenyiSpaSP\" target=\"_blank\" rel=\"nofollow noopener\" style=\"outline: none;\">Ab 46\u20ac<\/a><\/h1>\n<p data-end=\"420\" data-start=\"0\">Tauchen Sie ein in einen Tag purer Erholung im legend\u00e4ren <strong data-end=\"158\" data-start=\"134\">Sz\u00e9chenyi Thermalbad<\/strong> \u2013 Budapests gr\u00f6\u00dftem und ber\u00fchmtestem Spa. Nach dem Bad erwartet Sie ein kostenloses Tasting im stimmungsvollen <strong data-end=\"297\" data-start=\"270\">Hungarian Gastro Cellar<\/strong>: w\u00e4hlen Sie zwischen edlem P\u00e1linka oder zwei ungarischen Weinen \u2013 eine perfekte Kombination aus Wellness und Kulturgenuss.<\/p>\n<ul>\n<li style=\"\"><span>G\u00fcltigkeit 1 Tag<\/span><\/li>\n<li style=\"\"><span>Kostenlose Stornierung<\/span><\/li>\n<\/ul>\n<h2 data-pm-slice=\"1 1 []\">Inklusive<\/h2>\n<ul>\n<li>                    <span>Ganzt\u00e4giger Eintritt ins Sz\u00e9chenyi Thermalbad<\/span><\/li>\n<li>                    <span>Einmaliger Zugang mit Nutzung eines Spinds oder einer Kabine<\/span><\/li>\n<li>                    <span>Kostenlose Verkostung im Hungarian Gastro Cellar (wahlweise P\u00e1linka oder zwei Weinsorten)<\/span><\/li>\n<li>                    <span>Zugang zu 3 Au\u00dfen- und 15 Innenbecken<\/span><\/li>\n<\/ul>\n<h2>Nicht Inklusive<\/h2>\n<ul>\n<li style=\"\"><span>Massagen und Sauna (gegen Aufpreis)<\/span><\/li>\n<li style=\"\"><span>Speisen und weitere Getr\u00e4nke (vor Ort erh\u00e4ltlich)<\/span><\/li>\n<li style=\"\"><span>Transport zwischen dem Spa und dem Verkostungsort<\/span><\/li>\n<\/ul>\n<h2 data-pm-slice=\"0 0 []\">Wichtige Informationen:<\/h2>\n<ul>\n<li><span>Das Ticket gilt f\u00fcr einen einmaligen Eintritt ins Thermalbad<\/span><\/li>\n<li><span>Die Verkostung findet separat im Gastro Cellar, Kir\u00e1ly utca 20 (Innenstadt), statt<\/span><\/li>\n<li><span>\u00d6ffnungszeiten Gastro Cellar: t\u00e4glich von 14:00 bis 23:00 Uhr<\/span><\/li>\n<li><span>Die beiden Erlebnisse k\u00f6nnen an verschiedenen Tagen genutzt werden<\/span><\/li>\n<li><span>Becken und Saunen werden regelm\u00e4\u00dfig gewartet \u2013 aktuelle Hinweise auf der offiziellen Website<\/span><\/li>\n<li><span>Bitte Badebekleidung, Handtuch, Badeschlappen und Badekappe mitbringen<\/span><\/li>\n<\/ul>\n<h2 data-pm-slice=\"1 1 []\">Beschreibung:<\/h2>\n<p data-pm-slice=\"1 1 []\">Tauchen Sie ein in eine Welt der Entspannung im Sz\u00e9chenyi Thermalbad \u2013 dem gr\u00f6\u00dften Thermalbad Europas. Umgeben von prachtvoller neobarocker Architektur genie\u00dfen Sie wohltuende Naturquellen, bevor Sie in der Innenstadt ein Glas ungarischen P\u00e1linka oder regionale Weine in der gem\u00fctlichen Atmosph\u00e4re des Gastro Cellar probieren. Zwei besondere Erlebnisse mit nur einem Ticket \u2013 Wellness und Kultur in perfekter Kombination.<\/p>\n<h2>Highlights:<\/h2>\n<ul>\n<li data-pm-slice=\"1 1 []\">Ganzt\u00e4giger Zugang zu Budapests ber\u00fchmtestem Thermalbad<\/li>\n<li>Entspannung in 18 Becken, darunter Au\u00dfen- und Innen-Thermalb\u00e4der<\/li>\n<li>Bewundern Sie die beeindruckende neobarocke Architektur von 1913<\/li>\n<li>Kostenlose Verkostung von ungarischem P\u00e1linka oder lokalen Weinen im Gastro Cellar<\/li>\n<li>Zwei unvergessliche Erlebnisse mit nur einem Ticket<\/li>\n<\/ul>\n<h2>Budapest: Sz\u00e9chenyi Spa<\/h2>\n<p data-pm-slice=\"1 1 []\">G\u00f6d\u00f6ll\u0151, Grassalkovich-kast\u00e9ly 5852, Budapest.<\/p>\n<h2>Stornierung<\/h2>\n<p data-pm-slice=\"1 1 []\">Stornierung bis zu 24 Stunden vor dem Besuch f\u00fcr eine vollst\u00e4ndige R\u00fcckerstattung m\u00f6glich.<\/p>\n<h2 data-pm-slice=\"1 1 []\">Treffpunkt &amp; Hinweise:<\/h2>\n<p data-pm-slice=\"1 1 []\">Mit \u00f6ffentlichen Verkehrsmitteln: Fahren Sie mit der gelben U-Bahn-Linie M1 in Richtung \u201eMexik\u00f3i \u00fat\u201c bis zur Station \u201eSz\u00e9chenyi f\u00fcrd\u0151\u201c.<br \/><strong>Wichtig<\/strong>: Den bei der Buchung erhaltenen QR-Code ben\u00f6tigen Sie zum Eintritt!<br \/>Nach dem Spa-Besuch begeben Sie sich zur Verkostung in den Gastro Cellar, 1061 Budapest, Kir\u00e1ly utca 20.<\/p>\n<p><a data-lt-tmp-id=\"lt-618857\" href=\"https:\/\/www.google.com\/maps?q=@47.51865768432617,19.082378387451172\" rel=\"nofollow noopener\" spellcheck=\"false\" target=\"_blank\" style=\"outline: none;\">Mit Maps \u00f6ffnen<\/a><\/p>\n<h2 data-pm-slice=\"1 1 []\">Bewertungen &amp; Erfahrungen:<\/h2>\n<p><strong>4.3 \/ 5&nbsp;<\/strong><strong>(18.856 <\/strong><strong>Bewertungen<\/strong><strong>)<\/strong><\/p>\n<p dir=\"ltr\"><em><em>\u201c<\/em><\/em>Das Hauptbecken war zwar in Renovierung, aber das hat unser Erlebnis nicht beeintr\u00e4chtigt \u2013 wir waren zum Entspannen da, nicht zum Bahnenschwimmen. Wundersch\u00f6n, sauber und sehr entspannend. Ein fantastischer Vormittag. Sehr zu empfehlen.\u201c Nikki, UK, Mai 2025 [Quelle: GetYourGuide]<em><\/em> <a href=\"https:\/\/www.getyourguide.com\/budapest-l29\/szechenyi-spa-full-day-entrance-pass-t4139\/?partner_id=NO9XIDE&amp;utm_medium=online_publisher&amp;cmp=BudapestSzechenyiSpaSP\" target=\"_blank\" rel=\"nofollow noopener\" data-lt-tmp-id=\"lt-269899\" spellcheck=\"false\" style=\"outline: none;\">&gt;&gt; Weitere Bewertungen anzeigen<\/a><\/p>\n<h2 data-pm-slice=\"1 1 []\">Weitere Aktivit\u00e4ten, die Sie interessieren k\u00f6nnten:<\/h2>\n<p><span><img decoding=\"async\" alt=\"Hungarian Parliament Audio Guided Tour\" data-id=\"8200\" width=\"159\" data-init-width=\"735\" height=\"105\" data-init-height=\"484\" title=\"Hungarian Parliament Audio Guided Tour\" loading=\"lazy\" src=\"https:\/\/budapesttouristinformation.com\/wp-content\/uploads\/Ekran-Resmi-2024-11-28-16.54.10.png\" data-width=\"159\" data-height=\"105\" style=\"aspect-ratio: auto 735 \/ 484;\"><\/span><a href=\"https:\/\/www.headout.com\/r\/most-amazing-placesrecommends-PNwu5\/\" target=\"_blank\" rel=\"nofollow noopener\" style=\"outline: none;\"><\/a><\/p>\n<table>\n<tbody>\n<tr>\n<td><a data-lt-tmp-id=\"lt-867382\" href=\"https:\/\/www.headout.com\/r\/most-amazing-placesrecommends-POJMH\/\" rel=\"nofollow noopener\" spellcheck=\"false\" target=\"_blank\" style=\"outline: none;\">Ungarisches Parlament: gef\u00fchrte Audiotour<\/a><\/td>\n<\/tr>\n<\/tbody>\n<\/table>\n<p>Entdecken Sie das gr\u00f6\u00dfte Parlamentsgeb\u00e4ude Europas, bestaunen Sie die ungarischen Kronjuwelen und tauchen Sie bei dieser spannenden F\u00fchrung in die bewegte Geschichte Budapests ein.<\/p>\n<h3 style=\"\">Gesamtpreis<\/h3>\n<h3 style=\"\">Es erfolgt noch keine Abbuchung<\/h3>\n<p><span>#<\/span><strong><span>2<\/span><\/strong><span><img decoding=\"async\" alt=\"Budapest: Big Bus Hop-On Hop-Off Sightseeing Tour\" data-id=\"8172\" width=\"159\" data-init-width=\"960\" height=\"106\" data-init-height=\"640\" title=\"Budapest: Big Bus Hop-On Hop-Off Sightseeing Tour\" loading=\"lazy\" src=\"https:\/\/budapesttouristinformation.com\/wp-content\/uploads\/Budapest-Hop-on-Hop-off.jpg\" data-width=\"159\" data-height=\"106\" style=\"aspect-ratio: auto 960 \/ 640;\"><\/span><\/p>\n<table>\n<tbody>\n<tr>\n<td><a data-lt-tmp-id=\"lt-163467\" href=\"https:\/\/www.getyourguide.com\/budapest-l29\/hop-on-hop-off-sightseeing-tour-in-budapest-t42526\/?partner_id=NO9XIDE&amp;utm_medium=online_publisher&amp;cmp=BudapestHoponHopoffTicketGttd\" rel=\"nofollow noopener\" spellcheck=\"false\" target=\"_blank\" style=\"outline: none;\">Budapest: Big Bus Hop-On Hop-Off Tour &amp; Donauschifffahrt<\/a><\/td>\n<\/tr>\n<\/tbody>\n<\/table>\n<p>Entdecke Budapest ganz entspannt mit einem 1-, 2- oder 3-Tagespass f\u00fcr den offenen Hop-On-Hop-Off-Sightseeing-Bus.<\/p>\n<h3 style=\"\">Gesamtpreis<\/h3>\n<h3 style=\"\">Es erfolgt noch keine Abbuchung<\/h3>\n<p><\/p>\n<h2><a href=\"https:\/\/www.getyourguide.com\/budapest-l29\/szechenyi-spa-full-day-entrance-pass-t4139\/?partner_id=NO9XIDE&amp;utm_medium=online_publisher&amp;cmp=BudapestSzechenyiSpaSP\" target=\"_blank\" rel=\"nofollow noopener\" style=\"outline: none;\" data-lt-tmp-id=\"lt-708889\" spellcheck=\"false\">Reservieren<\/a><span style=\"font-weight: normal;\"><\/span><\/h2>\n<p><strong style=\"outline: currentcolor;\"><a href=\"https:\/\/www.getyourguide.com\/budapest-l29\/szechenyi-spa-full-day-entrance-pass-t4139\/?partner_id=NO9XIDE&amp;utm_medium=online_publisher&amp;cmp=BudapestSzechenyiSpaSP\" target=\"_blank\" rel=\"nofollow noopener\" data-lt-tmp-id=\"lt-697306\" spellcheck=\"false\" style=\"outline: none;\">Ab 46\u20ac<\/a><\/strong><\/p>\n<p style=\"\">Ihnen werden noch keine Kosten berechnet<\/p>\n","protected":false},"excerpt":{"rendered":"<p>Budapest: Sz\u00e9chenyi Spa Ganztag mit optionaler Verkostung Reservieren Ab 46\u20ac Tauchen Sie ein in einen Tag purer Erholung im legend\u00e4ren Sz\u00e9chenyi Thermalbad \u2013 Budapests gr\u00f6\u00dftem und ber\u00fchmtestem Spa. Nach dem Bad erwartet Sie ein kostenloses Tasting im stimmungsvollen Hungarian Gastro Cellar: w\u00e4hlen Sie zwischen edlem P\u00e1linka oder zwei ungarischen Weinen \u2013 eine perfekte Kombination aus [&hellip;]<\/p>\n","protected":false},"author":17,"featured_media":9204,"parent":0,"menu_order":0,"comment_status":"closed","ping_status":"closed","template":"","meta":{"footnotes":""},"categories":[],"tags":[78],"class_list":["post-9331","page","type-page","status-publish","has-post-thumbnail","hentry","tag-sales-page-de","post-wrapper","thrv_wrapper"],"_links":{"self":[{"href":"https:\/\/budapesttouristinformation.com\/de\/wp-json\/wp\/v2\/pages\/9331","targetHints":{"allow":["GET"]}}],"collection":[{"href":"https:\/\/budapesttouristinformation.com\/de\/wp-json\/wp\/v2\/pages"}],"about":[{"href":"https:\/\/budapesttouristinformation.com\/de\/wp-json\/wp\/v2\/types\/page"}],"author":[{"embeddable":true,"href":"https:\/\/budapesttouristinformation.com\/de\/wp-json\/wp\/v2\/users\/17"}],"replies":[{"embeddable":true,"href":"https:\/\/budapesttouristinformation.com\/de\/wp-json\/wp\/v2\/comments?post=9331"}],"version-history":[{"count":10,"href":"https:\/\/budapesttouristinformation.com\/de\/wp-json\/wp\/v2\/pages\/9331\/revisions"}],"predecessor-version":[{"id":10656,"href":"https:\/\/budapesttouristinformation.com\/de\/wp-json\/wp\/v2\/pages\/9331\/revisions\/10656"}],"wp:featuredmedia":[{"embeddable":true,"href":"https:\/\/budapesttouristinformation.com\/de\/wp-json\/wp\/v2\/media\/9204"}],"wp:attachment":[{"href":"https:\/\/budapesttouristinformation.com\/de\/wp-json\/wp\/v2\/media?parent=9331"}],"wp:term":[{"taxonomy":"category","embeddable":true,"href":"https:\/\/budapesttouristinformation.com\/de\/wp-json\/wp\/v2\/categories?post=9331"},{"taxonomy":"post_tag","embeddable":true,"href":"https:\/\/budapesttouristinformation.com\/de\/wp-json\/wp\/v2\/tags?post=9331"}],"curies":[{"name":"wp","href":"https:\/\/api.w.org\/{rel}","templated":true}]}}