{"id":9328,"date":"2024-11-29T10:47:58","date_gmt":"2024-11-29T10:47:58","guid":{"rendered":"https:\/\/budapesttouristinformation.com\/budapest-st-stephens-basilica-ticket"},"modified":"2026-04-27T06:26:00","modified_gmt":"2026-04-27T06:26:00","slug":"tickets-fur-st-stephans-basilika","status":"publish","type":"page","link":"https:\/\/budapesttouristinformation.com\/de\/tickets-fur-st-stephans-basilika","title":{"rendered":"Tickets f\u00fcr St. Stephans Basilika mit reserviertem Eintritt und Terrassenoption"},"content":{"rendered":"<p><span><img decoding=\"async\" alt=\"Budapest: St. Stephen's Basilica Entry with Terrace Option\" data-id=\"8248\" width=\"960\" height=\"640\" title=\"Budapest- St. Stephen's Basilica Entry with Terrace Option\" src=\"https:\/\/budapesttouristinformation.com\/wp-content\/uploads\/Budapest-St.-Stephens-Basilica-Entry-with-Terrace-Option-1-1.jpg\" data-src=\"https:\/\/budapesttouristinformation.com\/wp-content\/uploads\/Budapest-St.-Stephens-Basilica-Entry-with-Terrace-Option-1-1-300x200.jpg\" loading=\"lazy\" data-sizes=\"{&quot;thumbnail&quot;:{&quot;url&quot;:&quot;https:\/\/budapesttouristinformation.com\/wp-content\/uploads\/Budapest-St.-Stephens-Basilica-Entry-with-Terrace-Option-1-1-150x150.jpg&quot;,&quot;height&quot;:150,&quot;width&quot;:150,&quot;orientation&quot;:&quot;landscape&quot;},&quot;medium&quot;:{&quot;url&quot;:&quot;https:\/\/budapesttouristinformation.com\/wp-content\/uploads\/Budapest-St.-Stephens-Basilica-Entry-with-Terrace-Option-1-1-300x200.jpg&quot;,&quot;height&quot;:200,&quot;width&quot;:300,&quot;orientation&quot;:&quot;landscape&quot;},&quot;full&quot;:{&quot;url&quot;:&quot;https:\/\/budapesttouristinformation.com\/wp-content\/uploads\/Budapest-St.-Stephens-Basilica-Entry-with-Terrace-Option-1-1.jpg&quot;,&quot;height&quot;:640,&quot;width&quot;:960,&quot;orientation&quot;:&quot;landscape&quot;}}\"><\/span><span><img decoding=\"async\" alt=\"Budapest: St. Stephen's Basilica Entry with Terrace Option\" data-id=\"8249\" width=\"960\" height=\"640\" title=\"Budapest- St. Stephen's Basilica Entry with Terrace Option 2\" src=\"https:\/\/budapesttouristinformation.com\/wp-content\/uploads\/Budapest-St.-Stephens-Basilica-Entry-with-Terrace-Option-2.jpg\" data-src=\"https:\/\/budapesttouristinformation.com\/wp-content\/uploads\/Budapest-St.-Stephens-Basilica-Entry-with-Terrace-Option-2-300x200.jpg\" loading=\"lazy\" data-sizes=\"{&quot;thumbnail&quot;:{&quot;url&quot;:&quot;https:\/\/budapesttouristinformation.com\/wp-content\/uploads\/Budapest-St.-Stephens-Basilica-Entry-with-Terrace-Option-2-150x150.jpg&quot;,&quot;height&quot;:150,&quot;width&quot;:150,&quot;orientation&quot;:&quot;landscape&quot;},&quot;medium&quot;:{&quot;url&quot;:&quot;https:\/\/budapesttouristinformation.com\/wp-content\/uploads\/Budapest-St.-Stephens-Basilica-Entry-with-Terrace-Option-2-300x200.jpg&quot;,&quot;height&quot;:200,&quot;width&quot;:300,&quot;orientation&quot;:&quot;landscape&quot;},&quot;full&quot;:{&quot;url&quot;:&quot;https:\/\/budapesttouristinformation.com\/wp-content\/uploads\/Budapest-St.-Stephens-Basilica-Entry-with-Terrace-Option-2.jpg&quot;,&quot;height&quot;:640,&quot;width&quot;:960,&quot;orientation&quot;:&quot;landscape&quot;}}\"><\/span><span><img decoding=\"async\" alt=\"Budapest: St. Stephen's Basilica Entry with Terrace Option\" data-id=\"8250\" width=\"960\" height=\"640\" title=\"Budapest- St. Stephen's Basilica Entry with Terrace Option 3\" src=\"https:\/\/budapesttouristinformation.com\/wp-content\/uploads\/Budapest-St.-Stephens-Basilica-Entry-with-Terrace-Option-3.jpg\" data-src=\"https:\/\/budapesttouristinformation.com\/wp-content\/uploads\/Budapest-St.-Stephens-Basilica-Entry-with-Terrace-Option-3-300x200.jpg\" loading=\"lazy\" data-sizes=\"{&quot;thumbnail&quot;:{&quot;url&quot;:&quot;https:\/\/budapesttouristinformation.com\/wp-content\/uploads\/Budapest-St.-Stephens-Basilica-Entry-with-Terrace-Option-3-150x150.jpg&quot;,&quot;height&quot;:150,&quot;width&quot;:150,&quot;orientation&quot;:&quot;landscape&quot;},&quot;medium&quot;:{&quot;url&quot;:&quot;https:\/\/budapesttouristinformation.com\/wp-content\/uploads\/Budapest-St.-Stephens-Basilica-Entry-with-Terrace-Option-3-300x200.jpg&quot;,&quot;height&quot;:200,&quot;width&quot;:300,&quot;orientation&quot;:&quot;landscape&quot;},&quot;full&quot;:{&quot;url&quot;:&quot;https:\/\/budapesttouristinformation.com\/wp-content\/uploads\/Budapest-St.-Stephens-Basilica-Entry-with-Terrace-Option-3.jpg&quot;,&quot;height&quot;:640,&quot;width&quot;:960,&quot;orientation&quot;:&quot;landscape&quot;}}\"><\/span><span><img decoding=\"async\" alt=\"Budapest: St. Stephen's Basilica Entry with Terrace Option\" data-id=\"8251\" width=\"960\" height=\"640\" title=\"Budapest- St. Stephen's Basilica Entry with Terrace Option 4\" src=\"https:\/\/budapesttouristinformation.com\/wp-content\/uploads\/Budapest-St.-Stephens-Basilica-Entry-with-Terrace-Option-4.jpg\" data-src=\"https:\/\/budapesttouristinformation.com\/wp-content\/uploads\/Budapest-St.-Stephens-Basilica-Entry-with-Terrace-Option-4-300x200.jpg\" loading=\"lazy\" data-sizes=\"{&quot;thumbnail&quot;:{&quot;url&quot;:&quot;https:\/\/budapesttouristinformation.com\/wp-content\/uploads\/Budapest-St.-Stephens-Basilica-Entry-with-Terrace-Option-4-150x150.jpg&quot;,&quot;height&quot;:150,&quot;width&quot;:150,&quot;orientation&quot;:&quot;landscape&quot;},&quot;medium&quot;:{&quot;url&quot;:&quot;https:\/\/budapesttouristinformation.com\/wp-content\/uploads\/Budapest-St.-Stephens-Basilica-Entry-with-Terrace-Option-4-300x200.jpg&quot;,&quot;height&quot;:200,&quot;width&quot;:300,&quot;orientation&quot;:&quot;landscape&quot;},&quot;full&quot;:{&quot;url&quot;:&quot;https:\/\/budapesttouristinformation.com\/wp-content\/uploads\/Budapest-St.-Stephens-Basilica-Entry-with-Terrace-Option-4.jpg&quot;,&quot;height&quot;:640,&quot;width&quot;:960,&quot;orientation&quot;:&quot;landscape&quot;}}\"><\/span><\/p>\n<h1 dir=\"ltr\" style=\"\">Budapest: Eintritt in die St. Stephansbasilika mit Terrassenoption<\/h1>\n<h2><a href=\"https:\/\/www.getyourguide.com\/budapest-l29\/budapest-st-stephen-s-basilica-entry-with-terrace-option-t655129\/?partner_id=NO9XIDE&amp;utm_medium=online_publisher&amp;cmp=StStephensBasilicaGttd\" target=\"_blank\" rel=\"nofollow noopener\" style=\"outline: none;\">Reservieren<\/a><\/h2>\n<h1><a href=\"https:\/\/www.getyourguide.com\/budapest-l29\/budapest-st-stephen-s-basilica-entry-with-terrace-option-t655129\/?partner_id=NO9XIDE&amp;utm_medium=online_publisher&amp;cmp=StStephensBasilicaGttd\" target=\"_blank\" rel=\"nofollow noopener\" style=\"outline: none;\">Ab 31\u20ac<\/a><\/h1>\n<p data-pm-slice=\"1 1 []\">Erlebe Budapests Wahrzeichen \u2013 die St.-Stephans-Basilika \u2013 mit reserviertem Eintrittsticket. Entdecke ihre prachtvolle <strong>neoklassizistische Architektur<\/strong>, bestaune wertvolle Reliquien und genie\u00dfe (optional) den Rundumblick von der <strong>Panoramaterrasse<\/strong> der Kuppel.<\/p>\n<ul>\n<li style=\"\"><span>Kein Anstehen an der Kasse<\/span><\/li>\n<li style=\"\"><span>Dauer: 50 Minuten<\/span><\/li>\n<li style=\"\"><span>Jetzt reservieren, sp\u00e4ter zahlen<\/span><\/li>\n<li style=\"\"><span>Kostenlose Stornierung<\/span><\/li>\n<\/ul>\n<h2 data-pm-slice=\"1 1 []\">Inklusive<\/h2>\n<ul>\n<li>                    <span>Eintritt in die Hauptkirche<\/span><\/li>\n<li>                    <span>Zugang zur Schatzkammer und Panoramaterrasse (wenn ausgew\u00e4hlt)<\/span><\/li>\n<\/ul>\n<h2>Nicht Inklusive<\/h2>\n<ul>\n<li style=\"\"><span>F\u00fchrung<\/span><\/li>\n<li style=\"\"><span>Anfahrt zur Basilika<\/span><\/li>\n<\/ul>\n<h2 data-pm-slice=\"1 1 []\">Wichtige Informationen<\/h2>\n<ul>\n<li><span><strong>\u00d6ffnungszeiten Kirche: <\/strong>Mo\u2013Sa: 09:00\u201317:45 Uhr \/\/ So: 13:00\u201317:45 Uhr<\/span><\/li>\n<li><span><strong>Kuppel &amp; Schatzkammer: <\/strong>T\u00e4glich 09:00\u201319:00 Uhr<\/span><\/li>\n<\/ul>\n<h2>Beschreibung:<\/h2>\n<p data-end=\"846\" data-start=\"587\">Entdecke die St.-Stephans-Basilika, gewidmet dem ersten K\u00f6nig Ungarns. Bewundere die kunstvollen Innenr\u00e4ume, sieh die mumifizierte rechte Hand des Heiligen Stephan und w\u00e4hle das Upgrade f\u00fcr einen atemberaubenden Panoramablick \u00fcber Budapest.<\/p>\n<h2>Highlights:<\/h2>\n<ul>\n<li data-pm-slice=\"1 1 []\">Kein Anstehen dank reserviertem Eintritt<\/li>\n<li>Neoklassizistisches Meisterwerk im Herzen Budapests<\/li>\n<li>Reliquie von K\u00f6nig Stephan hautnah erleben<\/li>\n<li>Optionale Schatzkammer- und Dachterrasse-Besichtigung<\/li>\n<li>360\u00b0-Ausblick \u00fcber Budapest (bei Upgrade)<\/li>\n<\/ul>\n<h2 style=\"\">Budapest: Eintritt in die St. Stephansbasilika<\/h2>\n<p data-pm-slice=\"1 1 []\">St.-Stephans-Basilika, Szent Istv\u00e1n t\u00e9r 1, 1051 Budapest, Ungarn<\/p>\n<h2 data-pm-slice=\"1 1 []\" style=\"\">Stornierungsbedingungen<\/h2>\n<p data-pm-slice=\"1 1 []\">Kostenfreie Stornierung bis 24 Stunden vor dem Besuch.<\/p>\n<h2 data-pm-slice=\"1 1 []\">Treffpunkt &amp; Hinweise<\/h2>\n<p data-pm-slice=\"1 1 []\">Voucher (digital oder ausgedruckt) am Ticketschalter Szent Istv\u00e1n t\u00e9r 2 einl\u00f6sen. Zutritt \u00fcber den \u201eOnline-Ticket\u201c-Schalter ohne Wartezeit.<\/p>\n<p><a data-lt-tmp-id=\"lt-618857\" href=\"https:\/\/www.google.com\/maps?q=@47.50014877319336,19.05360984802246\" rel=\"nofollow noopener\" spellcheck=\"false\" target=\"_blank\" style=\"outline: none;\">Mit Maps \u00f6ffnen<\/a><\/p>\n<h2 data-pm-slice=\"1 1 []\">Bewertungen &amp; Bewertung<\/h2>\n<p><strong>4.4\/ 5&nbsp;<\/strong><strong>(2.170 <\/strong><strong>Bewertungen<\/strong><strong>)<\/strong><\/p>\n<p dir=\"ltr\"><em><em>\u201c<\/em><\/em>Wundersch\u00f6n \u2013 innen wie au\u00dfen. Der Ausblick von oben war fantastisch. Wir waren kurz vor 10 Uhr da und hatten das Gl\u00fcck, die Orgel zu h\u00f6ren \u2013 einfach atemberaubend.\u201c Heike, Gro\u00dfbritannien, Nov. 2024 <a href=\"https:\/\/www.getyourguide.com\/budapest-l29\/budapest-st-stephen-s-basilica-entry-with-terrace-option-t655129\/?partner_id=NO9XIDE&amp;utm_medium=online_publisher&amp;cmp=StStephensBasilicaGttd\" target=\"_blank\" rel=\"nofollow noopener\" data-lt-tmp-id=\"lt-269899\" spellcheck=\"false\" style=\"outline: none;\">&gt;&gt; Weitere Bewertungen anzeigen<\/a><\/p>\n<h2 data-pm-slice=\"1 1 []\">Weitere Aktivit\u00e4ten, die Ihnen gefallen k\u00f6nnten<\/h2>\n<p><span><img decoding=\"async\" alt=\"Hungarian Parliament Audio Guided Tour\" data-id=\"8200\" width=\"159\" data-init-width=\"735\" height=\"105\" data-init-height=\"484\" title=\"Hungarian Parliament Audio Guided Tour\" loading=\"lazy\" src=\"https:\/\/budapesttouristinformation.com\/wp-content\/uploads\/Ekran-Resmi-2024-11-28-16.54.10.png\" data-width=\"159\" data-height=\"105\" style=\"aspect-ratio: auto 735 \/ 484;\"><\/span><a href=\"https:\/\/www.headout.com\/r\/most-amazing-placesrecommends-PNwu5\/\" target=\"_blank\" rel=\"nofollow noopener\" style=\"outline: none;\"><\/a><\/p>\n<table>\n<tbody>\n<tr>\n<td><a data-lt-tmp-id=\"lt-867382\" href=\"https:\/\/www.headout.com\/r\/most-amazing-placesrecommends-POJMH\/\" rel=\"nofollow noopener\" spellcheck=\"false\" target=\"_blank\" style=\"outline: none;\">Ungarisches Parlament: gef\u00fchrte Audiotour<\/a><\/td>\n<\/tr>\n<\/tbody>\n<\/table>\n<p>Tauchen Sie ein in die reiche Geschichte Ungarns bei einer 45-min\u00fctigen Audiotour durch das imposante ungarische Parlament \u2013 das gr\u00f6\u00dfte in Europa.<\/p>\n<h3 style=\"\">Gesamtpreis<\/h3>\n<h3 style=\"\">Es erfolgt noch keine Abbuchung<\/h3>\n<p><span>#<\/span><strong><span>2<\/span><\/strong><span><img decoding=\"async\" alt=\"Budapest: Big Bus Hop-On Hop-Off Sightseeing Tour\" data-id=\"8172\" width=\"159\" data-init-width=\"960\" height=\"106\" data-init-height=\"640\" title=\"Budapest: Big Bus Hop-On Hop-Off Sightseeing Tour\" loading=\"lazy\" src=\"https:\/\/budapesttouristinformation.com\/wp-content\/uploads\/Budapest-Hop-on-Hop-off.jpg\" data-width=\"159\" data-height=\"106\" style=\"aspect-ratio: auto 960 \/ 640;\"><\/span><\/p>\n<table>\n<tbody>\n<tr>\n<td><a data-lt-tmp-id=\"lt-163467\" href=\"https:\/\/www.getyourguide.com\/budapest-l29\/hop-on-hop-off-sightseeing-tour-in-budapest-t42526\/?partner_id=NO9XIDE&amp;utm_medium=online_publisher&amp;cmp=BudapestHoponHopoffTicketGttd\" rel=\"nofollow noopener\" spellcheck=\"false\" target=\"_blank\" style=\"outline: none;\">Budapest: Big Bus Hop-On Hop-Off Tour &amp; Donauschifffahrt<\/a><\/td>\n<\/tr>\n<\/tbody>\n<\/table>\n<p data-pm-slice=\"1 1 []\">Entdecken Sie Budapest in Ihrem eigenen Tempo mit einem 1-, 2- oder 3-Tagespass f\u00fcr die Hop-on-Hop-off-Sightseeingbusse mit offenem Oberdeck.<\/p>\n<h3 style=\"\">Gesamtpreis<\/h3>\n<h3 style=\"\">Es erfolgt noch keine Abbuchung<\/h3>\n<p><\/p>\n<h2><a href=\"https:\/\/www.getyourguide.com\/budapest-l29\/budapest-st-stephen-s-basilica-entry-with-terrace-option-t655129\/?partner_id=NO9XIDE&amp;utm_medium=online_publisher&amp;cmp=StStephensBasilicaGttd\" target=\"_blank\" rel=\"nofollow noopener\" style=\"outline: none;\" data-lt-tmp-id=\"lt-708889\" spellcheck=\"false\">Reservieren<\/a><span style=\"font-weight: normal;\"><\/span><\/h2>\n<p><strong style=\"outline: currentcolor;\"><a href=\"https:\/\/www.getyourguide.com\/budapest-l29\/budapest-st-stephen-s-basilica-entry-with-terrace-option-t655129\/?partner_id=NO9XIDE&amp;utm_medium=online_publisher&amp;cmp=StStephensBasilicaGttd\" target=\"_blank\" rel=\"nofollow noopener\" data-lt-tmp-id=\"lt-697306\" spellcheck=\"false\" style=\"outline: none;\">Ab 31\u20ac<\/a><\/strong><\/p>\n<p style=\"\">Ihnen werden noch keine Kosten berechnet<\/p>\n","protected":false},"excerpt":{"rendered":"<p>Budapest: Eintritt in die St. Stephansbasilika mit Terrassenoption Reservieren Ab 31\u20ac Erlebe Budapests Wahrzeichen \u2013 die St.-Stephans-Basilika \u2013 mit reserviertem Eintrittsticket. Entdecke ihre prachtvolle neoklassizistische Architektur, bestaune wertvolle Reliquien und genie\u00dfe (optional) den Rundumblick von der Panoramaterrasse der Kuppel. Kein Anstehen an der Kasse Dauer: 50 Minuten Jetzt reservieren, sp\u00e4ter zahlen Kostenlose Stornierung Inklusive Eintritt [&hellip;]<\/p>\n","protected":false},"author":17,"featured_media":9137,"parent":0,"menu_order":0,"comment_status":"closed","ping_status":"closed","template":"","meta":{"footnotes":""},"categories":[],"tags":[78],"class_list":["post-9328","page","type-page","status-publish","has-post-thumbnail","hentry","tag-sales-page-de","post-wrapper","thrv_wrapper"],"_links":{"self":[{"href":"https:\/\/budapesttouristinformation.com\/de\/wp-json\/wp\/v2\/pages\/9328","targetHints":{"allow":["GET"]}}],"collection":[{"href":"https:\/\/budapesttouristinformation.com\/de\/wp-json\/wp\/v2\/pages"}],"about":[{"href":"https:\/\/budapesttouristinformation.com\/de\/wp-json\/wp\/v2\/types\/page"}],"author":[{"embeddable":true,"href":"https:\/\/budapesttouristinformation.com\/de\/wp-json\/wp\/v2\/users\/17"}],"replies":[{"embeddable":true,"href":"https:\/\/budapesttouristinformation.com\/de\/wp-json\/wp\/v2\/comments?post=9328"}],"version-history":[{"count":13,"href":"https:\/\/budapesttouristinformation.com\/de\/wp-json\/wp\/v2\/pages\/9328\/revisions"}],"predecessor-version":[{"id":10815,"href":"https:\/\/budapesttouristinformation.com\/de\/wp-json\/wp\/v2\/pages\/9328\/revisions\/10815"}],"wp:featuredmedia":[{"embeddable":true,"href":"https:\/\/budapesttouristinformation.com\/de\/wp-json\/wp\/v2\/media\/9137"}],"wp:attachment":[{"href":"https:\/\/budapesttouristinformation.com\/de\/wp-json\/wp\/v2\/media?parent=9328"}],"wp:term":[{"taxonomy":"category","embeddable":true,"href":"https:\/\/budapesttouristinformation.com\/de\/wp-json\/wp\/v2\/categories?post=9328"},{"taxonomy":"post_tag","embeddable":true,"href":"https:\/\/budapesttouristinformation.com\/de\/wp-json\/wp\/v2\/tags?post=9328"}],"curies":[{"name":"wp","href":"https:\/\/api.w.org\/{rel}","templated":true}]}}