{"id":9325,"date":"2025-05-13T08:05:01","date_gmt":"2025-05-13T08:05:01","guid":{"rendered":"https:\/\/budapesttouristinformation.com\/budapest-sparty-late-night-spa-party-ticket"},"modified":"2026-04-27T06:31:22","modified_gmt":"2026-04-27T06:31:22","slug":"sparty-budapest-tickets","status":"publish","type":"page","link":"https:\/\/budapesttouristinformation.com\/de\/sparty-budapest-tickets","title":{"rendered":"Sparty Budapest Tickets: Die ultimative Late-Night Spa Party"},"content":{"rendered":"<p><span><img decoding=\"async\" alt=\"\" data-id=\"8829\" width=\"960\" height=\"640\" title=\"Budapest- Sparty - The Ultimate Late-Night Spa Party Ticket\" src=\"https:\/\/budapesttouristinformation.com\/wp-content\/uploads\/Budapest-Sparty-The-Ultimate-Late-Night-Spa-Party-Ticket-1-1.jpg\" data-src=\"https:\/\/budapesttouristinformation.com\/wp-content\/uploads\/Budapest-Sparty-The-Ultimate-Late-Night-Spa-Party-Ticket-1-1-300x200.jpg\" loading=\"lazy\" data-sizes=\"{&quot;thumbnail&quot;:{&quot;url&quot;:&quot;https:\/\/budapesttouristinformation.com\/wp-content\/uploads\/Budapest-Sparty-The-Ultimate-Late-Night-Spa-Party-Ticket-1-1-150x150.jpg&quot;,&quot;height&quot;:150,&quot;width&quot;:150,&quot;orientation&quot;:&quot;landscape&quot;},&quot;medium&quot;:{&quot;url&quot;:&quot;https:\/\/budapesttouristinformation.com\/wp-content\/uploads\/Budapest-Sparty-The-Ultimate-Late-Night-Spa-Party-Ticket-1-1-300x200.jpg&quot;,&quot;height&quot;:200,&quot;width&quot;:300,&quot;orientation&quot;:&quot;landscape&quot;},&quot;full&quot;:{&quot;url&quot;:&quot;https:\/\/budapesttouristinformation.com\/wp-content\/uploads\/Budapest-Sparty-The-Ultimate-Late-Night-Spa-Party-Ticket-1-1.jpg&quot;,&quot;height&quot;:640,&quot;width&quot;:960,&quot;orientation&quot;:&quot;landscape&quot;}}\"><\/span><span><img decoding=\"async\" alt=\"\" data-id=\"8830\" width=\"960\" height=\"640\" title=\"Budapest- Sparty - The Ultimate Late-Night Spa Party Ticket 2\" src=\"https:\/\/budapesttouristinformation.com\/wp-content\/uploads\/Budapest-Sparty-The-Ultimate-Late-Night-Spa-Party-Ticket-2-1.jpg\" data-src=\"https:\/\/budapesttouristinformation.com\/wp-content\/uploads\/Budapest-Sparty-The-Ultimate-Late-Night-Spa-Party-Ticket-2-1-300x200.jpg\" loading=\"lazy\" data-sizes=\"{&quot;thumbnail&quot;:{&quot;url&quot;:&quot;https:\/\/budapesttouristinformation.com\/wp-content\/uploads\/Budapest-Sparty-The-Ultimate-Late-Night-Spa-Party-Ticket-2-1-150x150.jpg&quot;,&quot;height&quot;:150,&quot;width&quot;:150,&quot;orientation&quot;:&quot;landscape&quot;},&quot;medium&quot;:{&quot;url&quot;:&quot;https:\/\/budapesttouristinformation.com\/wp-content\/uploads\/Budapest-Sparty-The-Ultimate-Late-Night-Spa-Party-Ticket-2-1-300x200.jpg&quot;,&quot;height&quot;:200,&quot;width&quot;:300,&quot;orientation&quot;:&quot;landscape&quot;},&quot;full&quot;:{&quot;url&quot;:&quot;https:\/\/budapesttouristinformation.com\/wp-content\/uploads\/Budapest-Sparty-The-Ultimate-Late-Night-Spa-Party-Ticket-2-1.jpg&quot;,&quot;height&quot;:640,&quot;width&quot;:960,&quot;orientation&quot;:&quot;landscape&quot;}}\"><\/span><span><img decoding=\"async\" alt=\"\" data-id=\"8831\" width=\"960\" height=\"639\" title=\"Budapest- Sparty - The Ultimate Late-Night Spa Party Ticket 3\" src=\"https:\/\/budapesttouristinformation.com\/wp-content\/uploads\/Budapest-Sparty-The-Ultimate-Late-Night-Spa-Party-Ticket-3-1.jpg\" data-src=\"https:\/\/budapesttouristinformation.com\/wp-content\/uploads\/Budapest-Sparty-The-Ultimate-Late-Night-Spa-Party-Ticket-3-1-300x200.jpg\" loading=\"lazy\" data-sizes=\"{&quot;thumbnail&quot;:{&quot;url&quot;:&quot;https:\/\/budapesttouristinformation.com\/wp-content\/uploads\/Budapest-Sparty-The-Ultimate-Late-Night-Spa-Party-Ticket-3-1-150x150.jpg&quot;,&quot;height&quot;:150,&quot;width&quot;:150,&quot;orientation&quot;:&quot;landscape&quot;},&quot;medium&quot;:{&quot;url&quot;:&quot;https:\/\/budapesttouristinformation.com\/wp-content\/uploads\/Budapest-Sparty-The-Ultimate-Late-Night-Spa-Party-Ticket-3-1-300x200.jpg&quot;,&quot;height&quot;:200,&quot;width&quot;:300,&quot;orientation&quot;:&quot;landscape&quot;},&quot;full&quot;:{&quot;url&quot;:&quot;https:\/\/budapesttouristinformation.com\/wp-content\/uploads\/Budapest-Sparty-The-Ultimate-Late-Night-Spa-Party-Ticket-3-1.jpg&quot;,&quot;height&quot;:639,&quot;width&quot;:960,&quot;orientation&quot;:&quot;landscape&quot;}}\"><\/span><span><img decoding=\"async\" alt=\"\" data-id=\"8832\" width=\"960\" height=\"640\" title=\"Budapest- Sparty - The Ultimate Late-Night Spa Party Ticket 4\" src=\"https:\/\/budapesttouristinformation.com\/wp-content\/uploads\/Budapest-Sparty-The-Ultimate-Late-Night-Spa-Party-Ticket-4-1.jpg\" data-src=\"https:\/\/budapesttouristinformation.com\/wp-content\/uploads\/Budapest-Sparty-The-Ultimate-Late-Night-Spa-Party-Ticket-4-1-300x200.jpg\" loading=\"lazy\" data-sizes=\"{&quot;thumbnail&quot;:{&quot;url&quot;:&quot;https:\/\/budapesttouristinformation.com\/wp-content\/uploads\/Budapest-Sparty-The-Ultimate-Late-Night-Spa-Party-Ticket-4-1-150x150.jpg&quot;,&quot;height&quot;:150,&quot;width&quot;:150,&quot;orientation&quot;:&quot;landscape&quot;},&quot;medium&quot;:{&quot;url&quot;:&quot;https:\/\/budapesttouristinformation.com\/wp-content\/uploads\/Budapest-Sparty-The-Ultimate-Late-Night-Spa-Party-Ticket-4-1-300x200.jpg&quot;,&quot;height&quot;:200,&quot;width&quot;:300,&quot;orientation&quot;:&quot;landscape&quot;},&quot;full&quot;:{&quot;url&quot;:&quot;https:\/\/budapesttouristinformation.com\/wp-content\/uploads\/Budapest-Sparty-The-Ultimate-Late-Night-Spa-Party-Ticket-4-1.jpg&quot;,&quot;height&quot;:640,&quot;width&quot;:960,&quot;orientation&quot;:&quot;landscape&quot;}}\"><\/span><\/p>\n<h1 dir=\"ltr\" style=\"\">Budapest: Sparty &#8211; Das ultimative Late-Night Spa Party Ticket<\/h1>\n<h2><a href=\"https:\/\/www.getyourguide.com\/budapest-l29\/budapest-the-ultimate-late-night-spa-party-ticket-t386559\/?partner_id=NO9XIDE&amp;utm_medium=online_publisher&amp;cmp=BudapestSpartyUltimateLateNightSpaSP\" target=\"_blank\" rel=\"nofollow noopener\" style=\"outline: none;\">Reservieren<\/a><\/h2>\n<h1><a href=\"https:\/\/www.getyourguide.com\/budapest-l29\/budapest-the-ultimate-late-night-spa-party-ticket-t386559\/?partner_id=NO9XIDE&amp;utm_medium=online_publisher&amp;cmp=BudapestSpartyUltimateLateNightSpaSP\" target=\"_blank\" rel=\"nofollow noopener\" style=\"outline: none;\">Ab 68\u20ac<\/a><\/h1>\n<p data-end=\"286\" data-is-last-node=\"\" data-is-only-node=\"\" data-start=\"0\">Erleben Sie eine unvergessliche Nacht im legend\u00e4ren <strong data-end=\"76\" data-start=\"52\">Sz\u00e9chenyi Thermalbad<\/strong> bei der <strong data-end=\"95\" data-start=\"85\">Sparty<\/strong> \u2013 der einzigartigen Spa-Party, die entspannende Thermalb\u00e4der mit mitrei\u00dfenden Beats vereint. W\u00e4hlen Sie Ihr passendes Ticket und tauchen Sie ein in Ungarns ber\u00fchmte Badekultur wie nie zuvor.<\/p>\n<ul>\n<li style=\"\"><span>G\u00fcltigkeit 1 Tag<\/span><\/li>\n<li style=\"\"><span>Stornierungsbedingungen<\/span><\/li>\n<\/ul>\n<h2 data-pm-slice=\"1 1 []\">Inklusive<\/h2>\n<ul>\n<li>                    <span>Eintritt zur Sz\u00e9chenyi Spa Party (Sparty)<\/span><\/li>\n<li>                    <span>Schlie\u00dffachnutzung f\u00fcr pers\u00f6nliche Gegenst\u00e4nde<\/span><\/li>\n<li>                    <span>Getr\u00e4nkegutscheine (bei Premium-Tickets)<\/span><\/li>\n<\/ul>\n<h2>Nicht Inklusive<\/h2>\n<ul>\n<li style=\"\"><span>Weitere Getr\u00e4nke, die nicht im Ticket enthalten sind<\/span><\/li>\n<li style=\"\"><span>Handt\u00fccher, Flip-Flops oder Badeschlappen<\/span><\/li>\n<\/ul>\n<h2 data-pm-slice=\"1 1 []\">Wichtige Informationen:<\/h2>\n<ul>\n<li><span><strong>Ausweispflicht: <\/strong>G\u00fcltiger Reisepass oder Personalausweis erforderlich<\/span><\/li>\n<li><span><strong>Dresscode: <\/strong>Badebekleidung und Badeschlappen sind Pflicht<\/span><\/li>\n<li><span><strong>Umweltfreundlich: <\/strong>Getr\u00e4nke werden in wiederverwendbaren Sparty Cups serviert (Pfand: 700 HUF, teilweise R\u00fcckerstattung bei R\u00fcckgabe)<\/span><\/li>\n<li><span><strong>Veranstaltungszeiten: <\/strong>21:30 Uhr bis 2:00 Uhr, letzter Einlass um 1:00 Uhr<\/span><\/li>\n<li><span><strong>Altersbeschr\u00e4nkung: <\/strong>Zutritt nur ab 18 Jahren; f\u00fcr Schwangere nicht geeignet<\/span><\/li>\n<li><span><strong>Zahlung: <\/strong>An den Bars wird ausschlie\u00dflich die SpartyPay Card akzeptiert (Erstaufladung: 20.000 HUF inkl. 3.000 HUF Pfand)<\/span><\/li>\n<\/ul>\n<h2 data-pm-slice=\"1 1 []\">Beschreibung:<\/h2>\n<p data-pm-slice=\"1 1 []\">Bereit f\u00fcr eine Nacht voller Energie und Entspannung? Bei der Sparty im Sz\u00e9chenyi Thermalbad verschmelzen hei\u00dfe Thermalquellen mit pulsierenden Beats und spektakul\u00e4ren Lichteffekten. Tauchen Sie ein, tanzen Sie im warmen Wasser und genie\u00dfen Sie Drinks \u2013 dieses einzigartige Erlebnis pr\u00e4gt die legend\u00e4re Partyszene Budapests. W\u00e4hlen Sie Ihr Wunschticket und erleben Sie einen unvergesslichen Abend voller Wellness und Nachtleben.<\/p>\n<h2>Highlights:<\/h2>\n<ul>\n<li data-pm-slice=\"1 1 []\">Feiern Sie unter freiem Himmel im gr\u00f6\u00dften und bekanntesten Thermalbad Ungarns<\/li>\n<li>Tanzen Sie in dampfenden Pools mit angenehmen 34\u201338 \u00b0C<\/li>\n<li>W\u00e4hlen Sie flexible Ticketoptionen f\u00fcr Ihr individuelles Partyerlebnis<\/li>\n<li>Genie\u00dfen Sie Drinks, Musik, Lichteffekte und eine lebendige, internationale Stimmung<\/li>\n<li>Erleben Sie eine einzigartige Mischung aus ungarischer Badekultur und Party<\/li>\n<\/ul>\n<h2>The Sz\u00e9chenyi Spa<\/h2>\n<p data-pm-slice=\"1 1 []\">Budapest, \u00c1llatkerti k\u00f6r\u00fat 9\u201311, 1146 Ungarn.<\/p>\n<h2>Stornierung<\/h2>\n<p data-pm-slice=\"1 1 []\">Diese Aktivit\u00e4t ist nicht erstattungsf\u00e4hig.<\/p>\n<h2 data-pm-slice=\"1 1 []\">Treffpunkt &amp; Hinweise:<\/h2>\n<p data-pm-slice=\"1 1 []\">Treffpunkt ist direkt am Veranstaltungsort. Die Anreise erfolgt individuell.<\/p>\n<p><a data-lt-tmp-id=\"lt-618857\" href=\"https:\/\/www.google.com\/maps\/place\/47%C2%B031&#039;07.2%22N+19%C2%B004&#039;56.6%22E\/@47.5186703,19.079814,17z\/data=!3m1!4b1!4m4!3m3!8m2!3d47.5186667!4d19.0823889?entry=ttu&amp;g_ep=EgoyMDI1MDUwNy4wIKXMDSoJLDEwMjExNDUzSAFQAw%3D%3D\" rel=\"nofollow noopener\" spellcheck=\"false\" target=\"_blank\" style=\"outline: none;\">Mit Maps \u00f6ffnen<\/a><\/p>\n<h2 data-pm-slice=\"1 1 []\">Bewertungen &amp; Erfahrungen:<\/h2>\n<p><strong>4.9 \/ 5&nbsp;<\/strong><strong>(1.142 <\/strong><strong>Bewertungen<\/strong><strong>)<\/strong><\/p>\n<p dir=\"ltr\"><em><em>\u201c<\/em><\/em>Es war eine \u00fcberraschend tolle Erfahrung \u2013 definitiv einen Besuch wert. Auch die Organisation war super!\u201c Martin, D\u00e4nemark, Dez. 2024 [Quelle: GetYourGuide]<em><\/em> <a href=\"https:\/\/www.getyourguide.com\/budapest-l29\/budapest-the-ultimate-late-night-spa-party-ticket-t386559\/?partner_id=NO9XIDE&amp;utm_medium=online_publisher&amp;cmp=BudapestSpartyUltimateLateNightSpaSP\" target=\"_blank\" rel=\"nofollow noopener\" data-lt-tmp-id=\"lt-269899\" spellcheck=\"false\" style=\"outline: none;\">&gt;&gt; Weitere Bewertungen anzeigen<\/a><\/p>\n<h2 data-pm-slice=\"1 1 []\">Weitere Aktivit\u00e4ten, die Sie interessieren k\u00f6nnten:<\/h2>\n<p><span><img decoding=\"async\" alt=\"Hungarian Parliament Audio Guided Tour\" data-id=\"8200\" width=\"159\" data-init-width=\"735\" height=\"105\" data-init-height=\"484\" title=\"Hungarian Parliament Audio Guided Tour\" loading=\"lazy\" src=\"https:\/\/budapesttouristinformation.com\/wp-content\/uploads\/Ekran-Resmi-2024-11-28-16.54.10.png\" data-width=\"159\" data-height=\"105\" style=\"aspect-ratio: auto 735 \/ 484;\"><\/span><a href=\"https:\/\/www.headout.com\/r\/most-amazing-placesrecommends-PNwu5\/\" target=\"_blank\" rel=\"nofollow noopener\" style=\"outline: none;\"><\/a><\/p>\n<table>\n<tbody>\n<tr>\n<td><a data-lt-tmp-id=\"lt-867382\" href=\"https:\/\/www.headout.com\/r\/most-amazing-placesrecommends-POJMH\/\" rel=\"nofollow noopener\" spellcheck=\"false\" target=\"_blank\" style=\"outline: none;\">Ungarisches Parlament: gef\u00fchrte Audiotour<\/a><\/td>\n<\/tr>\n<\/tbody>\n<\/table>\n<p>Entdecken Sie das gr\u00f6\u00dfte Parlamentsgeb\u00e4ude Europas, bestaunen Sie die ungarischen Kronjuwelen und tauchen Sie bei dieser spannenden F\u00fchrung in die bewegte Geschichte Budapests ein.<\/p>\n<h3 style=\"\">Gesamtpreis<\/h3>\n<h3 style=\"\">Es erfolgt noch keine Abbuchung<\/h3>\n<p><span>#<\/span><strong><span>2<\/span><\/strong><span><img decoding=\"async\" alt=\"Budapest: Big Bus Hop-On Hop-Off Sightseeing Tour\" data-id=\"8172\" width=\"159\" data-init-width=\"960\" height=\"106\" data-init-height=\"640\" title=\"Budapest: Big Bus Hop-On Hop-Off Sightseeing Tour\" loading=\"lazy\" src=\"https:\/\/budapesttouristinformation.com\/wp-content\/uploads\/Budapest-Hop-on-Hop-off.jpg\" data-width=\"159\" data-height=\"106\" style=\"aspect-ratio: auto 960 \/ 640;\"><\/span><\/p>\n<table>\n<tbody>\n<tr>\n<td><a data-lt-tmp-id=\"lt-163467\" href=\"https:\/\/www.getyourguide.com\/budapest-l29\/hop-on-hop-off-sightseeing-tour-in-budapest-t42526\/?partner_id=NO9XIDE&amp;utm_medium=online_publisher&amp;cmp=BudapestHoponHopoffTicketGttd\" rel=\"nofollow noopener\" spellcheck=\"false\" target=\"_blank\" style=\"outline: none;\">Budapest: Big Bus Hop-On Hop-Off Tour &amp; Donauschifffahrt<\/a><\/td>\n<\/tr>\n<\/tbody>\n<\/table>\n<p>Entdecke Budapest ganz entspannt mit einem 1-, 2- oder 3-Tagespass f\u00fcr den offenen Hop-On-Hop-Off-Sightseeing-Bus.<\/p>\n<h3 style=\"\">Gesamtpreis<\/h3>\n<h3 style=\"\">Es erfolgt noch keine Abbuchung<\/h3>\n<p><\/p>\n<h2><a href=\"https:\/\/www.getyourguide.com\/budapest-l29\/budapest-the-ultimate-late-night-spa-party-ticket-t386559\/?partner_id=NO9XIDE&amp;utm_medium=online_publisher&amp;cmp=BudapestSpartyUltimateLateNightSpaSP\" target=\"_blank\" rel=\"nofollow noopener\" style=\"outline: none;\" data-lt-tmp-id=\"lt-708889\" spellcheck=\"false\">Reservieren<\/a><span style=\"font-weight: normal;\"><\/span><\/h2>\n<p><strong style=\"outline: currentcolor;\"><a href=\"https:\/\/www.getyourguide.com\/budapest-l29\/budapest-the-ultimate-late-night-spa-party-ticket-t386559\/?partner_id=NO9XIDE&amp;utm_medium=online_publisher&amp;cmp=BudapestSpartyUltimateLateNightSpaSP\" target=\"_blank\" rel=\"nofollow noopener\" data-lt-tmp-id=\"lt-697306\" spellcheck=\"false\" style=\"outline: none;\">Ab 68\u20ac<\/a><\/strong><\/p>\n<p style=\"\">Ihnen werden noch keine Kosten berechnet<\/p>\n","protected":false},"excerpt":{"rendered":"<p>Budapest: Sparty &#8211; Das ultimative Late-Night Spa Party Ticket Reservieren Ab 68\u20ac Erleben Sie eine unvergessliche Nacht im legend\u00e4ren Sz\u00e9chenyi Thermalbad bei der Sparty \u2013 der einzigartigen Spa-Party, die entspannende Thermalb\u00e4der mit mitrei\u00dfenden Beats vereint. W\u00e4hlen Sie Ihr passendes Ticket und tauchen Sie ein in Ungarns ber\u00fchmte Badekultur wie nie zuvor. G\u00fcltigkeit 1 Tag Stornierungsbedingungen [&hellip;]<\/p>\n","protected":false},"author":17,"featured_media":9214,"parent":0,"menu_order":0,"comment_status":"closed","ping_status":"closed","template":"","meta":{"footnotes":""},"categories":[],"tags":[78],"class_list":["post-9325","page","type-page","status-publish","has-post-thumbnail","hentry","tag-sales-page-de","post-wrapper","thrv_wrapper"],"_links":{"self":[{"href":"https:\/\/budapesttouristinformation.com\/de\/wp-json\/wp\/v2\/pages\/9325","targetHints":{"allow":["GET"]}}],"collection":[{"href":"https:\/\/budapesttouristinformation.com\/de\/wp-json\/wp\/v2\/pages"}],"about":[{"href":"https:\/\/budapesttouristinformation.com\/de\/wp-json\/wp\/v2\/types\/page"}],"author":[{"embeddable":true,"href":"https:\/\/budapesttouristinformation.com\/de\/wp-json\/wp\/v2\/users\/17"}],"replies":[{"embeddable":true,"href":"https:\/\/budapesttouristinformation.com\/de\/wp-json\/wp\/v2\/comments?post=9325"}],"version-history":[{"count":11,"href":"https:\/\/budapesttouristinformation.com\/de\/wp-json\/wp\/v2\/pages\/9325\/revisions"}],"predecessor-version":[{"id":10639,"href":"https:\/\/budapesttouristinformation.com\/de\/wp-json\/wp\/v2\/pages\/9325\/revisions\/10639"}],"wp:featuredmedia":[{"embeddable":true,"href":"https:\/\/budapesttouristinformation.com\/de\/wp-json\/wp\/v2\/media\/9214"}],"wp:attachment":[{"href":"https:\/\/budapesttouristinformation.com\/de\/wp-json\/wp\/v2\/media?parent=9325"}],"wp:term":[{"taxonomy":"category","embeddable":true,"href":"https:\/\/budapesttouristinformation.com\/de\/wp-json\/wp\/v2\/categories?post=9325"},{"taxonomy":"post_tag","embeddable":true,"href":"https:\/\/budapesttouristinformation.com\/de\/wp-json\/wp\/v2\/tags?post=9325"}],"curies":[{"name":"wp","href":"https:\/\/api.w.org\/{rel}","templated":true}]}}