{"id":9322,"date":"2024-11-28T11:21:56","date_gmt":"2024-11-28T11:21:56","guid":{"rendered":"https:\/\/budapesttouristinformation.com\/budapest-rudas-spa-ticket"},"modified":"2026-04-27T06:17:26","modified_gmt":"2026-04-27T06:17:26","slug":"tickets-fur-rudas-bad","status":"publish","type":"page","link":"https:\/\/budapesttouristinformation.com\/de\/tickets-fur-rudas-bad","title":{"rendered":"Tickets f\u00fcr Rudas Bad: Ganzt\u00e4giger Eintritt"},"content":{"rendered":"<p><span><img decoding=\"async\" alt=\"Budapest: Rudas Spa Wellness and Dining Experience\" data-id=\"8165\" width=\"960\" height=\"640\" title=\"Budapest- Rudas Spa Wellness and Dining Experience\" src=\"https:\/\/budapesttouristinformation.com\/wp-content\/uploads\/Budapest-Rudas-Spa-Wellness-and-Dining-Experience-1-1.jpg\" data-src=\"https:\/\/budapesttouristinformation.com\/wp-content\/uploads\/Budapest-Rudas-Spa-Wellness-and-Dining-Experience-1-1-300x200.jpg\" loading=\"lazy\" data-sizes=\"{&quot;thumbnail&quot;:{&quot;url&quot;:&quot;https:\/\/budapesttouristinformation.com\/wp-content\/uploads\/Budapest-Rudas-Spa-Wellness-and-Dining-Experience-1-1-150x150.jpg&quot;,&quot;height&quot;:150,&quot;width&quot;:150,&quot;orientation&quot;:&quot;landscape&quot;},&quot;medium&quot;:{&quot;url&quot;:&quot;https:\/\/budapesttouristinformation.com\/wp-content\/uploads\/Budapest-Rudas-Spa-Wellness-and-Dining-Experience-1-1-300x200.jpg&quot;,&quot;height&quot;:200,&quot;width&quot;:300,&quot;orientation&quot;:&quot;landscape&quot;},&quot;full&quot;:{&quot;url&quot;:&quot;https:\/\/budapesttouristinformation.com\/wp-content\/uploads\/Budapest-Rudas-Spa-Wellness-and-Dining-Experience-1-1.jpg&quot;,&quot;height&quot;:640,&quot;width&quot;:960,&quot;orientation&quot;:&quot;landscape&quot;}}\"><\/span><span><img decoding=\"async\" alt=\"Budapest: Rudas Spa Wellness and Dining Experience\" data-id=\"8166\" width=\"960\" height=\"640\" title=\"Budapest- Rudas Spa Wellness and Dining Experience 2\" src=\"https:\/\/budapesttouristinformation.com\/wp-content\/uploads\/Budapest-Rudas-Spa-Wellness-and-Dining-Experience-2.jpg\" data-src=\"https:\/\/budapesttouristinformation.com\/wp-content\/uploads\/Budapest-Rudas-Spa-Wellness-and-Dining-Experience-2-300x200.jpg\" loading=\"lazy\" data-sizes=\"{&quot;thumbnail&quot;:{&quot;url&quot;:&quot;https:\/\/budapesttouristinformation.com\/wp-content\/uploads\/Budapest-Rudas-Spa-Wellness-and-Dining-Experience-2-150x150.jpg&quot;,&quot;height&quot;:150,&quot;width&quot;:150,&quot;orientation&quot;:&quot;landscape&quot;},&quot;medium&quot;:{&quot;url&quot;:&quot;https:\/\/budapesttouristinformation.com\/wp-content\/uploads\/Budapest-Rudas-Spa-Wellness-and-Dining-Experience-2-300x200.jpg&quot;,&quot;height&quot;:200,&quot;width&quot;:300,&quot;orientation&quot;:&quot;landscape&quot;},&quot;full&quot;:{&quot;url&quot;:&quot;https:\/\/budapesttouristinformation.com\/wp-content\/uploads\/Budapest-Rudas-Spa-Wellness-and-Dining-Experience-2.jpg&quot;,&quot;height&quot;:640,&quot;width&quot;:960,&quot;orientation&quot;:&quot;landscape&quot;}}\"><\/span><span><img decoding=\"async\" alt=\"Budapest: Rudas Spa Wellness and Dining Experience\" data-id=\"8167\" width=\"960\" height=\"640\" title=\"Budapest- Rudas Spa Wellness and Dining Experience 3\" src=\"https:\/\/budapesttouristinformation.com\/wp-content\/uploads\/Budapest-Rudas-Spa-Wellness-and-Dining-Experience-3.jpg\" data-src=\"https:\/\/budapesttouristinformation.com\/wp-content\/uploads\/Budapest-Rudas-Spa-Wellness-and-Dining-Experience-3-300x200.jpg\" loading=\"lazy\" data-sizes=\"{&quot;thumbnail&quot;:{&quot;url&quot;:&quot;https:\/\/budapesttouristinformation.com\/wp-content\/uploads\/Budapest-Rudas-Spa-Wellness-and-Dining-Experience-3-150x150.jpg&quot;,&quot;height&quot;:150,&quot;width&quot;:150,&quot;orientation&quot;:&quot;landscape&quot;},&quot;medium&quot;:{&quot;url&quot;:&quot;https:\/\/budapesttouristinformation.com\/wp-content\/uploads\/Budapest-Rudas-Spa-Wellness-and-Dining-Experience-3-300x200.jpg&quot;,&quot;height&quot;:200,&quot;width&quot;:300,&quot;orientation&quot;:&quot;landscape&quot;},&quot;full&quot;:{&quot;url&quot;:&quot;https:\/\/budapesttouristinformation.com\/wp-content\/uploads\/Budapest-Rudas-Spa-Wellness-and-Dining-Experience-3.jpg&quot;,&quot;height&quot;:640,&quot;width&quot;:960,&quot;orientation&quot;:&quot;landscape&quot;}}\"><\/span><\/p>\n<h1 dir=\"ltr\" style=\"\">Budapest: Rudas T\u00fcrkisches Bad oder Spa-Tagespass &amp; 3-G\u00e4nge-Men\u00fc<\/h1>\n<h2><a href=\"https:\/\/www.getyourguide.com\/s?partner_id=NO9XIDE&amp;utm_medium=online_publisher&amp;cmp=BudapestTIDERudasSpaSPYeni&amp;et=233617&amp;lc=29\" target=\"_blank\" rel=\"nofollow noopener\" style=\"outline: none;\">Reservieren<\/a><\/h2>\n<h1><a href=\"https:\/\/www.getyourguide.com\/s?partner_id=NO9XIDE&amp;utm_medium=online_publisher&amp;cmp=BudapestTIDERudasSpaSPYeni&amp;et=233617&amp;lc=29\" target=\"_blank\" rel=\"nofollow noopener\" style=\"outline: none;\">Ab 70\u20ac<\/a><\/h1>\n<p data-pm-slice=\"1 1 []\">Entspannen Sie im <strong>historischen Rudas-Thermalbad<\/strong> in Budapest bei einem ganzt\u00e4gigen <strong>Spa-Erlebnis<\/strong> und genie\u00dfen Sie anschlie\u00dfend ein stilvolles <strong>3-G\u00e4nge-Men\u00fc im Rudas Bistro<\/strong>. Baden Sie in wohltuendem Thermalwasser, erleben Sie den Blick von der Dachterrasse und speisen Sie mit Aussicht auf die Donau.<\/p>\n<ul>\n<li style=\"\"><span>Jetzt reservieren, sp\u00e4ter zahlen<\/span><\/li>\n<li style=\"\"><span>G\u00fcltigkeit 1 Tag<\/span><\/li>\n<li style=\"\"><span>Gastgeber oder Empfangsperson<\/span><\/li>\n<li><span>Kostenlose Stornierung<\/span><\/li>\n<\/ul>\n<h2 data-pm-slice=\"1 1 []\">Inklusive<\/h2>\n<ul>\n<li style=\"\">                    <span>Ganzt\u00e4giger Zugang zum Rudas-Thermalbad (Wellness- oder T\u00fcrkisches Bad, je nach gew\u00e4hlter Option)<\/span><\/li>\n<li style=\"\">                    <span>Eintritt in das T\u00fcrkische Bad (falls ausgew\u00e4hlt)<\/span><\/li>\n<li style=\"\">                    <span>3-G\u00e4nge-Men\u00fc \u00e0 la carte oder als Chef\u2019s Menu<\/span><\/li>\n<li><span>Getr\u00e4nkeoption (Kaffee, Limonade, Wein oder Champagner, je nach Auswahl)<\/span><\/li>\n<\/ul>\n<h2 data-pm-slice=\"1 1 []\">Nicht Inklusive<\/h2>\n<ul>\n<li style=\"\"><span>Flip-Flops oder Hausschuhe (vor Ort erh\u00e4ltlich; keine Vermietung)<\/span><\/li>\n<li style=\"\"><span>Zus\u00e4tzliche Getr\u00e4nke oder Extras, die nicht in der gew\u00e4hlten Option enthalten sind<\/span><\/li>\n<li style=\"\"><span>Handt\u00fccher und Badem\u00e4ntel<\/span><\/li>\n<\/ul>\n<h2 data-pm-slice=\"1 1 []\">Wichtige Informationen:<\/h2>\n<ul>\n<li style=\"\"><span>Kinder unter 14 Jahren haben keinen Zutritt zum Spa<\/span><\/li>\n<li><span><strong>\u00d6ffnungszeiten des Spas<\/strong>: 11:00 \u2013 20:00 Uhr<\/span><\/li>\n<li><span>Zugang zum Wellnessbereich und T\u00fcrkischen Bad variiert je nach Wochentag<\/span><\/li>\n<li><span>Die gew\u00e4hlte Essenszeit dient ausschlie\u00dflich der Tischreservierung<\/span><\/li>\n<li><span>Baden ist vor oder nach dem Essen m\u00f6glich<\/span><\/li>\n<li><span>Haustiere sind nicht erlaubt<\/span><\/li>\n<\/ul>\n<h2 data-pm-slice=\"1 1 []\">Beschreibung<\/h2>\n<p data-pm-slice=\"1 1 []\">Entspannen Sie im legend\u00e4ren, \u00fcber 450 Jahre alten Rudas-Thermalbad, wo Geschichte auf moderne Wellness trifft. Genie\u00dfen Sie wohltuende Thermalbecken, Saunen und einen beeindruckenden Panoramablick von der Dachterrasse \u00fcber die Donau. Kr\u00f6nen Sie Ihren Aufenthalt mit einem sorgf\u00e4ltig zubereiteten 3-G\u00e4nge-Men\u00fc im Rudas Bistro, das zeitgen\u00f6ssische ungarische Aromen mit spektakul\u00e4ren Ausblicken auf die Stadt verbindet \u2013 f\u00fcr ein unvergessliches Budapest-Erlebnis.<\/p>\n<h2>Highlights:<\/h2>\n<ul>\n<li data-pm-slice=\"1 1 []\">Ganzt\u00e4gige Erholung in einem der bekanntesten Thermalb\u00e4der Budapests<\/li>\n<li>Optionaler Zugang zum historischen T\u00fcrkischen Bad<\/li>\n<li>Panorama-Dachpool mit Blick auf die Donau<\/li>\n<li>Wellnessbereich mit Saunen sowie Warm- und Kaltwasserbecken<\/li>\n<li>Reserviertes 3-G\u00e4nge-Men\u00fc im Rudas Bistro mit Blick auf die Stadt<\/li>\n<\/ul>\n<h2>Thermalbad Rudas<\/h2>\n<p dir=\"ltr\">Rudas Baths, D\u00f6brentei t\u00e9r 9, Budapest<\/p>\n<h2>Stornierungsfrist<\/h2>\n<p data-pm-slice=\"1 1 []\">Sie k\u00f6nnen Ihre Buchung bis zu 24 Stunden vor der geplanten Zeit stornieren und erhalten eine vollst\u00e4ndige R\u00fcckerstattung.<\/p>\n<h2 data-pm-slice=\"1 1 []\">Treffpunkt &amp; Hinweise<\/h2>\n<p data-pm-slice=\"1 1 []\">Das Rudas-Thermalbad befindet sich am D\u00f6brentei t\u00e9r 9 in Budapest. Bitte zeigen Sie Ihr Ticket zusammen mit einem g\u00fcltigen Lichtbildausweis am Eingang des Rudas-Bads vor.<\/p>\n<p><a data-lt-tmp-id=\"lt-618857\" href=\"https:\/\/www.google.com\/maps\/place\/Rudas-Bad\/@47.4890955,19.0452612,16z\/data=!4m16!1m8!3m7!1s0x4741dc48793a07bf:0xe30c631dc2a0f87a!2sRudas-Bad!8m2!3d47.4890919!4d19.0478361!10e8!16zL20vMGJiMXNt!3m6!1s0x4741dc48793a07bf:0xe30c631dc2a0f87a!8m2!3d47.4890919!4d19.0478361!10e8!16zL20vMGJiMXNt?hl=de&amp;entry=ttu&amp;g_ep=EgoyMDI1MDEwMS4wIKXMDSoASAFQAw%3D%3D\" rel=\"nofollow noopener\" spellcheck=\"false\" target=\"_blank\" style=\"outline: none;\">Mit Maps \u00f6ffnen<\/a><\/p>\n<h2 data-pm-slice=\"1 1 []\">Bewertungen &amp; Erfahrungen<\/h2>\n<p><strong>4.2\/ 5&nbsp;<\/strong><strong>(713 <\/strong><strong>Bewertungen<\/strong><strong>)<\/strong><\/p>\n<p dir=\"ltr\"><em><em>\u201c<\/em><\/em>Wirklich sch\u00f6nes Spa, nicht \u00fcberf\u00fcllt und mit vielen Einrichtungen. Auch unser Essen war sehr lecker, und das Personal war freundlich.\u201c Jennifer, UK, Juni 2024&nbsp;<em><\/em><a href=\"https:\/\/www.getyourguide.com\/s?partner_id=NO9XIDE&amp;utm_medium=online_publisher&amp;cmp=BudapestTIDERudasSpaSPYeni&amp;et=233617&amp;lc=29\" target=\"_blank\" rel=\"nofollow noopener\" data-lt-tmp-id=\"lt-269899\" spellcheck=\"false\" style=\"outline: none;\">&gt;&gt; Weitere Bewertungen anzeigen<\/a><\/p>\n<h2 data-pm-slice=\"1 1 []\">Weitere Aktivit\u00e4ten, die Sie interessieren k\u00f6nnten:<\/h2>\n<p><span><img decoding=\"async\" alt=\"Budapest: Rudas Spa Wellness and Dining Experience\" data-id=\"8168\" width=\"159\" data-init-width=\"960\" height=\"106\" data-init-height=\"640\" title=\"Budapest- Rudas Spa Wellness and Dining Experience 4\" loading=\"lazy\" src=\"https:\/\/budapesttouristinformation.com\/wp-content\/uploads\/Budapest-Rudas-Spa-Wellness-and-Dining-Experience-4.jpg\" data-width=\"159\" data-height=\"106\" style=\"aspect-ratio: auto 960 \/ 640;\"><\/span><\/p>\n<table>\n<tbody>\n<tr>\n<td><a data-lt-tmp-id=\"lt-867382\" href=\"https:\/\/www.getyourguide.com\/budapest-l29\/budapest-rudas-spa-wellness-and-dining-experience-t233617\/?partner_id=NO9XIDE&amp;utm_medium=online_publisher&amp;cmp=RudasBadTicketGttd\" rel=\"nofollow noopener\" spellcheck=\"false\" target=\"_blank\" style=\"outline: none;\">Budapest: Rudas Spa Eintritt mit 3-G\u00e4nge-Men\u00fc<\/a><\/td>\n<\/tr>\n<\/tbody>\n<\/table>\n<p data-pm-slice=\"1 1 []\">Unwind at Budapest&#8217;s Rudas Spa with rejuvenating wellness treatments and a delightful dining experience overlooking the city.<\/p>\n<h3 style=\"\">Gesamtpreis<\/h3>\n<h3 style=\"\">Es erfolgt noch keine Abbuchung<\/h3>\n<p><span>#<\/span><strong><span>2<\/span><\/strong><span><img decoding=\"async\" alt=\"Budapest: Big Bus Hop-On Hop-Off Sightseeing Tour\" data-id=\"8172\" width=\"159\" data-init-width=\"960\" height=\"106\" data-init-height=\"640\" title=\"Budapest: Big Bus Hop-On Hop-Off Sightseeing Tour\" loading=\"lazy\" src=\"https:\/\/budapesttouristinformation.com\/wp-content\/uploads\/Budapest-Hop-on-Hop-off.jpg\" data-width=\"159\" data-height=\"106\" style=\"aspect-ratio: auto 960 \/ 640;\"><\/span><\/p>\n<table>\n<tbody>\n<tr>\n<td><a data-lt-tmp-id=\"lt-163467\" href=\"https:\/\/www.getyourguide.com\/budapest-l29\/hop-on-hop-off-sightseeing-tour-in-budapest-t42526\/?partner_id=NO9XIDE&amp;utm_medium=online_publisher&amp;cmp=BudapestHoponHopoffTicketGttd\" rel=\"nofollow noopener\" spellcheck=\"false\" target=\"_blank\" style=\"outline: none;\">Budapest: Big Bus Hop-On Hop-Off Tour &amp; Donauschifffahrt<\/a><\/td>\n<\/tr>\n<\/tbody>\n<\/table>\n<p data-pm-slice=\"1 1 []\">Entdecken Sie Budapest in Ihrem eigenen Tempo mit einem 1-, 2- oder 3-Tagespass f\u00fcr den offenen Hop-on-Hop-off-Sightseeingbus.<\/p>\n<h3 style=\"\">Gesamtpreis<\/h3>\n<h3 style=\"\">Es erfolgt noch keine Abbuchung<\/h3>\n<p><\/p>\n<h2><a href=\"https:\/\/www.getyourguide.com\/s?partner_id=NO9XIDE&amp;utm_medium=online_publisher&amp;cmp=BudapestTIDERudasSpaSPYeni&amp;et=233617&amp;lc=29\" target=\"_blank\" rel=\"nofollow noopener\" style=\"outline: none;\" data-lt-tmp-id=\"lt-708889\" spellcheck=\"false\">Reservieren<\/a><span style=\"font-weight: normal;\"><\/span><\/h2>\n<p><strong style=\"outline: currentcolor;\"><a href=\"https:\/\/www.getyourguide.com\/s?partner_id=NO9XIDE&amp;utm_medium=online_publisher&amp;cmp=BudapestTIDERudasSpaSPYeni&amp;et=233617&amp;lc=29\" target=\"_blank\" rel=\"nofollow noopener\" data-lt-tmp-id=\"lt-697306\" spellcheck=\"false\" style=\"outline: none;\">Ab 70\u20ac<\/a><\/strong><\/p>\n<p style=\"\">Ihnen werden noch keine Kosten berechnet<\/p>\n","protected":false},"excerpt":{"rendered":"<p>Budapest: Rudas T\u00fcrkisches Bad oder Spa-Tagespass &amp; 3-G\u00e4nge-Men\u00fc Reservieren Ab 70\u20ac Entspannen Sie im historischen Rudas-Thermalbad in Budapest bei einem ganzt\u00e4gigen Spa-Erlebnis und genie\u00dfen Sie anschlie\u00dfend ein stilvolles 3-G\u00e4nge-Men\u00fc im Rudas Bistro. Baden Sie in wohltuendem Thermalwasser, erleben Sie den Blick von der Dachterrasse und speisen Sie mit Aussicht auf die Donau. Jetzt reservieren, sp\u00e4ter [&hellip;]<\/p>\n","protected":false},"author":17,"featured_media":9098,"parent":0,"menu_order":0,"comment_status":"closed","ping_status":"closed","template":"","meta":{"footnotes":""},"categories":[],"tags":[78],"class_list":["post-9322","page","type-page","status-publish","has-post-thumbnail","hentry","tag-sales-page-de","post-wrapper","thrv_wrapper"],"_links":{"self":[{"href":"https:\/\/budapesttouristinformation.com\/de\/wp-json\/wp\/v2\/pages\/9322","targetHints":{"allow":["GET"]}}],"collection":[{"href":"https:\/\/budapesttouristinformation.com\/de\/wp-json\/wp\/v2\/pages"}],"about":[{"href":"https:\/\/budapesttouristinformation.com\/de\/wp-json\/wp\/v2\/types\/page"}],"author":[{"embeddable":true,"href":"https:\/\/budapesttouristinformation.com\/de\/wp-json\/wp\/v2\/users\/17"}],"replies":[{"embeddable":true,"href":"https:\/\/budapesttouristinformation.com\/de\/wp-json\/wp\/v2\/comments?post=9322"}],"version-history":[{"count":15,"href":"https:\/\/budapesttouristinformation.com\/de\/wp-json\/wp\/v2\/pages\/9322\/revisions"}],"predecessor-version":[{"id":10813,"href":"https:\/\/budapesttouristinformation.com\/de\/wp-json\/wp\/v2\/pages\/9322\/revisions\/10813"}],"wp:featuredmedia":[{"embeddable":true,"href":"https:\/\/budapesttouristinformation.com\/de\/wp-json\/wp\/v2\/media\/9098"}],"wp:attachment":[{"href":"https:\/\/budapesttouristinformation.com\/de\/wp-json\/wp\/v2\/media?parent=9322"}],"wp:term":[{"taxonomy":"category","embeddable":true,"href":"https:\/\/budapesttouristinformation.com\/de\/wp-json\/wp\/v2\/categories?post=9322"},{"taxonomy":"post_tag","embeddable":true,"href":"https:\/\/budapesttouristinformation.com\/de\/wp-json\/wp\/v2\/tags?post=9322"}],"curies":[{"name":"wp","href":"https:\/\/api.w.org\/{rel}","templated":true}]}}