{"id":9319,"date":"2024-12-02T15:04:03","date_gmt":"2024-12-02T15:04:03","guid":{"rendered":"https:\/\/budapesttouristinformation.com\/budapest-matthias-church-ticket"},"modified":"2026-04-27T06:13:05","modified_gmt":"2026-04-27T06:13:05","slug":"matthiaskirche-budapest-tickets","status":"publish","type":"page","link":"https:\/\/budapesttouristinformation.com\/de\/matthiaskirche-budapest-tickets","title":{"rendered":"Matthiaskirche Budapest Tickets"},"content":{"rendered":"<p><span><img decoding=\"async\" alt=\"Budapest: Matthias Church Entry Ticket\" data-id=\"8274\" width=\"956\" height=\"640\" title=\"Budapest- Matthias Church Entry Ticket\" src=\"https:\/\/budapesttouristinformation.com\/wp-content\/uploads\/Budapest-Matthias-Church-Entry-Ticket-.jpg\" data-src=\"https:\/\/budapesttouristinformation.com\/wp-content\/uploads\/Budapest-Matthias-Church-Entry-Ticket--300x201.jpg\" loading=\"lazy\" data-sizes=\"{&quot;thumbnail&quot;:{&quot;url&quot;:&quot;https:\/\/budapesttouristinformation.com\/wp-content\/uploads\/Budapest-Matthias-Church-Entry-Ticket--150x150.jpg&quot;,&quot;height&quot;:150,&quot;width&quot;:150,&quot;orientation&quot;:&quot;landscape&quot;},&quot;medium&quot;:{&quot;url&quot;:&quot;https:\/\/budapesttouristinformation.com\/wp-content\/uploads\/Budapest-Matthias-Church-Entry-Ticket--300x201.jpg&quot;,&quot;height&quot;:201,&quot;width&quot;:300,&quot;orientation&quot;:&quot;landscape&quot;},&quot;full&quot;:{&quot;url&quot;:&quot;https:\/\/budapesttouristinformation.com\/wp-content\/uploads\/Budapest-Matthias-Church-Entry-Ticket-.jpg&quot;,&quot;height&quot;:640,&quot;width&quot;:956,&quot;orientation&quot;:&quot;landscape&quot;}}\"><\/span><span><img decoding=\"async\" alt=\"Budapest: Matthias Church Entry Ticket\" data-id=\"8275\" width=\"960\" height=\"539\" title=\"Budapest- Matthias Church Entry Ticket 2\" src=\"https:\/\/budapesttouristinformation.com\/wp-content\/uploads\/Budapest-Matthias-Church-Entry-Ticket-2.jpg\" data-src=\"https:\/\/budapesttouristinformation.com\/wp-content\/uploads\/Budapest-Matthias-Church-Entry-Ticket-2-300x168.jpg\" loading=\"lazy\" data-sizes=\"{&quot;thumbnail&quot;:{&quot;url&quot;:&quot;https:\/\/budapesttouristinformation.com\/wp-content\/uploads\/Budapest-Matthias-Church-Entry-Ticket-2-150x150.jpg&quot;,&quot;height&quot;:150,&quot;width&quot;:150,&quot;orientation&quot;:&quot;landscape&quot;},&quot;medium&quot;:{&quot;url&quot;:&quot;https:\/\/budapesttouristinformation.com\/wp-content\/uploads\/Budapest-Matthias-Church-Entry-Ticket-2-300x168.jpg&quot;,&quot;height&quot;:168,&quot;width&quot;:300,&quot;orientation&quot;:&quot;landscape&quot;},&quot;full&quot;:{&quot;url&quot;:&quot;https:\/\/budapesttouristinformation.com\/wp-content\/uploads\/Budapest-Matthias-Church-Entry-Ticket-2.jpg&quot;,&quot;height&quot;:539,&quot;width&quot;:960,&quot;orientation&quot;:&quot;landscape&quot;}}\"><\/span><span><img decoding=\"async\" alt=\"Budapest: Matthias Church Entry Ticket\" data-id=\"8276\" width=\"853\" height=\"640\" title=\"Budapest- Matthias Church Entry Ticket 3\" src=\"https:\/\/budapesttouristinformation.com\/wp-content\/uploads\/Budapest-Matthias-Church-Entry-Ticket-3.jpg\" data-src=\"https:\/\/budapesttouristinformation.com\/wp-content\/uploads\/Budapest-Matthias-Church-Entry-Ticket-3-300x225.jpg\" loading=\"lazy\" data-sizes=\"{&quot;thumbnail&quot;:{&quot;url&quot;:&quot;https:\/\/budapesttouristinformation.com\/wp-content\/uploads\/Budapest-Matthias-Church-Entry-Ticket-3-150x150.jpg&quot;,&quot;height&quot;:150,&quot;width&quot;:150,&quot;orientation&quot;:&quot;landscape&quot;},&quot;medium&quot;:{&quot;url&quot;:&quot;https:\/\/budapesttouristinformation.com\/wp-content\/uploads\/Budapest-Matthias-Church-Entry-Ticket-3-300x225.jpg&quot;,&quot;height&quot;:225,&quot;width&quot;:300,&quot;orientation&quot;:&quot;landscape&quot;},&quot;full&quot;:{&quot;url&quot;:&quot;https:\/\/budapesttouristinformation.com\/wp-content\/uploads\/Budapest-Matthias-Church-Entry-Ticket-3.jpg&quot;,&quot;height&quot;:640,&quot;width&quot;:853,&quot;orientation&quot;:&quot;landscape&quot;}}\"><\/span><span><img decoding=\"async\" alt=\"Budapest: Matthias Church Entry Ticket\" data-id=\"8277\" width=\"960\" height=\"540\" title=\"Budapest- Matthias Church Entry Ticket 4\" src=\"https:\/\/budapesttouristinformation.com\/wp-content\/uploads\/Budapest-Matthias-Church-Entry-Ticket-4.jpg\" data-src=\"https:\/\/budapesttouristinformation.com\/wp-content\/uploads\/Budapest-Matthias-Church-Entry-Ticket-4-300x169.jpg\" loading=\"lazy\" data-sizes=\"{&quot;thumbnail&quot;:{&quot;url&quot;:&quot;https:\/\/budapesttouristinformation.com\/wp-content\/uploads\/Budapest-Matthias-Church-Entry-Ticket-4-150x150.jpg&quot;,&quot;height&quot;:150,&quot;width&quot;:150,&quot;orientation&quot;:&quot;landscape&quot;},&quot;medium&quot;:{&quot;url&quot;:&quot;https:\/\/budapesttouristinformation.com\/wp-content\/uploads\/Budapest-Matthias-Church-Entry-Ticket-4-300x169.jpg&quot;,&quot;height&quot;:169,&quot;width&quot;:300,&quot;orientation&quot;:&quot;landscape&quot;},&quot;full&quot;:{&quot;url&quot;:&quot;https:\/\/budapesttouristinformation.com\/wp-content\/uploads\/Budapest-Matthias-Church-Entry-Ticket-4.jpg&quot;,&quot;height&quot;:540,&quot;width&quot;:960,&quot;orientation&quot;:&quot;landscape&quot;}}\"><\/span><\/p>\n<h1 data-test-id=\"activity-title\" data-track=\"activity-title\" data-v-5f8881df=\"\">Budapest: Ticket f\u00fcr die Matthiaskirche<\/h1>\n<h2><a href=\"https:\/\/www.getyourguide.com\/budapest-l29\/budapest-matthias-church-entry-ticket-t798362\/?partner_id=NO9XIDE&amp;utm_medium=online_publisher&amp;cmp=MatthiasChurchTicketGttd\" target=\"_blank\" rel=\"nofollow noopener\" style=\"outline: none;\">Reservieren<\/a><\/h2>\n<h1><a href=\"https:\/\/www.getyourguide.com\/budapest-l29\/budapest-matthias-church-entry-ticket-t798362\/?partner_id=NO9XIDE&amp;utm_medium=online_publisher&amp;cmp=MatthiasChurchTicketGttd\" target=\"_blank\" rel=\"nofollow noopener\" style=\"outline: none;\" data-lt-tmp-id=\"lt-838558\" spellcheck=\"false\"><span style=\"font-weight: normal;\">Ab <\/span>21<span style=\"font-weight: normal;\">\u20ac<\/span><\/a><\/h1>\n<p data-end=\"429\" data-start=\"47\">Tauchen Sie ein in das <strong>Herz von Budapests<\/strong> reichem Erbe mit einem Eintrittsticket f\u00fcr die Matthiaskirche. Entdecken Sie atemberaubende <strong>neugotische Architektur<\/strong>, erkunden Sie die bewegte Geschichte dieser bedeutenden Kirche und genie\u00dfen Sie bei einem optionalen Aufstieg zur Turmspitze den spektakul\u00e4ren <strong>Panoramablick<\/strong> \u00fcber die Stadt \u2013 ein Muss f\u00fcr alle Kultur- und Geschichtsliebhaber!<\/p>\n<ul>\n<li style=\"\"><span>G\u00fcltigkeit 1 Tag<\/span><\/li>\n<li style=\"\"><span>Jetzt reservieren, sp\u00e4ter zahlen<\/span><\/li>\n<li style=\"\"><span>Kostenlose Stornierung<\/span><\/li>\n<\/ul>\n<h2 data-pm-slice=\"1 1 []\">Inklusive<\/h2>\n<ul>\n<li>                    <span>Eintritt zur Matthiaskirche<\/span><\/li>\n<\/ul>\n<h2>Nicht Inklusive<\/h2>\n<ul>\n<li style=\"\"><span>Zugang zum Turm der Matthiaskirche<\/span><\/li>\n<\/ul>\n<h2 data-pm-slice=\"1 1 []\">Wichtige Informationen<\/h2>\n<ul>\n<li><span>Buchungsbest\u00e4tigung erfolgt umgehend<\/span><\/li>\n<li><span>Die Kirche ist nicht barrierefrei<\/span><\/li>\n<li><span>Kostenfreie Stornierung bis 24 Stunden vor Beginn m\u00f6glich<\/span><\/li>\n<\/ul>\n<h2 data-pm-slice=\"1 1 []\">Beschreibung:<\/h2>\n<p data-pm-slice=\"1 1 []\">Erleben Sie die eindrucksvolle Matthiaskirche im Burgviertel von Budapest \u2013 ein echtes Juwel neugotischer Baukunst. Bewundern Sie die reich verzierten Innenr\u00e4ume, erfahren Sie mehr \u00fcber die historische Bedeutung als Kr\u00f6nungskirche ungarischer K\u00f6nige und genie\u00dfen Sie auf Wunsch den einmaligen Ausblick vom Kirchturm auf die Donau und das Stadtpanorama.<\/p>\n<h2>Highlights:<\/h2>\n<ul>\n<li data-pm-slice=\"1 1 []\">Pr\u00e4chtige neugotische Innenausstattung und kunstvolle Details<\/li>\n<li>Tiefer Einblick in die ungarische Geschichte und Monarchie<\/li>\n<li>Optional: Panoramablick vom Turm \u00fcber Budapest<\/li>\n<li>Ideale Lage im charmanten Burgviertel<\/li>\n<\/ul>\n<h2>Budapest Matthiaskirche<\/h2>\n<p data-pm-slice=\"1 1 []\">Szenth\u00e1roms\u00e1g t\u00e9r 2, 1014 Budapest<\/p>\n<h2 data-pm-slice=\"1 1 []\">Stornierung<\/h2>\n<p data-pm-slice=\"1 1 []\">Kostenlose Stornierung bis 24 Stunden im Voraus (Ortszeit)<\/p>\n<h2 data-pm-slice=\"1 1 []\">Treffpunkt &amp; Hinweise<\/h2>\n<p data-pm-slice=\"1 1 []\">Mit dem Ticket, das wir Ihnen gestern per E-Mail gesendet haben, erhalten Sie Zutritt zur Kirche. Bitte beachten Sie: Der von GetYourGuide gesendete Voucher ist nicht g\u00fcltig.<\/p>\n<p><a data-lt-tmp-id=\"lt-618857\" href=\"https:\/\/www.google.com\/maps\/place\/47%C2%B030&#039;07.0%22N+19%C2%B002&#039;03.0%22E\/@47.5019531,19.0315876,17z\/data=!3m1!4b1!4m4!3m3!8m2!3d47.5019531!4d19.0341625?entry=ttu&amp;g_ep=EgoyMDI0MTEyNC4xIKXMDSoJLDEwMjExMjM0SAFQAw%3D%3D\" rel=\"nofollow noopener\" spellcheck=\"false\" target=\"_blank\" style=\"outline: none;\">Mit Maps \u00f6ffnen<\/a><\/p>\n<h2>Bewertungen &amp; Erfahrungsberichte<\/h2>\n<p><strong>4.5 \/ 5&nbsp;<\/strong><strong>(343 <\/strong><strong>Bewertungen<\/strong><strong>)<\/strong><\/p>\n<p dir=\"ltr\"><em><em>\u201c<\/em><\/em>5 Sterne\u201c \u2013 Jimmy, Frankreich, November 2024<em><\/em> <a href=\"https:\/\/www.getyourguide.com\/budapest-l29\/budapest-matthias-church-entry-ticket-t798362\/?partner_id=NO9XIDE&amp;utm_medium=online_publisher&amp;cmp=MatthiasChurchTicketGttd\" target=\"_blank\" rel=\"nofollow noopener\" data-lt-tmp-id=\"lt-269899\" spellcheck=\"false\" style=\"outline: none;\">&gt;&gt; Weitere Bewertungen anzeigen<\/a><\/p>\n<h2 data-pm-slice=\"1 1 []\">Weitere Aktivit\u00e4ten in Budapest entdecken<\/h2>\n<p><span><img decoding=\"async\" alt=\"Hungarian Parliament Audio Guided Tour\" data-id=\"8200\" width=\"159\" data-init-width=\"735\" height=\"105\" data-init-height=\"484\" title=\"Hungarian Parliament Audio Guided Tour\" loading=\"lazy\" src=\"https:\/\/budapesttouristinformation.com\/wp-content\/uploads\/Ekran-Resmi-2024-11-28-16.54.10.png\" data-width=\"159\" data-height=\"105\" style=\"aspect-ratio: auto 735 \/ 484;\"><\/span><a href=\"https:\/\/www.headout.com\/r\/most-amazing-placesrecommends-PNwu5\/\" target=\"_blank\" rel=\"nofollow noopener\" style=\"outline: none;\"><\/a><\/p>\n<table>\n<tbody>\n<tr>\n<td><a data-lt-tmp-id=\"lt-867382\" href=\"https:\/\/www.headout.com\/r\/most-amazing-placesrecommends-POJMH\/\" rel=\"nofollow noopener\" spellcheck=\"false\" target=\"_blank\" style=\"outline: none;\">Hungarian Jewish Museum &amp; Doh\u00e1ny Synagogue Complex: Fast Track<\/a><\/td>\n<\/tr>\n<\/tbody>\n<\/table>\n<p data-pm-slice=\"1 1 []\">Entdecke die j\u00fcdische Geschichte und verborgene Sch\u00e4tze im j\u00fcdischen Viertel Ungarns.<\/p>\n<h3 style=\"\">Gesamtpreis<\/h3>\n<h3 style=\"\">Es erfolgt noch keine Abbuchung<\/h3>\n<p><span>#<\/span><strong><span>2<\/span><\/strong><span><img decoding=\"async\" alt=\"Budapest: Big Bus Hop-On Hop-Off Sightseeing Tour\" data-id=\"8172\" width=\"159\" data-init-width=\"960\" height=\"106\" data-init-height=\"640\" title=\"Budapest: Big Bus Hop-On Hop-Off Sightseeing Tour\" loading=\"lazy\" src=\"https:\/\/budapesttouristinformation.com\/wp-content\/uploads\/Budapest-Hop-on-Hop-off.jpg\" data-width=\"159\" data-height=\"106\" style=\"aspect-ratio: auto 960 \/ 640;\"><\/span><\/p>\n<table>\n<tbody>\n<tr>\n<td><a data-lt-tmp-id=\"lt-163467\" href=\"https:\/\/www.getyourguide.com\/budapest-l29\/hop-on-hop-off-sightseeing-tour-in-budapest-t42526\/?partner_id=NO9XIDE&amp;utm_medium=online_publisher&amp;cmp=BudapestHoponHopoffTicketGttd\" rel=\"nofollow noopener\" spellcheck=\"false\" target=\"_blank\" style=\"outline: none;\">Budapest: Big Bus Hop-On Hop-Off Tour &amp; Donauschifffahrt<\/a><\/td>\n<\/tr>\n<\/tbody>\n<\/table>\n<p data-pm-slice=\"1 1 []\">Entdecke Budapest ganz entspannt mit einem 1-, 2- oder 3-Tagespass f\u00fcr den offenen Hop-On-Hop-Off-Sightseeing-Bus.<\/p>\n<h3 style=\"\">Gesamtpreis<\/h3>\n<h3 style=\"\">Es erfolgt noch keine Abbuchung<\/h3>\n<p><\/p>\n<h2><a href=\"https:\/\/www.getyourguide.com\/budapest-l29\/budapest-matthias-church-entry-ticket-t798362\/?partner_id=NO9XIDE&amp;utm_medium=online_publisher&amp;cmp=MatthiasChurchTicketGttd\" target=\"_blank\" rel=\"nofollow noopener\" style=\"outline: none;\" data-lt-tmp-id=\"lt-708889\" spellcheck=\"false\">Reservieren<\/a><span style=\"font-weight: normal;\"><\/span><\/h2>\n<p><strong style=\"outline: currentcolor;\"><a href=\"https:\/\/www.getyourguide.com\/budapest-l29\/budapest-matthias-church-entry-ticket-t798362\/?partner_id=NO9XIDE&amp;utm_medium=online_publisher&amp;cmp=MatthiasChurchTicketGttd\" target=\"_blank\" rel=\"nofollow noopener\" data-lt-tmp-id=\"lt-697306\" spellcheck=\"false\" style=\"outline: none;\"><span style=\"font-weight: normal;\">Ab<\/span> 21\u20ac<\/a><\/strong><\/p>\n<p style=\"\">Ihnen werden noch keine Kosten berechnet<\/p>\n","protected":false},"excerpt":{"rendered":"<p>Budapest: Ticket f\u00fcr die Matthiaskirche Reservieren Ab 21\u20ac Tauchen Sie ein in das Herz von Budapests reichem Erbe mit einem Eintrittsticket f\u00fcr die Matthiaskirche. Entdecken Sie atemberaubende neugotische Architektur, erkunden Sie die bewegte Geschichte dieser bedeutenden Kirche und genie\u00dfen Sie bei einem optionalen Aufstieg zur Turmspitze den spektakul\u00e4ren Panoramablick \u00fcber die Stadt \u2013 ein Muss [&hellip;]<\/p>\n","protected":false},"author":17,"featured_media":9147,"parent":0,"menu_order":0,"comment_status":"closed","ping_status":"closed","template":"","meta":{"footnotes":""},"categories":[],"tags":[78],"class_list":["post-9319","page","type-page","status-publish","has-post-thumbnail","hentry","tag-sales-page-de","post-wrapper","thrv_wrapper"],"_links":{"self":[{"href":"https:\/\/budapesttouristinformation.com\/de\/wp-json\/wp\/v2\/pages\/9319","targetHints":{"allow":["GET"]}}],"collection":[{"href":"https:\/\/budapesttouristinformation.com\/de\/wp-json\/wp\/v2\/pages"}],"about":[{"href":"https:\/\/budapesttouristinformation.com\/de\/wp-json\/wp\/v2\/types\/page"}],"author":[{"embeddable":true,"href":"https:\/\/budapesttouristinformation.com\/de\/wp-json\/wp\/v2\/users\/17"}],"replies":[{"embeddable":true,"href":"https:\/\/budapesttouristinformation.com\/de\/wp-json\/wp\/v2\/comments?post=9319"}],"version-history":[{"count":10,"href":"https:\/\/budapesttouristinformation.com\/de\/wp-json\/wp\/v2\/pages\/9319\/revisions"}],"predecessor-version":[{"id":10812,"href":"https:\/\/budapesttouristinformation.com\/de\/wp-json\/wp\/v2\/pages\/9319\/revisions\/10812"}],"wp:featuredmedia":[{"embeddable":true,"href":"https:\/\/budapesttouristinformation.com\/de\/wp-json\/wp\/v2\/media\/9147"}],"wp:attachment":[{"href":"https:\/\/budapesttouristinformation.com\/de\/wp-json\/wp\/v2\/media?parent=9319"}],"wp:term":[{"taxonomy":"category","embeddable":true,"href":"https:\/\/budapesttouristinformation.com\/de\/wp-json\/wp\/v2\/categories?post=9319"},{"taxonomy":"post_tag","embeddable":true,"href":"https:\/\/budapesttouristinformation.com\/de\/wp-json\/wp\/v2\/tags?post=9319"}],"curies":[{"name":"wp","href":"https:\/\/api.w.org\/{rel}","templated":true}]}}