{"id":9316,"date":"2024-11-29T09:19:22","date_gmt":"2024-11-29T09:19:22","guid":{"rendered":"https:\/\/budapesttouristinformation.com\/budapest-light-art-museum-ticket"},"modified":"2026-04-27T06:14:18","modified_gmt":"2026-04-27T06:14:18","slug":"light-art-museum-budapest-tickets","status":"publish","type":"page","link":"https:\/\/budapesttouristinformation.com\/de\/light-art-museum-budapest-tickets","title":{"rendered":"Light Art Museum Budapest Tickets: Immersive New Media Experience"},"content":{"rendered":"<p><span><img decoding=\"async\" alt=\"Budapest: Light Art Museum Admission Ticket\" data-id=\"8227\" width=\"960\" height=\"639\" title=\"Budapest- Light Art Museum Admission Ticket\" src=\"https:\/\/budapesttouristinformation.com\/wp-content\/uploads\/Budapest-Light-Art-Museum-Admission-Ticket-1-1.jpg\" data-src=\"https:\/\/budapesttouristinformation.com\/wp-content\/uploads\/Budapest-Light-Art-Museum-Admission-Ticket-1-1-300x200.jpg\" loading=\"lazy\" data-sizes=\"{&quot;thumbnail&quot;:{&quot;url&quot;:&quot;https:\/\/budapesttouristinformation.com\/wp-content\/uploads\/Budapest-Light-Art-Museum-Admission-Ticket-1-1-150x150.jpg&quot;,&quot;height&quot;:150,&quot;width&quot;:150,&quot;orientation&quot;:&quot;landscape&quot;},&quot;medium&quot;:{&quot;url&quot;:&quot;https:\/\/budapesttouristinformation.com\/wp-content\/uploads\/Budapest-Light-Art-Museum-Admission-Ticket-1-1-300x200.jpg&quot;,&quot;height&quot;:200,&quot;width&quot;:300,&quot;orientation&quot;:&quot;landscape&quot;},&quot;full&quot;:{&quot;url&quot;:&quot;https:\/\/budapesttouristinformation.com\/wp-content\/uploads\/Budapest-Light-Art-Museum-Admission-Ticket-1-1.jpg&quot;,&quot;height&quot;:639,&quot;width&quot;:960,&quot;orientation&quot;:&quot;landscape&quot;}}\"><\/span><span><img decoding=\"async\" alt=\"Budapest: Light Art Museum Admission Ticket\" data-id=\"8228\" width=\"426\" height=\"640\" title=\"Budapest- Light Art Museum Admission Ticket 2\" src=\"https:\/\/budapesttouristinformation.com\/wp-content\/uploads\/Budapest-Light-Art-Museum-Admission-Ticket-2.jpg\" data-src=\"https:\/\/budapesttouristinformation.com\/wp-content\/uploads\/Budapest-Light-Art-Museum-Admission-Ticket-2-200x300.jpg\" loading=\"lazy\" data-sizes=\"{&quot;thumbnail&quot;:{&quot;url&quot;:&quot;https:\/\/budapesttouristinformation.com\/wp-content\/uploads\/Budapest-Light-Art-Museum-Admission-Ticket-2-150x150.jpg&quot;,&quot;height&quot;:150,&quot;width&quot;:150,&quot;orientation&quot;:&quot;landscape&quot;},&quot;medium&quot;:{&quot;url&quot;:&quot;https:\/\/budapesttouristinformation.com\/wp-content\/uploads\/Budapest-Light-Art-Museum-Admission-Ticket-2-200x300.jpg&quot;,&quot;height&quot;:300,&quot;width&quot;:200,&quot;orientation&quot;:&quot;portrait&quot;},&quot;full&quot;:{&quot;url&quot;:&quot;https:\/\/budapesttouristinformation.com\/wp-content\/uploads\/Budapest-Light-Art-Museum-Admission-Ticket-2.jpg&quot;,&quot;height&quot;:640,&quot;width&quot;:426,&quot;orientation&quot;:&quot;portrait&quot;}}\"><\/span><span><img decoding=\"async\" alt=\"Budapest: Light Art Museum Admission Ticket\" data-id=\"8229\" width=\"960\" height=\"639\" title=\"Budapest- Light Art Museum Admission Ticket 3\" src=\"https:\/\/budapesttouristinformation.com\/wp-content\/uploads\/Budapest-Light-Art-Museum-Admission-Ticket-3.jpg\" data-src=\"https:\/\/budapesttouristinformation.com\/wp-content\/uploads\/Budapest-Light-Art-Museum-Admission-Ticket-3-300x200.jpg\" loading=\"lazy\" data-sizes=\"{&quot;thumbnail&quot;:{&quot;url&quot;:&quot;https:\/\/budapesttouristinformation.com\/wp-content\/uploads\/Budapest-Light-Art-Museum-Admission-Ticket-3-150x150.jpg&quot;,&quot;height&quot;:150,&quot;width&quot;:150,&quot;orientation&quot;:&quot;landscape&quot;},&quot;medium&quot;:{&quot;url&quot;:&quot;https:\/\/budapesttouristinformation.com\/wp-content\/uploads\/Budapest-Light-Art-Museum-Admission-Ticket-3-300x200.jpg&quot;,&quot;height&quot;:200,&quot;width&quot;:300,&quot;orientation&quot;:&quot;landscape&quot;},&quot;full&quot;:{&quot;url&quot;:&quot;https:\/\/budapesttouristinformation.com\/wp-content\/uploads\/Budapest-Light-Art-Museum-Admission-Ticket-3.jpg&quot;,&quot;height&quot;:639,&quot;width&quot;:960,&quot;orientation&quot;:&quot;landscape&quot;}}\"><\/span><span><img decoding=\"async\" alt=\"Budapest: Light Art Museum Admission Ticket\" data-id=\"8230\" width=\"960\" height=\"540\" title=\"Budapest- Light Art Museum Admission Ticket 4\" src=\"https:\/\/budapesttouristinformation.com\/wp-content\/uploads\/Budapest-Light-Art-Museum-Admission-Ticket-4.jpg\" data-src=\"https:\/\/budapesttouristinformation.com\/wp-content\/uploads\/Budapest-Light-Art-Museum-Admission-Ticket-4-300x169.jpg\" loading=\"lazy\" data-sizes=\"{&quot;thumbnail&quot;:{&quot;url&quot;:&quot;https:\/\/budapesttouristinformation.com\/wp-content\/uploads\/Budapest-Light-Art-Museum-Admission-Ticket-4-150x150.jpg&quot;,&quot;height&quot;:150,&quot;width&quot;:150,&quot;orientation&quot;:&quot;landscape&quot;},&quot;medium&quot;:{&quot;url&quot;:&quot;https:\/\/budapesttouristinformation.com\/wp-content\/uploads\/Budapest-Light-Art-Museum-Admission-Ticket-4-300x169.jpg&quot;,&quot;height&quot;:169,&quot;width&quot;:300,&quot;orientation&quot;:&quot;landscape&quot;},&quot;full&quot;:{&quot;url&quot;:&quot;https:\/\/budapesttouristinformation.com\/wp-content\/uploads\/Budapest-Light-Art-Museum-Admission-Ticket-4.jpg&quot;,&quot;height&quot;:540,&quot;width&quot;:960,&quot;orientation&quot;:&quot;landscape&quot;}}\"><\/span><\/p>\n<h1 data-test-id=\"activity-title\" data-track=\"activity-title\" data-v-fb1c5f17=\"\" style=\"\">Budapest: Light Art Museum &#8211; Immersive New Media Experience<\/h1>\n<h2><a href=\"https:\/\/www.getyourguide.com\/budapest-l29\/budapest-light-art-museum-admission-ticket-t431916\/?partner_id=NO9XIDE&amp;utm_medium=online_publisher&amp;cmp=LightArtMuseumTicketGttd\" target=\"_blank\" rel=\"nofollow noopener\" style=\"outline: none;\">Reservieren<\/a><\/h2>\n<h1><a href=\"https:\/\/www.getyourguide.com\/budapest-l29\/budapest-light-art-museum-admission-ticket-t431916\/?partner_id=NO9XIDE&amp;utm_medium=online_publisher&amp;cmp=LightArtMuseumTicketGttd\" target=\"_blank\" rel=\"nofollow noopener\" style=\"outline: none;\">Ab 18\u20ac<\/a><\/h1>\n<p data-end=\"338\" data-start=\"0\">Tauchen Sie ein in eine Welt voller Magie im Light Art Museum Budapest, untergebracht in einer liebevoll umgestalteten historischen Markthalle. Freuen Sie sich auf eine unvergessliche, interaktive Reise durch faszinierende Lichtinstallationen, leuchtende Farben und innovative zeitgen\u00f6ssische Kunst. Ideal f\u00fcr Kunstliebhaber und Familien!<\/p>\n<ul>\n<li style=\"\"><span>Jetzt reservieren, sp\u00e4ter zahlen<\/span><\/li>\n<li style=\"\"><span>G\u00fcltigkeit 1 Tag<\/span><\/li>\n<li style=\"\"><span>Kostenlose Stornierung<\/span><\/li>\n<\/ul>\n<h2 data-pm-slice=\"1 1 []\">Inklusive<\/h2>\n<ul>\n<li>                    <span>Eintritt ins Light Art Museum<\/span><\/li>\n<li>                    <span>Zugang zu immersiven, interaktiven Ausstellungen<\/span><\/li>\n<\/ul>\n<h2>Nicht Inklusive<\/h2>\n<ul>\n<li style=\"\"><span>Gef\u00fchrte Tour<\/span><\/li>\n<\/ul>\n<h2 data-pm-slice=\"1 1 []\">Wichtige Informationen<\/h2>\n<ul>\n<li><span>Tickets sind nur am gebuchten Tag g\u00fcltig<\/span><\/li>\n<li><span>Bitte vor der Buchung die verf\u00fcgbaren Startzeiten pr\u00fcfen<\/span><\/li>\n<li><span>Kostenlose Stornierung bis zu 24 Stunden vor dem Besuch m\u00f6glich<\/span><\/li>\n<li><span>F\u00fcr alle Altersgruppen geeignet \u2013 ideal auch f\u00fcr Familien<\/span><\/li>\n<li><span>Jetzt reservieren und sp\u00e4ter bezahlen \u2013 f\u00fcr maximale Flexibilit\u00e4t<\/span><\/li>\n<\/ul>\n<h2>Beschreibung:<\/h2>\n<p data-end=\"1126\" data-start=\"815\">Erleben Sie ein faszinierendes Zusammenspiel von Licht und Kunst im Light Art Museum Budapest. Entdecken Sie beeindruckende Installationen, optische Illusionen und die Verbindung von Geschichte und Moderne. Ein besonderes Erlebnis f\u00fcr Fotografie-Fans und alle, die bleibende Eindr\u00fccke suchen.<\/p>\n<h2>Highlights:<\/h2>\n<ul>\n<li data-pm-slice=\"1 1 []\">Tauchen Sie ein in die farbenfrohe Welt der Lichtkunst<\/li>\n<li>Bewundern Sie Werke ber\u00fchmter K\u00fcnstler wie L\u00e1szl\u00f3 Moholy-Nagy und Victor Vasarely<\/li>\n<li>Entdecken Sie interaktive Ausstellungen mit Licht, Farbe und Raum<\/li>\n<li>Besuchen Sie eine historische Markthalle in neuem kulturellen Glanz<\/li>\n<li>Familienfreundlich: Spa\u00df und Staunen f\u00fcr Gro\u00df und Klein<\/li>\n<\/ul>\n<h2>Budapest: Light Art Museum<\/h2>\n<p data-pm-slice=\"1 1 []\">Hold u. 13, 1054 Budapest, Ungarn<\/p>\n<h2 data-pm-slice=\"0 0 []\" style=\"\">Stornierungsbedingungen<\/h2>\n<p data-pm-slice=\"1 1 []\">Kostenfreie Stornierung bis zu 24 Stunden vor Beginn.<\/p>\n<h2 data-pm-slice=\"0 0 []\">Treffpunkt &amp; Hinweise<\/h2>\n<p data-pm-slice=\"0 0 []\">Bitte zeigen Sie Ihr Ticket zusammen mit einem g\u00fcltigen Lichtbildausweis am Eingang vor. Kommen Sie 15 Minuten vor der gebuchten Zeit.<\/p>\n<p><a data-lt-tmp-id=\"lt-618857\" href=\"https:\/\/www.google.com\/maps?q=@47.50482940673828,19.052648544311523\" rel=\"nofollow noopener\" spellcheck=\"false\" target=\"_blank\" style=\"outline: none;\">In Google Maps \u00f6ffnen<\/a><\/p>\n<h2 data-pm-slice=\"1 1 []\">Bewertungen &amp; Bewertung<\/h2>\n<p><strong>3.9 \/5&nbsp;<\/strong><strong>(1,270 <\/strong><strong>Bewertungen<\/strong><strong>)<\/strong><\/p>\n<p dir=\"ltr\"><em><em>\u201c<\/em><\/em>Ein tolles Museum, das man ganz in Ruhe erkunden kann. Es ist leicht zu erreichen und gut ausgeschildert. Die Ausstellungen waren beeindruckend und f\u00fcr alle zug\u00e4nglich \u2013 wirklich ein gutes Preis-Leistungs-Verh\u00e4ltnis.\u201c Mahdiyah, Irland, Nov. 2024<\/p>\n<p dir=\"ltr\"><em><\/em><a href=\"https:\/\/www.getyourguide.com\/budapest-l29\/budapest-light-art-museum-admission-ticket-t431916\/?partner_id=NO9XIDE&amp;utm_medium=online_publisher&amp;cmp=LightArtMuseumTicketGttd\" target=\"_blank\" rel=\"nofollow noopener\" data-lt-tmp-id=\"lt-269899\" spellcheck=\"false\" style=\"outline: none;\">&gt;&gt; Weitere Bewertungen ansehen<\/a><\/p>\n<h2 data-pm-slice=\"1 1 []\">Weitere Aktivit\u00e4ten, die Sie interessieren k\u00f6nnten:<\/h2>\n<p><span><img decoding=\"async\" alt=\"Budapest: Sz\u00e9chenyi Spa Full Day with Optional Tasting\" data-id=\"8233\" width=\"159\" data-init-width=\"960\" height=\"106\" data-init-height=\"637\" title=\"Budapest- Sze\u0301chenyi Spa Full Day with Optional Tasting\" loading=\"lazy\" src=\"https:\/\/budapesttouristinformation.com\/wp-content\/uploads\/Budapest-Szechenyi-Spa-Full-Day-with-Optional-Tasting-.jpg\" data-width=\"159\" data-height=\"106\" style=\"aspect-ratio: auto 960 \/ 637;\"><\/span><a href=\"https:\/\/www.headout.com\/r\/most-amazing-placesrecommends-PNwu5\/\" target=\"_blank\" rel=\"nofollow noopener\" style=\"outline: none;\"><\/a><\/p>\n<table>\n<tbody>\n<tr>\n<td><a data-lt-tmp-id=\"lt-867382\" href=\"https:\/\/www.getyourguide.com\/budapest-l29\/szechenyi-spa-full-day-entrance-pass-t4139\/?partner_id=NO9XIDE&amp;utm_medium=online_publisher&amp;cmp=SpartyBudapestGttd\" rel=\"nofollow noopener\" spellcheck=\"false\" target=\"_blank\" style=\"outline: none;\">Budapest: Sz\u00e9chenyi Spa Ganztag mit optionaler Verkostung<\/a><\/td>\n<\/tr>\n<\/tbody>\n<\/table>\n<p data-pm-slice=\"1 1 []\">Entspannen Sie im legend\u00e4ren Sz\u00e9chenyi-Heilbad in Budapest und tauchen Sie anschlie\u00dfend bei einer interaktiven P\u00e1linka-Verkostungstour in die reiche Geschichte und Kultur Ungarns ein.<\/p>\n<h3 style=\"\">Gesamtpreis<\/h3>\n<h3 style=\"\">Es erfolgt noch keine Abbuchung<\/h3>\n<p><span>#<\/span><strong><span>2<\/span><\/strong><span><img decoding=\"async\" alt=\"Budapest: Big Bus Hop-On Hop-Off Sightseeing Tour\" data-id=\"8172\" width=\"159\" data-init-width=\"960\" height=\"106\" data-init-height=\"640\" title=\"Budapest: Big Bus Hop-On Hop-Off Sightseeing Tour\" loading=\"lazy\" src=\"https:\/\/budapesttouristinformation.com\/wp-content\/uploads\/Budapest-Hop-on-Hop-off.jpg\" data-width=\"159\" data-height=\"106\" style=\"aspect-ratio: auto 960 \/ 640;\"><\/span><\/p>\n<table>\n<tbody>\n<tr>\n<td><a data-lt-tmp-id=\"lt-163467\" href=\"https:\/\/www.getyourguide.com\/budapest-l29\/hop-on-hop-off-sightseeing-tour-in-budapest-t42526\/?partner_id=NO9XIDE&amp;utm_medium=online_publisher&amp;cmp=BudapestHoponHopoffTicketGttd\" rel=\"nofollow noopener\" spellcheck=\"false\" target=\"_blank\" style=\"outline: none;\">Budapest: Big Bus Hop-On Hop-Off Tour &amp; Donauschifffahrt<\/a><\/td>\n<\/tr>\n<\/tbody>\n<\/table>\n<p data-pm-slice=\"1 1 []\">Entdecken Sie Budapest in Ihrem eigenen Tempo mit einem&nbsp;<strong>1-, 2- oder 3-Tagespass<\/strong> f\u00fcr den offenen Hop-on-Hop-off-Sightseeingbus.<\/p>\n<h3 style=\"\">Gesamtpreis<\/h3>\n<h3 style=\"\">Es erfolgt noch keine Abbuchung<\/h3>\n<p><\/p>\n<h2><a href=\"https:\/\/www.getyourguide.com\/budapest-l29\/budapest-light-art-museum-admission-ticket-t431916\/?partner_id=NO9XIDE&amp;utm_medium=online_publisher&amp;cmp=LightArtMuseumTicketGttd\" target=\"_blank\" rel=\"nofollow noopener\" style=\"outline: none;\" data-lt-tmp-id=\"lt-708889\" spellcheck=\"false\">Reservieren<\/a><span style=\"font-weight: normal;\"><\/span><\/h2>\n<p><strong style=\"outline: currentcolor;\"><a href=\"https:\/\/www.getyourguide.com\/budapest-l29\/budapest-light-art-museum-admission-ticket-t431916\/?partner_id=NO9XIDE&amp;utm_medium=online_publisher&amp;cmp=LightArtMuseumTicketGttd\" target=\"_blank\" rel=\"nofollow noopener\" data-lt-tmp-id=\"lt-697306\" spellcheck=\"false\" style=\"outline: none;\">Ab 18\u20ac<\/a><\/strong><\/p>\n<p style=\"\">Ihnen werden noch keine Kosten berechnet<\/p>\n","protected":false},"excerpt":{"rendered":"<p>Budapest: Light Art Museum &#8211; Immersive New Media Experience Reservieren Ab 18\u20ac Tauchen Sie ein in eine Welt voller Magie im Light Art Museum Budapest, untergebracht in einer liebevoll umgestalteten historischen Markthalle. Freuen Sie sich auf eine unvergessliche, interaktive Reise durch faszinierende Lichtinstallationen, leuchtende Farben und innovative zeitgen\u00f6ssische Kunst. Ideal f\u00fcr Kunstliebhaber und Familien! Jetzt [&hellip;]<\/p>\n","protected":false},"author":17,"featured_media":9127,"parent":0,"menu_order":0,"comment_status":"closed","ping_status":"closed","template":"","meta":{"footnotes":""},"categories":[],"tags":[78],"class_list":["post-9316","page","type-page","status-publish","has-post-thumbnail","hentry","tag-sales-page-de","post-wrapper","thrv_wrapper"],"_links":{"self":[{"href":"https:\/\/budapesttouristinformation.com\/de\/wp-json\/wp\/v2\/pages\/9316","targetHints":{"allow":["GET"]}}],"collection":[{"href":"https:\/\/budapesttouristinformation.com\/de\/wp-json\/wp\/v2\/pages"}],"about":[{"href":"https:\/\/budapesttouristinformation.com\/de\/wp-json\/wp\/v2\/types\/page"}],"author":[{"embeddable":true,"href":"https:\/\/budapesttouristinformation.com\/de\/wp-json\/wp\/v2\/users\/17"}],"replies":[{"embeddable":true,"href":"https:\/\/budapesttouristinformation.com\/de\/wp-json\/wp\/v2\/comments?post=9316"}],"version-history":[{"count":13,"href":"https:\/\/budapesttouristinformation.com\/de\/wp-json\/wp\/v2\/pages\/9316\/revisions"}],"predecessor-version":[{"id":10660,"href":"https:\/\/budapesttouristinformation.com\/de\/wp-json\/wp\/v2\/pages\/9316\/revisions\/10660"}],"wp:featuredmedia":[{"embeddable":true,"href":"https:\/\/budapesttouristinformation.com\/de\/wp-json\/wp\/v2\/media\/9127"}],"wp:attachment":[{"href":"https:\/\/budapesttouristinformation.com\/de\/wp-json\/wp\/v2\/media?parent=9316"}],"wp:term":[{"taxonomy":"category","embeddable":true,"href":"https:\/\/budapesttouristinformation.com\/de\/wp-json\/wp\/v2\/categories?post=9316"},{"taxonomy":"post_tag","embeddable":true,"href":"https:\/\/budapesttouristinformation.com\/de\/wp-json\/wp\/v2\/tags?post=9316"}],"curies":[{"name":"wp","href":"https:\/\/api.w.org\/{rel}","templated":true}]}}