{"id":9313,"date":"2025-05-22T10:22:08","date_gmt":"2025-05-22T10:22:08","guid":{"rendered":"https:\/\/budapesttouristinformation.com\/floating-bus-tour-by-land-and-water"},"modified":"2026-04-27T06:36:20","modified_gmt":"2026-04-27T06:36:20","slug":"schwimmende-bustour-budapest","status":"publish","type":"page","link":"https:\/\/budapesttouristinformation.com\/de\/schwimmende-bustour-budapest","title":{"rendered":"Schwimmende Bustour Budapest"},"content":{"rendered":"<p><span><img decoding=\"async\" alt=\"\" data-id=\"8963\" width=\"960\" height=\"639\" title=\"Budapest- Floating Bus Tour by Land and Water 2\" src=\"https:\/\/budapesttouristinformation.com\/wp-content\/uploads\/Budapest-Floating-Bus-Tour-by-Land-and-Water-2.jpg\" data-src=\"https:\/\/budapesttouristinformation.com\/wp-content\/uploads\/Budapest-Floating-Bus-Tour-by-Land-and-Water-2-300x200.jpg\" loading=\"lazy\" data-sizes=\"{&quot;thumbnail&quot;:{&quot;url&quot;:&quot;https:\/\/budapesttouristinformation.com\/wp-content\/uploads\/Budapest-Floating-Bus-Tour-by-Land-and-Water-2-150x150.jpg&quot;,&quot;height&quot;:150,&quot;width&quot;:150,&quot;orientation&quot;:&quot;landscape&quot;},&quot;medium&quot;:{&quot;url&quot;:&quot;https:\/\/budapesttouristinformation.com\/wp-content\/uploads\/Budapest-Floating-Bus-Tour-by-Land-and-Water-2-300x200.jpg&quot;,&quot;height&quot;:200,&quot;width&quot;:300,&quot;orientation&quot;:&quot;landscape&quot;},&quot;full&quot;:{&quot;url&quot;:&quot;https:\/\/budapesttouristinformation.com\/wp-content\/uploads\/Budapest-Floating-Bus-Tour-by-Land-and-Water-2.jpg&quot;,&quot;height&quot;:639,&quot;width&quot;:960,&quot;orientation&quot;:&quot;landscape&quot;}}\"><\/span><span><img decoding=\"async\" alt=\"\" data-id=\"8964\" width=\"960\" height=\"639\" title=\"Budapest- Floating Bus Tour by Land and Water 3\" src=\"https:\/\/budapesttouristinformation.com\/wp-content\/uploads\/Budapest-Floating-Bus-Tour-by-Land-and-Water-3.jpg\" data-src=\"https:\/\/budapesttouristinformation.com\/wp-content\/uploads\/Budapest-Floating-Bus-Tour-by-Land-and-Water-3-300x200.jpg\" loading=\"lazy\" data-sizes=\"{&quot;thumbnail&quot;:{&quot;url&quot;:&quot;https:\/\/budapesttouristinformation.com\/wp-content\/uploads\/Budapest-Floating-Bus-Tour-by-Land-and-Water-3-150x150.jpg&quot;,&quot;height&quot;:150,&quot;width&quot;:150,&quot;orientation&quot;:&quot;landscape&quot;},&quot;medium&quot;:{&quot;url&quot;:&quot;https:\/\/budapesttouristinformation.com\/wp-content\/uploads\/Budapest-Floating-Bus-Tour-by-Land-and-Water-3-300x200.jpg&quot;,&quot;height&quot;:200,&quot;width&quot;:300,&quot;orientation&quot;:&quot;landscape&quot;},&quot;full&quot;:{&quot;url&quot;:&quot;https:\/\/budapesttouristinformation.com\/wp-content\/uploads\/Budapest-Floating-Bus-Tour-by-Land-and-Water-3.jpg&quot;,&quot;height&quot;:639,&quot;width&quot;:960,&quot;orientation&quot;:&quot;landscape&quot;}}\"><\/span><span><img decoding=\"async\" alt=\"\" data-id=\"8965\" width=\"960\" height=\"639\" title=\"Budapest- Floating Bus Tour by Land and Water 4\" src=\"https:\/\/budapesttouristinformation.com\/wp-content\/uploads\/Budapest-Floating-Bus-Tour-by-Land-and-Water-4.jpg\" data-src=\"https:\/\/budapesttouristinformation.com\/wp-content\/uploads\/Budapest-Floating-Bus-Tour-by-Land-and-Water-4-300x200.jpg\" loading=\"lazy\" data-sizes=\"{&quot;thumbnail&quot;:{&quot;url&quot;:&quot;https:\/\/budapesttouristinformation.com\/wp-content\/uploads\/Budapest-Floating-Bus-Tour-by-Land-and-Water-4-150x150.jpg&quot;,&quot;height&quot;:150,&quot;width&quot;:150,&quot;orientation&quot;:&quot;landscape&quot;},&quot;medium&quot;:{&quot;url&quot;:&quot;https:\/\/budapesttouristinformation.com\/wp-content\/uploads\/Budapest-Floating-Bus-Tour-by-Land-and-Water-4-300x200.jpg&quot;,&quot;height&quot;:200,&quot;width&quot;:300,&quot;orientation&quot;:&quot;landscape&quot;},&quot;full&quot;:{&quot;url&quot;:&quot;https:\/\/budapesttouristinformation.com\/wp-content\/uploads\/Budapest-Floating-Bus-Tour-by-Land-and-Water-4.jpg&quot;,&quot;height&quot;:639,&quot;width&quot;:960,&quot;orientation&quot;:&quot;landscape&quot;}}\"><\/span><span><img decoding=\"async\" alt=\"\" data-id=\"8961\" width=\"960\" height=\"639\" title=\"Budapest- Floating Bus Tour by Land and Water\" src=\"https:\/\/budapesttouristinformation.com\/wp-content\/uploads\/Budapest-Floating-Bus-Tour-by-Land-and-Water-.jpg\" data-src=\"https:\/\/budapesttouristinformation.com\/wp-content\/uploads\/Budapest-Floating-Bus-Tour-by-Land-and-Water--300x200.jpg\" loading=\"lazy\" data-sizes=\"{&quot;thumbnail&quot;:{&quot;url&quot;:&quot;https:\/\/budapesttouristinformation.com\/wp-content\/uploads\/Budapest-Floating-Bus-Tour-by-Land-and-Water--150x150.jpg&quot;,&quot;height&quot;:150,&quot;width&quot;:150,&quot;orientation&quot;:&quot;landscape&quot;},&quot;medium&quot;:{&quot;url&quot;:&quot;https:\/\/budapesttouristinformation.com\/wp-content\/uploads\/Budapest-Floating-Bus-Tour-by-Land-and-Water--300x200.jpg&quot;,&quot;height&quot;:200,&quot;width&quot;:300,&quot;orientation&quot;:&quot;landscape&quot;},&quot;full&quot;:{&quot;url&quot;:&quot;https:\/\/budapesttouristinformation.com\/wp-content\/uploads\/Budapest-Floating-Bus-Tour-by-Land-and-Water-.jpg&quot;,&quot;height&quot;:639,&quot;width&quot;:960,&quot;orientation&quot;:&quot;landscape&quot;}}\"><\/span><\/p>\n<h1 dir=\"ltr\" style=\"\">Budapest: Schwimmende Bustour zu Land und zu Wasser<\/h1>\n<h2><a href=\"https:\/\/www.getyourguide.com\/budapest-l29\/budapest-by-land-and-water-2-hour-floating-bus-tour-t21513\/?partner_id=NO9XIDE&amp;utm_medium=online_publisher&amp;cmp=BudapestTIFloatingBusTourSP\" target=\"_blank\" rel=\"nofollow noopener\" style=\"outline: none;\">Reservieren<\/a><\/h2>\n<h1><a href=\"https:\/\/www.getyourguide.com\/budapest-l29\/budapest-by-land-and-water-2-hour-floating-bus-tour-t21513\/?partner_id=NO9XIDE&amp;utm_medium=online_publisher&amp;cmp=BudapestTIFloatingBusTourSP\" target=\"_blank\" rel=\"nofollow noopener\" style=\"outline: none;\">Ab 26\u20ac<\/a><\/h1>\n<p data-end=\"389\" data-start=\"0\">Erleben Sie Budapest aus zwei einzigartigen Perspektiven bei dieser au\u00dfergew\u00f6hnlichen <strong>Amphibienbustour<\/strong>! Fahren Sie an den bekanntesten Sehensw\u00fcrdigkeiten der Stadt vorbei und tauchen Sie anschlie\u00dfend direkt in die Donau ein \u2013 ohne Ihren Sitzplatz zu verlassen. <strong>Perfekt f\u00fcr Familien, Freunde und Erstbesucher.<\/strong><\/p>\n<ul>\n<li style=\"\"><span>Dauer: 50 Minuten &#8211; 1.5 Stunden<\/span><\/li>\n<li style=\"\"><span>Audioguide&nbsp;<\/span><\/li>\n<li style=\"\"><span>Tourguide<\/span><\/li>\n<li style=\"\"><span>Kostenlose Stornierung<\/span><\/li>\n<\/ul>\n<h2 data-pm-slice=\"1 1 []\">Inklusive<\/h2>\n<ul>\n<li>                    <span>1-st\u00fcndige Amphibien-Sightseeing-Tour durch das Zentrum von Budapest<\/span><\/li>\n<li>                    <span>Fahrt in einem speziell gebauten schwimmenden Bus<\/span><\/li>\n<li>                    <span>Live-Kommentar auf Englisch und Deutsch<\/span><\/li>\n<li>                    <span>Audioguide in 12 Sprachen<\/span><\/li>\n<\/ul>\n<h2>Nicht Inklusive<\/h2>\n<ul>\n<li style=\"\"><span>Speisen und Getr\u00e4nke<\/span><\/li>\n<li style=\"\"><span>Toiletten an Bord<\/span><\/li>\n<li style=\"\"><span>Hotelabholung und R\u00fccktransfer<\/span><\/li>\n<\/ul>\n<h2 data-pm-slice=\"1 1 []\">Wichtige Informationen:<\/h2>\n<ul>\n<li><span>Touren finden 4-mal t\u00e4glich von April bis Oktober und 3-mal t\u00e4glich von November bis M\u00e4rz statt<\/span><\/li>\n<li><span>Keine Toiletten an Bord; Restaurants in der N\u00e4he k\u00f6nnen vor oder nach der Tour genutzt werden<\/span><\/li>\n<li><span>Nicht geeignet f\u00fcr nicht zusammenklappbare oder elektrische Rollst\u00fchle<\/span><\/li>\n<li><span>Rauchen, Essen und Trinken sind im Bus nicht gestattet<\/span><\/li>\n<li><span><strong>Treffpunkt: <\/strong>Sz\u00e9chenyi Istv\u00e1n t\u00e9r, neben dem Four Seasons Hotel<\/span><\/li>\n<\/ul>\n<h2 data-pm-slice=\"1 1 []\">Beschreibung<\/h2>\n<p data-pm-slice=\"1 1 []\">Erleben Sie Budapest aus einer v\u00f6llig neuen Perspektive an Bord eines schwimmenden Busses, der m\u00fchelos von den Stra\u00dfen der Stadt in die majest\u00e4tische Donau wechselt. Diese unterhaltsame, familienfreundliche Tour verbindet Land- und Wassersightseeing in einem \u2013 mit unvergesslichen Ausblicken und Fotomotiven. Und das alles in nur rund 90 Minuten!<\/p>\n<h2>Highlights:<\/h2>\n<ul>\n<li data-pm-slice=\"1 1 []\">Fahren Sie im klimatisierten Bus an den wichtigsten Sehensw\u00fcrdigkeiten der Budapester Innenstadt vorbei<\/li>\n<li>Tauchen Sie spektakul\u00e4r in die Donau ein und erleben Sie eine spannende Wasserfahrt<\/li>\n<li>Freuen Sie sich auf eine unterhaltsame, komplett gef\u00fchrte Tour mit Live-Kommentaren<\/li>\n<li>Machen Sie beeindruckende Fotos von Land und Wasser aus<\/li>\n<li>Fahren Sie mit Europas erstem amphibischen Sightseeing-Bus<\/li>\n<\/ul>\n<h2>Stornierung<\/h2>\n<p data-pm-slice=\"1 1 []\">Kostenlose Stornierung bis 24 Stunden vor Beginn m\u00f6glich.<\/p>\n<h2 data-pm-slice=\"1 1 []\">Treffpunkt &amp; Hinweise<\/h2>\n<p data-pm-slice=\"1 1 []\">Treffpunkt ist am Sz\u00e9chenyi Istv\u00e1n t\u00e9r, neben dem Four Seasons Hotel.<\/p>\n<p><a data-lt-tmp-id=\"lt-618857\" href=\"https:\/\/www.google.com\/maps\/place\/47%C2%B030&#039;01.8%22N+19%C2%B002&#039;50.4%22E\/@47.5004959,19.044754,17z\/data=!3m1!4b1!4m4!3m3!8m2!3d47.5004959!4d19.0473289?entry=ttu&amp;g_ep=EgoyMDI1MDUxNS4xIKXMDSoJLDEwMjExNDUzSAFQAw%3D%3D\" rel=\"nofollow noopener\" spellcheck=\"false\" target=\"_blank\" style=\"outline: none;\">Mit Maps \u00f6ffnen<\/a><\/p>\n<h2 data-pm-slice=\"0 0 []\">Bewertungen &amp; Erfahrungen:<\/h2>\n<p><strong>4.3 \/ 5&nbsp;<\/strong><strong>(2.667 <\/strong><strong>Bewertungen<\/strong><strong>)<\/strong><\/p>\n<p dir=\"ltr\"><em><em>\u201c<\/em><\/em>Ich habe eine \u00e4hnliche Bus-Wasser-Tour in Oslo gemacht, aber die dauerte nur 1 Minute \u2013 diese hier schl\u00e4gt sie alle: 45 Minuten Tour, davon 25 Minuten im Wasser. Wundersch\u00f6n, die beste Tour, die ich je gemacht habe.\u201c Arumainathan, Malaysia, Mai 2025 [Quelle: GetYourGuide] <em><\/em> <a href=\"https:\/\/www.getyourguide.com\/budapest-l29\/budapest-by-land-and-water-2-hour-floating-bus-tour-t21513\/?partner_id=NO9XIDE&amp;utm_medium=online_publisher&amp;cmp=BudapestTIFloatingBusTourSP\" target=\"_blank\" rel=\"nofollow noopener\" data-lt-tmp-id=\"lt-269899\" spellcheck=\"false\" style=\"outline: none;\">&gt;&gt;Weitere Bewertungen anzeigen<\/a><\/p>\n<h2 data-pm-slice=\"1 1 []\">Weitere Aktivit\u00e4ten, die Sie interessieren k\u00f6nnten:<\/h2>\n<p><span><img decoding=\"async\" alt=\"Hungarian Parliament Audio Guided Tour\" data-id=\"8200\" width=\"159\" data-init-width=\"735\" height=\"105\" data-init-height=\"484\" title=\"Hungarian Parliament Audio Guided Tour\" loading=\"lazy\" src=\"https:\/\/budapesttouristinformation.com\/wp-content\/uploads\/Ekran-Resmi-2024-11-28-16.54.10.png\" data-width=\"159\" data-height=\"105\" style=\"aspect-ratio: auto 735 \/ 484;\"><\/span><a href=\"https:\/\/www.headout.com\/r\/most-amazing-placesrecommends-PNwu5\/\" target=\"_blank\" rel=\"nofollow noopener\" style=\"outline: none;\"><\/a><\/p>\n<table>\n<tbody>\n<tr>\n<td><a data-lt-tmp-id=\"lt-867382\" href=\"https:\/\/www.headout.com\/r\/most-amazing-placesrecommends-POJMH\/\" rel=\"nofollow noopener\" spellcheck=\"false\" target=\"_blank\" style=\"outline: none;\">Ungarisches Parlament: gef\u00fchrte Audiotour<\/a><\/td>\n<\/tr>\n<\/tbody>\n<\/table>\n<p>Entdecken Sie das gr\u00f6\u00dfte Parlamentsgeb\u00e4ude Europas, bestaunen Sie die ungarischen Kronjuwelen und tauchen Sie bei dieser spannenden F\u00fchrung in die bewegte Geschichte Budapests ein.<\/p>\n<h3 style=\"\">Gesamtpreis<\/h3>\n<h3 style=\"\">Es erfolgt noch keine Abbuchung<\/h3>\n<p><span>#<\/span><strong><span>2<\/span><\/strong><span><img decoding=\"async\" alt=\"Budapest: Big Bus Hop-On Hop-Off Sightseeing Tour\" data-id=\"8172\" width=\"159\" data-init-width=\"960\" height=\"106\" data-init-height=\"640\" title=\"Budapest: Big Bus Hop-On Hop-Off Sightseeing Tour\" loading=\"lazy\" src=\"https:\/\/budapesttouristinformation.com\/wp-content\/uploads\/Budapest-Hop-on-Hop-off.jpg\" data-width=\"159\" data-height=\"106\" style=\"aspect-ratio: auto 960 \/ 640;\"><\/span><\/p>\n<table>\n<tbody>\n<tr>\n<td><a data-lt-tmp-id=\"lt-163467\" href=\"https:\/\/www.getyourguide.com\/budapest-l29\/hop-on-hop-off-sightseeing-tour-in-budapest-t42526\/?partner_id=NO9XIDE&amp;utm_medium=online_publisher&amp;cmp=BudapestHoponHopoffTicketGttd\" rel=\"nofollow noopener\" spellcheck=\"false\" target=\"_blank\" style=\"outline: none;\">Budapest: Big Bus Hop-On Hop-Off Tour &amp; Donauschifffahrt<\/a><\/td>\n<\/tr>\n<\/tbody>\n<\/table>\n<p>Entdecke Budapest ganz entspannt mit einem 1-, 2- oder 3-Tagespass f\u00fcr den offenen Hop-On-Hop-Off-Sightseeing-Bus.<\/p>\n<h3 style=\"\">Gesamtpreis<\/h3>\n<h3 style=\"\">Es erfolgt noch keine Abbuchung<\/h3>\n<p><\/p>\n<h2><a href=\"https:\/\/www.getyourguide.com\/budapest-l29\/budapest-by-land-and-water-2-hour-floating-bus-tour-t21513\/?partner_id=NO9XIDE&amp;utm_medium=online_publisher&amp;cmp=BudapestTIFloatingBusTourSP\" target=\"_blank\" rel=\"nofollow noopener\" style=\"outline: none;\" data-lt-tmp-id=\"lt-708889\" spellcheck=\"false\">Reservieren<\/a><span style=\"font-weight: normal;\"><\/span><\/h2>\n<p><strong style=\"outline: currentcolor;\"><a href=\"https:\/\/www.getyourguide.com\/budapest-l29\/budapest-by-land-and-water-2-hour-floating-bus-tour-t21513\/?partner_id=NO9XIDE&amp;utm_medium=online_publisher&amp;cmp=BudapestTIFloatingBusTourSP\" target=\"_blank\" rel=\"nofollow noopener\" data-lt-tmp-id=\"lt-697306\" spellcheck=\"false\" style=\"outline: none;\">Ab 26\u20ac<\/a><\/strong><\/p>\n<p style=\"\">Ihnen werden noch keine Kosten berechnet<\/p>\n","protected":false},"excerpt":{"rendered":"<p>Budapest: Schwimmende Bustour zu Land und zu Wasser Reservieren Ab 26\u20ac Erleben Sie Budapest aus zwei einzigartigen Perspektiven bei dieser au\u00dfergew\u00f6hnlichen Amphibienbustour! Fahren Sie an den bekanntesten Sehensw\u00fcrdigkeiten der Stadt vorbei und tauchen Sie anschlie\u00dfend direkt in die Donau ein \u2013 ohne Ihren Sitzplatz zu verlassen. Perfekt f\u00fcr Familien, Freunde und Erstbesucher. Dauer: 50 Minuten [&hellip;]<\/p>\n","protected":false},"author":17,"featured_media":9248,"parent":0,"menu_order":0,"comment_status":"closed","ping_status":"closed","template":"","meta":{"footnotes":""},"categories":[],"tags":[78],"class_list":["post-9313","page","type-page","status-publish","has-post-thumbnail","hentry","tag-sales-page-de","post-wrapper","thrv_wrapper"],"_links":{"self":[{"href":"https:\/\/budapesttouristinformation.com\/de\/wp-json\/wp\/v2\/pages\/9313","targetHints":{"allow":["GET"]}}],"collection":[{"href":"https:\/\/budapesttouristinformation.com\/de\/wp-json\/wp\/v2\/pages"}],"about":[{"href":"https:\/\/budapesttouristinformation.com\/de\/wp-json\/wp\/v2\/types\/page"}],"author":[{"embeddable":true,"href":"https:\/\/budapesttouristinformation.com\/de\/wp-json\/wp\/v2\/users\/17"}],"replies":[{"embeddable":true,"href":"https:\/\/budapesttouristinformation.com\/de\/wp-json\/wp\/v2\/comments?post=9313"}],"version-history":[{"count":11,"href":"https:\/\/budapesttouristinformation.com\/de\/wp-json\/wp\/v2\/pages\/9313\/revisions"}],"predecessor-version":[{"id":10654,"href":"https:\/\/budapesttouristinformation.com\/de\/wp-json\/wp\/v2\/pages\/9313\/revisions\/10654"}],"wp:featuredmedia":[{"embeddable":true,"href":"https:\/\/budapesttouristinformation.com\/de\/wp-json\/wp\/v2\/media\/9248"}],"wp:attachment":[{"href":"https:\/\/budapesttouristinformation.com\/de\/wp-json\/wp\/v2\/media?parent=9313"}],"wp:term":[{"taxonomy":"category","embeddable":true,"href":"https:\/\/budapesttouristinformation.com\/de\/wp-json\/wp\/v2\/categories?post=9313"},{"taxonomy":"post_tag","embeddable":true,"href":"https:\/\/budapesttouristinformation.com\/de\/wp-json\/wp\/v2\/tags?post=9313"}],"curies":[{"name":"wp","href":"https:\/\/api.w.org\/{rel}","templated":true}]}}