{"id":9310,"date":"2025-05-21T15:34:55","date_gmt":"2025-05-21T15:34:55","guid":{"rendered":"https:\/\/budapesttouristinformation.com\/hop-on-hop-off-bus-tour-ticket"},"modified":"2026-04-27T06:33:58","modified_gmt":"2026-04-27T06:33:58","slug":"budapest-stadtrundfahrt-tickets","status":"publish","type":"page","link":"https:\/\/budapesttouristinformation.com\/de\/budapest-stadtrundfahrt-tickets","title":{"rendered":"Budapest Stadtrundfahrt: Hop-On\/Hop-Off-Bustour &amp; Extras"},"content":{"rendered":"<p><span><img decoding=\"async\" alt=\"\" data-id=\"8943\" width=\"957\" height=\"640\" title=\"Budapest- City Sightseeing Hop-On Hop-Off Bus Tour &amp; Extras 2\" src=\"https:\/\/budapesttouristinformation.com\/wp-content\/uploads\/Budapest-City-Sightseeing-Hop-On-Hop-Off-Bus-Tour-Extras-2.jpg\" data-src=\"https:\/\/budapesttouristinformation.com\/wp-content\/uploads\/Budapest-City-Sightseeing-Hop-On-Hop-Off-Bus-Tour-Extras-2-300x201.jpg\" loading=\"lazy\" data-sizes=\"{&quot;thumbnail&quot;:{&quot;url&quot;:&quot;https:\/\/budapesttouristinformation.com\/wp-content\/uploads\/Budapest-City-Sightseeing-Hop-On-Hop-Off-Bus-Tour-Extras-2-150x150.jpg&quot;,&quot;height&quot;:150,&quot;width&quot;:150,&quot;orientation&quot;:&quot;landscape&quot;},&quot;medium&quot;:{&quot;url&quot;:&quot;https:\/\/budapesttouristinformation.com\/wp-content\/uploads\/Budapest-City-Sightseeing-Hop-On-Hop-Off-Bus-Tour-Extras-2-300x201.jpg&quot;,&quot;height&quot;:201,&quot;width&quot;:300,&quot;orientation&quot;:&quot;landscape&quot;},&quot;full&quot;:{&quot;url&quot;:&quot;https:\/\/budapesttouristinformation.com\/wp-content\/uploads\/Budapest-City-Sightseeing-Hop-On-Hop-Off-Bus-Tour-Extras-2.jpg&quot;,&quot;height&quot;:640,&quot;width&quot;:957,&quot;orientation&quot;:&quot;landscape&quot;}}\"><\/span><span><img decoding=\"async\" alt=\"\" data-id=\"8944\" width=\"960\" height=\"640\" title=\"Budapest- City Sightseeing Hop-On Hop-Off Bus Tour &amp; Extras 3\" src=\"https:\/\/budapesttouristinformation.com\/wp-content\/uploads\/Budapest-City-Sightseeing-Hop-On-Hop-Off-Bus-Tour-Extras-3.jpg\" data-src=\"https:\/\/budapesttouristinformation.com\/wp-content\/uploads\/Budapest-City-Sightseeing-Hop-On-Hop-Off-Bus-Tour-Extras-3-300x200.jpg\" loading=\"lazy\" data-sizes=\"{&quot;thumbnail&quot;:{&quot;url&quot;:&quot;https:\/\/budapesttouristinformation.com\/wp-content\/uploads\/Budapest-City-Sightseeing-Hop-On-Hop-Off-Bus-Tour-Extras-3-150x150.jpg&quot;,&quot;height&quot;:150,&quot;width&quot;:150,&quot;orientation&quot;:&quot;landscape&quot;},&quot;medium&quot;:{&quot;url&quot;:&quot;https:\/\/budapesttouristinformation.com\/wp-content\/uploads\/Budapest-City-Sightseeing-Hop-On-Hop-Off-Bus-Tour-Extras-3-300x200.jpg&quot;,&quot;height&quot;:200,&quot;width&quot;:300,&quot;orientation&quot;:&quot;landscape&quot;},&quot;full&quot;:{&quot;url&quot;:&quot;https:\/\/budapesttouristinformation.com\/wp-content\/uploads\/Budapest-City-Sightseeing-Hop-On-Hop-Off-Bus-Tour-Extras-3.jpg&quot;,&quot;height&quot;:640,&quot;width&quot;:960,&quot;orientation&quot;:&quot;landscape&quot;}}\"><\/span><span><img decoding=\"async\" alt=\"\" data-id=\"8945\" width=\"960\" height=\"640\" title=\"Budapest- City Sightseeing Hop-On Hop-Off Bus Tour &amp; Extras 4\" src=\"https:\/\/budapesttouristinformation.com\/wp-content\/uploads\/Budapest-City-Sightseeing-Hop-On-Hop-Off-Bus-Tour-Extras-4.jpg\" data-src=\"https:\/\/budapesttouristinformation.com\/wp-content\/uploads\/Budapest-City-Sightseeing-Hop-On-Hop-Off-Bus-Tour-Extras-4-300x200.jpg\" loading=\"lazy\" data-sizes=\"{&quot;thumbnail&quot;:{&quot;url&quot;:&quot;https:\/\/budapesttouristinformation.com\/wp-content\/uploads\/Budapest-City-Sightseeing-Hop-On-Hop-Off-Bus-Tour-Extras-4-150x150.jpg&quot;,&quot;height&quot;:150,&quot;width&quot;:150,&quot;orientation&quot;:&quot;landscape&quot;},&quot;medium&quot;:{&quot;url&quot;:&quot;https:\/\/budapesttouristinformation.com\/wp-content\/uploads\/Budapest-City-Sightseeing-Hop-On-Hop-Off-Bus-Tour-Extras-4-300x200.jpg&quot;,&quot;height&quot;:200,&quot;width&quot;:300,&quot;orientation&quot;:&quot;landscape&quot;},&quot;full&quot;:{&quot;url&quot;:&quot;https:\/\/budapesttouristinformation.com\/wp-content\/uploads\/Budapest-City-Sightseeing-Hop-On-Hop-Off-Bus-Tour-Extras-4.jpg&quot;,&quot;height&quot;:640,&quot;width&quot;:960,&quot;orientation&quot;:&quot;landscape&quot;}}\"><\/span><span><img decoding=\"async\" alt=\"\" data-id=\"8946\" width=\"960\" height=\"640\" title=\"Budapest- City Sightseeing Hop-On Hop-Off Bus Tour &amp; Extras\" src=\"https:\/\/budapesttouristinformation.com\/wp-content\/uploads\/Budapest-City-Sightseeing-Hop-On-Hop-Off-Bus-Tour-Extras-1.jpg\" data-src=\"https:\/\/budapesttouristinformation.com\/wp-content\/uploads\/Budapest-City-Sightseeing-Hop-On-Hop-Off-Bus-Tour-Extras-1-300x200.jpg\" loading=\"lazy\" data-sizes=\"{&quot;thumbnail&quot;:{&quot;url&quot;:&quot;https:\/\/budapesttouristinformation.com\/wp-content\/uploads\/Budapest-City-Sightseeing-Hop-On-Hop-Off-Bus-Tour-Extras-1-150x150.jpg&quot;,&quot;height&quot;:150,&quot;width&quot;:150,&quot;orientation&quot;:&quot;landscape&quot;},&quot;medium&quot;:{&quot;url&quot;:&quot;https:\/\/budapesttouristinformation.com\/wp-content\/uploads\/Budapest-City-Sightseeing-Hop-On-Hop-Off-Bus-Tour-Extras-1-300x200.jpg&quot;,&quot;height&quot;:200,&quot;width&quot;:300,&quot;orientation&quot;:&quot;landscape&quot;},&quot;full&quot;:{&quot;url&quot;:&quot;https:\/\/budapesttouristinformation.com\/wp-content\/uploads\/Budapest-City-Sightseeing-Hop-On-Hop-Off-Bus-Tour-Extras-1.jpg&quot;,&quot;height&quot;:640,&quot;width&quot;:960,&quot;orientation&quot;:&quot;landscape&quot;}}\"><\/span><\/p>\n<h1 dir=\"ltr\" style=\"\">Budapest: City Sightseeing Hop-On\/Hop-Off-Bustour &amp; Extras<\/h1>\n<h2><a href=\"https:\/\/www.getyourguide.com\/budapest-l29\/budapest-hop-on-hop-off-48-hour-bus-tour-t53639\/?partner_id=NO9XIDE&amp;utm_medium=online_publisher&amp;cmp=BudapestTIHoponHopoffBusTourSP\" target=\"_blank\" rel=\"nofollow noopener\" style=\"outline: none;\">Reservieren<\/a><\/h2>\n<h1><a href=\"https:\/\/www.getyourguide.com\/budapest-l29\/budapest-hop-on-hop-off-48-hour-bus-tour-t53639\/?partner_id=NO9XIDE&amp;utm_medium=online_publisher&amp;cmp=BudapestTIHoponHopoffBusTourSP\" target=\"_blank\" rel=\"nofollow noopener\" style=\"outline: none;\">Ab 35\u20ac<\/a><\/h1>\n<p data-end=\"297\" data-is-last-node=\"\" data-is-only-node=\"\" data-start=\"0\">Entdecken Sie Budapest aus allen Perspektiven mit diesem vielseitigen Sightseeing-Paket. Erkunden Sie die Stadt in Ihrem eigenen Tempo im Hop-on-Hop-off-Bus, unternehmen Sie eine <strong>Donau-Schifffahrt<\/strong> und genie\u00dfen Sie eine gef\u00fchrte <strong>Stadttour<\/strong> durch das <strong>historische Zentrum<\/strong> \u2013 <strong>alles mit nur einem Ticket<\/strong>.<\/p>\n<ul>\n<li style=\"\"><span>Dauer: 1 &#8211; 3 Tage<\/span><\/li>\n<li style=\"\"><span>Audioguide inklusive<\/span><\/li>\n<li style=\"\"><!--! Font Awesome Free 6.7.1 by @fontawesome - https:\/\/fontawesome.com License - https:\/\/fontawesome.com\/license\/free (Icons: CC BY 4.0, Fonts: SIL OFL 1.1, Code: MIT License) Copyright 2024 Fonticons, Inc. --><span>Fahrer: Englisch<\/span><\/li>\n<li style=\"\"><span>Kostenlose Stornierung<\/span><\/li>\n<\/ul>\n<h2 data-pm-slice=\"1 1 []\">Inklusive<\/h2>\n<ul>\n<li>                    <span>24-, 48- oder 72-Stunden Hop-on-Hop-off-Buspass<\/span><\/li>\n<li>                    <span>1-st\u00fcndige Donau-Bootsfahrt (bis 17:00 Uhr)<\/span><\/li>\n<li>                    <span>Gef\u00fchrter Stadtrundgang auf Englisch<\/span><\/li>\n<li>                    <span>Audiokommentar in 15 Sprachen<\/span><\/li>\n<li>                    <span>Haltestellen in der N\u00e4he aller wichtigen Sehensw\u00fcrdigkeiten<\/span><\/li>\n<li>                    <span>Rabattheft f\u00fcr ausgew\u00e4hlte Attraktionen und Restaurants in der Stadt<\/span><\/li>\n<li>                    <span>Rabattheft f\u00fcr ausgew\u00e4hlte Sehensw\u00fcrdigkeiten und Restaurants der Stadt<\/span><\/li>\n<\/ul>\n<h2>Nicht Inklusive<\/h2>\n<ul>\n<li style=\"\"><span>Eintritt in Museen oder Sehensw\u00fcrdigkeiten<\/span><\/li>\n<li style=\"\"><span>Speisen und Getr\u00e4nke<\/span><\/li>\n<li style=\"\"><span>Abendliche Bootstouren nach 17:00 Uhr (gegen Aufpreis erh\u00e4ltlich)<\/span><\/li>\n<\/ul>\n<h2 data-pm-slice=\"1 1 []\">Wichtige Informationen:<\/h2>\n<ul>\n<li><span><strong>Bus Red Line: <\/strong>Alle 10\u201320 Minuten, Rundfahrt ca. 90 Minuten (9:00\u201317:00 Uhr)<\/span><\/li>\n<li><span><strong>Bus Green Line: <\/strong>Alle 10\u201320 Minuten, Rundfahrt ca. 50 Minuten (9:00\u201317:00 Uhr)<\/span><\/li>\n<li><span><strong>Bootstour: <\/strong>St\u00fcndlich von 12:00\u201317:00 Uhr ab Dock Nr. 6 (Marriott Hotel), kommentiert auf Englisch, letzte inkludierte Abfahrt um 17:00 Uhr. Mindestens 10 Teilnehmer erforderlich.<\/span><\/li>\n<li><span><strong>Stadtrundgang: <\/strong>T\u00e4glich um 11:00 Uhr ab Szent Istv\u00e1n t\u00e9r 1, Ende an der Kettenbr\u00fccke (Pester Seite)<\/span><\/li>\n<li><span>Haustiere und Rauchen an Bord nicht erlaubt<\/span><\/li>\n<\/ul>\n<h2 data-pm-slice=\"1 1 []\">Beschreibung<\/h2>\n<p data-pm-slice=\"1 1 []\">Erleben Sie Budapest flexibel und komfortabel mit diesem vielseitigen Sightseeing-Ticket. Entdecken Sie die spannende Geschichte der Stadt bei einer Fahrt im Doppeldeckerbus, genie\u00dfen Sie atemberaubende Ausblicke vom Wasser aus bei einer Donau-Schifffahrt und erkunden Sie die charmanten Stra\u00dfen bei einer gef\u00fchrten Stadttour. Mit diesem Ticket entdecken Sie die Highlights Budapests in Ihrem eigenen Tempo \u2013 ganz ohne Stress.<\/p>\n<h2>Highlights:<\/h2>\n<ul>\n<li data-pm-slice=\"1 1 []\">Erkunden Sie Budapest im Hop-on-Hop-off-Bus mit 27 praktischen Haltestellen<\/li>\n<li>Bewundern Sie die Stephansbasilika, die Budaer Burg und das beeindruckende Parlamentsgeb\u00e4ude<\/li>\n<li>Genie\u00dfen Sie eine Donau-Bootsfahrt mit Panoramablick auf die Kettenbr\u00fccke und weitere Wahrzeichen<\/li>\n<li>Tauchen Sie bei einem gef\u00fchrten Stadtrundgang in die lebendige Kultur der Stadt ein<\/li>\n<li>Lauschen Sie spannenden Audiokommentaren in 15 Sprachen<\/li>\n<\/ul>\n<h2>Stornierung<\/h2>\n<p data-pm-slice=\"1 1 []\">Kostenlose Stornierung bis 24 Stunden vor dem Besuch m\u00f6glich.<\/p>\n<h2 data-pm-slice=\"1 1 []\">Treffpunkt &amp; Hinweise:<\/h2>\n<p data-pm-slice=\"1 1 []\">Der Treffpunkt variiert je nach gebuchter Option.<\/p>\n<p><a data-lt-tmp-id=\"lt-618857\" href=\"https:\/\/www.getyourguide.com\/budapest-l29\/budapest-hop-on-hop-off-48-hour-bus-tour-t53639\/?partner_id=NO9XIDE&amp;utm_medium=online_publisher&amp;cmp=BudapestTIHoponHopoffBusTourSP\" rel=\"nofollow noopener\" spellcheck=\"false\" target=\"_blank\" style=\"outline: none;\">Mit Maps \u00f6ffnen<\/a><\/p>\n<h2 data-pm-slice=\"1 1 []\">Bewertungen &amp; Erfahrungen:<\/h2>\n<p><strong>4.1 \/ 5&nbsp;<\/strong><strong>(3.048 <\/strong><strong>Bewertungen<\/strong><strong>)<\/strong><\/p>\n<p dir=\"ltr\"><em><em>\u201c<\/em><\/em>Alle wichtigen Sehensw\u00fcrdigkeiten abgedeckt, regelm\u00e4\u00dfige Busverbindungen. Die Bootsfahrt war besonders sch\u00f6n.\u201c Julie, UK, Mai 2025 [Quelle: GetYourGuide] <em><\/em>&nbsp; <a href=\"https:\/\/www.getyourguide.com\/budapest-l29\/budapest-hop-on-hop-off-48-hour-bus-tour-t53639\/?partner_id=NO9XIDE&amp;utm_medium=online_publisher&amp;cmp=BudapestTIHoponHopoffBusTourSP\" target=\"_blank\" rel=\"nofollow noopener\" data-lt-tmp-id=\"lt-269899\" spellcheck=\"false\" style=\"outline: none;\">&gt;&gt; Weitere Bewertungen anzeigen<\/a><\/p>\n<h2>Weitere Aktivit\u00e4ten in Budapest entdecken<\/h2>\n<p><span><img decoding=\"async\" alt=\"Hungarian Parliament Audio Guided Tour\" data-id=\"8200\" width=\"159\" data-init-width=\"735\" height=\"105\" data-init-height=\"484\" title=\"Hungarian Parliament Audio Guided Tour\" loading=\"lazy\" src=\"https:\/\/budapesttouristinformation.com\/wp-content\/uploads\/Ekran-Resmi-2024-11-28-16.54.10.png\" data-width=\"159\" data-height=\"105\" style=\"aspect-ratio: auto 735 \/ 484;\"><\/span><a href=\"https:\/\/www.headout.com\/r\/most-amazing-placesrecommends-PNwu5\/\" target=\"_blank\" rel=\"nofollow noopener\" style=\"outline: none;\"><\/a><\/p>\n<table>\n<tbody>\n<tr>\n<td><a data-lt-tmp-id=\"lt-867382\" href=\"https:\/\/www.headout.com\/r\/most-amazing-placesrecommends-POJMH\/\" rel=\"nofollow noopener\" spellcheck=\"false\" target=\"_blank\" style=\"outline: none;\">Ungarisches Parlament: gef\u00fchrte Audiotour<\/a><\/td>\n<\/tr>\n<\/tbody>\n<\/table>\n<p>Entdecken Sie das gr\u00f6\u00dfte Parlamentsgeb\u00e4ude Europas, bestaunen Sie die ungarischen Kronjuwelen und tauchen Sie bei dieser spannenden F\u00fchrung in die bewegte Geschichte Budapests ein.<\/p>\n<h3 style=\"\">Gesamtpreis<\/h3>\n<h3 style=\"\">Es erfolgt noch keine Abbuchung<\/h3>\n<p><span>#<\/span><strong><span>2<\/span><\/strong><span><img decoding=\"async\" alt=\"Budapest: Big Bus Hop-On Hop-Off Sightseeing Tour\" data-id=\"8172\" width=\"159\" data-init-width=\"960\" height=\"106\" data-init-height=\"640\" title=\"Budapest: Big Bus Hop-On Hop-Off Sightseeing Tour\" loading=\"lazy\" src=\"https:\/\/budapesttouristinformation.com\/wp-content\/uploads\/Budapest-Hop-on-Hop-off.jpg\" data-width=\"159\" data-height=\"106\" style=\"aspect-ratio: auto 960 \/ 640;\"><\/span><\/p>\n<table>\n<tbody>\n<tr>\n<td><a data-lt-tmp-id=\"lt-163467\" href=\"https:\/\/www.getyourguide.com\/budapest-l29\/hop-on-hop-off-sightseeing-tour-in-budapest-t42526\/?partner_id=NO9XIDE&amp;utm_medium=online_publisher&amp;cmp=BudapestHoponHopoffTicketGttd\" rel=\"nofollow noopener\" spellcheck=\"false\" target=\"_blank\" style=\"outline: none;\">Budapest: Big Bus Hop-On Hop-Off Tour &amp; Donauschifffahrt<\/a><\/td>\n<\/tr>\n<\/tbody>\n<\/table>\n<p>Entdecke Budapest ganz entspannt mit einem 1-, 2- oder 3-Tagespass f\u00fcr den offenen Hop-On-Hop-Off-Sightseeing-Bus.<\/p>\n<h3 style=\"\">Gesamtpreis<\/h3>\n<h3 style=\"\">Es erfolgt noch keine Abbuchung<\/h3>\n<p><\/p>\n<h2><a href=\"https:\/\/www.getyourguide.com\/budapest-l29\/budapest-hop-on-hop-off-48-hour-bus-tour-t53639\/?partner_id=NO9XIDE&amp;utm_medium=online_publisher&amp;cmp=BudapestTIHoponHopoffBusTourSP\" target=\"_blank\" rel=\"nofollow noopener\" style=\"outline: none;\" data-lt-tmp-id=\"lt-708889\" spellcheck=\"false\">Reservieren<\/a><span style=\"font-weight: normal;\"><\/span><\/h2>\n<p><strong style=\"outline: currentcolor;\"><a href=\"https:\/\/www.getyourguide.com\/budapest-l29\/budapest-hop-on-hop-off-48-hour-bus-tour-t53639\/?partner_id=NO9XIDE&amp;utm_medium=online_publisher&amp;cmp=BudapestTIHoponHopoffBusTourSP\" target=\"_blank\" rel=\"nofollow noopener\" data-lt-tmp-id=\"lt-697306\" spellcheck=\"false\" style=\"outline: none;\">From \u20ac35<\/a><\/strong><\/p>\n<p style=\"\">Ihnen werden noch keine Kosten berechnet<\/p>\n","protected":false},"excerpt":{"rendered":"<p>Budapest: City Sightseeing Hop-On\/Hop-Off-Bustour &amp; Extras Reservieren Ab 35\u20ac Entdecken Sie Budapest aus allen Perspektiven mit diesem vielseitigen Sightseeing-Paket. Erkunden Sie die Stadt in Ihrem eigenen Tempo im Hop-on-Hop-off-Bus, unternehmen Sie eine Donau-Schifffahrt und genie\u00dfen Sie eine gef\u00fchrte Stadttour durch das historische Zentrum \u2013 alles mit nur einem Ticket. Dauer: 1 &#8211; 3 Tage Audioguide [&hellip;]<\/p>\n","protected":false},"author":17,"featured_media":9238,"parent":0,"menu_order":0,"comment_status":"closed","ping_status":"closed","template":"","meta":{"footnotes":""},"categories":[],"tags":[78],"class_list":["post-9310","page","type-page","status-publish","has-post-thumbnail","hentry","tag-sales-page-de","post-wrapper","thrv_wrapper"],"_links":{"self":[{"href":"https:\/\/budapesttouristinformation.com\/de\/wp-json\/wp\/v2\/pages\/9310","targetHints":{"allow":["GET"]}}],"collection":[{"href":"https:\/\/budapesttouristinformation.com\/de\/wp-json\/wp\/v2\/pages"}],"about":[{"href":"https:\/\/budapesttouristinformation.com\/de\/wp-json\/wp\/v2\/types\/page"}],"author":[{"embeddable":true,"href":"https:\/\/budapesttouristinformation.com\/de\/wp-json\/wp\/v2\/users\/17"}],"replies":[{"embeddable":true,"href":"https:\/\/budapesttouristinformation.com\/de\/wp-json\/wp\/v2\/comments?post=9310"}],"version-history":[{"count":11,"href":"https:\/\/budapesttouristinformation.com\/de\/wp-json\/wp\/v2\/pages\/9310\/revisions"}],"predecessor-version":[{"id":10817,"href":"https:\/\/budapesttouristinformation.com\/de\/wp-json\/wp\/v2\/pages\/9310\/revisions\/10817"}],"wp:featuredmedia":[{"embeddable":true,"href":"https:\/\/budapesttouristinformation.com\/de\/wp-json\/wp\/v2\/media\/9238"}],"wp:attachment":[{"href":"https:\/\/budapesttouristinformation.com\/de\/wp-json\/wp\/v2\/media?parent=9310"}],"wp:term":[{"taxonomy":"category","embeddable":true,"href":"https:\/\/budapesttouristinformation.com\/de\/wp-json\/wp\/v2\/categories?post=9310"},{"taxonomy":"post_tag","embeddable":true,"href":"https:\/\/budapesttouristinformation.com\/de\/wp-json\/wp\/v2\/tags?post=9310"}],"curies":[{"name":"wp","href":"https:\/\/api.w.org\/{rel}","templated":true}]}}