{"id":9307,"date":"2025-05-13T07:22:14","date_gmt":"2025-05-13T07:22:14","guid":{"rendered":"https:\/\/budapesttouristinformation.com\/budapest-city-highlights-cruise-ticket"},"modified":"2026-04-27T06:30:16","modified_gmt":"2026-04-27T06:30:16","slug":"donaufahrt-budapest-tickets","status":"publish","type":"page","link":"https:\/\/budapesttouristinformation.com\/de\/donaufahrt-budapest-tickets","title":{"rendered":"Donaufahrt Budapest mit Begr\u00fc\u00dfungsgetr\u00e4nk"},"content":{"rendered":"<p><span><img decoding=\"async\" alt=\"\" data-id=\"8816\" width=\"853\" height=\"640\" title=\"Budapest- City Highlights Cruise with Welcome Drink\" src=\"https:\/\/budapesttouristinformation.com\/wp-content\/uploads\/Budapest-City-Highlights-Cruise-with-Welcome-Drink-1-1.jpg\" data-src=\"https:\/\/budapesttouristinformation.com\/wp-content\/uploads\/Budapest-City-Highlights-Cruise-with-Welcome-Drink-1-1-300x225.jpg\" loading=\"lazy\" data-sizes=\"{&quot;thumbnail&quot;:{&quot;url&quot;:&quot;https:\/\/budapesttouristinformation.com\/wp-content\/uploads\/Budapest-City-Highlights-Cruise-with-Welcome-Drink-1-1-150x150.jpg&quot;,&quot;height&quot;:150,&quot;width&quot;:150,&quot;orientation&quot;:&quot;landscape&quot;},&quot;medium&quot;:{&quot;url&quot;:&quot;https:\/\/budapesttouristinformation.com\/wp-content\/uploads\/Budapest-City-Highlights-Cruise-with-Welcome-Drink-1-1-300x225.jpg&quot;,&quot;height&quot;:225,&quot;width&quot;:300,&quot;orientation&quot;:&quot;landscape&quot;},&quot;full&quot;:{&quot;url&quot;:&quot;https:\/\/budapesttouristinformation.com\/wp-content\/uploads\/Budapest-City-Highlights-Cruise-with-Welcome-Drink-1-1.jpg&quot;,&quot;height&quot;:640,&quot;width&quot;:853,&quot;orientation&quot;:&quot;landscape&quot;}}\"><\/span><span><img decoding=\"async\" alt=\"\" data-id=\"8817\" width=\"853\" height=\"640\" title=\"Budapest- City Highlights Cruise with Welcome Drink 2\" src=\"https:\/\/budapesttouristinformation.com\/wp-content\/uploads\/Budapest-City-Highlights-Cruise-with-Welcome-Drink-2.jpg\" data-src=\"https:\/\/budapesttouristinformation.com\/wp-content\/uploads\/Budapest-City-Highlights-Cruise-with-Welcome-Drink-2-300x225.jpg\" loading=\"lazy\" data-sizes=\"{&quot;thumbnail&quot;:{&quot;url&quot;:&quot;https:\/\/budapesttouristinformation.com\/wp-content\/uploads\/Budapest-City-Highlights-Cruise-with-Welcome-Drink-2-150x150.jpg&quot;,&quot;height&quot;:150,&quot;width&quot;:150,&quot;orientation&quot;:&quot;landscape&quot;},&quot;medium&quot;:{&quot;url&quot;:&quot;https:\/\/budapesttouristinformation.com\/wp-content\/uploads\/Budapest-City-Highlights-Cruise-with-Welcome-Drink-2-300x225.jpg&quot;,&quot;height&quot;:225,&quot;width&quot;:300,&quot;orientation&quot;:&quot;landscape&quot;},&quot;full&quot;:{&quot;url&quot;:&quot;https:\/\/budapesttouristinformation.com\/wp-content\/uploads\/Budapest-City-Highlights-Cruise-with-Welcome-Drink-2.jpg&quot;,&quot;height&quot;:640,&quot;width&quot;:853,&quot;orientation&quot;:&quot;landscape&quot;}}\"><\/span><span><img decoding=\"async\" alt=\"\" data-id=\"8818\" width=\"711\" height=\"640\" title=\"Budapest- City Highlights Cruise with Welcome Drink 3\" src=\"https:\/\/budapesttouristinformation.com\/wp-content\/uploads\/Budapest-City-Highlights-Cruise-with-Welcome-Drink-3.jpg\" data-src=\"https:\/\/budapesttouristinformation.com\/wp-content\/uploads\/Budapest-City-Highlights-Cruise-with-Welcome-Drink-3-300x270.jpg\" loading=\"lazy\" data-sizes=\"{&quot;thumbnail&quot;:{&quot;url&quot;:&quot;https:\/\/budapesttouristinformation.com\/wp-content\/uploads\/Budapest-City-Highlights-Cruise-with-Welcome-Drink-3-150x150.jpg&quot;,&quot;height&quot;:150,&quot;width&quot;:150,&quot;orientation&quot;:&quot;landscape&quot;},&quot;medium&quot;:{&quot;url&quot;:&quot;https:\/\/budapesttouristinformation.com\/wp-content\/uploads\/Budapest-City-Highlights-Cruise-with-Welcome-Drink-3-300x270.jpg&quot;,&quot;height&quot;:270,&quot;width&quot;:300,&quot;orientation&quot;:&quot;landscape&quot;},&quot;full&quot;:{&quot;url&quot;:&quot;https:\/\/budapesttouristinformation.com\/wp-content\/uploads\/Budapest-City-Highlights-Cruise-with-Welcome-Drink-3.jpg&quot;,&quot;height&quot;:640,&quot;width&quot;:711,&quot;orientation&quot;:&quot;landscape&quot;}}\"><\/span><span><img decoding=\"async\" alt=\"\" data-id=\"8819\" width=\"960\" height=\"540\" title=\"Budapest- City Highlights Cruise with Welcome Drink 4\" src=\"https:\/\/budapesttouristinformation.com\/wp-content\/uploads\/Budapest-City-Highlights-Cruise-with-Welcome-Drink-4.jpg\" data-src=\"https:\/\/budapesttouristinformation.com\/wp-content\/uploads\/Budapest-City-Highlights-Cruise-with-Welcome-Drink-4-300x169.jpg\" loading=\"lazy\" data-sizes=\"{&quot;thumbnail&quot;:{&quot;url&quot;:&quot;https:\/\/budapesttouristinformation.com\/wp-content\/uploads\/Budapest-City-Highlights-Cruise-with-Welcome-Drink-4-150x150.jpg&quot;,&quot;height&quot;:150,&quot;width&quot;:150,&quot;orientation&quot;:&quot;landscape&quot;},&quot;medium&quot;:{&quot;url&quot;:&quot;https:\/\/budapesttouristinformation.com\/wp-content\/uploads\/Budapest-City-Highlights-Cruise-with-Welcome-Drink-4-300x169.jpg&quot;,&quot;height&quot;:169,&quot;width&quot;:300,&quot;orientation&quot;:&quot;landscape&quot;},&quot;full&quot;:{&quot;url&quot;:&quot;https:\/\/budapesttouristinformation.com\/wp-content\/uploads\/Budapest-City-Highlights-Cruise-with-Welcome-Drink-4.jpg&quot;,&quot;height&quot;:540,&quot;width&quot;:960,&quot;orientation&quot;:&quot;landscape&quot;}}\"><\/span><\/p>\n<h1 dir=\"ltr\" style=\"\">Budapest: Donaufahrt mit Begr\u00fc\u00dfungsgetr\u00e4nk<\/h1>\n<h2><a href=\"https:\/\/www.getyourguide.com\/budapest-l29\/budapest-boat-cruise-cocktail-t73250\/?partner_id=NO9XIDE&amp;utm_medium=online_publisher&amp;cmp=BudapestCityHighlightsCruiseSP\" target=\"_blank\" rel=\"nofollow noopener\" style=\"outline: none;\">Reservieren<\/a><\/h2>\n<h1><a href=\"https:\/\/www.getyourguide.com\/budapest-l29\/budapest-boat-cruise-cocktail-t73250\/?partner_id=NO9XIDE&amp;utm_medium=online_publisher&amp;cmp=BudapestCityHighlightsCruiseSP\" target=\"_blank\" rel=\"nofollow noopener\" style=\"outline: none;\">Ab 15\u20ac<\/a><\/h1>\n<p data-pm-slice=\"1 1 []\">Genie\u00dfen Sie eine <strong>1-st\u00fcndige Rundfahrt auf der Donau<\/strong> durch das Herz von Budapest. Lehnen Sie sich zur\u00fcck mit einem Begr\u00fc\u00dfungsgetr\u00e4nk und lassen Sie den Blick \u00fcber das <strong>Burgviertel<\/strong>, das <strong>Parlamentsgeb\u00e4ude<\/strong> und weitere beeindruckende Ufer-<strong>Sehensw\u00fcrdigkeiten<\/strong> schweifen.<\/p>\n<ul>\n<li style=\"\"><span>Dauer: 1 Stunde<\/span><\/li>\n<li style=\"\"><span>Gastgeber oder Empfangsperson<\/span><\/li>\n<li style=\"\"><span>Kostenlose Stornierung<\/span><\/li>\n<\/ul>\n<h2 data-pm-slice=\"1 1 []\">Inklusive<\/h2>\n<ul>\n<li>                    <span>1-st\u00fcndige Panorama-Bootsfahrt auf der Donau<\/span><\/li>\n<li>                    <span>Begr\u00fc\u00dfungsgetr\u00e4nk (alkoholisch oder alkoholfrei)<\/span><\/li>\n<li>                    <span>Zugang zu Innen- und Au\u00dfensitzpl\u00e4tzen<\/span><\/li>\n<li>                    <span>Bordbar und Caf\u00e9 (gegen Aufpreis)<\/span><\/li>\n<\/ul>\n<h2>Nicht Inklusive<\/h2>\n<ul>\n<li style=\"\"><span>Speisen und weitere Getr\u00e4nke (vor Ort erh\u00e4ltlich)<\/span><\/li>\n<li style=\"\"><span>Live-Kommentar oder Audioguide<\/span><\/li>\n<\/ul>\n<h2 data-pm-slice=\"1 1 []\">Wichtige Informationen:<\/h2>\n<ul>\n<li><span><strong>Treffpunkt: <\/strong>Dock 42, Nordseite, in der N\u00e4he des Szent Istv\u00e1n Parks (Google Maps: \u201eDOCK 42\u201c oder \u201ePortum Lines\u201c)<\/span><\/li>\n<li><span><strong>Ankunftszeit: <\/strong>Bitte mindestens 15 Minuten vor Abfahrt eintreffen. Boarding schlie\u00dft kurz vor der geplanten Abfahrtszeit.<\/span><\/li>\n<li><span><strong>Pl\u00e4tze: <\/strong>Freie Platzwahl \u2013 wer zuerst kommt, sitzt zuerst<\/span><\/li>\n<li><span><strong>Barrierefreiheit: <\/strong>Nicht rollstuhlgerecht<\/span><\/li>\n<li><span><strong>Regeln: <\/strong>Mitgebrachte Speisen und Getr\u00e4nke sind nicht erlaubt; ausgewiesener Raucherbereich vorhanden; Haustiere nicht erlaubt (ausgenommen Assistenzhunde)<\/span><\/li>\n<\/ul>\n<h2 data-pm-slice=\"1 1 []\">Beschreibung<\/h2>\n<p data-pm-slice=\"1 1 []\">Erleben Sie Budapest vom Wasser aus bei einer unvergesslichen Donau-Rundfahrt. Genie\u00dfen Sie die entspannte Atmosph\u00e4re an Bord \u2013 fast wie in einem schwimmenden Pub \u2013 w\u00e4hrend Sie an den beleuchteten Sehensw\u00fcrdigkeiten und historischen Bauwerken der Stadt vorbeigleiten. Egal ob hinter gro\u00dfen Panoramafenstern oder auf dem offenen Deck: Sie haben \u00fcberall freien Blick auf die sch\u00f6nsten Wahrzeichen der Stadt \u2013 begleitet von einem erfrischenden Begr\u00fc\u00dfungsgetr\u00e4nk.<\/p>\n<h2>Highlights:<\/h2>\n<ul>\n<li data-pm-slice=\"1 1 []\">Vorbei an ber\u00fchmten Sehensw\u00fcrdigkeiten wie dem Parlamentsgeb\u00e4ude, der Budaer Burg und der Kettenbr\u00fccke fahren<\/li>\n<li>Blick auf die Vigad\u00f3-Konzerthalle und den neu restaurierten V\u00e1rkert Baz\u00e1r genie\u00dfen<\/li>\n<li>Wahl zwischen dem gem\u00fctlichen Innenbereich oder der luftigen Au\u00dfenterrasse<\/li>\n<li>Romantische Lichterkulisse bei Nachtfahrten erleben<\/li>\n<li>Getr\u00e4nke und Kaffee an der Bordbar bestellen<\/li>\n<\/ul>\n<h2 style=\"\">Budapest: Stadtrundfahrt zu den Highlights der Stadt<\/h2>\n<p data-pm-slice=\"1 1 []\"><strong>Treffpunkt<\/strong>: Dock 42, Nordseite, nahe Szent Istv\u00e1n Park (Google Maps: \u201eDOCK 42\u201c oder \u201ePortum Lines\u201c)<\/p>\n<h2>Stornierung<\/h2>\n<p data-pm-slice=\"0 0 []\">Kostenlose Stornierung bis 24 Stunden vor Abfahrt.<\/p>\n<h2 data-pm-slice=\"1 1 []\">Treffpunkt &amp; Hinweise:<\/h2>\n<p data-pm-slice=\"1 1 []\">Treffpunkt ist an Dock 42, Nordseite \u2013 ca. 800\u202fm n\u00f6rdlich der Margaretenbr\u00fccke. Halten Sie Ausschau nach dem beleuchteten Dock-42-Schild und dem LED-Display.<\/p>\n<p>Das Schiff hei\u00dft M\/S Neptun, M\/S Merian oder M\/S de Sluizer \u2013 gelegentlich werden auch andere Boote eingesetzt.<\/p>\n<p>Verwenden Sie am besten die Navigation Ihres Smartphones (Google Maps: \u201eDOCK 42\u201c oder \u201ePortum Lines\u201c). Verlassen Sie sich nicht allein auf die Postanschrift!<\/p>\n<p><a data-lt-tmp-id=\"lt-618857\" href=\"https:\/\/www.google.com\/maps?q=@47.519981384277344,19.050575256347656\" rel=\"nofollow noopener\" spellcheck=\"false\" target=\"_blank\" style=\"outline: none;\">Mit Maps \u00f6ffnen<\/a><\/p>\n<h2 data-pm-slice=\"1 1 []\">Bewertungen &amp; Erfahrungen:<\/h2>\n<p><strong>4.6 \/ 5&nbsp;<\/strong><strong>(35.657 <\/strong><strong>Bewertungen<\/strong><strong>)<\/strong><\/p>\n<p dir=\"ltr\"><em><em>\u201c<\/em><\/em>Wirklich sch\u00f6n, man konnte alles gut sehen \u2013 eine tolle Erfahrung!\u201c Anna, Polen, Mai 2025 [Quelle: GetYourGuide] <a href=\"https:\/\/www.getyourguide.com\/budapest-l29\/budapest-boat-cruise-cocktail-t73250\/?partner_id=NO9XIDE&amp;utm_medium=online_publisher&amp;cmp=BudapestCityHighlightsCruiseSP\" target=\"_blank\" rel=\"nofollow noopener\" data-lt-tmp-id=\"lt-269899\" spellcheck=\"false\" style=\"outline: none;\">&gt;&gt; Weitere Bewertungen anzeigen<\/a><\/p>\n<h2 data-pm-slice=\"1 1 []\">Weitere Aktivit\u00e4ten, die Sie interessieren k\u00f6nnten:<\/h2>\n<p><span><img decoding=\"async\" alt=\"Hungarian Parliament Audio Guided Tour\" data-id=\"8200\" width=\"159\" data-init-width=\"735\" height=\"105\" data-init-height=\"484\" title=\"Hungarian Parliament Audio Guided Tour\" loading=\"lazy\" src=\"https:\/\/budapesttouristinformation.com\/wp-content\/uploads\/Ekran-Resmi-2024-11-28-16.54.10.png\" data-width=\"159\" data-height=\"105\" style=\"aspect-ratio: auto 735 \/ 484;\"><\/span><a href=\"https:\/\/www.headout.com\/r\/most-amazing-placesrecommends-PNwu5\/\" target=\"_blank\" rel=\"nofollow noopener\" style=\"outline: none;\"><\/a><\/p>\n<table>\n<tbody>\n<tr>\n<td><a data-lt-tmp-id=\"lt-867382\" href=\"https:\/\/www.headout.com\/r\/most-amazing-placesrecommends-POJMH\/\" rel=\"nofollow noopener\" spellcheck=\"false\" target=\"_blank\" style=\"outline: none;\">Hungarian Jewish Museum &amp; Doh\u00e1ny Synagogue Complex: Fast Track<\/a><\/td>\n<\/tr>\n<\/tbody>\n<\/table>\n<p>Entdecke die j\u00fcdische Geschichte und verborgene Sch\u00e4tze im j\u00fcdischen Viertel Ungarns.<\/p>\n<h3 style=\"\">Gesamtpreis<\/h3>\n<h3 style=\"\">Es erfolgt noch keine Abbuchung<\/h3>\n<p><span>#<\/span><strong><span>2<\/span><\/strong><span><img decoding=\"async\" alt=\"Budapest: Big Bus Hop-On Hop-Off Sightseeing Tour\" data-id=\"8172\" width=\"159\" data-init-width=\"960\" height=\"106\" data-init-height=\"640\" title=\"Budapest: Big Bus Hop-On Hop-Off Sightseeing Tour\" loading=\"lazy\" src=\"https:\/\/budapesttouristinformation.com\/wp-content\/uploads\/Budapest-Hop-on-Hop-off.jpg\" data-width=\"159\" data-height=\"106\" style=\"aspect-ratio: auto 960 \/ 640;\"><\/span><\/p>\n<table>\n<tbody>\n<tr>\n<td><a data-lt-tmp-id=\"lt-163467\" href=\"https:\/\/www.getyourguide.com\/budapest-l29\/hop-on-hop-off-sightseeing-tour-in-budapest-t42526\/?partner_id=NO9XIDE&amp;utm_medium=online_publisher&amp;cmp=BudapestHoponHopoffTicketGttd\" rel=\"nofollow noopener\" spellcheck=\"false\" target=\"_blank\" style=\"outline: none;\">Budapest: Big Bus Hop-On Hop-Off Tour &amp; Donauschifffahrt<\/a><\/td>\n<\/tr>\n<\/tbody>\n<\/table>\n<p>Entdecke Budapest ganz entspannt mit einem 1-, 2- oder 3-Tagespass f\u00fcr den offenen Hop-On-Hop-Off-Sightseeing-Bus.<\/p>\n<h3 style=\"\">Gesamtpreis<\/h3>\n<h3 style=\"\">Es erfolgt noch keine Abbuchung<\/h3>\n<p><\/p>\n<h2><a href=\"https:\/\/www.getyourguide.com\/budapest-l29\/budapest-boat-cruise-cocktail-t73250\/?partner_id=NO9XIDE&amp;utm_medium=online_publisher&amp;cmp=BudapestCityHighlightsCruiseSP\" target=\"_blank\" rel=\"nofollow noopener\" style=\"outline: none;\" data-lt-tmp-id=\"lt-708889\" spellcheck=\"false\">Reservieren<\/a><span style=\"font-weight: normal;\"><\/span><\/h2>\n<p><strong style=\"outline: currentcolor;\"><a href=\"https:\/\/www.getyourguide.com\/budapest-l29\/budapest-boat-cruise-cocktail-t73250\/?partner_id=NO9XIDE&amp;utm_medium=online_publisher&amp;cmp=BudapestCityHighlightsCruiseSP\" target=\"_blank\" rel=\"nofollow noopener\" data-lt-tmp-id=\"lt-697306\" spellcheck=\"false\" style=\"outline: none;\">Ab 15\u20ac<\/a><\/strong><\/p>\n<p style=\"\">You won\u2019t be charged yet<\/p>\n","protected":false},"excerpt":{"rendered":"<p>Budapest: Donaufahrt mit Begr\u00fc\u00dfungsgetr\u00e4nk Reservieren Ab 15\u20ac Genie\u00dfen Sie eine 1-st\u00fcndige Rundfahrt auf der Donau durch das Herz von Budapest. Lehnen Sie sich zur\u00fcck mit einem Begr\u00fc\u00dfungsgetr\u00e4nk und lassen Sie den Blick \u00fcber das Burgviertel, das Parlamentsgeb\u00e4ude und weitere beeindruckende Ufer-Sehensw\u00fcrdigkeiten schweifen. Dauer: 1 Stunde Gastgeber oder Empfangsperson Kostenlose Stornierung Inklusive 1-st\u00fcndige Panorama-Bootsfahrt auf der [&hellip;]<\/p>\n","protected":false},"author":17,"featured_media":9209,"parent":0,"menu_order":0,"comment_status":"closed","ping_status":"closed","template":"","meta":{"footnotes":""},"categories":[],"tags":[78],"class_list":["post-9307","page","type-page","status-publish","has-post-thumbnail","hentry","tag-sales-page-de","post-wrapper","thrv_wrapper"],"_links":{"self":[{"href":"https:\/\/budapesttouristinformation.com\/de\/wp-json\/wp\/v2\/pages\/9307","targetHints":{"allow":["GET"]}}],"collection":[{"href":"https:\/\/budapesttouristinformation.com\/de\/wp-json\/wp\/v2\/pages"}],"about":[{"href":"https:\/\/budapesttouristinformation.com\/de\/wp-json\/wp\/v2\/types\/page"}],"author":[{"embeddable":true,"href":"https:\/\/budapesttouristinformation.com\/de\/wp-json\/wp\/v2\/users\/17"}],"replies":[{"embeddable":true,"href":"https:\/\/budapesttouristinformation.com\/de\/wp-json\/wp\/v2\/comments?post=9307"}],"version-history":[{"count":13,"href":"https:\/\/budapesttouristinformation.com\/de\/wp-json\/wp\/v2\/pages\/9307\/revisions"}],"predecessor-version":[{"id":10816,"href":"https:\/\/budapesttouristinformation.com\/de\/wp-json\/wp\/v2\/pages\/9307\/revisions\/10816"}],"wp:featuredmedia":[{"embeddable":true,"href":"https:\/\/budapesttouristinformation.com\/de\/wp-json\/wp\/v2\/media\/9209"}],"wp:attachment":[{"href":"https:\/\/budapesttouristinformation.com\/de\/wp-json\/wp\/v2\/media?parent=9307"}],"wp:term":[{"taxonomy":"category","embeddable":true,"href":"https:\/\/budapesttouristinformation.com\/de\/wp-json\/wp\/v2\/categories?post=9307"},{"taxonomy":"post_tag","embeddable":true,"href":"https:\/\/budapesttouristinformation.com\/de\/wp-json\/wp\/v2\/tags?post=9307"}],"curies":[{"name":"wp","href":"https:\/\/api.w.org\/{rel}","templated":true}]}}