{"id":9300,"date":"2021-01-12T16:35:41","date_gmt":"2021-01-12T16:35:41","guid":{"rendered":"https:\/\/budapesttouristinformation.com\/partners"},"modified":"2025-12-23T12:25:46","modified_gmt":"2025-12-23T12:25:46","slug":"partner","status":"publish","type":"page","link":"https:\/\/budapesttouristinformation.com\/de\/partner","title":{"rendered":"Budapest Tourist Information Partner"},"content":{"rendered":"<p><span><img decoding=\"async\" alt=\"\" data-id=\"8136\" data-init-width=\"1024\" data-init-height=\"171\" title=\"Travel-Group-Logo1-1024x171\" src=\"https:\/\/budapesttouristinformation.com\/wp-content\/uploads\/Travel-Group-Logo1-1024x171-1.png\" data-width=\"311\" data-height=\"52\" style=\"aspect-ratio: auto 1024 \/ 171;\" width=\"311\" height=\"52\" loading=\"lazy\"><\/span><\/p>\n<h4><strong>TravelGroup<\/strong><\/h4>\n<p data-pm-slice=\"1 1 []\">Destination-Management und Gro\u00dfhandelsanbieter f\u00fcr Freizeit- und Messegruppen.<\/p>\n<p><a href=\"https:\/\/most-amazing-places.com\" target=\"_blank\" rel=\"nofollow noopener\"><span><img decoding=\"async\" alt=\"\" data-id=\"8148\" data-init-width=\"1318\" data-init-height=\"831\" title=\"Most Amazing Places\" src=\"https:\/\/budapesttouristinformation.com\/wp-content\/uploads\/map-03.png\" data-width=\"109\" data-height=\"69\" style=\"aspect-ratio: auto 1318 \/ 831;\" width=\"109\" height=\"69\" loading=\"lazy\"><\/span><\/p>\n<h4><strong>most-amazing-places.com<\/strong><\/h4>\n<p data-pm-slice=\"1 1 []\">Most Amazing Places ist eine Marke, die von leidenschaftlichen Reiseprofis gegr\u00fcndet wurde. Finden Sie hochwertige Tickets zum besten Preis \u2013 im Vergleich aller f\u00fchrenden Online-Anbieter.<\/p>\n<p><\/a><\/p>\n<h2 data-pm-slice=\"1 1 []\" style=\"text-align: center;\">Kontakt f\u00fcr Unternehmen, Agenturen und Partner aus der Reisebranche<\/h2>\n<p>__CONFIG_colors_palette__{&#8222;active_palette&#8220;:0,&#8220;config&#8220;:{&#8222;colors&#8220;:{&#8222;49fd8&#8220;:{&#8222;name&#8220;:&#8220;Main Accent&#8220;,&#8220;parent&#8220;:-1}},&#8220;gradients&#8220;:[]},&#8220;palettes&#8220;:[{&#8222;name&#8220;:&#8220;Default&#8220;,&#8220;value&#8220;:{&#8222;colors&#8220;:{&#8222;49fd8&#8220;:{&#8222;val&#8220;:&#8220;var(&#8211;tcb-skin-color-0)&#8220;}},&#8220;gradients&#8220;:[]},&#8220;original&#8220;:{&#8222;colors&#8220;:{&#8222;49fd8&#8220;:{&#8222;val&#8220;:&#8220;rgb(47, 138, 229)&#8220;,&#8220;hsl&#8220;:{&#8222;h&#8220;:210,&#8220;s&#8220;:0.77,&#8220;l&#8220;:0.54,&#8220;a&#8220;:1}}},&#8220;gradients&#8220;:[]}}]}__CONFIG_colors_palette__    <strong>Name<\/strong>   <strong>E-Mail-Addresse<\/strong>   Was ist Ihre Frage?   <span>0 of 1000<\/span>  Mehr Platz zum Schreiben:  <span>0 of 1000<\/span>    __CONFIG_colors_palette__{&#8222;active_palette&#8220;:0,&#8220;config&#8220;:{&#8222;colors&#8220;:{&#8222;30800&#8220;:{&#8222;name&#8220;:&#8220;Main Accent&#8220;,&#8220;parent&#8220;:-1},&#8220;f2bba&#8220;:{&#8222;name&#8220;:&#8220;Main Light 10&#8243;,&#8220;parent&#8220;:&#8220;30800&#8243;},&#8220;trewq&#8220;:{&#8222;name&#8220;:&#8220;Main Light 30&#8243;,&#8220;parent&#8220;:&#8220;30800&#8243;},&#8220;frty6&#8243;:{&#8222;name&#8220;:&#8220;Main Light 45&#8243;,&#8220;parent&#8220;:&#8220;30800&#8243;},&#8220;flktr&#8220;:{&#8222;name&#8220;:&#8220;Main Light 80&#8243;,&#8220;parent&#8220;:&#8220;30800&#8243;}},&#8220;gradients&#8220;:[]},&#8220;palettes&#8220;:[{&#8222;name&#8220;:&#8220;Default&#8220;,&#8220;value&#8220;:{&#8222;colors&#8220;:{&#8222;30800&#8220;:{&#8222;val&#8220;:&#8220;hsla(351.46, 93%, 47%, 1)&#8220;,&#8220;hsl&#8220;:{&#8222;h&#8220;:351.46,&#8220;s&#8220;:0.9300000000000002,&#8220;l&#8220;:0.47,&#8220;a&#8220;:1}},&#8220;f2bba&#8220;:{&#8222;val&#8220;:&#8220;rgba(253, 59, 88, 0.1)&#8220;,&#8220;hsl_parent_dependency&#8220;:{&#8222;h&#8220;:351.03092783505156,&#8220;s&#8220;:0.9797979797979799,&#8220;l&#8220;:0.611764705882353,&#8220;a&#8220;:0.1}},&#8220;trewq&#8220;:{&#8222;val&#8220;:&#8220;rgba(253, 59, 88, 0.3)&#8220;,&#8220;hsl_parent_dependency&#8220;:{&#8222;h&#8220;:351.03092783505156,&#8220;s&#8220;:0.9797979797979799,&#8220;l&#8220;:0.611764705882353,&#8220;a&#8220;:0.3}},&#8220;frty6&#8243;:{&#8222;val&#8220;:&#8220;rgba(253, 59, 88, 0.45)&#8220;,&#8220;hsl_parent_dependency&#8220;:{&#8222;h&#8220;:351.03092783505156,&#8220;s&#8220;:0.9797979797979799,&#8220;l&#8220;:0.611764705882353,&#8220;a&#8220;:0.45}},&#8220;flktr&#8220;:{&#8222;val&#8220;:&#8220;rgba(253, 59, 88, 0.8)&#8220;,&#8220;hsl_parent_dependency&#8220;:{&#8222;h&#8220;:351.03092783505156,&#8220;s&#8220;:0.9797979797979799,&#8220;l&#8220;:0.611764705882353,&#8220;a&#8220;:0.8}}},&#8220;gradients&#8220;:[]},&#8220;original&#8220;:{&#8222;colors&#8220;:{&#8222;30800&#8220;:{&#8222;val&#8220;:&#8220;rgb(59, 136, 253)&#8220;,&#8220;hsl&#8220;:{&#8222;h&#8220;:216,&#8220;s&#8220;:0.98,&#8220;l&#8220;:0.61}},&#8220;f2bba&#8220;:{&#8222;val&#8220;:&#8220;rgba(59, 136, 253, 0.1)&#8220;,&#8220;hsl_parent_dependency&#8220;:{&#8222;h&#8220;:216,&#8220;s&#8220;:0.98,&#8220;l&#8220;:0.61,&#8220;a&#8220;:0.1}},&#8220;trewq&#8220;:{&#8222;val&#8220;:&#8220;rgba(59, 136, 253, 0.3)&#8220;,&#8220;hsl_parent_dependency&#8220;:{&#8222;h&#8220;:216,&#8220;s&#8220;:0.98,&#8220;l&#8220;:0.61,&#8220;a&#8220;:0.3}},&#8220;frty6&#8243;:{&#8222;val&#8220;:&#8220;rgba(59, 136, 253,ntttt0.45)&#8220;,&#8220;hsl_parent_dependency&#8220;:{&#8222;h&#8220;:216,&#8220;s&#8220;:0.98,&#8220;l&#8220;:0.61,&#8220;a&#8220;:0.45}},&#8220;flktr&#8220;:{&#8222;val&#8220;:&#8220;rgba(59, 136, 253, 0.8)&#8220;,&#8220;hsl_parent_dependency&#8220;:{&#8222;h&#8220;:216,&#8220;s&#8220;:0.98,&#8220;l&#8220;:0.61,&#8220;a&#8220;:0.8}}},&#8220;gradients&#8220;:[]}}]}__CONFIG_colors_palette__   <span>  <\/span> <span><span>&nbsp; Ich stimme der Verarbeitung meiner Daten zu, um personalisierte Marketingmaterialien per E-Mail oder Telefon gem\u00e4\u00df der <span><a href=\"https:\/\/budapesttouristinformation.com\/de\/datenschutzerklarung\" target=\"_blank\" style=\"outline: currentcolor;\">Datenschutzerkl\u00e4rung<\/a><span> zu erhalten.&nbsp;<\/span><\/span><\/span><\/span>     __CONFIG_colors_palette__{&#8222;active_palette&#8220;:0,&#8220;config&#8220;:{&#8222;colors&#8220;:{&#8222;17ee7&#8220;:{&#8222;name&#8220;:&#8220;Main Accent&#8220;,&#8220;parent&#8220;:-1}},&#8220;gradients&#8220;:[]},&#8220;palettes&#8220;:[{&#8222;name&#8220;:&#8220;Default Palette&#8220;,&#8220;value&#8220;:{&#8222;colors&#8220;:{&#8222;17ee7&#8220;:{&#8222;val&#8220;:&#8220;var(&#8211;tcb-local-color-a779b)&#8220;,&#8220;hsl&#8220;:{&#8222;h&#8220;:210,&#8220;s&#8220;:0.78,&#8220;l&#8220;:0.01}}},&#8220;gradients&#8220;:[]},&#8220;original&#8220;:{&#8222;colors&#8220;:{&#8222;17ee7&#8220;:{&#8222;val&#8220;:&#8220;rgb(19, 114, 211)&#8220;,&#8220;hsl&#8220;:{&#8222;h&#8220;:210,&#8220;s&#8220;:0.83,&#8220;l&#8220;:0.45}}},&#8220;gradients&#8220;:[]}}]}__CONFIG_colors_palette__ <a href=\"#\"><span style=\"\">  <\/span> <span style=\"\"><span style=\"\">Nachricht senden<\/span><\/span> <\/a>        <\/p>\n<h2>How Can We Help?<\/h2>\n<h3>1. Informationsservice<\/h3>\n<p style=\"\">Antworten auf Fragen rund um Ihre geplante Budapest-Reise oder w\u00e4hrend Ihres Aufenthalts vor Ort.<\/p>\n<h3>2. Buchungsservice<\/h3>\n<p style=\"\">Buchung von Hotels, Tickets, Touren, Tagungshotels und Gruppenreisen. Reservierungen in Restaurants.<\/p>\n<h3>3. B2B &amp; M.I.C.E.<\/h3>\n<p style=\"\">Zusammenarbeit mit Budapest Tourist Information im Tourismussektor \u2013 von lokalen Anbietern bis hin zu Reiseveranstaltern.<\/p>\n<h2>Teil einer globalen Tourismusorganisation<\/h2>\n<p><a href=\"https:\/\/paristouristinformation.fr\/\" target=\"_blank\" rel=\"nofollow noopener\"><span><img decoding=\"async\" alt=\"\" data-id=\"8128\" data-init-width=\"600\" data-init-height=\"213\" title=\"ParisTouristInformation.fr-Logo-e1645800429224\" src=\"https:\/\/budapesttouristinformation.com\/wp-content\/uploads\/ParisTouristInformation.fr-Logo-e1645800429224.png\" data-width=\"228\" data-height=\"81\" style=\"aspect-ratio: auto 600 \/ 213;\" width=\"228\" height=\"81\" loading=\"lazy\"><\/span><\/p>\n<h4><strong>ParisTouristInformation.fr<\/strong><\/h4>\n<p data-pm-slice=\"0 0 []\">Tourismus-Informationswebsite f\u00fcr die franz\u00f6sische Hauptstadt Paris.<\/p>\n<p><\/a><a href=\"https:\/\/praguetouristinformation.com\/\" target=\"_blank\" rel=\"nofollow noopener\"><span><img decoding=\"async\" alt=\"\" data-id=\"8130\" data-init-width=\"600\" data-init-height=\"170\" title=\"Prague-Tourist-Information-Logo\" src=\"https:\/\/budapesttouristinformation.com\/wp-content\/uploads\/Prague-Tourist-Information-Logo.png\" data-width=\"272\" data-height=\"77\" style=\"aspect-ratio: auto 600 \/ 170;\" width=\"272\" height=\"77\" loading=\"lazy\"><\/span><\/p>\n<h4><strong>PragueTouristInformation.com<\/strong><\/h4>\n<p data-pm-slice=\"1 1 []\">Tourismus-Informationswebsite f\u00fcr die tschechische Hauptstadt Prag.<\/p>\n<p><\/a><a href=\"https:\/\/antalyatouristinformation.com\/\" target=\"_blank\" rel=\"nofollow noopener\"><span><img decoding=\"async\" alt=\"\" data-id=\"8133\" data-init-width=\"600\" data-init-height=\"180\" title=\"AntalyaTouristInformation.com-Logo-2048x616\" src=\"https:\/\/budapesttouristinformation.com\/wp-content\/uploads\/AntalyaTouristInformation.com-Logo-2048x616-1.png\" data-width=\"272\" data-height=\"82\" style=\"aspect-ratio: auto 600 \/ 180;\" width=\"272\" height=\"82\" loading=\"lazy\"><\/span><\/p>\n<h4><strong>AntalyaTouristInformation.com<\/strong><\/h4>\n<p data-pm-slice=\"0 0 []\">Tourismus-Informationswebsite f\u00fcr die t\u00fcrkische Provinz Antalya.<\/p>\n<p><\/a><a href=\"https:\/\/viennatouristinformation.com\/\" target=\"_blank\" rel=\"nofollow noopener\"><span><img decoding=\"async\" alt=\"\" data-id=\"8129\" data-init-width=\"600\" data-init-height=\"184\" title=\"ViennaTouristInformation.com-Logo-1-1024x314\" src=\"https:\/\/budapesttouristinformation.com\/wp-content\/uploads\/ViennaTouristInformation.com-Logo-1-1024x314-1.png\" data-width=\"272\" data-height=\"83\" style=\"aspect-ratio: auto 600 \/ 184;\" width=\"272\" height=\"83\" loading=\"lazy\"><\/span><\/p>\n<h4><strong>ViennaTouristInformation.com<\/strong><\/h4>\n<p data-pm-slice=\"1 1 []\">Tourismus-Informationswebsite f\u00fcr die \u00f6sterreichische Hauptstadt Wien.<\/p>\n<p><\/a><a href=\"https:\/\/italy-tourist-information.com\" target=\"_blank\" rel=\"nofollow noopener\"><span><img decoding=\"async\" alt=\"\" data-id=\"8149\" data-init-width=\"440\" data-init-height=\"156\" title=\"ITALY-TOURIST-INFO-LOGO\" src=\"https:\/\/budapesttouristinformation.com\/wp-content\/uploads\/ITALY-TOURIST-INFO-LOGO.png\" data-width=\"272\" data-height=\"96\" style=\"aspect-ratio: auto 440 \/ 156;\" width=\"272\" height=\"96\" loading=\"lazy\"><\/span><\/p>\n<h4><strong>Italy-Tourist-Information.com<\/strong><\/h4>\n<p data-pm-slice=\"1 1 []\">Tourismus-Informationswebsite f\u00fcr das s\u00fcdeurop\u00e4ische Land Italien.<\/p>\n<p><\/a><a href=\"https:\/\/iceland-tourist-information.com\" target=\"_blank\" rel=\"nofollow noopener\"><span><img decoding=\"async\" alt=\"\" data-id=\"8150\" data-init-width=\"568\" data-init-height=\"156\" title=\"Iceland-Tourist-Information-Logo-2 copy\" src=\"https:\/\/budapesttouristinformation.com\/wp-content\/uploads\/Iceland-Tourist-Information-Logo-2-copy.png\" data-width=\"272\" data-height=\"75\" style=\"aspect-ratio: auto 568 \/ 156;\" width=\"272\" height=\"75\" loading=\"lazy\"><\/span><\/p>\n<h4><strong>Iceland-Tourist-Information.com<\/strong><\/h4>\n<p data-pm-slice=\"1 1 []\">Tourismus-Informationswebsite f\u00fcr die beliebtesten St\u00e4dte und Sehensw\u00fcrdigkeiten Islands.<\/p>\n<p><\/a><a href=\"https:\/\/lisbontouristinformation.com\" target=\"_blank\" rel=\"nofollow noopener\"><span><img decoding=\"async\" alt=\"\" data-id=\"8132\" data-init-width=\"600\" data-init-height=\"192\" title=\"lisbon tourist information logo\" src=\"https:\/\/budapesttouristinformation.com\/wp-content\/uploads\/lisbon-tourist-information-logo.png\" data-width=\"272\" data-height=\"87\" style=\"aspect-ratio: auto 600 \/ 192;\" width=\"272\" height=\"87\" loading=\"lazy\"><\/span><\/p>\n<h4><strong>LisbonTouristInformation.com<\/strong><\/h4>\n<p data-pm-slice=\"1 1 []\">Tourismus-Informationswebsite f\u00fcr die portugiesische Hauptstadt Lissabon.<\/p>\n<p><\/a><a href=\"https:\/\/dubai-tourist-information.ae\" target=\"_blank\" rel=\"nofollow noopener\"><span><img decoding=\"async\" alt=\"\" data-id=\"8141\" data-init-width=\"488\" data-init-height=\"156\" title=\"DUBAI-TOURIST-INFORMATION\" src=\"https:\/\/budapesttouristinformation.com\/wp-content\/uploads\/DUBAI-TOURIST-INFORMATION.png\" data-width=\"272\" data-height=\"87\" style=\"aspect-ratio: auto 488 \/ 156;\" width=\"272\" height=\"87\" loading=\"lazy\"><\/span><\/p>\n<h4><strong>Dubai-Tourist-Information.ae<\/strong><\/h4>\n<p data-pm-slice=\"1 1 []\">Tourismus-Informationswebsite f\u00fcr die Stadt Dubai in den Vereinigten Arabischen Emiraten.<\/p>\n<p><\/a><a href=\"https:\/\/amsterdam-tourist-information.com\" target=\"_blank\" rel=\"nofollow noopener\"><span><img decoding=\"async\" alt=\"\" data-id=\"8144\" data-init-width=\"674\" data-init-height=\"156\" title=\"Amsterdam Tourist Information\" src=\"https:\/\/budapesttouristinformation.com\/wp-content\/uploads\/thumbnail_AMSTERDAM-TOURIST-INFO.png\" data-width=\"272\" data-height=\"63\" style=\"aspect-ratio: auto 674 \/ 156;\" width=\"272\" height=\"63\" loading=\"lazy\"><\/span><\/p>\n<h4><strong>Amsterdam-Tourist-Information.com<\/strong><\/h4>\n<p data-end=\"74\" data-is-last-node=\"\" data-is-only-node=\"\" data-start=\"0\">Tourismus-Informationswebsite f\u00fcr die Stadt Amsterdam in den Niederlanden.<\/p>\n<p><\/a><a href=\"https:\/\/london-touristinformation.com\" target=\"_blank\" rel=\"nofollow noopener\"><span><img decoding=\"async\" alt=\"\" data-id=\"8143\" data-init-width=\"534\" data-init-height=\"156\" title=\"London Tourist Information\" src=\"https:\/\/budapesttouristinformation.com\/wp-content\/uploads\/london-TI.png\" data-width=\"272\" data-height=\"79\" style=\"aspect-ratio: auto 534 \/ 156;\" width=\"272\" height=\"79\" loading=\"lazy\"><\/span><\/p>\n<h4><strong>London-TouristInformation.com<\/strong><\/h4>\n<p data-pm-slice=\"1 1 []\">Tourismus-Informationswebsite f\u00fcr die Stadt London im Vereinigten K\u00f6nigreich.<\/p>\n<p><\/a><a href=\"https:\/\/cappadociatouristinformation.gen.tr\" target=\"_blank\" rel=\"nofollow noopener\"><span><img decoding=\"async\" alt=\"\" data-id=\"8131\" data-init-width=\"600\" data-init-height=\"132\" title=\"CAPPADOCIA-TOURIST-INFO-LOGO copy\" src=\"https:\/\/budapesttouristinformation.com\/wp-content\/uploads\/CAPPADOCIA-TOURIST-INFO-LOGO-copy.png\" data-width=\"294\" data-height=\"65\" style=\"aspect-ratio: auto 600 \/ 132;\" width=\"294\" height=\"65\" loading=\"lazy\"><\/span><\/p>\n<h4><strong>cappadociatouristinformation.gen.tr<\/strong><\/h4>\n<p data-pm-slice=\"1 1 []\">Tourismus-Informationswebsite f\u00fcr die t\u00fcrkische Region Kappadokien.<\/p>\n<p><\/a><a href=\"https:\/\/www.leblogdistanbul.com\" target=\"_blank\" rel=\"nofollow noopener\"><span><img decoding=\"async\" alt=\"\" data-id=\"8151\" data-init-width=\"1024\" data-init-height=\"257\" title=\"le-blog-dIstanbul\" src=\"https:\/\/budapesttouristinformation.com\/wp-content\/uploads\/le-blog-dIstanbul-1024x257-1.png\" data-width=\"250\" data-height=\"63\" style=\"aspect-ratio: auto 1024 \/ 257;\" width=\"250\" height=\"63\" loading=\"lazy\"><\/span><\/p>\n<h4><strong>leblogdistanbul.com<\/strong><\/h4>\n<p data-pm-slice=\"1 1 []\">Bietet alle Informationen, die Ihren Aufenthalt in Istanbul unvergesslich machen!<\/p>\n<p><\/a><a href=\"https:\/\/izmirtoantalya.com\" target=\"_blank\" rel=\"nofollow noopener\"><span><img decoding=\"async\" alt=\"\" data-id=\"8152\" data-init-width=\"1024\" data-init-height=\"282\" title=\"Izmir-to-Antalya-logo\" src=\"https:\/\/budapesttouristinformation.com\/wp-content\/uploads\/Izmir-to-Antalya-logo-1024x282-1.jpeg\" data-width=\"272\" data-height=\"75\" style=\"aspect-ratio: auto 1024 \/ 282;\" width=\"272\" height=\"75\" loading=\"lazy\"><\/span><\/p>\n<h4><strong>izmirtoantalya.com<\/strong><\/h4>\n<p data-pm-slice=\"1 1 []\">Die einzige Website, die Ihnen bei Ihrer Reise an die T\u00fcrkische Riviera hilft.<\/p>\n<p><\/a><span><img decoding=\"async\" alt=\"\" data-id=\"8153\" data-init-width=\"895\" data-init-height=\"240\" title=\"Global-Tourist-Organization\" src=\"https:\/\/budapesttouristinformation.com\/wp-content\/uploads\/Global-Tourist-Organization-Logo-1.jpg\" data-width=\"298\" data-height=\"80\" style=\"aspect-ratio: auto 895 \/ 240;\" width=\"298\" height=\"80\" loading=\"lazy\"><\/span><\/p>\n","protected":false},"excerpt":{"rendered":"<p>TravelGroup Destination-Management und Gro\u00dfhandelsanbieter f\u00fcr Freizeit- und Messegruppen. most-amazing-places.com Most Amazing Places ist eine Marke, die von leidenschaftlichen Reiseprofis gegr\u00fcndet wurde. Finden Sie hochwertige Tickets zum besten Preis \u2013 im Vergleich aller f\u00fchrenden Online-Anbieter. Kontakt f\u00fcr Unternehmen, Agenturen und Partner aus der Reisebranche __CONFIG_colors_palette__{&#8222;active_palette&#8220;:0,&#8220;config&#8220;:{&#8222;colors&#8220;:{&#8222;49fd8&#8220;:{&#8222;name&#8220;:&#8220;Main Accent&#8220;,&#8220;parent&#8220;:-1}},&#8220;gradients&#8220;:[]},&#8220;palettes&#8220;:[{&#8222;name&#8220;:&#8220;Default&#8220;,&#8220;value&#8220;:{&#8222;colors&#8220;:{&#8222;49fd8&#8220;:{&#8222;val&#8220;:&#8220;var(&#8211;tcb-skin-color-0)&#8220;}},&#8220;gradients&#8220;:[]},&#8220;original&#8220;:{&#8222;colors&#8220;:{&#8222;49fd8&#8220;:{&#8222;val&#8220;:&#8220;rgb(47, 138, 229)&#8220;,&#8220;hsl&#8220;:{&#8222;h&#8220;:210,&#8220;s&#8220;:0.77,&#8220;l&#8220;:0.54,&#8220;a&#8220;:1}}},&#8220;gradients&#8220;:[]}}]}__CONFIG_colors_palette__ Name E-Mail-Addresse Was ist Ihre Frage? 0 of [&hellip;]<\/p>\n","protected":false},"author":6,"featured_media":9065,"parent":0,"menu_order":0,"comment_status":"closed","ping_status":"closed","template":"","meta":{"footnotes":""},"categories":[],"tags":[],"class_list":["post-9300","page","type-page","status-publish","has-post-thumbnail","hentry","post-wrapper","thrv_wrapper"],"_links":{"self":[{"href":"https:\/\/budapesttouristinformation.com\/de\/wp-json\/wp\/v2\/pages\/9300","targetHints":{"allow":["GET"]}}],"collection":[{"href":"https:\/\/budapesttouristinformation.com\/de\/wp-json\/wp\/v2\/pages"}],"about":[{"href":"https:\/\/budapesttouristinformation.com\/de\/wp-json\/wp\/v2\/types\/page"}],"author":[{"embeddable":true,"href":"https:\/\/budapesttouristinformation.com\/de\/wp-json\/wp\/v2\/users\/6"}],"replies":[{"embeddable":true,"href":"https:\/\/budapesttouristinformation.com\/de\/wp-json\/wp\/v2\/comments?post=9300"}],"version-history":[{"count":11,"href":"https:\/\/budapesttouristinformation.com\/de\/wp-json\/wp\/v2\/pages\/9300\/revisions"}],"predecessor-version":[{"id":10447,"href":"https:\/\/budapesttouristinformation.com\/de\/wp-json\/wp\/v2\/pages\/9300\/revisions\/10447"}],"wp:featuredmedia":[{"embeddable":true,"href":"https:\/\/budapesttouristinformation.com\/de\/wp-json\/wp\/v2\/media\/9065"}],"wp:attachment":[{"href":"https:\/\/budapesttouristinformation.com\/de\/wp-json\/wp\/v2\/media?parent=9300"}],"wp:term":[{"taxonomy":"category","embeddable":true,"href":"https:\/\/budapesttouristinformation.com\/de\/wp-json\/wp\/v2\/categories?post=9300"},{"taxonomy":"post_tag","embeddable":true,"href":"https:\/\/budapesttouristinformation.com\/de\/wp-json\/wp\/v2\/tags?post=9300"}],"curies":[{"name":"wp","href":"https:\/\/api.w.org\/{rel}","templated":true}]}}