{"id":9297,"date":"2024-12-03T15:58:50","date_gmt":"2024-12-03T15:58:50","guid":{"rendered":"https:\/\/budapesttouristinformation.com\/budapest-pinball-museum-ticket"},"modified":"2026-04-27T06:19:30","modified_gmt":"2026-04-27T06:19:30","slug":"pinball-museum-budapest-tickets","status":"publish","type":"page","link":"https:\/\/budapesttouristinformation.com\/de\/pinball-museum-budapest-tickets","title":{"rendered":"Pinball Museum Budapest Tickets"},"content":{"rendered":"<p><span><img decoding=\"async\" alt=\"Budapest Pinball Museum: Entry Ticket\" data-id=\"8338\" width=\"633\" height=\"635\" title=\"Budapest Pinball Museum: Entry Ticket\" src=\"https:\/\/budapesttouristinformation.com\/wp-content\/uploads\/Ekran-Resmi-2024-12-03-14.09.18-1.png\" data-src=\"https:\/\/budapesttouristinformation.com\/wp-content\/uploads\/Ekran-Resmi-2024-12-03-14.09.18-1-300x300.png\" loading=\"lazy\" data-sizes=\"{&quot;thumbnail&quot;:{&quot;url&quot;:&quot;https:\/\/budapesttouristinformation.com\/wp-content\/uploads\/Ekran-Resmi-2024-12-03-14.09.18-1-150x150.png&quot;,&quot;height&quot;:150,&quot;width&quot;:150,&quot;orientation&quot;:&quot;landscape&quot;},&quot;medium&quot;:{&quot;url&quot;:&quot;https:\/\/budapesttouristinformation.com\/wp-content\/uploads\/Ekran-Resmi-2024-12-03-14.09.18-1-300x300.png&quot;,&quot;height&quot;:300,&quot;width&quot;:300,&quot;orientation&quot;:&quot;landscape&quot;},&quot;full&quot;:{&quot;url&quot;:&quot;https:\/\/budapesttouristinformation.com\/wp-content\/uploads\/Ekran-Resmi-2024-12-03-14.09.18-1.png&quot;,&quot;height&quot;:635,&quot;width&quot;:633,&quot;orientation&quot;:&quot;portrait&quot;}}\"><\/span><span><img decoding=\"async\" alt=\"Budapest Pinball Museum: Entry Ticket\" data-id=\"8339\" width=\"629\" height=\"623\" title=\"Budapest Pinball Museum: Entry Ticket\" src=\"https:\/\/budapesttouristinformation.com\/wp-content\/uploads\/Ekran-Resmi-2024-12-03-14.09.26.png\" data-src=\"https:\/\/budapesttouristinformation.com\/wp-content\/uploads\/Ekran-Resmi-2024-12-03-14.09.26-300x297.png\" loading=\"lazy\" data-sizes=\"{&quot;thumbnail&quot;:{&quot;url&quot;:&quot;https:\/\/budapesttouristinformation.com\/wp-content\/uploads\/Ekran-Resmi-2024-12-03-14.09.26-150x150.png&quot;,&quot;height&quot;:150,&quot;width&quot;:150,&quot;orientation&quot;:&quot;landscape&quot;},&quot;medium&quot;:{&quot;url&quot;:&quot;https:\/\/budapesttouristinformation.com\/wp-content\/uploads\/Ekran-Resmi-2024-12-03-14.09.26-300x297.png&quot;,&quot;height&quot;:297,&quot;width&quot;:300,&quot;orientation&quot;:&quot;landscape&quot;},&quot;full&quot;:{&quot;url&quot;:&quot;https:\/\/budapesttouristinformation.com\/wp-content\/uploads\/Ekran-Resmi-2024-12-03-14.09.26.png&quot;,&quot;height&quot;:623,&quot;width&quot;:629,&quot;orientation&quot;:&quot;landscape&quot;}}\"><\/span><span><img decoding=\"async\" alt=\"Budapest Pinball Museum: Entry Ticket\" data-id=\"8340\" width=\"629\" height=\"619\" title=\"Budapest Pinball Museum: Entry Ticket\" src=\"https:\/\/budapesttouristinformation.com\/wp-content\/uploads\/Ekran-Resmi-2024-12-03-14.09.32.png\" data-src=\"https:\/\/budapesttouristinformation.com\/wp-content\/uploads\/Ekran-Resmi-2024-12-03-14.09.32-300x295.png\" loading=\"lazy\" data-sizes=\"{&quot;thumbnail&quot;:{&quot;url&quot;:&quot;https:\/\/budapesttouristinformation.com\/wp-content\/uploads\/Ekran-Resmi-2024-12-03-14.09.32-150x150.png&quot;,&quot;height&quot;:150,&quot;width&quot;:150,&quot;orientation&quot;:&quot;landscape&quot;},&quot;medium&quot;:{&quot;url&quot;:&quot;https:\/\/budapesttouristinformation.com\/wp-content\/uploads\/Ekran-Resmi-2024-12-03-14.09.32-300x295.png&quot;,&quot;height&quot;:295,&quot;width&quot;:300,&quot;orientation&quot;:&quot;landscape&quot;},&quot;full&quot;:{&quot;url&quot;:&quot;https:\/\/budapesttouristinformation.com\/wp-content\/uploads\/Ekran-Resmi-2024-12-03-14.09.32.png&quot;,&quot;height&quot;:619,&quot;width&quot;:629,&quot;orientation&quot;:&quot;landscape&quot;}}\"><\/span><span><img decoding=\"async\" alt=\"Budapest Pinball Museum: Entry Ticket\" data-id=\"8341\" width=\"633\" height=\"628\" title=\"Budapest Pinball Museum: Entry Ticket\" src=\"https:\/\/budapesttouristinformation.com\/wp-content\/uploads\/Ekran-Resmi-2024-12-03-14.09.38.png\" data-src=\"https:\/\/budapesttouristinformation.com\/wp-content\/uploads\/Ekran-Resmi-2024-12-03-14.09.38-300x298.png\" loading=\"lazy\" data-sizes=\"{&quot;thumbnail&quot;:{&quot;url&quot;:&quot;https:\/\/budapesttouristinformation.com\/wp-content\/uploads\/Ekran-Resmi-2024-12-03-14.09.38-150x150.png&quot;,&quot;height&quot;:150,&quot;width&quot;:150,&quot;orientation&quot;:&quot;landscape&quot;},&quot;medium&quot;:{&quot;url&quot;:&quot;https:\/\/budapesttouristinformation.com\/wp-content\/uploads\/Ekran-Resmi-2024-12-03-14.09.38-300x298.png&quot;,&quot;height&quot;:298,&quot;width&quot;:300,&quot;orientation&quot;:&quot;landscape&quot;},&quot;full&quot;:{&quot;url&quot;:&quot;https:\/\/budapesttouristinformation.com\/wp-content\/uploads\/Ekran-Resmi-2024-12-03-14.09.38.png&quot;,&quot;height&quot;:628,&quot;width&quot;:633,&quot;orientation&quot;:&quot;landscape&quot;}}\"><\/span><\/p>\n<h1 dir=\"ltr\">Pinball Museum Budapest: Eintrittskarte<\/h1>\n<h2><a href=\"https:\/\/www.tiqets.com\/de\/things-to-do-in-budapest-c68199\/tickets-for-budapest-pinball-museum-p974977\/?partner=budapesttouristinformation&amp;tq_campaign=BudapestTIDESP\" target=\"_blank\" rel=\"nofollow noopener\" style=\"outline: none;\">Reservieren<\/a><\/h2>\n<h1><a href=\"https:\/\/www.tiqets.com\/de\/things-to-do-in-budapest-c68199\/tickets-for-budapest-pinball-museum-p974977\/?partner=budapesttouristinformation&amp;tq_campaign=BudapestTIDESP\" target=\"_blank\" rel=\"nofollow noopener\" style=\"outline: none;\">Ab 14\u20ac<\/a><\/h1>\n<p data-end=\"252\" data-is-last-node=\"\" data-is-only-node=\"\" data-start=\"0\">Tauchen Sie ein in die Welt klassischer und moderner Spiele im <strong data-end=\"90\" data-start=\"63\">Pinball Museum Budapest<\/strong>, Europas gr\u00f6\u00dfter interaktiver Flipper-Ausstellung. Mit unbegrenztem Spielspa\u00df an \u00fcber 150 Automaten erwartet Sie ein unvergessliches Erlebnis f\u00fcr Gro\u00df und Klein.<\/p>\n<ul>\n<li style=\"\"><!--! Font Awesome Free 6.7.1 by @fontawesome - https:\/\/fontawesome.com License - https:\/\/fontawesome.com\/license\/free (Icons: CC BY 4.0, Fonts: SIL OFL 1.1, Code: MIT License) Copyright 2024 Fonticons, Inc. --><span>Digitale Ticket<\/span><\/li>\n<li style=\"\"><span>Kostenlose Stornierung<\/span><\/li>\n<\/ul>\n<h2>Inklusive<\/h2>\n<ul>\n<li>                    <span>Eintritt ins Pinball Museum Budapest<\/span><\/li>\n<li>                    <span>Zugang zu \u00fcber 150 Flipperautomaten, darunter seltene Vintage-Modelle<\/span><\/li>\n<li>                    <span>Unbegrenzter Wiedereintritt mit einem speziellen Armband<\/span><\/li>\n<li>                    <span>Freier Zugang bis Mitternacht<\/span><\/li>\n<\/ul>\n<h2>Nicht Inklusive<\/h2>\n<ul>\n<li style=\"\"><span>Nutzung des Hercules-Automaten (Selfies erlaubt)<\/span><\/li>\n<li style=\"\"><span>Speisen und Getr\u00e4nke<\/span><\/li>\n<li style=\"\"><span>Gef\u00fchrte Touren<\/span><\/li>\n<\/ul>\n<h2 data-pm-slice=\"1 1 []\">Wichtige Informationen:<\/h2>\n<ul>\n<li><span>Haustiere sind nicht erlaubt (ausgenommen Blindenhunde)<\/span><\/li>\n<li><span>Smartphone-Tickets werden am Eingang akzeptiert<\/span><\/li>\n<li><span>Kostenlose Umbuchung oder Stornierung bis 24 Stunden vorher m\u00f6glich<\/span><\/li>\n<li><span>Ge\u00f6ffnet bis Mitternacht<\/span><\/li>\n<li><span>Zentral gelegen in Budapest \u2013 das bestbewertete Museum auf TripAdvisor<\/span><\/li>\n<\/ul>\n<h2 data-pm-slice=\"1 1 []\">Beschreibung:<\/h2>\n<p data-pm-slice=\"1 1 []\">Erleben Sie im Pinball Museum Budapest den Zauber der Flipperautomaten aus verschiedenen Epochen \u2013 von Klassikern der 1940er bis zu modernen Highlights. Spielen, entdecken und fotografieren Sie den gr\u00f6\u00dften Flipperautomaten der Welt \u2013 ein interaktives Erlebnis voller Nostalgie und Spa\u00df f\u00fcr alle Altersgruppen.<\/p>\n<h2>Highlights:<\/h2>\n<ul>\n<li data-pm-slice=\"1 1 []\"><strong>Die Synagoge<\/strong>: Entdecken Sie ein architektonisches Meisterwerk mit Platz f\u00fcr 3.000 Gl\u00e4ubige \u2013 seit 1859 ein lebendiges Symbol j\u00fcdischer Kultur in Budapest.<\/li>\n<li><strong>Ungarisches J\u00fcdisches Museum<\/strong>: Authentische Ausstellungsst\u00fccke geben bewegende Einblicke in das Leben und Leiden ungarischer Juden.<\/li>\n<li><strong>Raoul-Wallenberg-Park &amp; Baum des Lebens<\/strong>: Ein stiller Ort der Erinnerung an die Opfer des Holocaust und ihre mutigen Retter.<\/li>\n<li><strong>Holocaust-Friedhof<\/strong>: Letzte Ruhest\u00e4tte von rund 2.600 Opfern \u2013 ein Ort des Gedenkens und Innehaltens.<\/li>\n<li><strong>Heldentempel &amp; Gedenkst\u00e4tten<\/strong>: Gedenken Sie den Gerechten unter den V\u00f6lkern und den Gefallenen des Zweiten Weltkriegs.<\/li>\n<\/ul>\n<h2>Pinball Museum Budapest<\/h2>\n<p dir=\"ltr\">18,Radn\u00f3ti Mikl\u00f3s utca, 1137, Budapest<\/p>\n<h2 data-pm-slice=\"1 1 []\">Stornierung<\/h2>\n<p data-pm-slice=\"1 1 []\">Eine Stornierung ist bis 24 Stunden vor dem Besuchsdatum m\u00f6glich.<\/p>\n<h2 data-pm-slice=\"1 1 []\">Treffpunkt &amp; Hinweise<\/h2>\n<p data-pm-slice=\"1 1 []\">Radn\u00f3ti Mikl\u00f3s utca 18, 1137 Budapest<\/p>\n<p><a data-lt-tmp-id=\"lt-618857\" href=\"https:\/\/www.google.com\/maps\/place\/Budapest,+Radn%C3%B3ti+Mikl%C3%B3s+u.+18,+1137+Macaristan\/@47.51456,19.054343,17z\/data=!3m1!4b1!4m6!3m5!1s0x4741dc0959969e25:0x738460d6bc262459!8m2!3d47.51456!4d19.054343!16s%2Fg%2F11c2gfgz_y?entry=ttu&amp;g_ep=EgoyMDI0MTEyNC4xIKXMDSoJLDEwMjExMjM0SAFQAw%3D%3D\" rel=\"nofollow noopener\" spellcheck=\"false\" target=\"_blank\" style=\"outline: none;\">Mit Maps \u00f6ffnen<\/a><\/p>\n<h2 data-pm-slice=\"1 1 []\">Bewertungen &amp; Erfahrungen<\/h2>\n<p><strong>4.6\/ 5&nbsp;<\/strong><strong>(92 <\/strong><strong>Bewertungen<\/strong><strong>)<\/strong><\/p>\n<p dir=\"ltr\"><em><em>\u201c<\/em><\/em>Mal was ganz anderes \u2013 eine tolle Erfahrung f\u00fcr Jung und Alt. Man kann alles ausprobieren und hat richtig Spa\u00df. Jederzeit wieder \ud83c\udf3a\u201c Melina, Deutschland, Okt. 2024 &nbsp;<a href=\"https:\/\/www.tiqets.com\/de\/things-to-do-in-budapest-c68199\/tickets-for-budapest-pinball-museum-p974977\/?partner=budapesttouristinformation&amp;tq_campaign=BudapestTIDESP\" target=\"_blank\" rel=\"nofollow noopener\" data-lt-tmp-id=\"lt-269899\" spellcheck=\"false\" style=\"outline: none;\">&gt;&gt; Weitere Bewertungen anzeigen<\/a><\/p>\n<h2 data-pm-slice=\"1 1 []\">Weitere Aktivit\u00e4ten, die Sie interessieren k\u00f6nnten:<\/h2>\n<p><span><img decoding=\"async\" alt=\"Hungarian Parliament Audio Guided Tour\" data-id=\"8200\" width=\"159\" data-init-width=\"735\" height=\"105\" data-init-height=\"484\" title=\"Hungarian Parliament Audio Guided Tour\" loading=\"lazy\" src=\"https:\/\/budapesttouristinformation.com\/wp-content\/uploads\/Ekran-Resmi-2024-11-28-16.54.10.png\" data-width=\"159\" data-height=\"105\" style=\"aspect-ratio: auto 735 \/ 484;\"><\/span><a href=\"https:\/\/www.headout.com\/r\/most-amazing-placesrecommends-PNwu5\/\" target=\"_blank\" rel=\"nofollow noopener\" style=\"outline: none;\"><\/a><\/p>\n<table>\n<tbody>\n<tr>\n<td><a data-lt-tmp-id=\"lt-867382\" href=\"https:\/\/www.headout.com\/r\/most-amazing-placesrecommends-POJMH\/\" rel=\"nofollow noopener\" spellcheck=\"false\" target=\"_blank\" style=\"outline: none;\">Ungarisches Parlament: gef\u00fchrte Audiotour<\/a><\/td>\n<\/tr>\n<\/tbody>\n<\/table>\n<p data-pm-slice=\"1 1 []\">Entdecken Sie das gr\u00f6\u00dfte Parlamentsgeb\u00e4ude Europas, bestaunen Sie die ungarischen Kronjuwelen und tauchen Sie bei dieser spannenden F\u00fchrung in die bewegte Geschichte Budapests ein.<\/p>\n<h3>Gesamtpreis<\/h3>\n<h3 style=\"\">Es erfolgt noch keine Abbuchung<\/h3>\n<p><span>#<\/span><strong><span>2<\/span><\/strong><span><img decoding=\"async\" alt=\"Budapest: Big Bus Hop-On Hop-Off Sightseeing Tour\" data-id=\"8172\" width=\"159\" data-init-width=\"960\" height=\"106\" data-init-height=\"640\" title=\"Budapest: Big Bus Hop-On Hop-Off Sightseeing Tour\" loading=\"lazy\" src=\"https:\/\/budapesttouristinformation.com\/wp-content\/uploads\/Budapest-Hop-on-Hop-off.jpg\" data-width=\"159\" data-height=\"106\" style=\"aspect-ratio: auto 960 \/ 640;\"><\/span><\/p>\n<table>\n<tbody>\n<tr>\n<td><a data-lt-tmp-id=\"lt-163467\" href=\"https:\/\/www.getyourguide.com\/budapest-l29\/hop-on-hop-off-sightseeing-tour-in-budapest-t42526\/?partner_id=NO9XIDE&amp;utm_medium=online_publisher&amp;cmp=BudapestHoponHopoffTicketGttd\" rel=\"nofollow noopener\" spellcheck=\"false\" target=\"_blank\" style=\"outline: none;\">Budapest: Big Bus Hop-On Hop-Off Tour &amp; Donauschifffahrt<\/a><\/td>\n<\/tr>\n<\/tbody>\n<\/table>\n<p data-pm-slice=\"1 1 []\">Entdecke Budapest ganz entspannt mit einem 1-, 2- oder 3-Tagespass f\u00fcr den offenen Hop-On-Hop-Off-Sightseeing-Bus.<\/p>\n<h3 style=\"\">Gesamtpreis<\/h3>\n<h3 style=\"\">Es erfolgt noch keine Abbuchung<\/h3>\n<\/p>\n<h2><a href=\"https:\/\/www.tiqets.com\/de\/things-to-do-in-budapest-c68199\/tickets-for-budapest-pinball-museum-p974977\/?partner=budapesttouristinformation&amp;tq_campaign=BudapestTIDESP\" target=\"_blank\" rel=\"nofollow noopener\" style=\"outline: none;\" data-lt-tmp-id=\"lt-708889\" spellcheck=\"false\">Reservieren<\/a><span style=\"font-weight: normal;\"><\/span><\/h2>\n<p><strong style=\"outline: currentcolor;\"><a href=\"https:\/\/www.tiqets.com\/de\/things-to-do-in-budapest-c68199\/tickets-for-budapest-pinball-museum-p974977\/?partner=budapesttouristinformation&amp;tq_campaign=BudapestTIDESP\" target=\"_blank\" rel=\"nofollow noopener\" data-lt-tmp-id=\"lt-697306\" spellcheck=\"false\" style=\"outline: none;\">Ab 14\u20ac<\/a><\/strong><\/p>\n<p style=\"\">Ihnen werden noch keine Kosten berechnet<\/p>\n","protected":false},"excerpt":{"rendered":"<p>Pinball Museum Budapest: Eintrittskarte Reservieren Ab 14\u20ac Tauchen Sie ein in die Welt klassischer und moderner Spiele im Pinball Museum Budapest, Europas gr\u00f6\u00dfter interaktiver Flipper-Ausstellung. Mit unbegrenztem Spielspa\u00df an \u00fcber 150 Automaten erwartet Sie ein unvergessliches Erlebnis f\u00fcr Gro\u00df und Klein. Digitale Ticket Kostenlose Stornierung Inklusive Eintritt ins Pinball Museum Budapest Zugang zu \u00fcber 150 [&hellip;]<\/p>\n","protected":false},"author":17,"featured_media":9164,"parent":0,"menu_order":0,"comment_status":"closed","ping_status":"closed","template":"","meta":{"footnotes":""},"categories":[],"tags":[78],"class_list":["post-9297","page","type-page","status-publish","has-post-thumbnail","hentry","tag-sales-page-de","post-wrapper","thrv_wrapper"],"_links":{"self":[{"href":"https:\/\/budapesttouristinformation.com\/de\/wp-json\/wp\/v2\/pages\/9297","targetHints":{"allow":["GET"]}}],"collection":[{"href":"https:\/\/budapesttouristinformation.com\/de\/wp-json\/wp\/v2\/pages"}],"about":[{"href":"https:\/\/budapesttouristinformation.com\/de\/wp-json\/wp\/v2\/types\/page"}],"author":[{"embeddable":true,"href":"https:\/\/budapesttouristinformation.com\/de\/wp-json\/wp\/v2\/users\/17"}],"replies":[{"embeddable":true,"href":"https:\/\/budapesttouristinformation.com\/de\/wp-json\/wp\/v2\/comments?post=9297"}],"version-history":[{"count":10,"href":"https:\/\/budapesttouristinformation.com\/de\/wp-json\/wp\/v2\/pages\/9297\/revisions"}],"predecessor-version":[{"id":9699,"href":"https:\/\/budapesttouristinformation.com\/de\/wp-json\/wp\/v2\/pages\/9297\/revisions\/9699"}],"wp:featuredmedia":[{"embeddable":true,"href":"https:\/\/budapesttouristinformation.com\/de\/wp-json\/wp\/v2\/media\/9164"}],"wp:attachment":[{"href":"https:\/\/budapesttouristinformation.com\/de\/wp-json\/wp\/v2\/media?parent=9297"}],"wp:term":[{"taxonomy":"category","embeddable":true,"href":"https:\/\/budapesttouristinformation.com\/de\/wp-json\/wp\/v2\/categories?post=9297"},{"taxonomy":"post_tag","embeddable":true,"href":"https:\/\/budapesttouristinformation.com\/de\/wp-json\/wp\/v2\/tags?post=9297"}],"curies":[{"name":"wp","href":"https:\/\/api.w.org\/{rel}","templated":true}]}}