{"id":9294,"date":"2025-05-22T12:49:57","date_gmt":"2025-05-22T12:49:57","guid":{"rendered":"https:\/\/budapesttouristinformation.com\/city-pass-classic"},"modified":"2026-04-27T06:39:28","modified_gmt":"2026-04-27T06:39:28","slug":"budapest-city-pass-megapass-klassik","status":"publish","type":"page","link":"https:\/\/budapesttouristinformation.com\/de\/budapest-city-pass-megapass-klassik","title":{"rendered":"Megapass: Budapest City Pass Klassik"},"content":{"rendered":"<p><span><img decoding=\"async\" alt=\"\" data-id=\"8999\" width=\"630\" height=\"353\" title=\"Budapest City Pass Classic 2\" src=\"https:\/\/budapesttouristinformation.com\/wp-content\/uploads\/Budapest-City-Pass-Classic-2.png\" data-src=\"https:\/\/budapesttouristinformation.com\/wp-content\/uploads\/Budapest-City-Pass-Classic-2-300x168.png\" loading=\"lazy\" data-sizes=\"{&quot;thumbnail&quot;:{&quot;url&quot;:&quot;https:\/\/budapesttouristinformation.com\/wp-content\/uploads\/Budapest-City-Pass-Classic-2-150x150.png&quot;,&quot;height&quot;:150,&quot;width&quot;:150,&quot;orientation&quot;:&quot;landscape&quot;},&quot;medium&quot;:{&quot;url&quot;:&quot;https:\/\/budapesttouristinformation.com\/wp-content\/uploads\/Budapest-City-Pass-Classic-2-300x168.png&quot;,&quot;height&quot;:168,&quot;width&quot;:300,&quot;orientation&quot;:&quot;landscape&quot;},&quot;full&quot;:{&quot;url&quot;:&quot;https:\/\/budapesttouristinformation.com\/wp-content\/uploads\/Budapest-City-Pass-Classic-2.png&quot;,&quot;height&quot;:353,&quot;width&quot;:630,&quot;orientation&quot;:&quot;landscape&quot;}}\"><\/span><span><img decoding=\"async\" alt=\"\" data-id=\"9000\" width=\"634\" height=\"354\" title=\"Budapest City Pass Classic 3\" src=\"https:\/\/budapesttouristinformation.com\/wp-content\/uploads\/Budapest-City-Pass-Classic-3.png\" data-src=\"https:\/\/budapesttouristinformation.com\/wp-content\/uploads\/Budapest-City-Pass-Classic-3-300x168.png\" loading=\"lazy\" data-sizes=\"{&quot;thumbnail&quot;:{&quot;url&quot;:&quot;https:\/\/budapesttouristinformation.com\/wp-content\/uploads\/Budapest-City-Pass-Classic-3-150x150.png&quot;,&quot;height&quot;:150,&quot;width&quot;:150,&quot;orientation&quot;:&quot;landscape&quot;},&quot;medium&quot;:{&quot;url&quot;:&quot;https:\/\/budapesttouristinformation.com\/wp-content\/uploads\/Budapest-City-Pass-Classic-3-300x168.png&quot;,&quot;height&quot;:168,&quot;width&quot;:300,&quot;orientation&quot;:&quot;landscape&quot;},&quot;full&quot;:{&quot;url&quot;:&quot;https:\/\/budapesttouristinformation.com\/wp-content\/uploads\/Budapest-City-Pass-Classic-3.png&quot;,&quot;height&quot;:354,&quot;width&quot;:634,&quot;orientation&quot;:&quot;landscape&quot;}}\"><\/span><span><img decoding=\"async\" alt=\"\" data-id=\"9001\" width=\"633\" height=\"355\" title=\"Budapest City Pass Classic 4\" src=\"https:\/\/budapesttouristinformation.com\/wp-content\/uploads\/Budapest-City-Pass-Classic-4.png\" data-src=\"https:\/\/budapesttouristinformation.com\/wp-content\/uploads\/Budapest-City-Pass-Classic-4-300x168.png\" loading=\"lazy\" data-sizes=\"{&quot;thumbnail&quot;:{&quot;url&quot;:&quot;https:\/\/budapesttouristinformation.com\/wp-content\/uploads\/Budapest-City-Pass-Classic-4-150x150.png&quot;,&quot;height&quot;:150,&quot;width&quot;:150,&quot;orientation&quot;:&quot;landscape&quot;},&quot;medium&quot;:{&quot;url&quot;:&quot;https:\/\/budapesttouristinformation.com\/wp-content\/uploads\/Budapest-City-Pass-Classic-4-300x168.png&quot;,&quot;height&quot;:168,&quot;width&quot;:300,&quot;orientation&quot;:&quot;landscape&quot;},&quot;full&quot;:{&quot;url&quot;:&quot;https:\/\/budapesttouristinformation.com\/wp-content\/uploads\/Budapest-City-Pass-Classic-4.png&quot;,&quot;height&quot;:355,&quot;width&quot;:633,&quot;orientation&quot;:&quot;landscape&quot;}}\"><\/span><span><img decoding=\"async\" alt=\"\" data-id=\"8997\" width=\"630\" height=\"351\" title=\"Budapest City Pass Classic\" src=\"https:\/\/budapesttouristinformation.com\/wp-content\/uploads\/Budapest-City-Pass-Classic.png\" data-src=\"https:\/\/budapesttouristinformation.com\/wp-content\/uploads\/Budapest-City-Pass-Classic-300x167.png\" loading=\"lazy\" data-sizes=\"{&quot;thumbnail&quot;:{&quot;url&quot;:&quot;https:\/\/budapesttouristinformation.com\/wp-content\/uploads\/Budapest-City-Pass-Classic-150x150.png&quot;,&quot;height&quot;:150,&quot;width&quot;:150,&quot;orientation&quot;:&quot;landscape&quot;},&quot;medium&quot;:{&quot;url&quot;:&quot;https:\/\/budapesttouristinformation.com\/wp-content\/uploads\/Budapest-City-Pass-Classic-300x167.png&quot;,&quot;height&quot;:167,&quot;width&quot;:300,&quot;orientation&quot;:&quot;landscape&quot;},&quot;full&quot;:{&quot;url&quot;:&quot;https:\/\/budapesttouristinformation.com\/wp-content\/uploads\/Budapest-City-Pass-Classic.png&quot;,&quot;height&quot;:351,&quot;width&quot;:630,&quot;orientation&quot;:&quot;landscape&quot;}}\"><\/span><\/p>\n<h1 dir=\"ltr\" style=\"\">Budapest City Pass Essential<\/h1>\n<h2><a href=\"https:\/\/megapass.com\/en\/hungary\/budapest\/pass?discountCode=ma-places\" target=\"_blank\" rel=\"nofollow noopener\" style=\"outline: none;\">Reservieren<\/a><\/h2>\n<h1><a href=\"https:\/\/megapass.com\/en\/hungary\/budapest\/pass?discountCode=ma-places\" target=\"_blank\" rel=\"nofollow noopener\" style=\"outline: none;\">Ab 69\u20ac<\/a><\/h1>\n<p data-end=\"408\" data-start=\"34\">Entdecken Sie Budapest mit dem <strong data-end=\"95\" data-start=\"65\">Budapest City Pass Klassik<\/strong> \u2013 Ihrem Rundum-sorglos-Paket f\u00fcr die sch\u00f6nsten Sehensw\u00fcrdigkeiten der Stadt. Sparen Sie Zeit mit Schnelleinlass, erleben Sie \u00fcber 30 Top-Attraktionen, genie\u00dfen Sie eine Donau-Bootsfahrt, entspannen Sie in historischen Thermalb\u00e4dern und nutzen Sie kostenlos den \u00f6ffentlichen Nahverkehr sowie gef\u00fchrte Stadttouren.<\/p>\n<ul>\n<li style=\"\"><span>Selbstst\u00e4ndige Erkundung<\/span><\/li>\n<li style=\"\"><span>Audioguide&nbsp;<\/span><\/li>\n<li style=\"\"><!--! Font Awesome Free 6.7.1 by @fontawesome - https:\/\/fontawesome.com License - https:\/\/fontawesome.com\/license\/free (Icons: CC BY 4.0, Fonts: SIL OFL 1.1, Code: MIT License) Copyright 2024 Fonticons, Inc. --><span>Transfer inklusive<\/span><\/li>\n<li style=\"\"><span>Kostenlose Stornierung<\/span><\/li>\n<\/ul>\n<h2 data-pm-slice=\"1 1 []\">Inklusive<\/h2>\n<ul>\n<li>                    <span>Schnelleinlass bei ausgew\u00e4hlten Sehensw\u00fcrdigkeiten<\/span><\/li>\n<li>                    <span>Donau-Bootsfahrt<\/span><\/li>\n<li>                    <span>Eintritt ins Luk\u00e1cs Thermalbad &amp; Schwimmbad<\/span><\/li>\n<li>                    <span>Zugang zur Stephansbasilika<\/span><\/li>\n<li>                    <span>Fahrten mit dem offiziellen Castle Bus &amp; der Zugliget Seilbahn<\/span><\/li>\n<li>                    <span>Eintritt in den Buda Turm &amp; Stephanssaal im Burgpalast<\/span><\/li>\n<li>                    <span>Zwei gef\u00fchrte Stadtrundg\u00e4nge: Buda und Pest<\/span><\/li>\n<li>                    <span>Kostenlose Nutzung des \u00f6ffentlichen Nahverkehrs (24 Stunden ab der ersten Nutzung)<\/span><\/li>\n<li>                    <span>Kostenlose eSIM mit 3 GB Datenvolumen<\/span><\/li>\n<li>                    <span>Drei mehrsprachige Audioguides (Buda, Pest, J\u00fcdisches Erbe)<\/span><\/li>\n<li>                    <span>Freier Eintritt in \u00fcber 30 Museen<\/span><\/li>\n<\/ul>\n<h2>Nicht Inklusive<\/h2>\n<ul>\n<li style=\"\"><span>Hotelabholung und R\u00fccktransfer<\/span><\/li>\n<li style=\"\"><span>Speisen und Getr\u00e4nke<\/span><\/li>\n<\/ul>\n<h2 data-pm-slice=\"1 1 []\">Wichtige Informationen:<\/h2>\n<ul>\n<li><span>F\u00fcr einige Attraktionen ist nach dem Kauf eine Reservierung erforderlich<\/span><\/li>\n<li><span>\u00d6ffentliche Verkehrsmittel sind 24 Stunden ab der ersten Nutzung g\u00fcltig<\/span><\/li>\n<li><span>Der Pass und die Eintrittstickets werden per E-Mail zugestellt<\/span><\/li>\n<li><span>Mobile Tickets werden an allen Sehensw\u00fcrdigkeiten akzeptiert<\/span><\/li>\n<li><span>Audioguides verf\u00fcgbar auf Englisch und Deutsch<\/span><\/li>\n<li><span>Buchung ist nicht erstattungsf\u00e4hig<\/span><\/li>\n<\/ul>\n<h2 data-pm-slice=\"1 1 []\">Beschreibung<\/h2>\n<p data-pm-slice=\"1 1 []\">Tauchen Sie ein in die reiche Kultur und Geschichte Budapests mit dem Budapest City Pass Klassik. Dieser digitale Pass bietet Ihnen bequemen Eintritt zu den wichtigsten Sehensw\u00fcrdigkeiten \u2013 von prachtvollen Basiliken bis hin zu Bootstouren auf der Donau. W\u00e4hlen Sie zwischen Audiotouren in Ihrem eigenen Tempo oder gef\u00fchrten Spazierg\u00e4ngen und \u00fcberspringen Sie dabei die Warteschlangen.<\/p>\n<h2>Highlights:<\/h2>\n<ul>\n<li data-pm-slice=\"1 1 []\"><strong>Donau-Bootsfahrt<\/strong>: Panoramablick auf Buda und Pest<\/li>\n<li><strong>Luk\u00e1cs Thermalbad<\/strong>: Entspannung im historischen Heilbad<\/li>\n<li><strong>Stephansbasilika<\/strong>: Beeindruckende neoklassizistische Architektur<\/li>\n<li><strong>Burgviertel<\/strong>: Zugang zum Buda Turm und Stephanssaal<\/li>\n<li><strong>Gef\u00fchrte Stadtrundg\u00e4nge<\/strong>: Entdecken Sie die historische Buda-Seite und das lebendige Pest<\/li>\n<li><strong>Zugliget Seilbahn &amp; offizieller Burgbus<\/strong>: Besondere Wege, die Stadt zu erkunden<\/li>\n<li><strong>\u00dcber 30 Museen<\/strong>: Kostenloser Eintritt zu den kulturellen Highlights der Stadt<\/li>\n<li><strong>Audiotouren<\/strong>: Selbstgef\u00fchrte Erkundungen von Buda, Pest und dem j\u00fcdischen Erbe<\/li>\n<\/ul>\n<h2>Stornierung<\/h2>\n<p data-pm-slice=\"1 1 []\">Diese Buchung ist nicht erstattungsf\u00e4hig.<\/p>\n<h2 data-pm-slice=\"1 1 []\">Bewertungen &amp; Erfahrungen:<\/h2>\n<p data-pm-slice=\"1 1 []\"><strong>Neue Aktivit\u00e4t!<\/strong><\/p>\n<h2 data-pm-slice=\"1 1 []\">Weitere Aktivit\u00e4ten, die Sie interessieren k\u00f6nnten:<\/h2>\n<p><span><img decoding=\"async\" alt=\"\" data-id=\"8997\" width=\"159\" data-init-width=\"630\" height=\"89\" data-init-height=\"351\" title=\"Budapest City Pass Classic\" loading=\"lazy\" src=\"https:\/\/budapesttouristinformation.com\/wp-content\/uploads\/Budapest-City-Pass-Classic.png\" data-width=\"159\" data-height=\"89\" style=\"aspect-ratio: auto 630 \/ 351;\"><\/span><a href=\"https:\/\/www.headout.com\/r\/most-amazing-placesrecommends-PNwu5\/\" target=\"_blank\" rel=\"nofollow noopener\" style=\"outline: none;\"><\/a><\/p>\n<table>\n<tbody>\n<tr>\n<td><a data-lt-tmp-id=\"lt-867382\" href=\"https:\/\/megapass.com\/tours-tickets\/budapest-city-pass-premium-i3562?discountCode=ma-places\" rel=\"nofollow noopener\" spellcheck=\"false\" target=\"_blank\" style=\"outline: none;\">Budapest City Pass Premium<\/a><\/td>\n<\/tr>\n<\/tbody>\n<\/table>\n<p data-pm-slice=\"1 1 []\">Entdecken Sie Budapest mit dem Budapest City Pass Premium \u2013 inklusive unbegrenzter Hop-on Hop-off-Touren, einer Donau-Panoramafahrt, einer gef\u00fchrten Stadttour und kostenlosem Eintritt in das legend\u00e4re Sz\u00e9chenyi Thermalbad.<\/p>\n<h3>Gesamtpreis<\/h3>\n<h3>Es erfolgt noch keine Abbuchung<\/h3>\n<p><span>#<\/span><strong><span>2<\/span><\/strong><span><img decoding=\"async\" alt=\"\" data-id=\"8997\" width=\"159\" data-init-width=\"630\" height=\"89\" data-init-height=\"351\" title=\"Budapest City Pass Classic\" loading=\"lazy\" src=\"https:\/\/budapesttouristinformation.com\/wp-content\/uploads\/Budapest-City-Pass-Classic.png\" data-width=\"159\" data-height=\"89\" style=\"aspect-ratio: auto 630 \/ 351;\"><\/span><\/p>\n<table>\n<tbody>\n<tr>\n<td><a data-lt-tmp-id=\"lt-163467\" href=\"https:\/\/megapass.com\/tours-tickets\/budapest-city-pass-deluxe-i3563?discountCode=ma-places\" rel=\"nofollow noopener\" spellcheck=\"false\" target=\"_blank\" style=\"outline: none;\">Budapest City Pass Deluxe<\/a><\/td>\n<\/tr>\n<\/tbody>\n<\/table>\n<p data-pm-slice=\"1 1 []\">Erkunden Sie Budapest in Ihrem eigenen Tempo mit dem Budapest City Pass Deluxe \u2013 Ihrem All-in-One-Zugang zu den besten Erlebnissen und Sehensw\u00fcrdigkeiten der Stadt!<\/p>\n<h3 style=\"\">Gesamtpreis<\/h3>\n<h3 style=\"\">Es erfolgt noch keine Abbuchung<\/h3>\n<p><\/p>\n<h2><a href=\"https:\/\/megapass.com\/en\/hungary\/budapest\/pass?discountCode=ma-places\" target=\"_blank\" rel=\"nofollow noopener\" style=\"outline: none;\" data-lt-tmp-id=\"lt-708889\" spellcheck=\"false\">Reservieren<\/a><span style=\"font-weight: normal;\"><\/span><\/h2>\n<p><strong style=\"outline: currentcolor;\"><a href=\"https:\/\/megapass.com\/en\/hungary\/budapest\/pass?discountCode=ma-places\" target=\"_blank\" rel=\"nofollow noopener\" data-lt-tmp-id=\"lt-697306\" spellcheck=\"false\" style=\"outline: none;\">Ab 69\u20ac<\/a><\/strong><\/p>\n<p style=\"\">Ihnen werden noch keine Kosten berechnet<\/p>\n","protected":false},"excerpt":{"rendered":"<p>Budapest City Pass Essential Reservieren Ab 69\u20ac Entdecken Sie Budapest mit dem Budapest City Pass Klassik \u2013 Ihrem Rundum-sorglos-Paket f\u00fcr die sch\u00f6nsten Sehensw\u00fcrdigkeiten der Stadt. Sparen Sie Zeit mit Schnelleinlass, erleben Sie \u00fcber 30 Top-Attraktionen, genie\u00dfen Sie eine Donau-Bootsfahrt, entspannen Sie in historischen Thermalb\u00e4dern und nutzen Sie kostenlos den \u00f6ffentlichen Nahverkehr sowie gef\u00fchrte Stadttouren. Selbstst\u00e4ndige [&hellip;]<\/p>\n","protected":false},"author":17,"featured_media":9260,"parent":0,"menu_order":0,"comment_status":"closed","ping_status":"closed","template":"","meta":{"footnotes":""},"categories":[],"tags":[78],"class_list":["post-9294","page","type-page","status-publish","has-post-thumbnail","hentry","tag-sales-page-de","post-wrapper","thrv_wrapper"],"_links":{"self":[{"href":"https:\/\/budapesttouristinformation.com\/de\/wp-json\/wp\/v2\/pages\/9294","targetHints":{"allow":["GET"]}}],"collection":[{"href":"https:\/\/budapesttouristinformation.com\/de\/wp-json\/wp\/v2\/pages"}],"about":[{"href":"https:\/\/budapesttouristinformation.com\/de\/wp-json\/wp\/v2\/types\/page"}],"author":[{"embeddable":true,"href":"https:\/\/budapesttouristinformation.com\/de\/wp-json\/wp\/v2\/users\/17"}],"replies":[{"embeddable":true,"href":"https:\/\/budapesttouristinformation.com\/de\/wp-json\/wp\/v2\/comments?post=9294"}],"version-history":[{"count":11,"href":"https:\/\/budapesttouristinformation.com\/de\/wp-json\/wp\/v2\/pages\/9294\/revisions"}],"predecessor-version":[{"id":10776,"href":"https:\/\/budapesttouristinformation.com\/de\/wp-json\/wp\/v2\/pages\/9294\/revisions\/10776"}],"wp:featuredmedia":[{"embeddable":true,"href":"https:\/\/budapesttouristinformation.com\/de\/wp-json\/wp\/v2\/media\/9260"}],"wp:attachment":[{"href":"https:\/\/budapesttouristinformation.com\/de\/wp-json\/wp\/v2\/media?parent=9294"}],"wp:term":[{"taxonomy":"category","embeddable":true,"href":"https:\/\/budapesttouristinformation.com\/de\/wp-json\/wp\/v2\/categories?post=9294"},{"taxonomy":"post_tag","embeddable":true,"href":"https:\/\/budapesttouristinformation.com\/de\/wp-json\/wp\/v2\/tags?post=9294"}],"curies":[{"name":"wp","href":"https:\/\/api.w.org\/{rel}","templated":true}]}}