{"id":9291,"date":"2025-05-22T11:20:00","date_gmt":"2025-05-22T11:20:00","guid":{"rendered":"https:\/\/budapesttouristinformation.com\/hop-on-hop-off-bus-tour-ticket-2"},"modified":"2026-04-27T06:37:32","modified_gmt":"2026-04-27T06:37:32","slug":"hop-on-hop-off-bus-budapest","status":"publish","type":"page","link":"https:\/\/budapesttouristinformation.com\/de\/hop-on-hop-off-bus-budapest","title":{"rendered":"Big Bus: Budapest Hop-on Hop-off Bus-Tour mit Donau-Schifffahrt"},"content":{"rendered":"<p><span><img decoding=\"async\" alt=\"\" data-id=\"8973\" width=\"672\" height=\"480\" title=\"Big Bus Budapest Hop-on Hop-off Bus Tour with Danube Cruise 2\" src=\"https:\/\/budapesttouristinformation.com\/wp-content\/uploads\/Big-Bus-Budapest-Hop-on-Hop-off-Bus-Tour-with-Danube-Cruise-2.png\" data-src=\"https:\/\/budapesttouristinformation.com\/wp-content\/uploads\/Big-Bus-Budapest-Hop-on-Hop-off-Bus-Tour-with-Danube-Cruise-2-300x214.png\" loading=\"lazy\" data-sizes=\"{&quot;thumbnail&quot;:{&quot;url&quot;:&quot;https:\/\/budapesttouristinformation.com\/wp-content\/uploads\/Big-Bus-Budapest-Hop-on-Hop-off-Bus-Tour-with-Danube-Cruise-2-150x150.png&quot;,&quot;height&quot;:150,&quot;width&quot;:150,&quot;orientation&quot;:&quot;landscape&quot;},&quot;medium&quot;:{&quot;url&quot;:&quot;https:\/\/budapesttouristinformation.com\/wp-content\/uploads\/Big-Bus-Budapest-Hop-on-Hop-off-Bus-Tour-with-Danube-Cruise-2-300x214.png&quot;,&quot;height&quot;:214,&quot;width&quot;:300,&quot;orientation&quot;:&quot;landscape&quot;},&quot;full&quot;:{&quot;url&quot;:&quot;https:\/\/budapesttouristinformation.com\/wp-content\/uploads\/Big-Bus-Budapest-Hop-on-Hop-off-Bus-Tour-with-Danube-Cruise-2.png&quot;,&quot;height&quot;:480,&quot;width&quot;:672,&quot;orientation&quot;:&quot;landscape&quot;}}\"><\/span><span><img decoding=\"async\" alt=\"\" data-id=\"8974\" width=\"666\" height=\"484\" title=\"Big Bus Budapest Hop-on Hop-off Bus Tour with Danube Cruise 3\" src=\"https:\/\/budapesttouristinformation.com\/wp-content\/uploads\/Big-Bus-Budapest-Hop-on-Hop-off-Bus-Tour-with-Danube-Cruise-3.png\" data-src=\"https:\/\/budapesttouristinformation.com\/wp-content\/uploads\/Big-Bus-Budapest-Hop-on-Hop-off-Bus-Tour-with-Danube-Cruise-3-300x218.png\" loading=\"lazy\" data-sizes=\"{&quot;thumbnail&quot;:{&quot;url&quot;:&quot;https:\/\/budapesttouristinformation.com\/wp-content\/uploads\/Big-Bus-Budapest-Hop-on-Hop-off-Bus-Tour-with-Danube-Cruise-3-150x150.png&quot;,&quot;height&quot;:150,&quot;width&quot;:150,&quot;orientation&quot;:&quot;landscape&quot;},&quot;medium&quot;:{&quot;url&quot;:&quot;https:\/\/budapesttouristinformation.com\/wp-content\/uploads\/Big-Bus-Budapest-Hop-on-Hop-off-Bus-Tour-with-Danube-Cruise-3-300x218.png&quot;,&quot;height&quot;:218,&quot;width&quot;:300,&quot;orientation&quot;:&quot;landscape&quot;},&quot;full&quot;:{&quot;url&quot;:&quot;https:\/\/budapesttouristinformation.com\/wp-content\/uploads\/Big-Bus-Budapest-Hop-on-Hop-off-Bus-Tour-with-Danube-Cruise-3.png&quot;,&quot;height&quot;:484,&quot;width&quot;:666,&quot;orientation&quot;:&quot;landscape&quot;}}\"><\/span><span><img decoding=\"async\" alt=\"\" data-id=\"8975\" width=\"665\" height=\"484\" title=\"Big Bus Budapest Hop-on Hop-off Bus Tour with Danube Cruise 4\" src=\"https:\/\/budapesttouristinformation.com\/wp-content\/uploads\/Big-Bus-Budapest-Hop-on-Hop-off-Bus-Tour-with-Danube-Cruise-4.png\" data-src=\"https:\/\/budapesttouristinformation.com\/wp-content\/uploads\/Big-Bus-Budapest-Hop-on-Hop-off-Bus-Tour-with-Danube-Cruise-4-300x218.png\" loading=\"lazy\" data-sizes=\"{&quot;thumbnail&quot;:{&quot;url&quot;:&quot;https:\/\/budapesttouristinformation.com\/wp-content\/uploads\/Big-Bus-Budapest-Hop-on-Hop-off-Bus-Tour-with-Danube-Cruise-4-150x150.png&quot;,&quot;height&quot;:150,&quot;width&quot;:150,&quot;orientation&quot;:&quot;landscape&quot;},&quot;medium&quot;:{&quot;url&quot;:&quot;https:\/\/budapesttouristinformation.com\/wp-content\/uploads\/Big-Bus-Budapest-Hop-on-Hop-off-Bus-Tour-with-Danube-Cruise-4-300x218.png&quot;,&quot;height&quot;:218,&quot;width&quot;:300,&quot;orientation&quot;:&quot;landscape&quot;},&quot;full&quot;:{&quot;url&quot;:&quot;https:\/\/budapesttouristinformation.com\/wp-content\/uploads\/Big-Bus-Budapest-Hop-on-Hop-off-Bus-Tour-with-Danube-Cruise-4.png&quot;,&quot;height&quot;:484,&quot;width&quot;:665,&quot;orientation&quot;:&quot;landscape&quot;}}\"><\/span><span><img decoding=\"async\" alt=\"\" data-id=\"8971\" width=\"727\" height=\"488\" title=\"Big Bus Budapest Hop-on Hop-off Bus Tour with Danube Cruise\" src=\"https:\/\/budapesttouristinformation.com\/wp-content\/uploads\/Big-Bus-Budapest-Hop-on-Hop-off-Bus-Tour-with-Danube-Cruise.png\" data-src=\"https:\/\/budapesttouristinformation.com\/wp-content\/uploads\/Big-Bus-Budapest-Hop-on-Hop-off-Bus-Tour-with-Danube-Cruise-300x201.png\" loading=\"lazy\" data-sizes=\"{&quot;thumbnail&quot;:{&quot;url&quot;:&quot;https:\/\/budapesttouristinformation.com\/wp-content\/uploads\/Big-Bus-Budapest-Hop-on-Hop-off-Bus-Tour-with-Danube-Cruise-150x150.png&quot;,&quot;height&quot;:150,&quot;width&quot;:150,&quot;orientation&quot;:&quot;landscape&quot;},&quot;medium&quot;:{&quot;url&quot;:&quot;https:\/\/budapesttouristinformation.com\/wp-content\/uploads\/Big-Bus-Budapest-Hop-on-Hop-off-Bus-Tour-with-Danube-Cruise-300x201.png&quot;,&quot;height&quot;:201,&quot;width&quot;:300,&quot;orientation&quot;:&quot;landscape&quot;},&quot;full&quot;:{&quot;url&quot;:&quot;https:\/\/budapesttouristinformation.com\/wp-content\/uploads\/Big-Bus-Budapest-Hop-on-Hop-off-Bus-Tour-with-Danube-Cruise.png&quot;,&quot;height&quot;:488,&quot;width&quot;:727,&quot;orientation&quot;:&quot;landscape&quot;}}\"><\/span><\/p>\n<h1 dir=\"ltr\" style=\"\">Big Bus: Budapest Hop-on Hop-off Bus-Tour mit Donau-Schifffahrt<\/h1>\n<h2><a href=\"https:\/\/www.headout.com\/r\/most-amazing-placesrecommends-yKw5b\/\" target=\"_blank\" rel=\"nofollow noopener\" style=\"outline: none;\">Reservieren<\/a><\/h2>\n<h1><a href=\"https:\/\/www.headout.com\/r\/most-amazing-placesrecommends-yKw5b\/\" target=\"_blank\" rel=\"nofollow noopener\" style=\"outline: none;\">Ab 39\u20ac<\/a><\/h1>\n<p data-pm-slice=\"1 1 []\">Entdecken Sie Budapest flexibel mit einer <strong>1<\/strong>-, <strong>2<\/strong>&#8211; oder <strong>3-Tages-Hop-on Hop-off Bus-Tour<\/strong>, die eine gef\u00fchrte Stadttour zu Fu\u00df sowie eine Donau-Panoramafahrt beinhaltet. Erkunden Sie die ber\u00fchmtesten Sehensw\u00fcrdigkeiten in Ihrem eigenen Tempo \u2013 mit mehrsprachigem Audioguide und unbegrenztem Zugang zu 18 Haltestellen.<\/p>\n<ul>\n<li style=\"\"><span>Selbstst\u00e4ndige Erkundung<\/span><\/li>\n<li style=\"\"><span>Audioguide<\/span><\/li>\n<li style=\"\"><span>Digitale Tickets<\/span><\/li>\n<li style=\"\"><span>Kostenlose Stornierung<\/span><\/li>\n<\/ul>\n<h2 data-pm-slice=\"1 1 []\">Inklusive<\/h2>\n<ul>\n<li>                    <span>1-, 2- oder 3-t\u00e4giger Hop-on Hop-off-Buspass (Red Route) mit unbegrenzter Nutzung<\/span><\/li>\n<li>                    <span>1-st\u00fcndige, gef\u00fchrte Stadttour zu Fu\u00df (Englisch)<\/span><\/li>\n<li>                    <span>1-st\u00fcndige Donau-Panoramafahrt<\/span><\/li>\n<li>                    <span>Mehrsprachiger Audioguide im Bus (16 Sprachen)<\/span><\/li>\n<li>                    <span>Mehrsprachiger Audioguide auf dem Schiff (8 Sprachen)<\/span><\/li>\n<li>                    <span>Kostenloses WLAN und Kopfh\u00f6rer an Bord<\/span><\/li>\n<\/ul>\n<h2>Nicht Inklusive<\/h2>\n<ul>\n<li style=\"\"><span>Eintritt zu Museen und Sehensw\u00fcrdigkeiten entlang der Route<\/span><\/li>\n<li style=\"\"><span>Abendliche Donau-Bootsfahrt (nach 17:00 Uhr gegen Aufpreis)<\/span><\/li>\n<\/ul>\n<h2 data-pm-slice=\"1 1 []\">Wichtige Informationen:<\/h2>\n<ul>\n<li><span>Mobile Tickets werden akzeptiert \u2013 kein Ausdruck erforderlich<\/span><\/li>\n<li><span>Haustiere sind im Bus nur in sicheren Transportboxen erlaubt<\/span><\/li>\n<li><span>Busse fahren alle 10\u201330 Minuten ab 9:00 Uhr ab der Basilika<\/span><\/li>\n<li><span>Die Donau-Bootsfahrt startet von Dock 6 und findet ab mindestens 10 Passagieren statt<\/span><\/li>\n<li><span>Die Bootsfahrt kann w\u00e4hrend der G\u00fcltigkeitsdauer Ihres Tickets genutzt werden; Haustiere sind an Bord nicht erlaubt<\/span><\/li>\n<li><span>Die Busse sind rollstuhlgerecht \u2013 bitte kontaktieren Sie den Anbieter bei speziellen Bed\u00fcrfnissen<\/span><\/li>\n<\/ul>\n<h2 data-pm-slice=\"1 1 []\">Beschreibung<\/h2>\n<p data-pm-slice=\"1 1 []\">Erleben Sie die faszinierende Geschichte und Sch\u00f6nheit Budapests bei diesem umfassenden Sightseeing-Erlebnis. Steigen Sie nach Belieben an 18 Haltestellen der offenen Doppeldeckerbusse ein und aus, um Highlights wie den Heldenplatz, das Parlament und die Kettenbr\u00fccke zu entdecken. Anschlie\u00dfend entspannen Sie bei einer Donau-Bootsfahrt mit unvergleichlichem Blick auf die Stadtsilhouette.<\/p>\n<h2>Highlights:<\/h2>\n<ul>\n<li data-pm-slice=\"1 1 []\">Unbegrenzte Fahrten auf der Red Route mit 18 Stopps, darunter: Parlament, Margareteninsel, Heldenplatz, Kettenbr\u00fccke, Zitadelle, Gro\u00dfe Markthalle<\/li>\n<li>1-st\u00fcndiger gef\u00fchrter Stadtrundgang mit englischsprachigem Guide<\/li>\n<li>1-st\u00fcndige Donau-Panoramafahrt mit fantastischen Aussichten<\/li>\n<li>Audiokommentare in mehreren Sprachen<\/li>\n<li>Kostenloses WLAN und Kopfh\u00f6rer an Bord<\/li>\n<\/ul>\n<h2>Stornierung<\/h2>\n<p data-pm-slice=\"1 1 []\">Kostenlose Stornierung bis zu 24 Stunden vor Beginn der Tour.<\/p>\n<h2 data-pm-slice=\"1 1 []\">Bewertungen &amp; Erfahrungen:<\/h2>\n<p><strong>4.5 \/ 5&nbsp;<\/strong><strong>(2.092 <\/strong><strong>Bewertungen<\/strong><strong>)<\/strong><\/p>\n<p dir=\"ltr\"><em><em>\u201c<\/em><\/em>Eine tolle M\u00f6glichkeit, um die beeindruckenden Sehensw\u00fcrdigkeiten Budapests bequem zu erreichen!\u201c Richard, Mai 2025 [Quelle: Headout]<em><\/em>&nbsp; <a href=\"https:\/\/www.headout.com\/r\/most-amazing-placesrecommends-yKw5b\/\" target=\"_blank\" rel=\"nofollow noopener\" data-lt-tmp-id=\"lt-269899\" spellcheck=\"false\" style=\"outline: none;\">&gt;&gt; Weitere Bewertungen anzeigen<\/a><\/p>\n<h2>Weitere Aktivit\u00e4ten, die Sie interessieren k\u00f6nnten:<\/h2>\n<p><span><img decoding=\"async\" alt=\"Hungarian Parliament Audio Guided Tour\" data-id=\"8200\" width=\"159\" data-init-width=\"735\" height=\"105\" data-init-height=\"484\" title=\"Hungarian Parliament Audio Guided Tour\" loading=\"lazy\" src=\"https:\/\/budapesttouristinformation.com\/wp-content\/uploads\/Ekran-Resmi-2024-11-28-16.54.10.png\" data-width=\"159\" data-height=\"105\" style=\"aspect-ratio: auto 735 \/ 484;\"><\/span><a href=\"https:\/\/www.headout.com\/r\/most-amazing-placesrecommends-PNwu5\/\" target=\"_blank\" rel=\"nofollow noopener\" style=\"outline: none;\"><\/a><\/p>\n<table>\n<tbody>\n<tr>\n<td><a data-lt-tmp-id=\"lt-867382\" href=\"https:\/\/www.headout.com\/r\/most-amazing-placesrecommends-POJMH\/\" rel=\"nofollow noopener\" spellcheck=\"false\" target=\"_blank\" style=\"outline: none;\">Ungarisches Parlament: gef\u00fchrte Audiotour<\/a><\/td>\n<\/tr>\n<\/tbody>\n<\/table>\n<p>Entdecken Sie das gr\u00f6\u00dfte Parlamentsgeb\u00e4ude Europas, bestaunen Sie die ungarischen Kronjuwelen und tauchen Sie bei dieser spannenden F\u00fchrung in die bewegte Geschichte Budapests ein.<\/p>\n<h3 style=\"\">Gesamtpreis<\/h3>\n<h3 style=\"\">Es erfolgt noch keine Abbuchung<\/h3>\n<p><span>#<\/span><strong><span>2<\/span><\/strong><span><img decoding=\"async\" alt=\"Budapest: Big Bus Hop-On Hop-Off Sightseeing Tour\" data-id=\"8172\" width=\"159\" data-init-width=\"960\" height=\"106\" data-init-height=\"640\" title=\"Budapest: Big Bus Hop-On Hop-Off Sightseeing Tour\" loading=\"lazy\" src=\"https:\/\/budapesttouristinformation.com\/wp-content\/uploads\/Budapest-Hop-on-Hop-off.jpg\" data-width=\"159\" data-height=\"106\" style=\"aspect-ratio: auto 960 \/ 640;\"><\/span><\/p>\n<table>\n<tbody>\n<tr>\n<td><a data-lt-tmp-id=\"lt-163467\" href=\"https:\/\/www.getyourguide.com\/budapest-l29\/hop-on-hop-off-sightseeing-tour-in-budapest-t42526\/?partner_id=NO9XIDE&amp;utm_medium=online_publisher&amp;cmp=BudapestHoponHopoffTicketGttd\" rel=\"nofollow noopener\" spellcheck=\"false\" target=\"_blank\" style=\"outline: none;\">Budapest: Big Bus Hop-On Hop-Off Tour &amp; Donauschifffahrt<\/a><\/td>\n<\/tr>\n<\/tbody>\n<\/table>\n<p>Entdecke Budapest ganz entspannt mit einem 1-, 2- oder 3-Tagespass f\u00fcr den offenen Hop-On-Hop-Off-Sightseeing-Bus.<\/p>\n<h3 style=\"\">Gesamtpreis<\/h3>\n<h3 style=\"\">Es erfolgt noch keine Abbuchung<\/h3>\n<p><\/p>\n<h2><a href=\"https:\/\/www.headout.com\/r\/most-amazing-placesrecommends-yKw5b\/\" target=\"_blank\" rel=\"nofollow noopener\" style=\"outline: none;\" data-lt-tmp-id=\"lt-708889\" spellcheck=\"false\">Reservieren<\/a><span style=\"font-weight: normal;\"><\/span><\/h2>\n<p><strong style=\"outline: currentcolor;\"><a href=\"https:\/\/www.headout.com\/r\/most-amazing-placesrecommends-yKw5b\/\" target=\"_blank\" rel=\"nofollow noopener\" data-lt-tmp-id=\"lt-697306\" spellcheck=\"false\" style=\"outline: none;\">Ab 39\u20ac<\/a><\/strong><\/p>\n<p style=\"\">Ihnen werden noch keine Kosten berechnet<\/p>\n","protected":false},"excerpt":{"rendered":"<p>Big Bus: Budapest Hop-on Hop-off Bus-Tour mit Donau-Schifffahrt Reservieren Ab 39\u20ac Entdecken Sie Budapest flexibel mit einer 1-, 2&#8211; oder 3-Tages-Hop-on Hop-off Bus-Tour, die eine gef\u00fchrte Stadttour zu Fu\u00df sowie eine Donau-Panoramafahrt beinhaltet. Erkunden Sie die ber\u00fchmtesten Sehensw\u00fcrdigkeiten in Ihrem eigenen Tempo \u2013 mit mehrsprachigem Audioguide und unbegrenztem Zugang zu 18 Haltestellen. Selbstst\u00e4ndige Erkundung Audioguide [&hellip;]<\/p>\n","protected":false},"author":17,"featured_media":9252,"parent":0,"menu_order":0,"comment_status":"closed","ping_status":"closed","template":"","meta":{"footnotes":""},"categories":[],"tags":[78],"class_list":["post-9291","page","type-page","status-publish","has-post-thumbnail","hentry","tag-sales-page-de","post-wrapper","thrv_wrapper"],"_links":{"self":[{"href":"https:\/\/budapesttouristinformation.com\/de\/wp-json\/wp\/v2\/pages\/9291","targetHints":{"allow":["GET"]}}],"collection":[{"href":"https:\/\/budapesttouristinformation.com\/de\/wp-json\/wp\/v2\/pages"}],"about":[{"href":"https:\/\/budapesttouristinformation.com\/de\/wp-json\/wp\/v2\/types\/page"}],"author":[{"embeddable":true,"href":"https:\/\/budapesttouristinformation.com\/de\/wp-json\/wp\/v2\/users\/17"}],"replies":[{"embeddable":true,"href":"https:\/\/budapesttouristinformation.com\/de\/wp-json\/wp\/v2\/comments?post=9291"}],"version-history":[{"count":18,"href":"https:\/\/budapesttouristinformation.com\/de\/wp-json\/wp\/v2\/pages\/9291\/revisions"}],"predecessor-version":[{"id":10743,"href":"https:\/\/budapesttouristinformation.com\/de\/wp-json\/wp\/v2\/pages\/9291\/revisions\/10743"}],"wp:featuredmedia":[{"embeddable":true,"href":"https:\/\/budapesttouristinformation.com\/de\/wp-json\/wp\/v2\/media\/9252"}],"wp:attachment":[{"href":"https:\/\/budapesttouristinformation.com\/de\/wp-json\/wp\/v2\/media?parent=9291"}],"wp:term":[{"taxonomy":"category","embeddable":true,"href":"https:\/\/budapesttouristinformation.com\/de\/wp-json\/wp\/v2\/categories?post=9291"},{"taxonomy":"post_tag","embeddable":true,"href":"https:\/\/budapesttouristinformation.com\/de\/wp-json\/wp\/v2\/tags?post=9291"}],"curies":[{"name":"wp","href":"https:\/\/api.w.org\/{rel}","templated":true}]}}