{"id":9287,"date":"2024-10-22T10:37:25","date_gmt":"2024-10-22T10:37:25","guid":{"rendered":"https:\/\/budapesttouristinformation.com\/affiliate-disclosure"},"modified":"2025-07-04T14:06:46","modified_gmt":"2025-07-04T14:06:46","slug":"offenlegung-der-affiliate-partner","status":"publish","type":"page","link":"https:\/\/budapesttouristinformation.com\/de\/offenlegung-der-affiliate-partner","title":{"rendered":"Offenlegung der Affiliate Partner"},"content":{"rendered":"<p data-pm-slice=\"0 0 []\">Auf BudapestTouristInformation.com ist es unser Ziel, Ihnen hochwertige Reiseinhalte zu bieten, die Ihre Reiseplanung erleichtern und Ihren Aufenthalt bereichern. Um den Betrieb und die Weiterentwicklung dieser Website zu finanzieren, verwenden wir in unseren Inhalten Affiliate-Links. Das bedeutet, dass wir eine kleine Provision erhalten k\u00f6nnen, wenn Sie \u00fcber einen unserer Links eine Buchung oder einen Kauf t\u00e4tigen. F\u00fcr Sie entstehen dadurch keine zus\u00e4tzlichen Kosten, und Sie helfen uns, unsere Inhalte weiterhin kostenlos und aktuell anzubieten.<\/p>\n<h2 data-pm-slice=\"0 0 []\">Warum wir Affiliate-Links nutzen<\/h2>\n<p data-pm-slice=\"1 1 []\">Der Betrieb einer Website erfordert Zeit und Ressourcen. Durch Affiliate-Partnerschaften k\u00f6nnen wir unsere Arbeit finanzieren. Uns ist wichtig zu betonen, dass wir ausschlie\u00dflich Produkte, Touren und Services empfehlen, von denen wir \u00fcberzeugt sind, dass sie einen Mehrwert f\u00fcr Ihre Reise bieten. Unsere Partner w\u00e4hlen wir sorgf\u00e4ltig aus und \u00fcberpr\u00fcfen regelm\u00e4\u00dfig, ob sie unseren Qualit\u00e4tsanspr\u00fcchen und den Interessen unserer Leser entsprechen.<\/p>\n<h2>Unsere Affiliate-Partner<\/h2>\n<p><strong>Zu unseren vertrauensw\u00fcrdigen Partnern z\u00e4hlen unter anderem:<\/strong><\/p>\n<ul>\n<li>GetYourGuide<\/li>\n<li>Tiqets<\/li>\n<li>Headout<\/li>\n<li>Viator<\/li>\n<li>Platinumlist<\/li>\n<li>Civitatis<\/li>\n<li>Holafly<\/li>\n<li>Booking.com<\/li>\n<li>Megapass<\/li>\n<li>Musement<\/li>\n<\/ul>\n<p>Bitte beachten Sie, dass diese Liste regelm\u00e4\u00dfig aktualisiert wird, wenn wir neue Partner aufnehmen, die wir f\u00fcr empfehlenswert halten.<\/p>\n<h2>Unser Versprechen: Ehrlichkeit und Transparenz<\/h2>\n<p>Wir m\u00f6chten, dass Sie unseren Empfehlungen vertrauen k\u00f6nnen. Auch wenn wir durch Affiliate-Links Einnahmen erzielen, beeinflusst dies nicht die Inhalte, Themen oder Empfehlungen auf unserer Seite. Unsere Priorit\u00e4t ist es, Ihnen hilfreiche, ehrliche und genaue Informationen bereitzustellen. Alle Produkte und Services, die wir empfehlen, w\u00fcrden wir selbst nutzen oder unseren Freunden und Familienmitgliedern ans Herz legen.<\/p>\n<h2>Danke f\u00fcr Ihre Unterst\u00fctzung<\/h2>\n<p>Mit der Nutzung unserer Affiliate-Links unterst\u00fctzen Sie direkt die Arbeit von BudapestTouristInformation.com \u2013 daf\u00fcr sind wir Ihnen sehr dankbar. So k\u00f6nnen wir weiterhin Tipps, Reisef\u00fchrer und Empfehlungen f\u00fcr Ihre Budapest-Reise anbieten.<\/p>\n<p>Wenn Sie Fragen oder Anmerkungen zu unseren Affiliate-Partnerschaften oder Inhalten haben, <a href=\"https:\/\/budapesttouristinformation.com\/de?page_id=9340\" target=\"_blank\" rel=\"nofollow\" style=\"outline: none;\">k\u00f6nnen Sie uns jederzeit kontaktieren<\/a>.<\/p>\n","protected":false},"excerpt":{"rendered":"<p>Auf BudapestTouristInformation.com ist es unser Ziel, Ihnen hochwertige Reiseinhalte zu bieten, die Ihre Reiseplanung erleichtern und Ihren Aufenthalt bereichern. Um den Betrieb und die Weiterentwicklung dieser Website zu finanzieren, verwenden wir in unseren Inhalten Affiliate-Links. Das bedeutet, dass wir eine kleine Provision erhalten k\u00f6nnen, wenn Sie \u00fcber einen unserer Links eine Buchung oder einen Kauf [&hellip;]<\/p>\n","protected":false},"author":13,"featured_media":9065,"parent":0,"menu_order":0,"comment_status":"closed","ping_status":"closed","template":"","meta":{"footnotes":""},"categories":[],"tags":[],"class_list":["post-9287","page","type-page","status-publish","has-post-thumbnail","hentry","post-wrapper","thrv_wrapper"],"_links":{"self":[{"href":"https:\/\/budapesttouristinformation.com\/de\/wp-json\/wp\/v2\/pages\/9287","targetHints":{"allow":["GET"]}}],"collection":[{"href":"https:\/\/budapesttouristinformation.com\/de\/wp-json\/wp\/v2\/pages"}],"about":[{"href":"https:\/\/budapesttouristinformation.com\/de\/wp-json\/wp\/v2\/types\/page"}],"author":[{"embeddable":true,"href":"https:\/\/budapesttouristinformation.com\/de\/wp-json\/wp\/v2\/users\/13"}],"replies":[{"embeddable":true,"href":"https:\/\/budapesttouristinformation.com\/de\/wp-json\/wp\/v2\/comments?post=9287"}],"version-history":[{"count":12,"href":"https:\/\/budapesttouristinformation.com\/de\/wp-json\/wp\/v2\/pages\/9287\/revisions"}],"predecessor-version":[{"id":9861,"href":"https:\/\/budapesttouristinformation.com\/de\/wp-json\/wp\/v2\/pages\/9287\/revisions\/9861"}],"wp:featuredmedia":[{"embeddable":true,"href":"https:\/\/budapesttouristinformation.com\/de\/wp-json\/wp\/v2\/media\/9065"}],"wp:attachment":[{"href":"https:\/\/budapesttouristinformation.com\/de\/wp-json\/wp\/v2\/media?parent=9287"}],"wp:term":[{"taxonomy":"category","embeddable":true,"href":"https:\/\/budapesttouristinformation.com\/de\/wp-json\/wp\/v2\/categories?post=9287"},{"taxonomy":"post_tag","embeddable":true,"href":"https:\/\/budapesttouristinformation.com\/de\/wp-json\/wp\/v2\/tags?post=9287"}],"curies":[{"name":"wp","href":"https:\/\/api.w.org\/{rel}","templated":true}]}}