{"id":9283,"date":"2025-05-14T07:36:34","date_gmt":"2025-05-14T07:36:34","guid":{"rendered":"https:\/\/budapesttouristinformation.com\/things-to-do\/hungarian-parliament-building"},"modified":"2025-06-26T15:15:03","modified_gmt":"2025-06-26T15:15:03","slug":"parlament-budapest","status":"publish","type":"page","link":"https:\/\/budapesttouristinformation.com\/de\/sehenswurdigkeiten\/parlament-budapest","title":{"rendered":"Ungarisches Parlament Budapest: Geschichte, Tipps &amp; Tickets"},"content":{"rendered":"<p data-end=\"355\" data-start=\"0\"><strong data-end=\"40\" data-start=\"0\">Planen Sie eine Reise nach Budapest?<\/strong>Dann sollten Sie sich eines der ber\u00fchmtesten Wahrzeichen der Stadt nicht entgehen lassen: das Ungarische Parlamentsgeb\u00e4ude. Mit seiner beeindruckenden Architektur, der Lage direkt an der Donau und einer Geschichte, die Jahrhunderte umfasst, ist es weit mehr als ein Regierungssitz \u2013 es ist ein nationales Symbol.<\/p>\n<p data-end=\"708\" data-start=\"357\">In diesem Guide \u00fcber das Ungarische Parlament Budapest erfahren Sie mehr \u00fcber seine faszinierende Vergangenheit, seine prachtvollen Innenr\u00e4ume, lernen \u00fcberraschende Fakten kennen und erhalten wertvolle Besuchstipps. Ob Sie sich f\u00fcr Geschichte begeistern, Architektur lieben oder einfach die Top-<a href=\"https:\/\/budapesttouristinformation.com\/de\/sehenswurdigkeiten\">Sehensw\u00fcrdigkeiten<\/a> Budapests erleben m\u00f6chten \u2013 dieser Artikel ist Ihr idealer Einstieg.<\/p>\n<p data-pm-slice=\"1 1 []\"><strong>Was Sie in diesem Guide erwartet:<\/strong>Geschichtliche Hintergr\u00fcnde, architektonische Highlights, praktische Tipps f\u00fcr Ihren Besuch sowie alle wichtigen <a href=\"#tve-jump-197a723e89d\" jump-animation=\"smooth\" style=\"outline: none;\">Ticketinfos<\/a> \u2013 alles auf einen Blick, um Ihre Besichtigung unvergesslich zu machen.<\/p>\n<ul>\n<li \"=\"\"strongEmpfohlene Besuchsdauer:&nbsp;\/strongPlanen Sie etwa 1,5\u20132 Stunden ein.\/lili \"=\"\"><strong>Beste Besuchszeit: <\/strong>Werktags am Vormittag<strong>.<\/strong><\/li>\n<li \"=\"\"strongTop-Fotospot: \/strongNachtansicht vom gegen\u00fcberliegenden Donauufer.\/lili \"=\"\" =\"\"=\"\" style=\"\"><a href=\"#tve-jump-196cdd31279\" jump-animation=\"smooth\" style=\"outline: none;\"><strong>Tickets: <\/strong>Online buchen, um Warteschlangen zu vermeiden.<\/a><\/li>\n<li \"=\"\"strongIdeal f\u00fcr:\/strong Geschichtsliebhaber, Architekturbegeisterte und Kulturliebhaber.\/lili \"=\"\"><strong>Gut zu wissen<\/strong>: Sicherheitskontrolle am Eingang \u2013 kommen Sie rechtzeitig.<\/li>\n<li 1=\"\" []\"\"=\"\"><strong>Unbedingt sehenswert:<\/strong> Die Kuppelhalle und die Heilige Krone Ungarns.<\/li>\n<\/ul>\n<h2 data-pm-slice=\"1 1 []\" id=\"t-1746713448159\" style=\"\"><strong>Tickets f\u00fcr das Ungarische Parlament Budapest<\/strong><\/h2>\n<p><span><img decoding=\"async\" alt=\"How to Get Tickets for the Hungarian Parliament Building?\" data-id=\"8857\" width=\"702\" data-init-width=\"1000\" height=\"468\" data-init-height=\"667\" title=\"How to Get Tickets for the Hungarian Parliament Building?\" loading=\"lazy\" src=\"https:\/\/budapesttouristinformation.com\/wp-content\/uploads\/How-to-Get-Tickets-for-the-Hungarian-Parliament-Building.jpg\" data-width=\"702\" data-height=\"468\" style=\"aspect-ratio: auto 1000 \/ 667;\"><\/span><\/p>\n<p data-pm-slice=\"1 1 []\">Am <strong>einfachsten<\/strong> und <strong>zuverl\u00e4ssigsten<\/strong> ist es, Ihre Tickets vorab online zu buchen. So sichern Sie sich Ihren Wunschtermin und die passende Sprache f\u00fcr die F\u00fchrung \u2013 besonders in der Hochsaison. Vor Ort sind die Tickets oft limitiert und schnell ausverkauft. Daher <strong>empfehlen<\/strong> wir dringend die <strong>Onlinebuchung<\/strong>.<\/p>\n<p>Im Folgenden finden Sie empfohlene Ticketoptionen:<\/p>\n<ul id=\"tve-jump-196cdd31279\">\n<li><a href=\"\/de\/?page_id=9359\" style=\"outline: none;\" target=\"_blank\">Hungarian Parliament Audio Guided Tour<\/a><\/li>\n<li><a href=\"https:\/\/www.headout.com\/r\/most-amazing-placesrecommends-8YIPb\/\" rel=\"nofollow noopener\" style=\"outline: none;\" target=\"_blank\">Kombiticket: Ungarisches Parlament mit mehrsprachigem Audioguide + Sz\u00e9chenyi-Heilbad mit Schnelleinlass und Schlie\u00dffach oder Kabine<\/a><\/li>\n<li><a href=\"https:\/\/www.headout.com\/r\/most-amazing-placesrecommends-8Ym7u\/\" rel=\"nofollow noopener\" style=\"outline: none;\" target=\"_blank\">Kombitickets: Tour durch das Ungarische Parlament + Sightseeing-Schifffahrt auf der Donau<\/a><\/li>\n<\/ul>\n<h2 data-pm-slice=\"1 1 []\" id=\"t-1746713448133\" style=\"\"><strong>Ein kurzer \u00dcberblick \u00fcber die Geschichte des Ungarischen Parlamentsgeb\u00e4udes<\/strong><\/h2>\n<p><span><img decoding=\"async\" alt=\"The Top 10 Must-Do Activities in Budapest\" data-id=\"8717\" width=\"702\" data-init-width=\"1000\" height=\"468\" data-init-height=\"667\" title=\"The Top 10 Must-Do Activities in Budapest\" loading=\"lazy\" src=\"https:\/\/budapesttouristinformation.com\/wp-content\/uploads\/The-Top-10-Must-Do-Activities-in-Budapest.jpg\" data-width=\"702\" data-height=\"468\" style=\"aspect-ratio: auto 1000 \/ 667;\"><\/span><\/p>\n<p data-pm-slice=\"1 1 []\">Das Ungarische Parlamentsgeb\u00e4ude \u2013 auf <strong>Ungarisch Orsz\u00e1gh\u00e1z<\/strong> \u2013 gilt als <strong>Symbol nationalen Stolzes und politischer Souver\u00e4nit\u00e4t<\/strong>.<\/p>\n<p>Der Bau begann im Jahr <strong>1885<\/strong> nach einem \u00f6ffentlichen Architektenwettbewerb und wurde <strong>1904<\/strong> vollendet \u2013 rechtzeitig zu den Feierlichkeiten des <strong>1000-j\u00e4hrigen<\/strong> Bestehens des ungarischen Staates im <strong>Jahr 1896 (Millenniumsjahr)<\/strong>. Entworfen wurde das Geb\u00e4ude vom renommierten Architekten Imre Steindl. Es beeindruckt durch seinen <strong>neugotischen<\/strong> Stil, kombiniert mit <strong>Renaissance<\/strong>&#8211; und <strong>Barockelementen<\/strong>.<\/p>\n<p>Errichtet wurde das Parlament in einer Phase des nationalen Erwachens, als Ungarn Teil der <strong>\u00d6sterreichisch-Ungarischen Monarchie<\/strong> war. Es diente damals als starkes Symbol ungarischer Identit\u00e4t innerhalb der Doppelmonarchie. Direkt an der Donau gelegen, verk\u00f6rpert die symmetrische Struktur mit ihrer reichen Ornamentik nicht nur <strong>politische Macht<\/strong>, sondern auch die <strong>enge Verbundenheit zur ungarischen Kultur<\/strong>.<\/p>\n<p>Im Laufe der Jahrzehnte war das Geb\u00e4ude Schauplatz bedeutender historischer Ereignisse \u2013 von Revolutionen \u00fcber Systemwechsel bis hin zu demokratischen Neuanf\u00e4ngen \u2013 und spiegelt damit die bewegte Geschichte des modernen Ungarns wider.<\/p>\n<ul>\n<li dir=\"ltr\"><a href=\"https:\/\/www.headout.com\/r\/most-amazing-placesrecommends-8jxZy\/\" target=\"_blank\" rel=\"nofollow noopener\" style=\"outline: none;\">Ungarisches Parlament: gef\u00fchrte Audiotour<\/a><\/li>\n<\/ul>\n<h2 dir=\"ltr\" id=\"t-1731511996818\" style=\"\"><strong>Innenraum des Ungarischen Parlaments\u200b<\/strong><\/h2>\n<p dir=\"ltr\">Ein Besuch im Inneren des Ungarischen Parlamentsgeb\u00e4udes f\u00fchlt sich an wie ein Spaziergang durch ein Kunstwerk \u2013 voller <strong>Geschichte<\/strong>, <strong>Symbolik<\/strong> und <strong>nationalem Stolz<\/strong>. Die prachtvolle Innenausstattung steht der beeindruckenden Fassade in nichts nach und spiegelt mit ihren feinen Details und aufwendigen Verzierungen das reiche kulturelle Erbe Ungarns wider.<\/p>\n<p><span><img decoding=\"async\" alt=\"Inside the Hungarian Parliament Building\" data-id=\"8856\" width=\"702\" data-init-width=\"1000\" height=\"470\" data-init-height=\"670\" title=\"Inside the Hungarian Parliament Building\" loading=\"lazy\" src=\"https:\/\/budapesttouristinformation.com\/wp-content\/uploads\/Inside-the-Hungarian-Parliament-Building.jpg\" data-width=\"702\" data-height=\"470\" style=\"aspect-ratio: auto 1000 \/ 670;\"><\/span><\/p>\n<h3 \"=\"\" dir=\"ltr\" id=\"t-1746713448144\" tve-droppable\"=\"\">Highlights im Geb\u00e4ude:<\/h3>\n<ul>\n<li \"=\"\" dir=\"ltr\" tve-droppable\"=\"\"><strong>Prunkvolle Haupttreppe: <\/strong>Ein imposanter Eingang mit rotem Teppich, vergoldeten Verzierungen und m\u00e4chtigen S\u00e4ulen \u2013 der Auftakt zu einer Welt voller Pracht.<\/li>\n<li \"=\"\" dir=\"ltr\" tve-droppable\"=\"\"><strong>Kuppelhalle: <\/strong>Das symbolische Zentrum des Parlaments, in dem die Heilige Krone Ungarns unter st\u00e4ndiger Bewachung ausgestellt ist. Die Kuppel ist 96 Meter hoch \u2013 eine Anspielung auf das Gr\u00fcndungsjahr Ungarns (896).<\/li>\n<li \"=\"\" dir=\"ltr\" tve-droppable\"=\"\"><strong>Ehemaliger Sitzungssaal des Oberhauses: <\/strong>Einst Schauplatz politischer Debatten, heute f\u00fcr Konferenzen und Veranstaltungen genutzt. Ber\u00fchmt f\u00fcr Holzvert\u00e4felungen, Buntglasfenster und seine historische Atmosph\u00e4re.<\/li>\n<li \"=\"\" dir=\"ltr\" tve-droppable\"=\"\"><strong>Dekorative Elemente: <\/strong>\u00dcber 40 Kilogramm Blattgold, handgemalte Wandgem\u00e4lde, kunstvolle Glasmalereien und aufwendig gearbeitete M\u00f6bel zeugen vom hohen handwerklichen Niveau.<\/li>\n<li \"=\"\" dir=\"ltr\" tve-droppable\"=\"\"><strong>Statuen und Symbolik: <\/strong>\u00dcberall im Geb\u00e4ude finden sich Statuen ungarischer K\u00f6nige, Gener\u00e4le und nationaler Pers\u00f6nlichkeiten \u2013 jede mit eigener geschichtlicher Bedeutung.<\/li>\n<li \"=\"\" dir=\"ltr\" tve-droppable\"=\"\"><strong>Gef\u00fchrte Touren<\/strong>F\u00fchrungen in mehreren Sprachen bieten tiefere Einblicke in die Architektur, politische Geschichte und die symbolische Bedeutung vieler Details dieses au\u00dfergew\u00f6hnlichen Bauwerks.<\/li>\n<\/ul>\n<h3 \"=\"\" dir=\"ltr\" tve-droppable\"=\"\" id=\"t-1747150251430\">Kann man das Ungarische Parlamentsgeb\u00e4ude von innen besichtigen?<\/h3>\n<p>Ja, das ist m\u00f6glich \u2013 allerdings nur im Rahmen einer offiziellen F\u00fchrung. Besucher d\u00fcrfen das Innere des Parlamentsgeb\u00e4udes ausschlie\u00dflich im Zuge einer gef\u00fchrten Tour betreten. Individuelle Besichtigungen oder ein freier Zugang sind nicht gestattet, da das Geb\u00e4ude als Sitz der Nationalversammlung dient und strengen Sicherheitsvorgaben unterliegt.<a href=\"https:\/\/www.getyourguide.com\/budapest-l29\/grand-city-tour-with-parliament-visit-t737\/?partner_id=NO9XIDE&amp;utm_medium=online_publisher&amp;cmp=HungarianParliamentBuildingBlog\" rel=\"nofollow noopener\" style=\"outline: none;\" target=\"_blank\">\u2192 Budapest: Gro\u00dfe Stadtrundfahrt mit Parlamentsbesuch<\/a><\/p>\n<p><span><img decoding=\"async\" alt=\"Can You Go Into the Hungarian Parliament Building?\" data-id=\"8860\" width=\"702\" data-init-width=\"1000\" height=\"469\" data-init-height=\"668\" title=\"Can You Go Into the Hungarian Parliament Building?\" loading=\"lazy\" src=\"https:\/\/budapesttouristinformation.com\/wp-content\/uploads\/Can-You-Go-Into-the-Hungarian-Parliament-Building-.jpg\" data-width=\"702\" data-height=\"469\" style=\"aspect-ratio: auto 1000 \/ 668;\"><\/span><\/p>\n<h2 data-pm-slice=\"1 1 []\" id=\"t-1746713448149\" style=\"\"><strong>Warum ist das Ungarische Parlamentsgeb\u00e4ude so ber\u00fchmt?<\/strong><\/h2>\n<p dir=\"ltr\" id=\"t-1746713448150\">Das Ungarische Parlamentsgeb\u00e4ude gilt als eines der <strong>sch\u00f6nsten Parlamentsgeb\u00e4ude der Welt<\/strong>.Seine <strong>neugotische<\/strong><strong>Architektur<\/strong>, die monumentale Gr\u00f6\u00dfe und die malerische Lage an der Donau machen es zu einem Wahrzeichen Budapests. Es beherbergt zudem die <strong>Ungarischen Kronjuwelen<\/strong>, was seine nationale und historische Bedeutung zus\u00e4tzlich unterstreicht.<\/p>\n<h2 data-pm-slice=\"1 1 []\" id=\"t-1746713448155\"><strong>Lohnt sich eine Besichtigung des Parlamentsgeb\u00e4udes?<\/strong><\/h2>\n<p dir=\"ltr\" id=\"t-1746713448150\">Ja, der Besuch des <strong>Ungarischen Parlamentsgeb\u00e4udes lohnt sich auf jeden Fall<\/strong>. Es ist nicht nur ein <strong>Ort politischer Entscheidungsfindung<\/strong>, sondern auch ein <strong>lebendiges Museum ungarischer Geschichte<\/strong>, <strong>Identit\u00e4t<\/strong> und <strong>Handwerkskunst<\/strong>.Ein Rundgang durch die prunkvollen S\u00e4le f\u00fchlt sich an wie eine Reise in eine andere Zeit \u2013 jedes Detail, von goldverzierten Decken bis hin zu symboltr\u00e4chtigen Statuen, erz\u00e4hlt eine Geschichte.Ob Sie sich f\u00fcr Architektur, Geschichte oder einfach f\u00fcr beeindruckende Bauwerke interessieren \u2013 diese F\u00fchrung z\u00e4hlt zu den <strong>Highlights Ihres Budapest-Aufenthalts<\/strong>.<\/p>\n<ul>\n<li dir=\"ltr\" id=\"t-1746713448150\" style=\"text-align: justify;\"><a href=\"https:\/\/www.tiqets.com\/de\/budapest-sehenswuerdigkeiten-c68199\/tickets-fur-stadtrundfahrt-budapest-audioguide-app-p1013860\/?partner=amsterdamtouristinformation&amp;tq_campaign=HungarianParlamenBlogDE\" target=\"_blank\" rel=\"nofollow noopener\" style=\"outline: none;\">Budapest:City Audio Guide App von POPGuide<\/a><\/li>\n<\/ul>\n<p><span><img decoding=\"async\" alt=\"Top 4 Summer Events and Experiences in Budapest\" data-id=\"8738\" width=\"702\" data-init-width=\"1000\" height=\"468\" data-init-height=\"667\" title=\"Top 4 Summer Events and Experiences in Budapest\" loading=\"lazy\" src=\"https:\/\/budapesttouristinformation.com\/wp-content\/uploads\/Top-4-Summer-Events-and-Experiences-in-Budapest.jpg\" data-width=\"702\" data-height=\"468\" style=\"aspect-ratio: auto 1000 \/ 667;\"><\/span><\/p>\n<h2 id=\"t-1747150251431\"><strong>Besucherinformationen auf einen Blick<\/strong><\/h2>\n<h3 id=\"t-1747150251432\"><span style=\"text-decoration: underline;\">\u00d6ffnungszeiten<\/span><\/h3>\n<ul>\n<li><strong>April bis Oktober: <\/strong>08:00 \u2013 18:00 Uhr<strong><\/strong><\/li>\n<li><strong>November bis M\u00e4rz: <\/strong>08:00 \u2013 16:00 Uhr<strong><\/strong><\/li>\n<li><strong>Letzter Einlass: <\/strong>Eine Stunde vor Schlie\u00dfung<strong><\/strong><\/li>\n<li><strong>Geschlossen: <\/strong>An ausgew\u00e4hlten Tagen aufgrund offizieller Staatsanl\u00e4sse oder Sitzungen der Nationalversammlung. Pr\u00fcfen Sie die Verf\u00fcgbarkeit im Voraus.<\/li>\n<\/ul>\n<h3 id=\"t-1747150251433\"><span style=\"text-decoration: underline;\">Standort<\/span><\/h3>\n<p><strong>Adresse: <\/strong>Kossuth Lajos t\u00e9r 1\u20133, 1055 Budapest, UngarnDas Geb\u00e4ude liegt auf der Pest-Seite der Donau \u2013 im Herzen der Stadt.<\/p>\n<p><a href=\"https:\/\/www.google.com\/maps\/place\/Hungarian+Parliament+Building\/@47.507121,19.0430941,17z\/data=!3m1!4b1!4m6!3m5!1s0x4741dc1046d4a33d:0x342122b8ff8f0f6e!8m2!3d47.507121!4d19.045669!16zL20vMDhsdnN0?entry=ttu\" rel=\"nofollow noopener\" target=\"_blank\" style=\"outline: none;\">\u2192 In Google Maps \u00f6ffnen<\/a><\/p>\n<h3 id=\"t-1747150251434\"><span style=\"text-decoration: underline;\">Beste Besuchszeit<\/span><\/h3>\n<ul>\n<li><strong>Hochsaison: <\/strong>Mai bis September \u2013 mit erh\u00f6htem Besucherandrang und begrenzten Tickets<strong><\/strong><\/li>\n<li><strong>Nebensaison: <\/strong>Oktober bis April \u2013 weniger Touristen, einfachere Buchung<strong><\/strong><\/li>\n<li><strong>Tipp: <\/strong>Werktags am Vormittag ist es ruhiger als am Wochenende<\/li>\n<\/ul>\n<h3 id=\"t-1747150251435\"><span style=\"text-decoration: underline;\">Anreise<\/span><\/h3>\n<ul>\n<li><strong>Metro: <\/strong>Linie M2 (rote Linie) bis Kossuth Lajos t\u00e9r \u2013 direkt neben dem Parlament<strong><\/strong><\/li>\n<li><strong>Stra\u00dfenbahn: <\/strong>Linie 2 entlang der Donau \u2013 malerische Strecke mit direkter Haltestelle<strong><\/strong><\/li>\n<li><strong>Zu Fu\u00df: <\/strong>Vom Stadtzentrum oder von der Kettenbr\u00fccke gut erreichbar<\/li>\n<\/ul>\n<h3 id=\"t-1747150251436\"><span style=\"text-decoration: underline;\">Ausstattung &amp; Barrierefreiheit<\/span><\/h3>\n<ul>\n<li>Das Geb\u00e4ude ist rollstuhlgerecht, F\u00fchrungen sind auch f\u00fcr Besucher mit eingeschr\u00e4nkter Mobilit\u00e4t geeignet<\/li>\n<li>Toiletten, Garderobe und Sicherheitskontrolle befinden sich im Besucherzentrum<\/li>\n<li>Fotografieren ist in den meisten Bereichen erlaubt \u2013 bitte ohne Blitz<\/li>\n<\/ul>\n<p><span><img decoding=\"async\" alt=\"6 Tips for Visiting the Hungarian Parliament Building\" data-id=\"8862\" width=\"702\" data-init-width=\"1000\" height=\"465\" data-init-height=\"662\" title=\"6 Tips for Visiting the Hungarian Parliament Building\" loading=\"lazy\" src=\"https:\/\/budapesttouristinformation.com\/wp-content\/uploads\/6-Tips-for-Visiting-the-Hungarian-Parliament-Building.jpg\" data-width=\"702\" data-height=\"465\" style=\"aspect-ratio: auto 1000 \/ 662;\"><\/span><\/p>\n<h2 data-pm-slice=\"1 1 []\" id=\"t-1746792172302\"><strong>6<\/strong><strong data-end=\"61\" data-start=\"0\">&nbsp;Tipps f\u00fcr Ihren Besuch im Ungarischen Parlament<\/strong><\/h2>\n<ol data-end=\"907\" data-is-last-node=\"\" data-is-only-node=\"\" data-start=\"63\">\n<li data-end=\"170\" data-start=\"63\"><strong data-end=\"95\" data-start=\"66\">Tickets im Voraus buchen:<\/strong> Besonders in der Hauptsaison sind viele Zeitfenster schnell ausverkauft.<\/li>\n<li data-end=\"315\" data-start=\"171\"><strong data-end=\"196\" data-start=\"174\">Ausweis mitnehmen:<\/strong> F\u00fcr den Einlass und die Sicherheitskontrolle ist ein g\u00fcltiger Ausweis (Personalausweis oder Reisepass) erforderlich.<\/li>\n<li data-end=\"440\" data-start=\"316\"><strong data-end=\"343\" data-start=\"319\">Fr\u00fchzeitig ankommen:<\/strong> Planen Sie genug Zeit f\u00fcr die Sicherheitskontrolle ein, um Ihre F\u00fchrung p\u00fcnktlich zu beginnen.<\/li>\n<li data-end=\"595\" data-start=\"441\"><strong data-end=\"480\" data-start=\"444\">F\u00fchrung in Ihrer Sprache w\u00e4hlen:<\/strong> F\u00fcr ein optimales Erlebnis und ausf\u00fchrliche Informationen empfiehlt sich eine Tour in Ihrer bevorzugten Sprache.<\/li>\n<li data-end=\"760\" data-start=\"596\"><strong data-end=\"621\" data-start=\"599\">Umgebung erkunden:<\/strong> Kombinieren Sie den Besuch mit einem Spaziergang entlang der Donau und Sehensw\u00fcrdigkeiten wie der Kettenbr\u00fccke oder der Margareteninsel.<\/li>\n<li data-end=\"907\" data-is-last-node=\"\" data-start=\"761\"><strong data-end=\"805\" data-start=\"764\">N\u00e4chtlicher Ausblick nicht verpassen:<\/strong> Der Blick auf das beleuchtete Parlamentsgeb\u00e4ude vom gegen\u00fcberliegenden Donauufer ist einfach magisch!<\/li>\n<\/ol>\n<p><span><img decoding=\"async\" alt=\"Where to Eat Near the Budapest Parliament\" data-id=\"8861\" width=\"702\" data-init-width=\"1000\" height=\"468\" data-init-height=\"667\" title=\"Where to Eat Near the Budapest Parliament\" loading=\"lazy\" src=\"https:\/\/budapesttouristinformation.com\/wp-content\/uploads\/Where-to-Eat-Near-the-Budapest-Parliament.jpg\" data-width=\"702\" data-height=\"468\" style=\"aspect-ratio: auto 1000 \/ 667;\"><\/span><\/p>\n<h2 id=\"t-1747150251437\" style=\"\"><strong>Essen in der N\u00e4he des Ungarischen Parlaments&nbsp;<\/strong><strong>Budapest<\/strong><\/h2>\n<p>Nach dem Besuch des imposanten Parlaments lohnt sich eine kulinarische Pause \u2013 rund um den Kossuth Lajos Platz finden Sie zahlreiche gem\u00fctliche Caf\u00e9s und stilvolle Restaurants.<\/p>\n<ul>\n<li><strong>Caf\u00e9 Sm\u00faz (im Museum f\u00fcr V\u00f6lkerkunde)<\/strong>Ein echter Geheimtipp mit ruhiger Atmosph\u00e4re, gutem Kaffee, Sandwiches und Kuchen \u2013 perfekt f\u00fcr ein leichtes Mittagessen oder eine entspannte Pause am Nachmittag.<\/li>\n<li><strong>Biarritz Restaurant &amp; Caf\u00e9<\/strong>Nur wenige Gehminuten entfernt \u2013 elegante ungarische und internationale K\u00fcche mit Blick auf das Parlament in ruhigem Ambiente.<\/li>\n<li><strong>Falko Caf\u00e9 &amp; Delik\u00e1t<\/strong>Kleines, charmantes Caf\u00e9 mit frischen Backwaren, hochwertigem Kaffee und herzlichem Service \u2013 ideal f\u00fcr Fr\u00fchst\u00fcck oder einen schnellen Snack.<\/li>\n<li><strong>Zsolnay Caf\u00e9 \u2013 Hotel President (ca. 10\u201315 Minuten Fu\u00dfweg)<\/strong>Stilvolles Caf\u00e9 mit klassischen ungarischen Torten und kleinen Gerichten \u2013 perfekt, wenn Sie Ihre Tour in Richtung Innenstadt fortsetzen.<\/li>\n<li><strong>KIOSK Budapest (etwas weiter entfernt, aber lohnenswert)<\/strong>Nahe der Elisabethbr\u00fccke gelegen \u2013 trendiges Restaurant mit lebendiger Atmosph\u00e4re und vielf\u00e4ltiger Speisekarte von ungarisch bis vegan.<strong><\/strong><\/li>\n<\/ul>\n<p><span><img decoding=\"async\" alt=\"Hungarian Parliament Building\" data-id=\"8864\" width=\"702\" data-init-width=\"1000\" height=\"468\" data-init-height=\"666\" title=\"Hungarian Parliament Building\" loading=\"lazy\" src=\"https:\/\/budapesttouristinformation.com\/wp-content\/uploads\/Hungarian-Parliament-Building.jpg\" data-width=\"702\" data-height=\"468\" style=\"aspect-ratio: auto 1000 \/ 666;\"><\/span><\/p>\n<p>Ein Besuch im Ungarischen Parlamentsgeb\u00e4ude ist mehr als nur das Abhaken einer <a href=\"https:\/\/budapesttouristinformation.com\/de\/sehenswurdigkeiten\" target=\"_blank\" rel=\"nofollow\" style=\"outline: none;\">Top-Sehensw\u00fcrdigkeit in Budapest<\/a> \u2013 <strong>es ist ein Eintauchen in ein lebendiges Symbol ungarischer Geschichte, Identit\u00e4t und architektonischer Brillanz<\/strong>.Ob Sie die goldverzierten Innenr\u00e4ume bestaunen, mehr \u00fcber die politische Entwicklung des Landes erfahren oder einfach den Ausblick von der Donau genie\u00dfen \u2013 dieses Wahrzeichen hinterl\u00e4sst einen bleibenden Eindruck.Jetzt, da Sie alle wichtigen Tipps, Fakten und Insiderinfos kennen, <strong>k\u00f6nnen Sie Ihren Besuch wie ein Profi planen!<\/strong><\/p>\n<h3 id=\"t-1731511996827\" data-hide=\"true\">Verwandte Artikel:<\/h3>\n<p><a href=\"https:\/\/budapesttouristinformation.com\/de\/sehenswurdigkeiten\" dynamic-postlink=\"tcb_post_the_permalink\" data-shortcode-id=\"8884\"><\/a><\/p>\n<h2 style=\"padding-top: 0px !important; margin-top: 0px !important; text-align: center;\" id=\"t-1731511996814\" data-hide=\"true\"><span data-shortcode=\"tcb_post_title\" data-shortcode-name=\"Post title\" data-extra_key=\"\" data-attr-link=\"1\" data-attr-target=\"0\" data-attr-rel=\"0\" data-option-inline=\"1\" data-attr-static-link=\"{&quot;className&quot;:&quot;&quot;,&quot;href&quot;:&quot;https:\/\/budapesttouristinformation.com\/de\/sehenswurdigkeiten&quot;,&quot;title&quot;:&quot;27 besten Sehensw\u00fcrdigkeiten in Budapest: Highlights f\u00fcr Familien, Paare &amp; Regentage&quot;,&quot;class&quot;:&quot;&quot;}\" data-attr-css=\"\"><a href=\"https:\/\/budapesttouristinformation.com\/de\/sehenswurdigkeiten\" title=\"27 besten Sehensw\u00fcrdigkeiten in Budapest: Highlights f\u00fcr Familien, Paare &amp; Regentage\" data-css=\"\">27 besten Sehensw\u00fcrdigkeiten in Budapest: Highlights f\u00fcr Familien, Paare &amp; Regentage<\/a><\/span><\/h2>\n","protected":false},"excerpt":{"rendered":"<p>Planen Sie eine Reise nach Budapest?Dann sollten Sie sich eines der ber\u00fchmtesten Wahrzeichen der Stadt nicht entgehen lassen: das Ungarische Parlamentsgeb\u00e4ude. Mit seiner beeindruckenden Architektur, der Lage direkt an der Donau und einer Geschichte, die Jahrhunderte umfasst, ist es weit mehr als ein Regierungssitz \u2013 es ist ein nationales Symbol. In diesem Guide \u00fcber das [&hellip;]<\/p>\n","protected":false},"author":17,"featured_media":9222,"parent":9272,"menu_order":0,"comment_status":"closed","ping_status":"closed","template":"","meta":{"footnotes":""},"categories":[],"tags":[],"class_list":["post-9283","page","type-page","status-publish","has-post-thumbnail","hentry","post-wrapper","thrv_wrapper"],"_links":{"self":[{"href":"https:\/\/budapesttouristinformation.com\/de\/wp-json\/wp\/v2\/pages\/9283","targetHints":{"allow":["GET"]}}],"collection":[{"href":"https:\/\/budapesttouristinformation.com\/de\/wp-json\/wp\/v2\/pages"}],"about":[{"href":"https:\/\/budapesttouristinformation.com\/de\/wp-json\/wp\/v2\/types\/page"}],"author":[{"embeddable":true,"href":"https:\/\/budapesttouristinformation.com\/de\/wp-json\/wp\/v2\/users\/17"}],"replies":[{"embeddable":true,"href":"https:\/\/budapesttouristinformation.com\/de\/wp-json\/wp\/v2\/comments?post=9283"}],"version-history":[{"count":24,"href":"https:\/\/budapesttouristinformation.com\/de\/wp-json\/wp\/v2\/pages\/9283\/revisions"}],"predecessor-version":[{"id":9483,"href":"https:\/\/budapesttouristinformation.com\/de\/wp-json\/wp\/v2\/pages\/9283\/revisions\/9483"}],"up":[{"embeddable":true,"href":"https:\/\/budapesttouristinformation.com\/de\/wp-json\/wp\/v2\/pages\/9272"}],"wp:featuredmedia":[{"embeddable":true,"href":"https:\/\/budapesttouristinformation.com\/de\/wp-json\/wp\/v2\/media\/9222"}],"wp:attachment":[{"href":"https:\/\/budapesttouristinformation.com\/de\/wp-json\/wp\/v2\/media?parent=9283"}],"wp:term":[{"taxonomy":"category","embeddable":true,"href":"https:\/\/budapesttouristinformation.com\/de\/wp-json\/wp\/v2\/categories?post=9283"},{"taxonomy":"post_tag","embeddable":true,"href":"https:\/\/budapesttouristinformation.com\/de\/wp-json\/wp\/v2\/tags?post=9283"}],"curies":[{"name":"wp","href":"https:\/\/api.w.org\/{rel}","templated":true}]}}