{"id":9276,"date":"2025-05-15T11:17:15","date_gmt":"2025-05-15T11:17:15","guid":{"rendered":"https:\/\/budapesttouristinformation.com\/things-to-do\/budapest-thermal-baths"},"modified":"2025-06-26T15:17:05","modified_gmt":"2025-06-26T15:17:05","slug":"thermalbader-in-budapest","status":"publish","type":"page","link":"https:\/\/budapesttouristinformation.com\/de\/sehenswurdigkeiten\/thermalbader-in-budapest","title":{"rendered":"Thermalb\u00e4der in Budapest: Die besten Spas &amp; lokale Favoriten"},"content":{"rendered":"<p data-end=\"317\" data-start=\"0\">Budapest ist nicht nur die Stadt der Br\u00fccken und Barockfassaden \u2013 sie gilt auch als unangefochtene <strong data-end=\"128\" data-start=\"99\">Thermenhauptstadt Europas<\/strong>. \u00dcber hundert Thermalquellen sprudeln unter der Stadt und bilden die Grundlage f\u00fcr eine einzigartige Badekultur, die osmanische <strong>Traditionen<\/strong> mit der Pracht der <strong>k.u.k.-Architektur<\/strong> vereint.<\/p>\n<p data-end=\"566\" data-start=\"319\">Ob Sie in dampfenden Au\u00dfenbecken entspannen, w\u00e4hrend Schneeflocken fallen, oder in einem jahrhundertealten Badehaus ein komplettes Wellnessritual genie\u00dfen m\u00f6chten \u2013 die Thermalb\u00e4der Budapests bieten ein Erlebnis, das weit \u00fcber Erholung hinausgeht.<\/p>\n<p data-end=\"758\" data-is-last-node=\"\" data-is-only-node=\"\" data-start=\"568\">Lassen Sie uns entdecken, warum ein Bad in Budapest mehr ist als blo\u00df Entspannung \u2013 es ist eine <strong data-end=\"684\" data-start=\"664\">kulturelle Reise<\/strong>. Mit Tipps, Badetypen und allem, <a href=\"#tve-jump-196d3cacb07\" jump-animation=\"smooth\" style=\"outline: none;\">was Sie zur Ticketbuchung wissen m\u00fcssen<\/a>.<\/p>\n<h2 data-pm-slice=\"1 1 []\" id=\"t-1746713448159\" style=\"\"><strong>Warum Sie die Thermalb\u00e4der in Budapest unbedingt erleben sollten?<\/strong><\/h2>\n<p><span><img decoding=\"async\" alt=\"Why Experience the Budapest Thermal Baths in Hungary?\" data-id=\"8910\" width=\"702\" data-init-width=\"1000\" height=\"468\" data-init-height=\"666\" title=\"Why Experience the Budapest Thermal Baths in Hungary?\" loading=\"lazy\" src=\"https:\/\/budapesttouristinformation.com\/wp-content\/uploads\/Why-Experience-the-Budapest-Thermal-Baths-in-Hungary.jpg\" data-width=\"702\" data-height=\"468\" style=\"aspect-ratio: auto 1000 \/ 666;\"><\/span><\/p>\n<p data-end=\"534\" data-start=\"70\">Budapest wird nicht umsonst die \u201e<strong data-end=\"122\" data-start=\"103\">Stadt der B\u00e4der<\/strong>\u201c genannt \u2013 \u00fcber 100 Thermalquellen versorgen einige der <strong>sch\u00f6nsten<\/strong> und <strong>geschichtstr\u00e4chtigsten<\/strong> Badeh\u00e4user der Welt. Die Badekultur reicht bis in die R\u00f6merzeit zur\u00fcck und wurde sp\u00e4ter von den Osmanen gepr\u00e4gt, die viele der heute noch genutzten B\u00e4der errichteten. Ein Besuch in den Thermalb\u00e4dern Budapests ist daher <strong>nicht nur Entspannung<\/strong>, <strong>sondern auch ein tiefes Eintauchen <\/strong>in jahrhundertealte Wellness-Traditionen.<\/p>\n<ul>\n<li data-pm-slice=\"1 1 []\">Die heilenden Thermalquellen sind reich an Mineralien wie <strong>Kalzium<\/strong>, <strong>Magnesium<\/strong> und <strong>Sulfat<\/strong> \u2013 bekannt f\u00fcr ihre Wirkung bei Gelenkbeschwerden, Muskelverspannungen, Arthritis und Hautproblemen.<\/li>\n<li>Einheimische und Reisende nutzen die B\u00e4der nicht nur zur Erholung, sondern auch als <strong>sozialen<\/strong>, <strong>meditativen<\/strong> oder <strong>spirituellen Ort<\/strong>.<\/li>\n<li>Viele Badeh\u00e4user befinden sich in <strong>architektonischen Meisterwerken<\/strong> \u2013 von prunkvollen neobarocken Pal\u00e4sten bis zu stimmungsvollen Kuppelb\u00e4dern aus der Osmanenzeit.<\/li>\n<li>Neben den Thermalbecken gibt es meist <strong>Dampfb\u00e4der<\/strong>, <strong>Saunen<\/strong> und klassische <strong>Massagen<\/strong> f\u00fcr ein rundum wohltuendes Erlebnis.<\/li>\n<li><strong>Und das Beste<\/strong>: Die Preise sind \u00fcberraschend g\u00fcnstig im Vergleich zu anderen europ\u00e4ischen Spa-Destinationen.<\/li>\n<\/ul>\n<p><span><img decoding=\"async\" alt=\"Best Thermal Baths in Budapest\" data-id=\"8914\" width=\"702\" data-init-width=\"1000\" height=\"468\" data-init-height=\"667\" title=\"Best Thermal Baths in Budapest\" loading=\"lazy\" src=\"https:\/\/budapesttouristinformation.com\/wp-content\/uploads\/Best-Thermal-Baths-in-Budapest.jpg\" data-width=\"702\" data-height=\"468\" style=\"aspect-ratio: auto 1000 \/ 667;\"><\/span><\/p>\n<h2 data-pm-slice=\"1 1 []\" id=\"t-1746713448133\" style=\"\"><strong>Top 4 der besten Thermalb\u00e4der in Budapest<\/strong><\/h2>\n<h3 dir=\"ltr\" id=\"t-1746713448134\">1) Sz\u00e9chenyi-Thermalbad<\/h3>\n<p data-pm-slice=\"1 1 []\">Das <strong>gr\u00f6\u00dfte<\/strong> und <strong>bekannteste<\/strong> Thermalbad Budapests ist das Sinnbild der ungarischen Badekultur. Eingebettet in ein prachtvolles <strong>neobarockes<\/strong> Geb\u00e4ude, verbindet das Sz\u00e9chenyi-Bad jahrhundertealte Tradition mit lebendigem, geselligem Flair. Einheimische spielen Schach im dampfenden Wasser, w\u00e4hrend Besucher staunend <strong>Fotos machen<\/strong> \u2013 ein echtes Budapest-Erlebnis.<\/p>\n<ul>\n<li \"=\"\" dir=\"ltr\" tve-droppable\"=\"\"><strong>Lage<\/strong>: <a href=\"https:\/\/www.google.com\/maps\/place\/Sz%C3%A9chenyi-Heilbad\/@47.5186568,19.0798042,17z\/data=!4m7!3m6!1s0x4741db8605675577:0xcbc0c308b68d2412!8m2!3d47.5186568!4d19.0823791!10e8!16zL20vMDdyczF5?entry=ttu&amp;g_ep=EgoyMDI0MTAxNC4wIKXMDSoASAFQAw%3D%3D\" target=\"_blank\" style=\"outline: none;\" rel=\"nofollow noopener\">In Google Maps \u00f6ffnen<\/a><\/li>\n<li \"=\"\" dir=\"ltr\" tve-droppable\"=\"\"><strong>Atmosph\u00e4re<\/strong>: Prunkvoll, lebhaft und sozial<\/li>\n<li \"=\"\" dir=\"ltr\" tve-droppable\"=\"\"><strong>Geeignet f\u00fcr<\/strong>: Erstbesucher, Gruppen, Familien und alle, die das klassische Budapest-Gef\u00fchl suchen<\/li>\n<li \"=\"\" dir=\"ltr\" tve-droppable\"=\"\">Empfohlenes Ticket: <a href=\"\/de\/?page_id=9378\" target=\"_blank\" style=\"outline: none;\">Sz\u00e9chenyi Spa Tickets with Locker or Private Cabin &amp; Optional Fast Track Entry<\/a><\/li>\n<\/ul>\n<h3 id=\"tve-jump-196d06ad618\">2) Gell\u00e9rt-Thermalbad<\/h3>\n<p data-pm-slice=\"1 1 []\">Oft als das <strong>sch\u00f6nste<\/strong> Bad Budapests bezeichnet, ist das Gell\u00e9rt-Bad ein Ort voller <strong>Eleganz<\/strong> und <strong>Stil<\/strong>. Es befindet sich im historischen <strong>Hotel Gell\u00e9rt<\/strong> und vereint <strong>luxuri\u00f6se Jugendstil-Architektur mit traditionellen Spa-Ritualen<\/strong>. <strong>Ideal f\u00fcr<\/strong> alle, die ein ruhiges, fast filmreifes Badeerlebnis suchen.<\/p>\n<ul>\n<li><strong>Lage<\/strong>: <a href=\"https:\/\/www.google.com\/maps\/place\/Gell%C3%A9rtbad\/@47.4837444,19.0490462,17z\/data=!4m7!3m6!1s0x4741dc4e9c33f309:0xb57da2bfde8d7ab6!8m2!3d47.4837444!4d19.0516211!10e8!16zL20vMDVtOTFf?entry=ttu&amp;g_ep=EgoyMDI0MTAxNC4wIKXMDSoASAFQAw%3D%3D\" target=\"_blank\" style=\"outline: none;\" rel=\"nofollow noopener\">In Google Maps \u00f6ffnen<\/a><\/li>\n<li><strong>Atmosph\u00e4re<\/strong>: Elegant, k\u00fcnstlerisch und entspannt<\/li>\n<li><strong>Geeignet f\u00fcr<\/strong>: Paare, Architekturfans und alle, die eine stilvolle Umgebung bevorzugen<\/li>\n<li><strong>Empfohlenes Ticket<\/strong>: <a href=\"\/de\/?page_id=9350\" target=\"_blank\" style=\"outline: none;\">Gellert Spa Tickets with Locker or Private Cabin<\/a><\/li>\n<\/ul>\n<p><span><img decoding=\"async\" alt=\"Top 4 Best Thermal Baths in Budapest\" data-id=\"8911\" width=\"702\" data-init-width=\"1000\" height=\"468\" data-init-height=\"667\" title=\"Top 4 Best Thermal Baths in Budapest\" loading=\"lazy\" src=\"https:\/\/budapesttouristinformation.com\/wp-content\/uploads\/Top-4-Best-Thermal-Baths-in-Budapest.jpg\" data-width=\"702\" data-height=\"468\" style=\"aspect-ratio: auto 1000 \/ 667;\"><\/span><\/p>\n<h3 \"=\"\" dir=\"ltr\" id=\"t-1746713448144\" tve-droppable\"=\"\">3) Rudas-Thermalbad<\/h3>\n<p data-pm-slice=\"1 1 []\">Das Rudas-Bad bietet Ihnen die seltene Gelegenheit, in einem osmanischen Badehaus aus dem <strong>16. Jahrhundert <\/strong>zu baden \u2013 und anschlie\u00dfend im modernen Rooftop-Pool mit Blick auf die Donau zu entspannen. Diese besondere Kombination aus jahrhundertealter Tradition und modernem Luxus macht Rudas zu einem Geheimtipp f\u00fcr alle, die ein atmosph\u00e4risches und etwas au\u00dfergew\u00f6hnliches Spa-Erlebnis suchen.<\/p>\n<ul>\n<li><strong>Lage<\/strong>: <a href=\"https:\/\/www.google.com\/maps\/place\/Rudas-Bad\/@47.4890955,19.0452612,16z\/data=!4m15!1m8!3m7!1s0x4741dc48793a07bf:0xe30c631dc2a0f87a!2sRudas-Bad!8m2!3d47.4890919!4d19.0478361!10e8!16zL20vMGJiMXNt!3m5!1s0x4741dc48793a07bf:0xe30c631dc2a0f87a!8m2!3d47.4890919!4d19.0478361!16zL20vMGJiMXNt?hl=de&amp;entry=ttu&amp;g_ep=EgoyMDI0MTEyNC4xIKXMDSoJLDEwMjExMjM0SAFQAw%3D%3D\" target=\"_blank\" style=\"outline: none;\" rel=\"nofollow noopener\">In Google Maps \u00f6ffnen<\/a><\/li>\n<li><strong>Atmosph\u00e4re<\/strong>: Osmanischer Charme trifft auf modernes Design<\/li>\n<li><strong>Geeignet f\u00fcr<\/strong>: Alleinreisende, Geschichtsinteressierte, Nachtschw\u00e4rmer<\/li>\n<li><strong>Empfohlenes<\/strong><strong>Ticket<\/strong>: <a href=\"\/de\/?page_id=9322\" target=\"_blank\" style=\"outline: none;\">Full-Day Entry Tickets to Rudas Thermal Spa<\/a><\/li>\n<\/ul>\n<h3 id=\"tve-jump-196d06b7d91\">4) Luk\u00e1cs-Thermalbad<\/h3>\n<p data-pm-slice=\"1 1 []\"><strong>Weniger<\/strong><strong>touristisch<\/strong> und <strong>authentisch<\/strong> \u2013 das Luk\u00e1cs-Bad ist der Ort, an dem Einheimische zur <strong>Erholung<\/strong> und <strong>Heilung<\/strong> einkehren. Es ist bekannt f\u00fcr seine stark mineralhaltigen Heilquellen und seine entspannte, bodenst\u00e4ndige Atmosph\u00e4re. Wer auf der Suche nach echter Wellness ohne gro\u00dfes Drumherum ist, wird hier f\u00fcndig.<\/p>\n<ul>\n<li><strong>Lage<\/strong>: <a href=\"https:\/\/www.google.com\/maps\/place\/Lukacs+Baths\/@47.5177811,19.0343249,17z\/data=!4m7!3m6!1s0x4741dc018b1208c7:0x90ef6aa74c38653f!8m2!3d47.5177775!4d19.0368998!10e8!16s%2Fg%2F122wt59d?hl=de&amp;entry=ttu&amp;g_ep=EgoyMDI0MTEyNC4xIKXMDSoJLDEwMjExMjM0SAFQAw%3D%3D\" target=\"_blank\" style=\"outline: none;\" rel=\"nofollow noopener\">In Google Maps \u00f6ffnen<\/a><\/li>\n<li><strong>Atmosph\u00e4re<\/strong>: Lokal, heilend und entspannt<strong>\u200b<\/strong><\/li>\n<li><strong>Geeignet f\u00fcr<\/strong>: Alle, die therapeutische Wirkung oder ein ruhigeres, authentischeres Badeerlebnis suchen<\/li>\n<li>\n<p data-pm-slice=\"1 1 []\"><strong>Empfohlenes Ticket<\/strong>: <a href=\"\/de\/?page_id=9347\" target=\"_blank\" style=\"outline: none;\">Budapest: Luk\u00e1cs Thermal Bath Full-Day Entry Ticket<\/a><\/p>\n<\/li>\n<\/ul>\n<p><span><img decoding=\"async\" alt=\"How to Choose the Right Bath Experience for You\" data-id=\"8915\" width=\"702\" data-init-width=\"1000\" height=\"439\" data-init-height=\"625\" title=\"How to Choose the Right Bath Experience for You\" loading=\"lazy\" src=\"https:\/\/budapesttouristinformation.com\/wp-content\/uploads\/How-to-Choose-the-Right-Bath-Experience-for-You.jpg\" data-width=\"702\" data-height=\"439\" style=\"aspect-ratio: auto 1000 \/ 625;\"><\/span><\/p>\n<h2 data-pm-slice=\"1 1 []\" id=\"t-1747234068566\" style=\"\"><strong>Wie Sie das passende Thermalbad in Budapest f\u00fcr sich finden<\/strong><\/h2>\n<p data-pm-slice=\"1 1 []\">Die Thermalbadkultur in Budapest folgt keinem <strong>festen Muster \u2013 genau das macht sie so besonders<\/strong>. Ob ruhige R\u00fcckzugsorte mit Jahrhunderte alter Geschichte oder lebendige Spa-Partys unter freiem Himmel: <strong>Das perfekte Badeerlebnis h\u00e4ngt ganz von Ihren pers\u00f6nlichen Vorlieben ab<\/strong>.<\/p>\n<p data-pm-slice=\"1 1 []\"><strong>\u2192&nbsp;<\/strong><strong>Auf der Suche nach Geschichte und Eleganz?<\/strong><\/p>\n<p data-pm-slice=\"1 1 []\">Dann sind <a href=\"#tve-jump-196d06ad618\" jump-animation=\"smooth\" style=\"outline: none;\">Gell\u00e9rt<\/a> und <a href=\"#t-1746713448144\" jump-animation=\"smooth\" style=\"outline: none;\">Rudas<\/a> die richtige Wahl \u2013 mit beeindruckender Architektur und entspannter Atmosph\u00e4re.<\/p>\n<p>\u2192 <strong>Sie m\u00f6chten baden wie die Einheimischen?<\/strong><\/p>\n<p>Im <a href=\"#tve-jump-196d06b7d91\" jump-animation=\"smooth\" style=\"outline: none;\">Luk\u00e1cs-Bad<\/a> erleben Sie authentisches Thermalbaden \u2013 ohne Touristenmassen.<\/p>\n<p>\u2192 <strong>Sie suchen das perfekte Instagram-Motiv?<\/strong><\/p>\n<p>Sz\u00e9chenyi ist so eindrucksvoll wie es nur geht \u2013 besonders in den dampfenden Au\u00dfenbecken im Winter.<\/p>\n<p>\u2192 <strong>Sie reisen mit der Familie?<\/strong><\/p>\n<p>Sz\u00e9chenyi bietet die perfekte Mischung aus Spa\u00df, Komfort und Platz f\u00fcr alle Generationen.<\/p>\n<p>\u2192 <strong>Lust auf etwas ganz Besonderes?<\/strong><\/p>\n<p>Wie w\u00e4re es mit einem n\u00e4chtlichen Bad \u2013 mit Lichtshow und DJ? <a href=\"#tve-jump-197aca80590\" jump-animation=\"smooth\" style=\"outline: none;\">Willkommen bei den legend\u00e4ren Sparties!<\/a><\/p>\n<h2 data-pm-slice=\"1 1 []\" id=\"t-1746713448155\" style=\"\"><strong>Nightlife trifft auf Wellness: Was ist Sparty?<\/strong><\/h2>\n<p data-pm-slice=\"1 1 []\">Haben Sie sich schon einmal gefragt, was passiert, wenn Budapests ber\u00fchmte Badekultur auf das legend\u00e4re Nachtleben trifft? Die Antwort lautet: <strong>Sparty \u2013 kurz f\u00fcr \u201eSpa + Party\u201c<\/strong>.<\/p>\n<p>Dieses einzigartige Event verwandelt das historische Sz\u00e9chenyi-Thermalbad in eine <strong>elektronische Musikparty im Wasser<\/strong>. Bei Lichtershow, Beats und Drinks baden Sie unter dem Sternenhimmel in dampfendem Thermalwasser \u2013 ein Erlebnis, das Sie so <strong>nur in Budapest<\/strong> finden.<\/p>\n<ul id=\"tve-jump-197aca80590\">\n<li \"=\"\" dir=\"ltr\" tve-droppable\"=\"\"><strong>Ort<\/strong>: Sz\u00e9chenyi-Thermalbad<\/li>\n<li \"=\"\" dir=\"ltr\" tve-droppable\"=\"\"><strong>Zeit<\/strong>: In der Regel samstags, von 21:30 Uhr bis 2:00 Uhr<\/li>\n<li \"=\"\" dir=\"ltr\" tve-droppable\"=\"\"><strong>Empfohlenes Ticket<\/strong>: <a href=\"\/de\/?page_id=9325\" target=\"_blank\" style=\"outline: none;\">Budapest: Sparty &#8211; The Ultimate Late-Night Spa Party Ticket<\/a><\/li>\n<\/ul>\n<p><span><img decoding=\"async\" alt=\"Nightlife Meets Wellness: What is Sparty?\" data-id=\"8917\" width=\"702\" data-init-width=\"1000\" height=\"489\" data-init-height=\"697\" title=\"Nightlife Meets Wellness: What is Sparty?\" loading=\"lazy\" src=\"https:\/\/budapesttouristinformation.com\/wp-content\/uploads\/Nightlife-Meets-Wellness-What-is-Sparty.jpg\" data-width=\"702\" data-height=\"489\" style=\"aspect-ratio: auto 1000 \/ 697;\"><\/span><\/p>\n<h2 id=\"t-1747150251431\"><strong>Mehr sparen mit Spa-Kombi-Tickets<\/strong><\/h2>\n<p data-pm-slice=\"1 1 []\">Wenn Sie vorhaben, mehrere Thermalb\u00e4der zu besuchen oder Ihren <strong>Wellnesstag<\/strong> mit anderen Sehensw\u00fcrdigkeiten in Budapest zu verbinden, sind Kombi-Tickets eine clevere und preiswerte L\u00f6sung.<\/p>\n<p><strong>Diese Paketangebote sind ideal f\u00fcr alle, die das Beste aus ihrem Budapest-Besuch herausholen m\u00f6chten \u2013 ohne zu viel zu bezahlen.<\/strong><\/p>\n<ul>\n<li><a href=\"https:\/\/www.headout.com\/r\/most-amazing-placesrecommends-EqXv4\/\" target=\"_blank\" rel=\"nofollow noopener\" style=\"outline: none;\">Kombitickets: Ganzt\u00e4giger Zugang zum Sz\u00e9chenyi-Heilbad + Sightseeing-Schifffahrt auf der Donau<\/a><\/li>\n<li><a href=\"https:\/\/www.headout.com\/r\/most-amazing-placesrecommends-ErCSh\/\" rel=\"nofollow noopener\" style=\"outline: none;\" target=\"_blank\">Kombiticket: Ungarisches Parlament mit mehrsprachigem Audioguide + Sz\u00e9chenyi-Heilbad mit Schnelleinlass und Schlie\u00dffach oder Kabine<\/a><\/li>\n<li><a href=\"https:\/\/www.headout.com\/r\/most-amazing-placesrecommends-ErhpE\/\" rel=\"nofollow noopener\" style=\"outline: none;\" target=\"_blank\">Kombiticket: Hop-on Hop-off Stadtrundfahrt durch Budapest + Ganztagesticket f\u00fcr das Sz\u00e9chenyi-Heilbad mit Schlie\u00dffach<\/a><\/li>\n<li><a href=\"https:\/\/megapass.com\/hungary\/budapest\/pass?discountCode=ma-places\" target=\"_blank\" rel=\"nofollow noopener\" style=\"outline: none;\">Best Budapest City Passes<\/a><\/li>\n<\/ul>\n<p><span><img decoding=\"async\" alt=\"Budapest Baths in Winter\" data-id=\"8918\" width=\"702\" data-init-width=\"1000\" height=\"527\" data-init-height=\"750\" title=\"Budapest Baths in Winter\" loading=\"lazy\" src=\"https:\/\/budapesttouristinformation.com\/wp-content\/uploads\/Budapest-Baths-in-Winter.jpg\" data-width=\"702\" data-height=\"527\" style=\"aspect-ratio: auto 1000 \/ 750;\"><\/span><\/p>\n<h2 data-pm-slice=\"1 1 []\" id=\"t-1750946792983\"><strong>Budapester Thermalb\u00e4der im Winter<\/strong><\/h2>\n<p data-pm-slice=\"1 1 []\"><strong>Der Winter ist vielleicht die sch\u00f6nste Zeit<\/strong>, um Budapests Thermalb\u00e4der zu erleben. W\u00e4hrend die Stadt unter einer Schneedecke ruht, steigen aus den dampfenden Au\u00dfenbecken mystische Nebelschwaden auf \u2013 wie auf einer Postkarte. In <strong>38\u202f\u00b0C warmes Wasser<\/strong> einzutauchen, w\u00e4hrend kalte Winterluft das Gesicht umspielt, ist ein unvergessliches Erlebnis.<\/p>\n<ul>\n<li data-pm-slice=\"1 1 []\">Au\u00dfenb\u00e4der wie <strong>Sz\u00e9chenyi<\/strong> und <strong>Luk\u00e1cs<\/strong> sind im <strong>Winter<\/strong> besonders beliebt.<\/li>\n<li>Die <strong>Thermalbecken sind ganzj\u00e4hrig ge\u00f6ffnet<\/strong> \u2013 selbst bei Schnee oder Minusgraden.<\/li>\n<li><strong>Trockene Haut? Kalte Luft + hei\u00dfes Wasser =<\/strong> Feuchtigkeitscreme nicht vergessen und viel trinken.<\/li>\n<li><strong>Tipp von Einheimischen<\/strong>: Im Winter tragen manche sogar eine M\u00fctze im Becken \u2013 sieht komisch aus, ist aber praktisch!<\/li>\n<\/ul>\n<p><span><img decoding=\"async\" alt=\"Know-Before-You-Go-to-Thermal-Baths.\" data-id=\"8919\" width=\"702\" data-init-width=\"1000\" height=\"468\" data-init-height=\"666\" title=\"Know-Before-You-Go-to-Thermal-Baths\" loading=\"lazy\" src=\"https:\/\/budapesttouristinformation.com\/wp-content\/uploads\/Know-Before-You-Go-to-Thermal-Baths.jpg\" data-width=\"702\" data-height=\"468\" style=\"aspect-ratio: auto 1000 \/ 666;\"><\/span><\/p>\n<h2 data-pm-slice=\"1 1 []\" style=\"\" id=\"t-1750946792984\"><strong>Wissenswertes vor Ihrem Besuch in Budapests Thermalb\u00e4dern<\/strong><\/h2>\n<p data-pm-slice=\"1 1 []\">Bevor Sie Badeanzug und Handtuch einpacken, sollten Sie ein paar wichtige Dinge wissen \u2013 f\u00fcr ein entspannteres, hygienischeres und angenehmeres Erlebnis:<\/p>\n<ul>\n<li data-pm-slice=\"1 1 []\"><strong>\u00d6ffnungszeiten<\/strong>: Die meisten B\u00e4der \u00f6ffnen zwischen 6 und 8 Uhr morgens und schlie\u00dfen zwischen 20 und 22 Uhr.<\/li>\n<li><strong>Zahlungsmittel<\/strong>: Kreditkarten werden fast \u00fcberall akzeptiert, dennoch empfiehlt es sich, etwas Bargeld dabeizuhaben \u2013 besonders f\u00fcr kleinere Ausgaben im Bad.<\/li>\n<li><strong>Ticketkauf<\/strong>: Online-Tickets ersparen oft das Anstehen. Vor Ort ist zwar auch m\u00f6glich, aber mit Wartezeiten verbunden.<\/li>\n<li><strong>Einmaliger Eintritt<\/strong>: In der Regel gilt: Wer das Bad verl\u00e4sst, kann nicht wieder hinein, ohne ein neues Ticket zu kaufen.<\/li>\n<li><strong>Schlie\u00dff\u00e4cher &amp; Kabinen<\/strong>: Kabinen bieten Privatsph\u00e4re zum Umziehen, sind aber teurer. Schlie\u00dff\u00e4cher sind g\u00fcnstiger.<\/li>\n<li><strong>Hygiene<\/strong>: Duschen und Umkleiden sind vorhanden. Badeschlappen mitzubringen wird aus hygienischen Gr\u00fcnden empfohlen.<\/li>\n<li><strong>Badekleidungspflicht<\/strong>: Nacktbaden ist nicht erlaubt \u2013 Badebekleidung ist in allen \u00f6ffentlichen Bereichen Pflicht.<\/li>\n<li><strong>Handtuch, Badeschuhe &amp; Bademantel<\/strong>: K\u00f6nnen gemietet werden, aber g\u00fcnstiger ist es, eigene mitzubringen.<\/li>\n<li><strong>Sprachbarriere<\/strong>: Nicht alle Mitarbeitenden sprechen flie\u00dfend Englisch, aber die Beschilderung ist meist verst\u00e4ndlich.<\/li>\n<li><strong>Handy erlaubt<\/strong>: Fotografieren ist erlaubt, aber bitte respektvoll \u2013 nicht jeder m\u00f6chte ungefragt fotografiert werden.<\/li>\n<\/ul>\n<p><span><img decoding=\"async\" alt=\"What to Bring to Thermal Baths\" data-id=\"8920\" width=\"702\" data-init-width=\"1000\" height=\"468\" data-init-height=\"667\" title=\"What to Bring to Thermal Baths\" loading=\"lazy\" src=\"https:\/\/budapesttouristinformation.com\/wp-content\/uploads\/What-to-Bring-to-Thermal-Baths.jpg\" data-width=\"702\" data-height=\"468\" style=\"aspect-ratio: auto 1000 \/ 667;\"><\/span><\/p>\n<h2 data-pm-slice=\"1 1 []\" id=\"t-1750946792985\"><strong>Was Sie in Budapests Thermalb\u00e4der mitbringen sollten<\/strong><\/h2>\n<p \"\"=\"\">\n<ol>\n<li data-pm-slice=\"1 1 []\"><strong>Badeanzug<\/strong> oder <strong>Badehose<\/strong> (Pflicht in allen \u00f6ffentlichen Bereichen)<\/li>\n<li><strong>Badeschlappen<\/strong> oder wasserdichte <strong>Sandalen<\/strong> \u2013 f\u00fcr Hygiene und Sicherheit<\/li>\n<li><strong>Handtuch<\/strong> \u2013 kann vor Ort gemietet werden, ist aber kostenpflichtig<\/li>\n<li><strong>Toilettenartikel<\/strong> wie Shampoo, Duschgel und Feuchtigkeitscreme (besonders im Winter empfehlenswert)<\/li>\n<li><strong>Badehaube<\/strong> \u2013 wird in Schwimmbecken mit Bahnen verlangt, nicht in den Thermalbecken<\/li>\n<li><strong>Ausweis<\/strong> oder <strong>Buchungsbest\u00e4tigung<\/strong>, falls Sie online gebucht haben<\/li>\n<li><strong>Wasserflasche<\/strong>, um nach dem Baden ausreichend hydriert zu bleiben<\/li>\n<li><strong>Wasserdichte<\/strong> <strong>Tasche<\/strong> oder <strong>Dry Bag<\/strong>, um Wertsachen vor Spritzwasser zu sch\u00fctzen<\/li>\n<\/ol>\n<p data-end=\"356\" data-start=\"0\">Ob Sie nach Erholung, Geschichte oder einem besonderen Gemeinschaftserlebnis suchen \u2013 die <strong>Thermalb\u00e4der in Budapest<\/strong> <strong>bieten f\u00fcr jeden Reisetyp das Passende<\/strong>. Von legend\u00e4ren Klassikern wie <strong data-end=\"198\" data-start=\"185\">Sz\u00e9chenyi<\/strong> bis zu lokalen Favoriten wie <strong data-end=\"238\" data-start=\"228\">Luk\u00e1cs<\/strong> laden alle B\u00e4der dazu ein, abzuschalten und ganz im wahrsten Sinne des Wortes in den ungarischen Alltag einzutauchen.<\/p>\n<p data-end=\"749\" data-start=\"358\">Wenn Sie Ihre Budapest-Reise noch weiter planen, werfen Sie auch einen Blick in unseren <a href=\"\/de\/?page_id=9272\" target=\"_blank\" rel=\"nofollow\" style=\"outline: none;\"><strong data-end=\"499\" data-start=\"446\">kompletten Guide zu den besten Sehensw\u00fcrdigkeiten<\/strong><\/a> der Stadt \u2013 darunter Highlights wie das beeindruckende <a href=\"https:\/\/budapesttouristinformation.com\/de\/sehenswurdigkeiten\/parlament-budapest\" target=\"_blank\" rel=\"nofollow\"><strong data-end=\"587\" data-start=\"555\">Ungarische Parlamentsgeb\u00e4ude<\/strong><\/a> \u2013 sowie hilfreiche Tipps rund um die Wahl zwischen <strong data-end=\"677\" data-start=\"639\">eSIM Ungarn oder lokaler SIM-Karte<\/strong> (inklusive <strong data-end=\"706\" data-start=\"689\">Spezialrabatt<\/strong>), um unterwegs stets verbunden zu bleiben.<\/p>\n<p data-end=\"810\" data-is-last-node=\"\" data-is-only-node=\"\" data-start=\"751\"><strong data-end=\"810\" data-is-last-node=\"\" data-start=\"751\">Die warmen Quellen warten \u2013 Flip-Flops nicht vergessen!<\/strong><\/p>\n<h3 data-hide=\"true\" id=\"t-1731511996827\">Verwandte Artikel:<\/h3>\n<p><a href=\"\/de\/?page_id=9276\" dynamic-postlink=\"tcb_post_the_permalink\" data-shortcode-id=\"8834\"><\/a><\/p>\n<h2 style=\"padding-top: 0px !important; margin-top: 0px !important; text-align: center;\" id=\"t-1731511996814\" data-hide=\"true\"><span data-shortcode=\"tcb_post_title\" data-shortcode-name=\"Post title\" data-extra_key=\"\" data-attr-link=\"1\" data-attr-target=\"0\" data-attr-rel=\"0\" data-option-inline=\"1\" data-attr-static-link=\"{&quot;className&quot;:&quot;&quot;,&quot;href&quot;:&quot;#&quot;,&quot;title&quot;:&quot;Thermalb\u00e4der in Budapest: Die besten Spas &amp; lokale Favoriten&quot;,&quot;class&quot;:&quot;&quot;}\" data-attr-css=\"\"><a href=\"\/de\/?page_id=9276\" title=\"Thermalb\u00e4der in Budapest: Die besten Spas &amp; lokale Favoriten\" data-css=\"\">Thermalb\u00e4der in Budapest: Die besten Spas &amp; lokale Favoriten<\/a><\/span><\/h2>\n","protected":false},"excerpt":{"rendered":"<p>Budapest ist nicht nur die Stadt der Br\u00fccken und Barockfassaden \u2013 sie gilt auch als unangefochtene Thermenhauptstadt Europas. \u00dcber hundert Thermalquellen sprudeln unter der Stadt und bilden die Grundlage f\u00fcr eine einzigartige Badekultur, die osmanische Traditionen mit der Pracht der k.u.k.-Architektur vereint. Ob Sie in dampfenden Au\u00dfenbecken entspannen, w\u00e4hrend Schneeflocken fallen, oder in einem jahrhundertealten [&hellip;]<\/p>\n","protected":false},"author":17,"featured_media":9229,"parent":9272,"menu_order":0,"comment_status":"closed","ping_status":"closed","template":"","meta":{"footnotes":""},"categories":[],"tags":[],"class_list":["post-9276","page","type-page","status-publish","has-post-thumbnail","hentry","post-wrapper","thrv_wrapper"],"_links":{"self":[{"href":"https:\/\/budapesttouristinformation.com\/de\/wp-json\/wp\/v2\/pages\/9276","targetHints":{"allow":["GET"]}}],"collection":[{"href":"https:\/\/budapesttouristinformation.com\/de\/wp-json\/wp\/v2\/pages"}],"about":[{"href":"https:\/\/budapesttouristinformation.com\/de\/wp-json\/wp\/v2\/types\/page"}],"author":[{"embeddable":true,"href":"https:\/\/budapesttouristinformation.com\/de\/wp-json\/wp\/v2\/users\/17"}],"replies":[{"embeddable":true,"href":"https:\/\/budapesttouristinformation.com\/de\/wp-json\/wp\/v2\/comments?post=9276"}],"version-history":[{"count":29,"href":"https:\/\/budapesttouristinformation.com\/de\/wp-json\/wp\/v2\/pages\/9276\/revisions"}],"predecessor-version":[{"id":9473,"href":"https:\/\/budapesttouristinformation.com\/de\/wp-json\/wp\/v2\/pages\/9276\/revisions\/9473"}],"up":[{"embeddable":true,"href":"https:\/\/budapesttouristinformation.com\/de\/wp-json\/wp\/v2\/pages\/9272"}],"wp:featuredmedia":[{"embeddable":true,"href":"https:\/\/budapesttouristinformation.com\/de\/wp-json\/wp\/v2\/media\/9229"}],"wp:attachment":[{"href":"https:\/\/budapesttouristinformation.com\/de\/wp-json\/wp\/v2\/media?parent=9276"}],"wp:term":[{"taxonomy":"category","embeddable":true,"href":"https:\/\/budapesttouristinformation.com\/de\/wp-json\/wp\/v2\/categories?post=9276"},{"taxonomy":"post_tag","embeddable":true,"href":"https:\/\/budapesttouristinformation.com\/de\/wp-json\/wp\/v2\/tags?post=9276"}],"curies":[{"name":"wp","href":"https:\/\/api.w.org\/{rel}","templated":true}]}}